{"id":159,"date":"2023-01-10T23:22:05","date_gmt":"2023-01-10T23:22:05","guid":{"rendered":"https:\/\/tw.cm.upt.ro\/10\/?page_id=159"},"modified":"2023-01-11T08:39:33","modified_gmt":"2023-01-11T08:39:33","slug":"istorie-si-aparitie","status":"publish","type":"page","link":"https:\/\/tw.cm.upt.ro\/10\/identitate-vizuala\/istorie-si-aparitie\/","title":{"rendered":"Istoric \u0219i apari\u021bie"},"content":{"rendered":"<div id=\"fb-root\"><\/div>\n\n<p>Dorin\u021ba oamenilor de a vizualiza o identitate, de a crea imagini reprezentative a diferitelor evenimente din via\u021ba lor sau pur \u0219i simplu a se imortaliza pe sine sau ca grup nu este un fenomen al epocii moderne. Unul dintre cele mai vechi exemple a manifest\u0103rii unei identit\u0103\u021bi vizualedateaz\u0103 cu 13.000 de ani \u00eenaintea erei noastre, \u00een  Argentina, unde str\u0103mo\u0219ii no\u0219tri au l\u0103sat \u00een urm\u0103 lor zeci de amprente pe pere\u021bii unei pe\u0219teri, cunoscut\u0103 acum sub numele de \u201ePe\u0219tera M\u00e2inilor\u201d.<\/p>\n\n\n\n<figure class=\"wp-block-image size-full\"><img fetchpriority=\"high\" decoding=\"async\" width=\"900\" height=\"675\" src=\"https:\/\/tw.cm.upt.ro\/10\/wp-content\/uploads\/sites\/222\/2023\/01\/Pestera-mainilor-scaled-1.jpg\" alt=\"\" class=\"wp-image-188\" srcset=\"https:\/\/tw.cm.upt.ro\/10\/wp-content\/uploads\/sites\/222\/2023\/01\/Pestera-mainilor-scaled-1.jpg 900w, https:\/\/tw.cm.upt.ro\/10\/wp-content\/uploads\/sites\/222\/2023\/01\/Pestera-mainilor-scaled-1-300x225.jpg 300w, https:\/\/tw.cm.upt.ro\/10\/wp-content\/uploads\/sites\/222\/2023\/01\/Pestera-mainilor-scaled-1-768x576.jpg 768w, https:\/\/tw.cm.upt.ro\/10\/wp-content\/uploads\/sites\/222\/2023\/01\/Pestera-mainilor-scaled-1-150x113.jpg 150w, https:\/\/tw.cm.upt.ro\/10\/wp-content\/uploads\/sites\/222\/2023\/01\/Pestera-mainilor-scaled-1-600x450.jpg 600w, https:\/\/tw.cm.upt.ro\/10\/wp-content\/uploads\/sites\/222\/2023\/01\/Pestera-mainilor-scaled-1-500x375.jpg 500w\" sizes=\"(max-width: 709px) 85vw, (max-width: 909px) 67vw, (max-width: 1362px) 62vw, 840px\" \/><figcaption><a href=\"https:\/\/www.stiridinlume.ro\/tehnologie-stiinta\/pestera-mainilor-locul-unde-se-afla-opere-de-arta-realizate-acum-13-000-de-ani-de-primii-oameni-ce-au-gasit-arheologii-aici-53207.html\">Pe\u0219tera m\u00e2inilor<\/a>, Patagonia, Argentina<\/figcaption><\/figure>\n\n\n\n<p>C\u00e2nd ne g\u00e2ndim la ideea de identitate vizual\u0103 avem impresia c\u0103 este ceva recent. O nou\u0103<br>mod\u0103 a secolul nostru care \u00eencepe s\u0103 prind\u0103 din ce \u00een ce mai mult\u0103 amploare, dar nu este chiar a\u0219a. Poate unul dintre cele mai populare mituri \u00een marketing este acela cum c\u0103 idea de brand   ap\u0103rut \u00een largile preeri ale vestului s\u0103lbatic din America, unde v\u0103carii \u00ee\u0219i \u00eensemnau \u0219i \u201ebranduiau\u201d animalele cu fierul \u00eenchins sub premisa c\u0103: \u201eAceast\u0103 vac\u0103 \u00eemi apar\u021bine \u0219i e proprietatea mea.\u201d. Totu\u0219i, Giles Lury, autoarea c\u0103r\u021bii Brandwatching: Lifting the Lid on Branding, sus\u021bine c\u0103 primele semne ale unui brand dateaz\u0103 cu mult mai devreme de perioada vestului s\u0103lbatic, cu apropximativ 9.000 de ani mai devreme, c\u00e2nd un produc\u0103tor roman de l\u0103mpi cu ulei a \u00eenceput s\u0103 \u0219tampileze \u00een clei cuv\u00e2ntul \u201eFortis\u201d pe fiecare lamp\u0103 pe care o producea.<\/p>\n\n\n\n<figure class=\"wp-block-image size-large\"><img decoding=\"async\" src=\"https:\/\/media-cldnry.s-nbcnews.com\/image\/upload\/t_fit-1240w,f_auto,q_auto:best\/MSNBC\/Components\/Photo\/_new\/oil-lamps-540x380.jpg\" alt=\"\" \/><figcaption>Lampi Fortis, cca.9000 de ani \u00een urm\u0103<\/figcaption><\/figure>\n\n\n\n<p>Cu toate acestea, nu numai romanii au descoperit \u201ebranding-ul\u201d. Ideea unui \u201elogo\u201d sau a unui simbol dateaz\u0103 \u00eenc\u0103 de pe vremea Greciei antice, const\u00e2nd \u00een combina\u021bii relativ simple de cifruri. Aceste cifruri au creat \u00een mintea oamenilor asocieri \u00eentre ele \u0219i diferitele produse sau servicii disponibile vremii respective.<\/p>\n\n\n\n<p>Mai t\u00e2rziu au devenit stemele \u0219i \u00eensemnele regale ale nobilimii, iar cu timpul aceste combina\u021bii au ajuns tot mai folositoare \u0219i accesibile \u00eenc\u00e2t chiar \u0219i cei care nu aveau o linie regal\u0103 de s\u00e2nge au \u00eenceput a le utiliza. Odat\u0103 cu aceast\u0103 accesibilitate, \u00een secolul al XIII-lea, diferi\u021bi me\u0219te\u0219ugari au \u00eenceput s\u0103 \u00ee\u0219i \u201esemneze\u201d produsele ca semn al muncii manuale depuse pentru acestea. Practica \u00eensemn\u0103rii lor s-a extins nu la mult timp dup\u0103.<\/p>\n\n\n\n<h5 class=\"wp-block-heading\">Evolu\u021bie<\/h5>\n\n\n\n<p>\u00cen 1700 negustorii deja \u0219i-au dezvoltat obiceiuri \u00een a-\u0219i \u00eensemna bunurile pe care le vindeau cu simboluri simpliste, u\u0219or de recunoscut. \u00cen momentul \u00een care omenirea s-a lovit de primele revolu\u021bii industriale \u0219i folosirea logo-urilor a avut numai de c\u00e2\u0219tigat, devenind deja o necesitate pentru industria\u0219i pentru a se individualiza de al\u021bii \u0219i pentru a-\u0219i face produsele mai u\u0219or de recunoscut pentru consumatori.<\/p>\n\n\n\n<p>De-abia un secol mai t\u00e2rziu, \u00een vestul s\u0103lbatic al Americii a \u00eenceput s\u0103 i-a amploare o<br>metod\u0103 destul de interesant\u0103 pentru a ar\u0103ta posesia asupra unui obiect sau proprietate \u2013 a ap\u0103rut \u00eensemnarea cu fierul \u00eencins.<\/p>\n\n\n\n<p>\u0218i totu\u0219i, Richard Hollis sus\u021bine faptul c\u0103 la baza design-ului \u0219i \u2013 implicit \u2013 a<br>identit\u0103\u021bii vizuale stau controlul \u0219i experimentarea diferitelor tehnici de tip\u0103rire: <em>\u201eLitografia de la sf\u00e2r\u0219itul secolului al XIX-lea le-a permis arti\u0219tilor s\u0103 tip\u0103reasc\u0103 pe suprafe\u021be mai mari \u0219i compacte, s\u0103 foloseasc\u0103 culoare, le-a dat libertate s\u0103 deseneze caractere (litere) personalizate, av\u00e2nd \u00een vedere c\u0103 p\u00e2n\u0103 atunci fuseser\u0103 limita\u021bi la o serie restr\u00e2ns\u0103 de caractere tipografice gata fabricate\u201d.<\/em><\/p>\n\n\n\n<p>Tot Hollis ne propune \u0219i o periodizare pe mai multe etape ale fenomenului design-ului<br>grafic \u0219i a evolu\u021biei acestuia.<\/p>\n\n\n\n<h6 class=\"wp-block-heading\">Etape ale fenomenului de design<\/h6>\n\n\n\n<ul class=\"wp-block-list\"><li><strong>1890-1914, trecerea treptat\u0103 de la Art\u0103 Grafic\u0103 la Design<\/strong> \u2013 mi\u0219carea<br>Arts and Craft a revolu\u021bionat lumea artei prin reformarea caracterelor (literelor) din industria c\u0103r\u021bii, apoi a posterelor de art\u0103 \u0219i \u2013 \u00een cele din urm\u0103 \u2013 a posterelor<br>comerciale. Arti\u0219tii au ajuns\u0103 s\u0103 exploreze noi tehnici de compozi\u021bie, de estetic\u0103 \u0219i de realizare artistic\u0103. Dezvoltarea economiei a atras dup\u0103 sine o cerere mult mai mare de triaje de c\u0103r\u021bi, reviste, ziare sau materiale publicitare, ceea ce a dus la o modernizare destul de rapid\u0103 a industriei \u0219i punerea bazelor primelor \u0219coli de specialitate \u00een domeniu.<\/li><\/ul>\n\n\n\n<ul class=\"wp-block-list\"><li><strong>1914-1920, propaganda \u0219i r\u0103zboiul <\/strong>\u2013 Odat\u0103 cu apari\u021bia Primului R\u0103zboi<br>Mondial apar noi nevoi de satisf\u0103cut: designul grafic devine un instrument<br>guvernamental de baz\u0103, demonstr\u00e2nd astfel importan\u021ba pe care o are informarea \u0219i persuasiunea c\u00e2nd vine vorba de mobilizarea popula\u021biei \u00een efortul de r\u0103zboi. Pe de alt\u0103 parte, contextul r\u0103zboiului a furnizat un nou caracter al designului, care devine o oglind\u0103 a epocii sale. Spre exemplu, \u00een Rusia anilor \u201920, grafica constructivist\u0103 \u2013 cunoscut\u0103 ca \u0219i Mi\u0219carea Constructivist\u0103 \u2013 introduce un nou stil de grafic\u0103, cu caractere \u0219i forme geometrice, angulare, care se presupune c\u0103 transmit energia schimb\u0103rii specifice perioadei respective.<\/li><\/ul>\n\n\n\n<figure class=\"wp-block-image size-full\"><img decoding=\"async\" width=\"650\" height=\"460\" src=\"https:\/\/tw.cm.upt.ro\/10\/wp-content\/uploads\/sites\/222\/2023\/01\/10524310_405434026287813_358906184191826671_n.jpg\" alt=\"\" class=\"wp-image-189\" srcset=\"https:\/\/tw.cm.upt.ro\/10\/wp-content\/uploads\/sites\/222\/2023\/01\/10524310_405434026287813_358906184191826671_n.jpg 650w, https:\/\/tw.cm.upt.ro\/10\/wp-content\/uploads\/sites\/222\/2023\/01\/10524310_405434026287813_358906184191826671_n-300x212.jpg 300w, https:\/\/tw.cm.upt.ro\/10\/wp-content\/uploads\/sites\/222\/2023\/01\/10524310_405434026287813_358906184191826671_n-150x106.jpg 150w, https:\/\/tw.cm.upt.ro\/10\/wp-content\/uploads\/sites\/222\/2023\/01\/10524310_405434026287813_358906184191826671_n-600x425.jpg 600w\" sizes=\"(max-width: 650px) 85vw, 650px\" \/><figcaption><a href=\"https:\/\/unibucproarta.wordpress.com\/tag\/constructivism\/\">Mi\u0219carea Constructivist\u0103, Rusia 1914-1920<\/a><\/figcaption><\/figure>\n\n\n\n<ul class=\"wp-block-list\"><li><strong>1920-1940, avangarda \u0219i \u00eenceputul modernismului<\/strong> \u2013 \u00cencheierea<br>perioadei de r\u0103zboi a \u00eensemnat pentru \u00eentreg mapamondul trecerea simbolic\u0103 la un nou \u00eenceput. \u00cen design aceasta s-a caracterizat prin schimb\u0103ri ale curentelor grafice, reprezentate de colajele \u0219i fotomontajele experimentale, simplificarea stilurilor \u0219i sintetizarea limbajului grafic pentru industrie.<\/li><\/ul>\n\n\n\n<ul class=\"wp-block-list\"><li><strong>1940-1960, modernismul <\/strong>\u2013 Cel de-al Doilea R\u0103zboi Mondial ne prinde<br>\u00een etapa concentr\u0103rii diferitelor centre \u0219i \u0219coli de specialitate \u00een domeniul designului \u00een Elve\u021bia (Zurich, Basle) sau \u00een Italia (Milano), unde realismul \u0219i abordarea lui \u00een baza sistemelor de re\u021bea \u0219i popularizarea fonturilor \u201esans serif\u201d au monopolizat industria. \u00cen schimb, pe continentul opus, \u00een America, meseria de designer grafic se ramific\u0103 \u0219i se dezvolt\u0103 \u00een meserie de Art Director, extinz\u00e2ndu-\u0219i domeniul de activitate \u00een presa scris\u0103, televiziune sau chiar cinematografie.<\/li><\/ul>\n\n\n\n<ul class=\"wp-block-list\"><li><strong>1960, anii protestelor, noilor tehnici \u0219i anii p<\/strong>sihedelici \u2013 \u00cen aceast\u0103 perioad\u0103 rolul designului grafic ca \u0219i mediator \u00eentre industria\u0219i \u0219i consumatori \u00eencepe a fi pus la \u00eendoial\u0103. Sub influen\u021ba schimb\u0103rilor sociale profesioni\u0219tii au \u00eenceput s\u0103 ia \u00een considerare designul grafic ca un v\u0103r \u00eendep\u0103rtat al criticismului, susceptibil s\u0103 creeze noi stiluri, opuse esteticii comerciale. Apar culturile subversive, proiectele independente \u0219i protestele hipio\u021bilor.<\/li><\/ul>\n\n\n\n<ul class=\"wp-block-list\"><li><strong>1970, tehnologia electric\u0103 \u0219i noul val<\/strong> \u2013 Apari\u021bia informaticii schimb\u0103<br>major pia\u021ba industriilor, dar \u0219i a designului, acesta \u00eencep\u00e2nd s\u0103 controleze variabilele \u00eenc\u0103 din pre-produc\u021bie. Schimbarea mai benefic\u0103 \u0219i cu un impact extraordinar de mare se face \u00een realizarea caracterelor personalizate, p\u00e2n\u0103 atunci acest lucru fiind o munc\u0103 fizic\u0103. <\/li><\/ul>\n\n\n\n<p>Comunicarea corporatist\u0103 cre\u0219te la un alt nivel \u0219i se dezvolt\u0103 mai departe de teritoriul pe care \u00eel ocupase p\u00e2n\u0103 atunci. Conceptul de identitate vizual\u0103 \u00eencepe s\u0103 se impun\u0103 ca o necesitate \u00een lumea comercial\u0103, mai ales \u00een mediul concuren\u021bial. Designul ajunge s\u0103 se democratizeze \u0219i s\u0103 ia cu amploare o nou\u0103 plaj\u0103 \u00een domeniul creativit\u0103\u021bii. Practic acesta devine un cuv\u00e2nt cheie, un prefix necesar pentru produc\u021bii, activit\u0103\u021bi culturale, publicitate \u0219i chiar \u0219i a timpului liber.<\/p>\n","protected":false},"excerpt":{"rendered":"<p>Dorin\u021ba oamenilor de a vizualiza o identitate, de a crea imagini reprezentative a diferitelor evenimente din via\u021ba lor sau pur \u0219i simplu a se imortaliza pe sine sau ca grup nu este un fenomen al epocii moderne. Unul dintre cele mai vechi exemple a manifest\u0103rii unei identit\u0103\u021bi vizualedateaz\u0103 cu 13.000 de ani \u00eenaintea erei noastre, &hellip; <a href=\"https:\/\/tw.cm.upt.ro\/10\/identitate-vizuala\/istorie-si-aparitie\/\" class=\"more-link\">Continue reading<span class=\"screen-reader-text\"> &#8220;Istoric \u0219i apari\u021bie&#8221;<\/span><\/a><\/p>\n","protected":false},"author":1,"featured_media":0,"parent":48,"menu_order":1,"comment_status":"closed","ping_status":"closed","template":"","meta":{"wprm-recipe-roundup-name":"","wprm-recipe-roundup-description":"","ngg_post_thumbnail":0,"footnotes":""},"class_list":["post-159","page","type-page","status-publish","hentry"],"yoast_head":"<!-- This site is optimized with the Yoast SEO plugin v27.1.1 - https:\/\/yoast.com\/product\/yoast-seo-wordpress\/ -->\n<title>Istoric \u0219i apari\u021bie - PR&amp;Beer<\/title>\n<meta name=\"description\" content=\"Unul dintre cele mai vechi exemple a manifest\u0103rii unei identit\u0103\u021bi vizualedateaz\u0103 cu 13.000 de ani \u00eenaintea erei noastre, \u00een Argentina.\" \/>\n<meta name=\"robots\" content=\"index, follow, max-snippet:-1, max-image-preview:large, max-video-preview:-1\" \/>\n<link rel=\"canonical\" href=\"https:\/\/tw.cm.upt.ro\/10\/identitate-vizuala\/istorie-si-aparitie\/\" \/>\n<meta property=\"og:locale\" content=\"en_US\" \/>\n<meta property=\"og:type\" content=\"article\" \/>\n<meta property=\"og:title\" content=\"Istoric \u0219i apari\u021bie - PR&amp;Beer\" \/>\n<meta property=\"og:description\" content=\"Unul dintre cele mai vechi exemple a manifest\u0103rii unei identit\u0103\u021bi vizualedateaz\u0103 cu 13.000 de ani \u00eenaintea erei noastre, \u00een Argentina.\" \/>\n<meta property=\"og:url\" content=\"https:\/\/tw.cm.upt.ro\/10\/identitate-vizuala\/istorie-si-aparitie\/\" \/>\n<meta property=\"og:site_name\" content=\"PR&amp;Beer\" \/>\n<meta property=\"article:modified_time\" content=\"2023-01-11T08:39:33+00:00\" \/>\n<meta property=\"og:image\" content=\"https:\/\/tw.cm.upt.ro\/10\/wp-content\/uploads\/sites\/222\/2023\/01\/Pestera-mainilor-scaled-1.jpg\" \/>\n<meta name=\"twitter:card\" content=\"summary_large_image\" \/>\n<meta name=\"twitter:label1\" content=\"Est. reading time\" \/>\n\t<meta name=\"twitter:data1\" content=\"6 minutes\" \/>\n<script type=\"application\/ld+json\" class=\"yoast-schema-graph\">{\"@context\":\"https:\/\/schema.org\",\"@graph\":[{\"@type\":\"WebPage\",\"@id\":\"https:\/\/tw.cm.upt.ro\/10\/identitate-vizuala\/istorie-si-aparitie\/\",\"url\":\"https:\/\/tw.cm.upt.ro\/10\/identitate-vizuala\/istorie-si-aparitie\/\",\"name\":\"Istoric \u0219i apari\u021bie - PR&amp;Beer\",\"isPartOf\":{\"@id\":\"https:\/\/tw.cm.upt.ro\/10\/#website\"},\"primaryImageOfPage\":{\"@id\":\"https:\/\/tw.cm.upt.ro\/10\/identitate-vizuala\/istorie-si-aparitie\/#primaryimage\"},\"image\":{\"@id\":\"https:\/\/tw.cm.upt.ro\/10\/identitate-vizuala\/istorie-si-aparitie\/#primaryimage\"},\"thumbnailUrl\":\"https:\/\/tw.cm.upt.ro\/10\/wp-content\/uploads\/sites\/222\/2023\/01\/Pestera-mainilor-scaled-1.jpg\",\"datePublished\":\"2023-01-10T23:22:05+00:00\",\"dateModified\":\"2023-01-11T08:39:33+00:00\",\"description\":\"Unul dintre cele mai vechi exemple a manifest\u0103rii unei identit\u0103\u021bi vizualedateaz\u0103 cu 13.000 de ani \u00eenaintea erei noastre, \u00een Argentina.\",\"breadcrumb\":{\"@id\":\"https:\/\/tw.cm.upt.ro\/10\/identitate-vizuala\/istorie-si-aparitie\/#breadcrumb\"},\"inLanguage\":\"en-US\",\"potentialAction\":[{\"@type\":\"ReadAction\",\"target\":[\"https:\/\/tw.cm.upt.ro\/10\/identitate-vizuala\/istorie-si-aparitie\/\"]}]},{\"@type\":\"ImageObject\",\"inLanguage\":\"en-US\",\"@id\":\"https:\/\/tw.cm.upt.ro\/10\/identitate-vizuala\/istorie-si-aparitie\/#primaryimage\",\"url\":\"https:\/\/tw.cm.upt.ro\/10\/wp-content\/uploads\/sites\/222\/2023\/01\/Pestera-mainilor-scaled-1.jpg\",\"contentUrl\":\"https:\/\/tw.cm.upt.ro\/10\/wp-content\/uploads\/sites\/222\/2023\/01\/Pestera-mainilor-scaled-1.jpg\",\"width\":900,\"height\":675},{\"@type\":\"BreadcrumbList\",\"@id\":\"https:\/\/tw.cm.upt.ro\/10\/identitate-vizuala\/istorie-si-aparitie\/#breadcrumb\",\"itemListElement\":[{\"@type\":\"ListItem\",\"position\":1,\"name\":\"Home\",\"item\":\"https:\/\/tw.cm.upt.ro\/10\/\"},{\"@type\":\"ListItem\",\"position\":2,\"name\":\"Identitate Vizual\u0103\",\"item\":\"https:\/\/tw.cm.upt.ro\/10\/identitate-vizuala\/\"},{\"@type\":\"ListItem\",\"position\":3,\"name\":\"Istoric \u0219i apari\u021bie\"}]},{\"@type\":\"WebSite\",\"@id\":\"https:\/\/tw.cm.upt.ro\/10\/#website\",\"url\":\"https:\/\/tw.cm.upt.ro\/10\/\",\"name\":\"PR&amp;Beer\",\"description\":\"Drink the Creativity Up\",\"publisher\":{\"@id\":\"https:\/\/tw.cm.upt.ro\/10\/#organization\"},\"potentialAction\":[{\"@type\":\"SearchAction\",\"target\":{\"@type\":\"EntryPoint\",\"urlTemplate\":\"https:\/\/tw.cm.upt.ro\/10\/?s={search_term_string}\"},\"query-input\":{\"@type\":\"PropertyValueSpecification\",\"valueRequired\":true,\"valueName\":\"search_term_string\"}}],\"inLanguage\":\"en-US\"},{\"@type\":\"Organization\",\"@id\":\"https:\/\/tw.cm.upt.ro\/10\/#organization\",\"name\":\"PR&amp;Beer\",\"url\":\"https:\/\/tw.cm.upt.ro\/10\/\",\"logo\":{\"@type\":\"ImageObject\",\"inLanguage\":\"en-US\",\"@id\":\"https:\/\/tw.cm.upt.ro\/10\/#\/schema\/logo\/image\/\",\"url\":\"https:\/\/tw.cm.upt.ro\/10\/wp-content\/uploads\/sites\/222\/2023\/01\/cropped-WhatsApp-Image-2023-01-10-at-20.42.31.jpeg\",\"contentUrl\":\"https:\/\/tw.cm.upt.ro\/10\/wp-content\/uploads\/sites\/222\/2023\/01\/cropped-WhatsApp-Image-2023-01-10-at-20.42.31.jpeg\",\"width\":240,\"height\":131,\"caption\":\"PR&amp;Beer\"},\"image\":{\"@id\":\"https:\/\/tw.cm.upt.ro\/10\/#\/schema\/logo\/image\/\"}}]}<\/script>\n<!-- \/ Yoast SEO plugin. -->","yoast_head_json":{"title":"Istoric \u0219i apari\u021bie - PR&amp;Beer","description":"Unul dintre cele mai vechi exemple a manifest\u0103rii unei identit\u0103\u021bi vizualedateaz\u0103 cu 13.000 de ani \u00eenaintea erei noastre, \u00een Argentina.","robots":{"index":"index","follow":"follow","max-snippet":"max-snippet:-1","max-image-preview":"max-image-preview:large","max-video-preview":"max-video-preview:-1"},"canonical":"https:\/\/tw.cm.upt.ro\/10\/identitate-vizuala\/istorie-si-aparitie\/","og_locale":"en_US","og_type":"article","og_title":"Istoric \u0219i apari\u021bie - PR&amp;Beer","og_description":"Unul dintre cele mai vechi exemple a manifest\u0103rii unei identit\u0103\u021bi vizualedateaz\u0103 cu 13.000 de ani \u00eenaintea erei noastre, \u00een Argentina.","og_url":"https:\/\/tw.cm.upt.ro\/10\/identitate-vizuala\/istorie-si-aparitie\/","og_site_name":"PR&amp;Beer","article_modified_time":"2023-01-11T08:39:33+00:00","og_image":[{"url":"https:\/\/tw.cm.upt.ro\/10\/wp-content\/uploads\/sites\/222\/2023\/01\/Pestera-mainilor-scaled-1.jpg","type":"","width":"","height":""}],"twitter_card":"summary_large_image","twitter_misc":{"Est. reading time":"6 minutes"},"schema":{"@context":"https:\/\/schema.org","@graph":[{"@type":"WebPage","@id":"https:\/\/tw.cm.upt.ro\/10\/identitate-vizuala\/istorie-si-aparitie\/","url":"https:\/\/tw.cm.upt.ro\/10\/identitate-vizuala\/istorie-si-aparitie\/","name":"Istoric \u0219i apari\u021bie - PR&amp;Beer","isPartOf":{"@id":"https:\/\/tw.cm.upt.ro\/10\/#website"},"primaryImageOfPage":{"@id":"https:\/\/tw.cm.upt.ro\/10\/identitate-vizuala\/istorie-si-aparitie\/#primaryimage"},"image":{"@id":"https:\/\/tw.cm.upt.ro\/10\/identitate-vizuala\/istorie-si-aparitie\/#primaryimage"},"thumbnailUrl":"https:\/\/tw.cm.upt.ro\/10\/wp-content\/uploads\/sites\/222\/2023\/01\/Pestera-mainilor-scaled-1.jpg","datePublished":"2023-01-10T23:22:05+00:00","dateModified":"2023-01-11T08:39:33+00:00","description":"Unul dintre cele mai vechi exemple a manifest\u0103rii unei identit\u0103\u021bi vizualedateaz\u0103 cu 13.000 de ani \u00eenaintea erei noastre, \u00een Argentina.","breadcrumb":{"@id":"https:\/\/tw.cm.upt.ro\/10\/identitate-vizuala\/istorie-si-aparitie\/#breadcrumb"},"inLanguage":"en-US","potentialAction":[{"@type":"ReadAction","target":["https:\/\/tw.cm.upt.ro\/10\/identitate-vizuala\/istorie-si-aparitie\/"]}]},{"@type":"ImageObject","inLanguage":"en-US","@id":"https:\/\/tw.cm.upt.ro\/10\/identitate-vizuala\/istorie-si-aparitie\/#primaryimage","url":"https:\/\/tw.cm.upt.ro\/10\/wp-content\/uploads\/sites\/222\/2023\/01\/Pestera-mainilor-scaled-1.jpg","contentUrl":"https:\/\/tw.cm.upt.ro\/10\/wp-content\/uploads\/sites\/222\/2023\/01\/Pestera-mainilor-scaled-1.jpg","width":900,"height":675},{"@type":"BreadcrumbList","@id":"https:\/\/tw.cm.upt.ro\/10\/identitate-vizuala\/istorie-si-aparitie\/#breadcrumb","itemListElement":[{"@type":"ListItem","position":1,"name":"Home","item":"https:\/\/tw.cm.upt.ro\/10\/"},{"@type":"ListItem","position":2,"name":"Identitate Vizual\u0103","item":"https:\/\/tw.cm.upt.ro\/10\/identitate-vizuala\/"},{"@type":"ListItem","position":3,"name":"Istoric \u0219i apari\u021bie"}]},{"@type":"WebSite","@id":"https:\/\/tw.cm.upt.ro\/10\/#website","url":"https:\/\/tw.cm.upt.ro\/10\/","name":"PR&amp;Beer","description":"Drink the Creativity Up","publisher":{"@id":"https:\/\/tw.cm.upt.ro\/10\/#organization"},"potentialAction":[{"@type":"SearchAction","target":{"@type":"EntryPoint","urlTemplate":"https:\/\/tw.cm.upt.ro\/10\/?s={search_term_string}"},"query-input":{"@type":"PropertyValueSpecification","valueRequired":true,"valueName":"search_term_string"}}],"inLanguage":"en-US"},{"@type":"Organization","@id":"https:\/\/tw.cm.upt.ro\/10\/#organization","name":"PR&amp;Beer","url":"https:\/\/tw.cm.upt.ro\/10\/","logo":{"@type":"ImageObject","inLanguage":"en-US","@id":"https:\/\/tw.cm.upt.ro\/10\/#\/schema\/logo\/image\/","url":"https:\/\/tw.cm.upt.ro\/10\/wp-content\/uploads\/sites\/222\/2023\/01\/cropped-WhatsApp-Image-2023-01-10-at-20.42.31.jpeg","contentUrl":"https:\/\/tw.cm.upt.ro\/10\/wp-content\/uploads\/sites\/222\/2023\/01\/cropped-WhatsApp-Image-2023-01-10-at-20.42.31.jpeg","width":240,"height":131,"caption":"PR&amp;Beer"},"image":{"@id":"https:\/\/tw.cm.upt.ro\/10\/#\/schema\/logo\/image\/"}}]}},"_links":{"self":[{"href":"https:\/\/tw.cm.upt.ro\/10\/wp-json\/wp\/v2\/pages\/159","targetHints":{"allow":["GET"]}}],"collection":[{"href":"https:\/\/tw.cm.upt.ro\/10\/wp-json\/wp\/v2\/pages"}],"about":[{"href":"https:\/\/tw.cm.upt.ro\/10\/wp-json\/wp\/v2\/types\/page"}],"author":[{"embeddable":true,"href":"https:\/\/tw.cm.upt.ro\/10\/wp-json\/wp\/v2\/users\/1"}],"replies":[{"embeddable":true,"href":"https:\/\/tw.cm.upt.ro\/10\/wp-json\/wp\/v2\/comments?post=159"}],"version-history":[{"count":5,"href":"https:\/\/tw.cm.upt.ro\/10\/wp-json\/wp\/v2\/pages\/159\/revisions"}],"predecessor-version":[{"id":194,"href":"https:\/\/tw.cm.upt.ro\/10\/wp-json\/wp\/v2\/pages\/159\/revisions\/194"}],"up":[{"embeddable":true,"href":"https:\/\/tw.cm.upt.ro\/10\/wp-json\/wp\/v2\/pages\/48"}],"wp:attachment":[{"href":"https:\/\/tw.cm.upt.ro\/10\/wp-json\/wp\/v2\/media?parent=159"}],"curies":[{"name":"wp","href":"https:\/\/api.w.org\/{rel}","templated":true}]}}