{"id":162,"date":"2023-01-10T23:22:05","date_gmt":"2023-01-10T23:22:05","guid":{"rendered":"https:\/\/tw.cm.upt.ro\/10\/?page_id=162"},"modified":"2023-01-11T09:19:01","modified_gmt":"2023-01-11T09:19:01","slug":"identitatea-vizuala-si-piata-romaneasca","status":"publish","type":"page","link":"https:\/\/tw.cm.upt.ro\/10\/identitatea-vizuala-si-piata-romaneasca\/","title":{"rendered":"Identitatea vizual\u0103 \u0219i pia\u021ba rom\u00e2neasc\u0103"},"content":{"rendered":"<div id=\"fb-root\"><\/div>\n\n<p>Cu o istorie care \u00eencepe de prin anii \u201970, dac\u0103 vorbim despre firmele private \u0219i despre brandul lor, la nivel interna\u021bional, acestea au \u00eenceput s\u0103 ocupe pozi\u021bii de for\u021b\u0103 \u0219i de influen\u021b\u0103.<\/p>\n\n\n\n<p><em>Doug Palmer<\/em>, vicepre\u0219edinte de brand-uri proprii la A&amp;P New Jersey, \u00eemparte la conferin\u021ba Pack Expo din Las Vegas \u00een 2010, <strong>evolu\u021bia m\u0103rcilor private \u00een 3 etape<\/strong>:<\/p>\n\n\n\n<ol class=\"wp-block-list\"><li><strong>Etap\u0103 &#8220;Private Label&#8221;<\/strong> \u2013 unde retailerii copiaz\u0103 branduri na\u021bionale, remarc\u00e2ndu-se prin pre\u021buri diferen\u021biale, u\u0219or mai accesibile;<\/li><li><strong>Etap\u0103 &#8220;Corporate Brand&#8221;<\/strong> \u2013 retailerii se concentreaz\u0103 acum pe calitatea produselor, m\u0103rindu-le astfel nivelul \u0219i ajung\u00e2nd s\u0103 concureze realmente cu firme interna\u021bionale;<\/li><li><strong>Etap\u0103 &#8220;Private Brand&#8221;<\/strong> \u2013 unde retailerii merg mult mai departe de &#8220;Private Label&#8221;, cre\u00e2nd branduri veritabile, cu ambalaje foarte atr\u0103g\u0103toare, cu personalitate \u0219i pozi\u021bionare clar\u0103. Branduri care \u00een final pot s\u0103 nici nu mai aminteasc\u0103 de numele firmei-mam\u0103.<\/li><\/ol>\n\n\n\n<h5 class=\"wp-block-heading\">Impactul identit\u0103\u021bii vizuale pe pia\u021ba rom\u00e2neasc\u0103<\/h5>\n\n\n\n<p>De\u0219i \u00een Rom\u00e2nia \u0219i pe pia\u021ba autohton\u0103 \u00eenc\u0103 suntem la prima parte din etapele men\u021bionate de Doug Palmer, brandurile rom\u00e2ne\u0219ti tind s\u0103 creasc\u0103 \u0219i s\u0103 evolueze constant spre urm\u0103toarele etape. <\/p>\n\n\n\n<p>Marile firme \u00eencep s\u0103 \u00ee\u0219i redefineasc\u0103 brandurile sau s\u0103 acorde o aten\u021bie mult mai mare la identitatea lor vizual\u0103 \u0219i cum ace\u0219tia se prezint\u0103 publicului, \u00een timp ce afacerile mici tind s\u0103 fie foarte atente s\u0103 porneasc\u0103 cu dreptul pe pia\u021b\u0103 \u0219i, astfel, cu o identitate vizual\u0103 puternic\u0103 care s\u0103 fie u\u0219or de v\u0103zut.<\/p>\n\n\n\n<p>Un bun exemplu ar fi proasp\u0103tul \u201ebrand\u201d de haine <em>Holla TomBabe<\/em>, un brand cu origini \u00een Timi\u0219oara \u0219i care a reu\u0219it s\u0103 ias\u0103 \u00een eviden\u021b\u0103, mai \u00eent\u00e2i, prin hainele la m\u00e2na a doua (m\u0103rci vintage, de regul\u0103) pe care le cump\u0103ra, reconstituia \u0219i dup\u0103 care le vindea, iar apoi a venit \u00een for\u021b\u0103 cu propriile sale design-uri pentru haine, foarte simpliste, \u0219i pe care le-a promovat prin campania <a href=\"https:\/\/www.tombabe.ro\/catalog\/tricouri-vorbesteromaneste-4\">#vorbe\u0219terom\u00e2ne\u0219te<\/a>.<\/p>\n\n\n\n<p>La fel ca \u0219i TomBabe, <em>Bereta Brewring<\/em> este un brand de bere artizanal\u0103 cu origini<br>timi\u0219orene, care a luat na\u0219tere \u00eentr-un pub plin de vinyl-uri, muzic\u0103 bun\u0103 \u0219i min\u021bi inovatoare \u2013Viniloteca \u2013 \u0219i a f\u0103cut o bere nemaipomenit\u0103. Dar nu doar asta e ceea ce a f\u0103cut-o at\u00e2t de cunoscut\u0103, ci design-urile pe care au decis s\u0103 le pun\u0103 pe dozele sale. De la etichete simple, cu un fundal alb \u0219i c\u00e2teva pete de culoare, la o explozie de design-uri fie futuriste, fie pline de culoare \u0219i imagini simbolice care s\u0103 mearg\u0103 m\u00e2n\u0103 \u00een m\u00e2n\u0103 cu povestea pe care berea urma s\u0103 o spun\u0103.<\/p>\n\n\n\n<figure class=\"wp-block-image size-full\"><img fetchpriority=\"high\" decoding=\"async\" width=\"738\" height=\"326\" src=\"https:\/\/tw.cm.upt.ro\/10\/wp-content\/uploads\/sites\/222\/2023\/01\/image-8.png\" alt=\"\" class=\"wp-image-198\" srcset=\"https:\/\/tw.cm.upt.ro\/10\/wp-content\/uploads\/sites\/222\/2023\/01\/image-8.png 738w, https:\/\/tw.cm.upt.ro\/10\/wp-content\/uploads\/sites\/222\/2023\/01\/image-8-300x133.png 300w, https:\/\/tw.cm.upt.ro\/10\/wp-content\/uploads\/sites\/222\/2023\/01\/image-8-150x66.png 150w, https:\/\/tw.cm.upt.ro\/10\/wp-content\/uploads\/sites\/222\/2023\/01\/image-8-600x265.png 600w\" sizes=\"(max-width: 738px) 85vw, 738px\" \/><figcaption>Design bere Bereta<\/figcaption><\/figure>\n\n\n\n<p>Identitatea vizual\u0103 a venit \u00een ajutorul acestori mici produc\u0103tori din dou\u0103 motive: <strong>pozi\u021bionare<\/strong> \u0219i<strong> angajament (engagement)<\/strong>.<\/p>\n\n\n\n<p>Prin <strong>pozi\u021bionare<\/strong> produc\u0103tori au avut oportunitatea s\u0103 \u00ee\u0219i fac\u0103 produsele cunoscute \u0219i<br>recunoscute datorit\u0103 identit\u0103\u021bii vizuale specifice, unice, care i-au diferen\u021biat \u00een ochii<br>consumatorilor. <\/p>\n\n\n\n<p>Din punctul de vedere al <strong>angaj\u0103rii<\/strong>, aceste identit\u0103\u021bi vizuale au \u00eendemnat<br>consumatorii s\u0103 descopere brandurile respective \u0219i s\u0103 le \u00eencerce produsele, fie pentru ca s-au sim\u021bit atra\u0219i de ele, fie la recomand\u0103rile unor persoane din cercurile lor apropiate, cre\u00e2ndu-se \u0219i \u00eent\u00e2rindu-se astfel sentimentul de familiaritate \u0219i de leg\u0103tur\u0103 \u00eentre indivizii respectivi.<\/p>\n","protected":false},"excerpt":{"rendered":"<p>Cu o istorie care \u00eencepe de prin anii \u201970, dac\u0103 vorbim despre firmele private \u0219i despre brandul lor, la nivel interna\u021bional, acestea au \u00eenceput s\u0103 ocupe pozi\u021bii de for\u021b\u0103 \u0219i de influen\u021b\u0103. Doug Palmer, vicepre\u0219edinte de brand-uri proprii la A&amp;P New Jersey, \u00eemparte la conferin\u021ba Pack Expo din Las Vegas \u00een 2010, evolu\u021bia m\u0103rcilor private &hellip; <a href=\"https:\/\/tw.cm.upt.ro\/10\/identitatea-vizuala-si-piata-romaneasca\/\" class=\"more-link\">Continue reading<span class=\"screen-reader-text\"> &#8220;Identitatea vizual\u0103 \u0219i pia\u021ba rom\u00e2neasc\u0103&#8221;<\/span><\/a><\/p>\n","protected":false},"author":1,"featured_media":0,"parent":0,"menu_order":0,"comment_status":"closed","ping_status":"closed","template":"","meta":{"wprm-recipe-roundup-name":"","wprm-recipe-roundup-description":"","ngg_post_thumbnail":0,"footnotes":""},"class_list":["post-162","page","type-page","status-publish","hentry"],"yoast_head":"<!-- This site is optimized with the Yoast SEO plugin v27.1.1 - https:\/\/yoast.com\/product\/yoast-seo-wordpress\/ -->\n<title>Identitatea vizual\u0103 \u0219i pia\u021ba rom\u00e2neasc\u0103 - PR&amp;Beer<\/title>\n<meta name=\"description\" content=\"Doug Palmer \u00eemparte evolu\u021bia m\u0103rcilor private \u00een 3 etape: private lable, corporate brand \u0219i private brand.\" \/>\n<meta name=\"robots\" content=\"index, follow, max-snippet:-1, max-image-preview:large, max-video-preview:-1\" \/>\n<link rel=\"canonical\" href=\"https:\/\/tw.cm.upt.ro\/10\/identitatea-vizuala-si-piata-romaneasca\/\" \/>\n<meta property=\"og:locale\" content=\"en_US\" \/>\n<meta property=\"og:type\" content=\"article\" \/>\n<meta property=\"og:title\" content=\"Identitatea vizual\u0103 \u0219i pia\u021ba rom\u00e2neasc\u0103 - PR&amp;Beer\" \/>\n<meta property=\"og:description\" content=\"Doug Palmer \u00eemparte evolu\u021bia m\u0103rcilor private \u00een 3 etape: private lable, corporate brand \u0219i private brand.\" \/>\n<meta property=\"og:url\" content=\"https:\/\/tw.cm.upt.ro\/10\/identitatea-vizuala-si-piata-romaneasca\/\" \/>\n<meta property=\"og:site_name\" content=\"PR&amp;Beer\" \/>\n<meta property=\"article:modified_time\" content=\"2023-01-11T09:19:01+00:00\" \/>\n<meta property=\"og:image\" content=\"https:\/\/tw.cm.upt.ro\/10\/wp-content\/uploads\/sites\/222\/2023\/01\/image-8.png\" \/>\n<meta name=\"twitter:card\" content=\"summary_large_image\" \/>\n<meta name=\"twitter:label1\" content=\"Est. reading time\" \/>\n\t<meta name=\"twitter:data1\" content=\"3 minutes\" \/>\n<script type=\"application\/ld+json\" class=\"yoast-schema-graph\">{\"@context\":\"https:\/\/schema.org\",\"@graph\":[{\"@type\":\"WebPage\",\"@id\":\"https:\/\/tw.cm.upt.ro\/10\/identitatea-vizuala-si-piata-romaneasca\/\",\"url\":\"https:\/\/tw.cm.upt.ro\/10\/identitatea-vizuala-si-piata-romaneasca\/\",\"name\":\"Identitatea vizual\u0103 \u0219i pia\u021ba rom\u00e2neasc\u0103 - PR&amp;Beer\",\"isPartOf\":{\"@id\":\"https:\/\/tw.cm.upt.ro\/10\/#website\"},\"primaryImageOfPage\":{\"@id\":\"https:\/\/tw.cm.upt.ro\/10\/identitatea-vizuala-si-piata-romaneasca\/#primaryimage\"},\"image\":{\"@id\":\"https:\/\/tw.cm.upt.ro\/10\/identitatea-vizuala-si-piata-romaneasca\/#primaryimage\"},\"thumbnailUrl\":\"https:\/\/tw.cm.upt.ro\/10\/wp-content\/uploads\/sites\/222\/2023\/01\/image-8.png\",\"datePublished\":\"2023-01-10T23:22:05+00:00\",\"dateModified\":\"2023-01-11T09:19:01+00:00\",\"description\":\"Doug Palmer \u00eemparte evolu\u021bia m\u0103rcilor private \u00een 3 etape: private lable, corporate brand \u0219i private brand.\",\"breadcrumb\":{\"@id\":\"https:\/\/tw.cm.upt.ro\/10\/identitatea-vizuala-si-piata-romaneasca\/#breadcrumb\"},\"inLanguage\":\"en-US\",\"potentialAction\":[{\"@type\":\"ReadAction\",\"target\":[\"https:\/\/tw.cm.upt.ro\/10\/identitatea-vizuala-si-piata-romaneasca\/\"]}]},{\"@type\":\"ImageObject\",\"inLanguage\":\"en-US\",\"@id\":\"https:\/\/tw.cm.upt.ro\/10\/identitatea-vizuala-si-piata-romaneasca\/#primaryimage\",\"url\":\"https:\/\/tw.cm.upt.ro\/10\/wp-content\/uploads\/sites\/222\/2023\/01\/image-8.png\",\"contentUrl\":\"https:\/\/tw.cm.upt.ro\/10\/wp-content\/uploads\/sites\/222\/2023\/01\/image-8.png\",\"width\":738,\"height\":326},{\"@type\":\"BreadcrumbList\",\"@id\":\"https:\/\/tw.cm.upt.ro\/10\/identitatea-vizuala-si-piata-romaneasca\/#breadcrumb\",\"itemListElement\":[{\"@type\":\"ListItem\",\"position\":1,\"name\":\"Home\",\"item\":\"https:\/\/tw.cm.upt.ro\/10\/\"},{\"@type\":\"ListItem\",\"position\":2,\"name\":\"Identitatea vizual\u0103 \u0219i pia\u021ba rom\u00e2neasc\u0103\"}]},{\"@type\":\"WebSite\",\"@id\":\"https:\/\/tw.cm.upt.ro\/10\/#website\",\"url\":\"https:\/\/tw.cm.upt.ro\/10\/\",\"name\":\"PR&amp;Beer\",\"description\":\"Drink the Creativity Up\",\"publisher\":{\"@id\":\"https:\/\/tw.cm.upt.ro\/10\/#organization\"},\"potentialAction\":[{\"@type\":\"SearchAction\",\"target\":{\"@type\":\"EntryPoint\",\"urlTemplate\":\"https:\/\/tw.cm.upt.ro\/10\/?s={search_term_string}\"},\"query-input\":{\"@type\":\"PropertyValueSpecification\",\"valueRequired\":true,\"valueName\":\"search_term_string\"}}],\"inLanguage\":\"en-US\"},{\"@type\":\"Organization\",\"@id\":\"https:\/\/tw.cm.upt.ro\/10\/#organization\",\"name\":\"PR&amp;Beer\",\"url\":\"https:\/\/tw.cm.upt.ro\/10\/\",\"logo\":{\"@type\":\"ImageObject\",\"inLanguage\":\"en-US\",\"@id\":\"https:\/\/tw.cm.upt.ro\/10\/#\/schema\/logo\/image\/\",\"url\":\"https:\/\/tw.cm.upt.ro\/10\/wp-content\/uploads\/sites\/222\/2023\/01\/cropped-WhatsApp-Image-2023-01-10-at-20.42.31.jpeg\",\"contentUrl\":\"https:\/\/tw.cm.upt.ro\/10\/wp-content\/uploads\/sites\/222\/2023\/01\/cropped-WhatsApp-Image-2023-01-10-at-20.42.31.jpeg\",\"width\":240,\"height\":131,\"caption\":\"PR&amp;Beer\"},\"image\":{\"@id\":\"https:\/\/tw.cm.upt.ro\/10\/#\/schema\/logo\/image\/\"}}]}<\/script>\n<!-- \/ Yoast SEO plugin. -->","yoast_head_json":{"title":"Identitatea vizual\u0103 \u0219i pia\u021ba rom\u00e2neasc\u0103 - PR&amp;Beer","description":"Doug Palmer \u00eemparte evolu\u021bia m\u0103rcilor private \u00een 3 etape: private lable, corporate brand \u0219i private brand.","robots":{"index":"index","follow":"follow","max-snippet":"max-snippet:-1","max-image-preview":"max-image-preview:large","max-video-preview":"max-video-preview:-1"},"canonical":"https:\/\/tw.cm.upt.ro\/10\/identitatea-vizuala-si-piata-romaneasca\/","og_locale":"en_US","og_type":"article","og_title":"Identitatea vizual\u0103 \u0219i pia\u021ba rom\u00e2neasc\u0103 - PR&amp;Beer","og_description":"Doug Palmer \u00eemparte evolu\u021bia m\u0103rcilor private \u00een 3 etape: private lable, corporate brand \u0219i private brand.","og_url":"https:\/\/tw.cm.upt.ro\/10\/identitatea-vizuala-si-piata-romaneasca\/","og_site_name":"PR&amp;Beer","article_modified_time":"2023-01-11T09:19:01+00:00","og_image":[{"url":"https:\/\/tw.cm.upt.ro\/10\/wp-content\/uploads\/sites\/222\/2023\/01\/image-8.png","type":"","width":"","height":""}],"twitter_card":"summary_large_image","twitter_misc":{"Est. reading time":"3 minutes"},"schema":{"@context":"https:\/\/schema.org","@graph":[{"@type":"WebPage","@id":"https:\/\/tw.cm.upt.ro\/10\/identitatea-vizuala-si-piata-romaneasca\/","url":"https:\/\/tw.cm.upt.ro\/10\/identitatea-vizuala-si-piata-romaneasca\/","name":"Identitatea vizual\u0103 \u0219i pia\u021ba rom\u00e2neasc\u0103 - PR&amp;Beer","isPartOf":{"@id":"https:\/\/tw.cm.upt.ro\/10\/#website"},"primaryImageOfPage":{"@id":"https:\/\/tw.cm.upt.ro\/10\/identitatea-vizuala-si-piata-romaneasca\/#primaryimage"},"image":{"@id":"https:\/\/tw.cm.upt.ro\/10\/identitatea-vizuala-si-piata-romaneasca\/#primaryimage"},"thumbnailUrl":"https:\/\/tw.cm.upt.ro\/10\/wp-content\/uploads\/sites\/222\/2023\/01\/image-8.png","datePublished":"2023-01-10T23:22:05+00:00","dateModified":"2023-01-11T09:19:01+00:00","description":"Doug Palmer \u00eemparte evolu\u021bia m\u0103rcilor private \u00een 3 etape: private lable, corporate brand \u0219i private brand.","breadcrumb":{"@id":"https:\/\/tw.cm.upt.ro\/10\/identitatea-vizuala-si-piata-romaneasca\/#breadcrumb"},"inLanguage":"en-US","potentialAction":[{"@type":"ReadAction","target":["https:\/\/tw.cm.upt.ro\/10\/identitatea-vizuala-si-piata-romaneasca\/"]}]},{"@type":"ImageObject","inLanguage":"en-US","@id":"https:\/\/tw.cm.upt.ro\/10\/identitatea-vizuala-si-piata-romaneasca\/#primaryimage","url":"https:\/\/tw.cm.upt.ro\/10\/wp-content\/uploads\/sites\/222\/2023\/01\/image-8.png","contentUrl":"https:\/\/tw.cm.upt.ro\/10\/wp-content\/uploads\/sites\/222\/2023\/01\/image-8.png","width":738,"height":326},{"@type":"BreadcrumbList","@id":"https:\/\/tw.cm.upt.ro\/10\/identitatea-vizuala-si-piata-romaneasca\/#breadcrumb","itemListElement":[{"@type":"ListItem","position":1,"name":"Home","item":"https:\/\/tw.cm.upt.ro\/10\/"},{"@type":"ListItem","position":2,"name":"Identitatea vizual\u0103 \u0219i pia\u021ba rom\u00e2neasc\u0103"}]},{"@type":"WebSite","@id":"https:\/\/tw.cm.upt.ro\/10\/#website","url":"https:\/\/tw.cm.upt.ro\/10\/","name":"PR&amp;Beer","description":"Drink the Creativity Up","publisher":{"@id":"https:\/\/tw.cm.upt.ro\/10\/#organization"},"potentialAction":[{"@type":"SearchAction","target":{"@type":"EntryPoint","urlTemplate":"https:\/\/tw.cm.upt.ro\/10\/?s={search_term_string}"},"query-input":{"@type":"PropertyValueSpecification","valueRequired":true,"valueName":"search_term_string"}}],"inLanguage":"en-US"},{"@type":"Organization","@id":"https:\/\/tw.cm.upt.ro\/10\/#organization","name":"PR&amp;Beer","url":"https:\/\/tw.cm.upt.ro\/10\/","logo":{"@type":"ImageObject","inLanguage":"en-US","@id":"https:\/\/tw.cm.upt.ro\/10\/#\/schema\/logo\/image\/","url":"https:\/\/tw.cm.upt.ro\/10\/wp-content\/uploads\/sites\/222\/2023\/01\/cropped-WhatsApp-Image-2023-01-10-at-20.42.31.jpeg","contentUrl":"https:\/\/tw.cm.upt.ro\/10\/wp-content\/uploads\/sites\/222\/2023\/01\/cropped-WhatsApp-Image-2023-01-10-at-20.42.31.jpeg","width":240,"height":131,"caption":"PR&amp;Beer"},"image":{"@id":"https:\/\/tw.cm.upt.ro\/10\/#\/schema\/logo\/image\/"}}]}},"_links":{"self":[{"href":"https:\/\/tw.cm.upt.ro\/10\/wp-json\/wp\/v2\/pages\/162","targetHints":{"allow":["GET"]}}],"collection":[{"href":"https:\/\/tw.cm.upt.ro\/10\/wp-json\/wp\/v2\/pages"}],"about":[{"href":"https:\/\/tw.cm.upt.ro\/10\/wp-json\/wp\/v2\/types\/page"}],"author":[{"embeddable":true,"href":"https:\/\/tw.cm.upt.ro\/10\/wp-json\/wp\/v2\/users\/1"}],"replies":[{"embeddable":true,"href":"https:\/\/tw.cm.upt.ro\/10\/wp-json\/wp\/v2\/comments?post=162"}],"version-history":[{"count":2,"href":"https:\/\/tw.cm.upt.ro\/10\/wp-json\/wp\/v2\/pages\/162\/revisions"}],"predecessor-version":[{"id":199,"href":"https:\/\/tw.cm.upt.ro\/10\/wp-json\/wp\/v2\/pages\/162\/revisions\/199"}],"wp:attachment":[{"href":"https:\/\/tw.cm.upt.ro\/10\/wp-json\/wp\/v2\/media?parent=162"}],"curies":[{"name":"wp","href":"https:\/\/api.w.org\/{rel}","templated":true}]}}