{"id":200,"date":"2023-01-11T09:25:47","date_gmt":"2023-01-11T09:25:47","guid":{"rendered":"https:\/\/tw.cm.upt.ro\/10\/?page_id=200"},"modified":"2023-01-11T09:36:27","modified_gmt":"2023-01-11T09:36:27","slug":"coduri-si-elemente-grafice","status":"publish","type":"page","link":"https:\/\/tw.cm.upt.ro\/10\/coduri-si-elemente-grafice\/","title":{"rendered":"Coduri de culoare"},"content":{"rendered":"<div id=\"fb-root\"><\/div>\n\n<p>Puterea unei identit\u0103\u021bi de brand este reprezentat\u0103 de c\u00e2t de bine poate s\u0103 aduc\u0103 la via\u021b\u0103 dorin\u021ba \u0219i inten\u021biile brandului, dar \u0219i c\u00e2t de repede poate fi perceput \u0219i recunoscut de c\u0103tre publicul \u021bint\u0103.<\/p>\n\n\n\n<p>Singur, dup\u0103 cum am mai spus un logo este doar un simbol mai dr\u0103gu\u021b. Pentru a nu dec\u0103dea \u00een aceast\u0103 categorie trebuie s\u0103 dob\u00e2ndeasc\u0103 un sens, ceva puternic, care s\u0103 se ancoreze \u00een min\u021bile consumatorilor.<\/p>\n\n\n\n<p>Ca un <a href=\"https:\/\/tw.cm.upt.ro\/10\/2023\/01\/04\/designul-produselor\/\" target=\"_blank\" rel=\"noreferrer noopener\">logo<\/a> s\u0103 poat\u0103 s\u0103 fac\u0103 acest lucru trebuie, \u00een primul r\u00e2nd, s\u0103 respecte patru<br><a href=\"https:\/\/florinrosoga.ro\/creare-logo-uri-firma\/\" target=\"_blank\" rel=\"noreferrer noopener\">principii de baz\u0103<\/a>:<\/p>\n\n\n\n<ol class=\"wp-block-list\"><li><strong>Un logo trebuie s\u0103 fie simplu<\/strong> \u2013 un logo cu un design simplu tinde s\u0103 creeze un impact mai mare asupra audien\u021bei \u0219i s\u0103 r\u0103m\u00e2n\u0103 \u00een memoria acesteia.<\/li><li><strong>Un logo trebuie s\u0103 fie memorabil <\/strong>\u2013 un logo eficace, \u0219i memorabil vine imediat dup\u0103 principiul simplit\u0103\u021bii. Cu logoul potrivit po\u021bi acapara min\u021bi.<\/li><li><strong>Un logo trebuie s\u0103 fie durabil<\/strong> \u2013 un logo eficace trebuie s\u0103 treac\u0103 \u0219i testul timpului f\u0103r\u0103 s\u0103 \u00eemb\u0103tr\u00e2neasc\u0103. Un logo imun la acest lucru poate s\u0103 fie eficace \u0219i \u00een urm\u0103toarele decenii.<\/li><li><strong>Un logo trebuie s\u0103 fie versatil<\/strong> \u2013 un logo potrivit trebuie s\u0103 fie versatil, s\u0103 poat\u0103 fi folosit \u00een diferite medii f\u0103r\u0103 s\u0103 par\u0103 scos din context \u0219i s\u0103 transmit\u0103 acela\u0219i mesaj peste tot.<\/li><\/ol>\n\n\n\n<p>Acestor principii se al\u0103tur\u0103 \u0219i \u201eteoria culorilor\u201d. Pentru ca un logo s\u0103 \u201eprind\u0103 mai bine la public\u201d, pe l\u00e2ng\u0103 un design potrivit \u0219i un font pe m\u0103sur\u0103, acesta trebuie s\u0103 respecte \u0219i<br>teoria culorilor. <\/p>\n\n\n\n<p>Pe c\u00e2t de multe culori poate s\u0103 cunoasc\u0103 omul \u0219i pe c\u00e2t de multe poate s\u0103 creeze, at\u00e2t de multe op\u021biuni sunt pentru un logo. \u00cen momentul actual, culoarea reprezint\u0103 cea mai puternic\u0103 unealt\u0103 de comunicare non-verbal\u0103.<\/p>\n\n\n\n<p>Culorile calde, precum <strong>galbenul<\/strong>, exprim\u0103 <em>optimism, claritate \u0219i c\u0103ldur\u0103<\/em>; <strong>portocaliul<\/strong><br>este o culoare <em>prietenoas\u0103, care exprim\u0103 \u00eencredere \u0219i veselie<\/em>.<strong> Ro\u0219ul<\/strong> este deja o culoare<br>destul de <em>\u00eendr\u0103znea\u021b\u0103, care atrage aten\u021bia, exprim\u00e2nd entuziasmul \u0219i jovialitatea<\/em>. <\/p>\n\n\n\n<p><strong>Violetul<\/strong> sau culoarea mov sunt culorile <em>\u201ecreativit\u0103\u021bii\u201d, a imagina\u021biei \u0219i a \u00een\u021belepciunii<\/em>. \u00cen<br>combina\u021bie cu nuan\u021bele \u0219i culorile potrivite poate chiar s\u0103 exprime statutul de lux al<br>produselor, fiind asociat\u0103 cu regalitatea.<\/p>\n\n\n\n<p><strong>Albastru<\/strong> este o culoare rece care simbolizeaz\u0103 <em>eficien\u021ba, \u00eencrederea, pacea \u0219i lini\u0219tea<\/em>, oferind un <em>sentiment de siguran\u021b\u0103<\/em>. De cele mai multe ori este folosit \u00een domeniul corpora\u021biilor, IT-ului sau a b\u0103ncilor. <\/p>\n\n\n\n<p><strong>Verdele<\/strong> este, \u00een mod instinctiv, asociat cu natura. Este o culoare vie, \u201es\u0103n\u0103toas\u0103\u201d, reprezent\u00e2nd <em>prosperitatea, cre\u0219terea \u0219i pacea<\/em>, fiind folosit\u0103 \u00een mare majoritate \u00een domeniile naturiste, bio sau ecologice.<\/p>\n\n\n\n<p><strong>Alb-negru<\/strong> sau <strong>non-culorile<\/strong> exprim\u0103 <em>elegan\u021b\u0103, seriozitate, balan\u021b\u0103 \u0219i calm<\/em>. Logourile <strong>multicolore<\/strong> sunt v\u0103zute, de obicei, ca logo-uri care exprim\u0103 <em>diversitatea \u00een gama de produse \u0219i servicii<\/em>.<\/p>\n\n\n\n<figure class=\"wp-block-image size-full\"><img fetchpriority=\"high\" decoding=\"async\" width=\"960\" height=\"841\" src=\"https:\/\/tw.cm.upt.ro\/10\/wp-content\/uploads\/sites\/222\/2023\/01\/2013-01-20-Color_Emotion_Guide22.png\" alt=\"\" class=\"wp-image-206\" srcset=\"https:\/\/tw.cm.upt.ro\/10\/wp-content\/uploads\/sites\/222\/2023\/01\/2013-01-20-Color_Emotion_Guide22.png 960w, https:\/\/tw.cm.upt.ro\/10\/wp-content\/uploads\/sites\/222\/2023\/01\/2013-01-20-Color_Emotion_Guide22-300x263.png 300w, https:\/\/tw.cm.upt.ro\/10\/wp-content\/uploads\/sites\/222\/2023\/01\/2013-01-20-Color_Emotion_Guide22-768x673.png 768w, https:\/\/tw.cm.upt.ro\/10\/wp-content\/uploads\/sites\/222\/2023\/01\/2013-01-20-Color_Emotion_Guide22-150x131.png 150w, https:\/\/tw.cm.upt.ro\/10\/wp-content\/uploads\/sites\/222\/2023\/01\/2013-01-20-Color_Emotion_Guide22-600x526.png 600w\" sizes=\"(max-width: 709px) 85vw, (max-width: 909px) 67vw, (max-width: 1362px) 62vw, 840px\" \/><figcaption><a href=\"https:\/\/umbrellamedia.ro\/wp-content\/uploads\/2018\/04\/2013-01-20-Color_Emotion_Guide22.png\" target=\"_blank\" rel=\"noreferrer noopener\">Ghidul culorilor \u0219i al emo\u021biilor<\/a><\/figcaption><\/figure>\n\n\n\n<p><\/p>\n","protected":false},"excerpt":{"rendered":"<p>Puterea unei identit\u0103\u021bi de brand este reprezentat\u0103 de c\u00e2t de bine poate s\u0103 aduc\u0103 la via\u021b\u0103 dorin\u021ba \u0219i inten\u021biile brandului, dar \u0219i c\u00e2t de repede poate fi perceput \u0219i recunoscut de c\u0103tre publicul \u021bint\u0103. Singur, dup\u0103 cum am mai spus un logo este doar un simbol mai dr\u0103gu\u021b. Pentru a nu dec\u0103dea \u00een aceast\u0103 categorie &hellip; <a href=\"https:\/\/tw.cm.upt.ro\/10\/coduri-si-elemente-grafice\/\" class=\"more-link\">Continue reading<span class=\"screen-reader-text\"> &#8220;Coduri de culoare&#8221;<\/span><\/a><\/p>\n","protected":false},"author":1,"featured_media":0,"parent":0,"menu_order":0,"comment_status":"closed","ping_status":"closed","template":"","meta":{"wprm-recipe-roundup-name":"","wprm-recipe-roundup-description":"","ngg_post_thumbnail":0,"footnotes":""},"class_list":["post-200","page","type-page","status-publish","hentry"],"yoast_head":"<!-- This site is optimized with the Yoast SEO plugin v27.1.1 - https:\/\/yoast.com\/product\/yoast-seo-wordpress\/ -->\n<title>Coduri de culoare - PR&amp;Beer<\/title>\n<meta name=\"description\" content=\"Pe c\u00e2t de multe culori poate s\u0103 cunoasc\u0103 omul \u0219i pe c\u00e2t de multe poate s\u0103 creeze, at\u00e2t de multe op\u021biuni sunt pentru un logo.\" \/>\n<meta name=\"robots\" content=\"index, follow, max-snippet:-1, max-image-preview:large, max-video-preview:-1\" \/>\n<link rel=\"canonical\" href=\"https:\/\/tw.cm.upt.ro\/10\/coduri-si-elemente-grafice\/\" \/>\n<meta property=\"og:locale\" content=\"en_US\" \/>\n<meta property=\"og:type\" content=\"article\" \/>\n<meta property=\"og:title\" content=\"Coduri de culoare - PR&amp;Beer\" \/>\n<meta property=\"og:description\" content=\"Pe c\u00e2t de multe culori poate s\u0103 cunoasc\u0103 omul \u0219i pe c\u00e2t de multe poate s\u0103 creeze, at\u00e2t de multe op\u021biuni sunt pentru un logo.\" \/>\n<meta property=\"og:url\" content=\"https:\/\/tw.cm.upt.ro\/10\/coduri-si-elemente-grafice\/\" \/>\n<meta property=\"og:site_name\" content=\"PR&amp;Beer\" \/>\n<meta property=\"article:modified_time\" content=\"2023-01-11T09:36:27+00:00\" \/>\n<meta property=\"og:image\" content=\"https:\/\/tw.cm.upt.ro\/10\/wp-content\/uploads\/sites\/222\/2023\/01\/2013-01-20-Color_Emotion_Guide22.png\" \/>\n<meta name=\"twitter:card\" content=\"summary_large_image\" \/>\n<meta name=\"twitter:label1\" content=\"Est. reading time\" \/>\n\t<meta name=\"twitter:data1\" content=\"3 minutes\" \/>\n<script type=\"application\/ld+json\" class=\"yoast-schema-graph\">{\"@context\":\"https:\/\/schema.org\",\"@graph\":[{\"@type\":\"WebPage\",\"@id\":\"https:\/\/tw.cm.upt.ro\/10\/coduri-si-elemente-grafice\/\",\"url\":\"https:\/\/tw.cm.upt.ro\/10\/coduri-si-elemente-grafice\/\",\"name\":\"Coduri de culoare - PR&amp;Beer\",\"isPartOf\":{\"@id\":\"https:\/\/tw.cm.upt.ro\/10\/#website\"},\"primaryImageOfPage\":{\"@id\":\"https:\/\/tw.cm.upt.ro\/10\/coduri-si-elemente-grafice\/#primaryimage\"},\"image\":{\"@id\":\"https:\/\/tw.cm.upt.ro\/10\/coduri-si-elemente-grafice\/#primaryimage\"},\"thumbnailUrl\":\"https:\/\/tw.cm.upt.ro\/10\/wp-content\/uploads\/sites\/222\/2023\/01\/2013-01-20-Color_Emotion_Guide22.png\",\"datePublished\":\"2023-01-11T09:25:47+00:00\",\"dateModified\":\"2023-01-11T09:36:27+00:00\",\"description\":\"Pe c\u00e2t de multe culori poate s\u0103 cunoasc\u0103 omul \u0219i pe c\u00e2t de multe poate s\u0103 creeze, at\u00e2t de multe op\u021biuni sunt pentru un logo.\",\"breadcrumb\":{\"@id\":\"https:\/\/tw.cm.upt.ro\/10\/coduri-si-elemente-grafice\/#breadcrumb\"},\"inLanguage\":\"en-US\",\"potentialAction\":[{\"@type\":\"ReadAction\",\"target\":[\"https:\/\/tw.cm.upt.ro\/10\/coduri-si-elemente-grafice\/\"]}]},{\"@type\":\"ImageObject\",\"inLanguage\":\"en-US\",\"@id\":\"https:\/\/tw.cm.upt.ro\/10\/coduri-si-elemente-grafice\/#primaryimage\",\"url\":\"https:\/\/tw.cm.upt.ro\/10\/wp-content\/uploads\/sites\/222\/2023\/01\/2013-01-20-Color_Emotion_Guide22.png\",\"contentUrl\":\"https:\/\/tw.cm.upt.ro\/10\/wp-content\/uploads\/sites\/222\/2023\/01\/2013-01-20-Color_Emotion_Guide22.png\",\"width\":960,\"height\":841},{\"@type\":\"BreadcrumbList\",\"@id\":\"https:\/\/tw.cm.upt.ro\/10\/coduri-si-elemente-grafice\/#breadcrumb\",\"itemListElement\":[{\"@type\":\"ListItem\",\"position\":1,\"name\":\"Home\",\"item\":\"https:\/\/tw.cm.upt.ro\/10\/\"},{\"@type\":\"ListItem\",\"position\":2,\"name\":\"Coduri de culoare\"}]},{\"@type\":\"WebSite\",\"@id\":\"https:\/\/tw.cm.upt.ro\/10\/#website\",\"url\":\"https:\/\/tw.cm.upt.ro\/10\/\",\"name\":\"PR&amp;Beer\",\"description\":\"Drink the Creativity Up\",\"publisher\":{\"@id\":\"https:\/\/tw.cm.upt.ro\/10\/#organization\"},\"potentialAction\":[{\"@type\":\"SearchAction\",\"target\":{\"@type\":\"EntryPoint\",\"urlTemplate\":\"https:\/\/tw.cm.upt.ro\/10\/?s={search_term_string}\"},\"query-input\":{\"@type\":\"PropertyValueSpecification\",\"valueRequired\":true,\"valueName\":\"search_term_string\"}}],\"inLanguage\":\"en-US\"},{\"@type\":\"Organization\",\"@id\":\"https:\/\/tw.cm.upt.ro\/10\/#organization\",\"name\":\"PR&amp;Beer\",\"url\":\"https:\/\/tw.cm.upt.ro\/10\/\",\"logo\":{\"@type\":\"ImageObject\",\"inLanguage\":\"en-US\",\"@id\":\"https:\/\/tw.cm.upt.ro\/10\/#\/schema\/logo\/image\/\",\"url\":\"https:\/\/tw.cm.upt.ro\/10\/wp-content\/uploads\/sites\/222\/2023\/01\/cropped-WhatsApp-Image-2023-01-10-at-20.42.31.jpeg\",\"contentUrl\":\"https:\/\/tw.cm.upt.ro\/10\/wp-content\/uploads\/sites\/222\/2023\/01\/cropped-WhatsApp-Image-2023-01-10-at-20.42.31.jpeg\",\"width\":240,\"height\":131,\"caption\":\"PR&amp;Beer\"},\"image\":{\"@id\":\"https:\/\/tw.cm.upt.ro\/10\/#\/schema\/logo\/image\/\"}}]}<\/script>\n<!-- \/ Yoast SEO plugin. -->","yoast_head_json":{"title":"Coduri de culoare - PR&amp;Beer","description":"Pe c\u00e2t de multe culori poate s\u0103 cunoasc\u0103 omul \u0219i pe c\u00e2t de multe poate s\u0103 creeze, at\u00e2t de multe op\u021biuni sunt pentru un logo.","robots":{"index":"index","follow":"follow","max-snippet":"max-snippet:-1","max-image-preview":"max-image-preview:large","max-video-preview":"max-video-preview:-1"},"canonical":"https:\/\/tw.cm.upt.ro\/10\/coduri-si-elemente-grafice\/","og_locale":"en_US","og_type":"article","og_title":"Coduri de culoare - PR&amp;Beer","og_description":"Pe c\u00e2t de multe culori poate s\u0103 cunoasc\u0103 omul \u0219i pe c\u00e2t de multe poate s\u0103 creeze, at\u00e2t de multe op\u021biuni sunt pentru un logo.","og_url":"https:\/\/tw.cm.upt.ro\/10\/coduri-si-elemente-grafice\/","og_site_name":"PR&amp;Beer","article_modified_time":"2023-01-11T09:36:27+00:00","og_image":[{"url":"https:\/\/tw.cm.upt.ro\/10\/wp-content\/uploads\/sites\/222\/2023\/01\/2013-01-20-Color_Emotion_Guide22.png","type":"","width":"","height":""}],"twitter_card":"summary_large_image","twitter_misc":{"Est. reading time":"3 minutes"},"schema":{"@context":"https:\/\/schema.org","@graph":[{"@type":"WebPage","@id":"https:\/\/tw.cm.upt.ro\/10\/coduri-si-elemente-grafice\/","url":"https:\/\/tw.cm.upt.ro\/10\/coduri-si-elemente-grafice\/","name":"Coduri de culoare - PR&amp;Beer","isPartOf":{"@id":"https:\/\/tw.cm.upt.ro\/10\/#website"},"primaryImageOfPage":{"@id":"https:\/\/tw.cm.upt.ro\/10\/coduri-si-elemente-grafice\/#primaryimage"},"image":{"@id":"https:\/\/tw.cm.upt.ro\/10\/coduri-si-elemente-grafice\/#primaryimage"},"thumbnailUrl":"https:\/\/tw.cm.upt.ro\/10\/wp-content\/uploads\/sites\/222\/2023\/01\/2013-01-20-Color_Emotion_Guide22.png","datePublished":"2023-01-11T09:25:47+00:00","dateModified":"2023-01-11T09:36:27+00:00","description":"Pe c\u00e2t de multe culori poate s\u0103 cunoasc\u0103 omul \u0219i pe c\u00e2t de multe poate s\u0103 creeze, at\u00e2t de multe op\u021biuni sunt pentru un logo.","breadcrumb":{"@id":"https:\/\/tw.cm.upt.ro\/10\/coduri-si-elemente-grafice\/#breadcrumb"},"inLanguage":"en-US","potentialAction":[{"@type":"ReadAction","target":["https:\/\/tw.cm.upt.ro\/10\/coduri-si-elemente-grafice\/"]}]},{"@type":"ImageObject","inLanguage":"en-US","@id":"https:\/\/tw.cm.upt.ro\/10\/coduri-si-elemente-grafice\/#primaryimage","url":"https:\/\/tw.cm.upt.ro\/10\/wp-content\/uploads\/sites\/222\/2023\/01\/2013-01-20-Color_Emotion_Guide22.png","contentUrl":"https:\/\/tw.cm.upt.ro\/10\/wp-content\/uploads\/sites\/222\/2023\/01\/2013-01-20-Color_Emotion_Guide22.png","width":960,"height":841},{"@type":"BreadcrumbList","@id":"https:\/\/tw.cm.upt.ro\/10\/coduri-si-elemente-grafice\/#breadcrumb","itemListElement":[{"@type":"ListItem","position":1,"name":"Home","item":"https:\/\/tw.cm.upt.ro\/10\/"},{"@type":"ListItem","position":2,"name":"Coduri de culoare"}]},{"@type":"WebSite","@id":"https:\/\/tw.cm.upt.ro\/10\/#website","url":"https:\/\/tw.cm.upt.ro\/10\/","name":"PR&amp;Beer","description":"Drink the Creativity Up","publisher":{"@id":"https:\/\/tw.cm.upt.ro\/10\/#organization"},"potentialAction":[{"@type":"SearchAction","target":{"@type":"EntryPoint","urlTemplate":"https:\/\/tw.cm.upt.ro\/10\/?s={search_term_string}"},"query-input":{"@type":"PropertyValueSpecification","valueRequired":true,"valueName":"search_term_string"}}],"inLanguage":"en-US"},{"@type":"Organization","@id":"https:\/\/tw.cm.upt.ro\/10\/#organization","name":"PR&amp;Beer","url":"https:\/\/tw.cm.upt.ro\/10\/","logo":{"@type":"ImageObject","inLanguage":"en-US","@id":"https:\/\/tw.cm.upt.ro\/10\/#\/schema\/logo\/image\/","url":"https:\/\/tw.cm.upt.ro\/10\/wp-content\/uploads\/sites\/222\/2023\/01\/cropped-WhatsApp-Image-2023-01-10-at-20.42.31.jpeg","contentUrl":"https:\/\/tw.cm.upt.ro\/10\/wp-content\/uploads\/sites\/222\/2023\/01\/cropped-WhatsApp-Image-2023-01-10-at-20.42.31.jpeg","width":240,"height":131,"caption":"PR&amp;Beer"},"image":{"@id":"https:\/\/tw.cm.upt.ro\/10\/#\/schema\/logo\/image\/"}}]}},"_links":{"self":[{"href":"https:\/\/tw.cm.upt.ro\/10\/wp-json\/wp\/v2\/pages\/200","targetHints":{"allow":["GET"]}}],"collection":[{"href":"https:\/\/tw.cm.upt.ro\/10\/wp-json\/wp\/v2\/pages"}],"about":[{"href":"https:\/\/tw.cm.upt.ro\/10\/wp-json\/wp\/v2\/types\/page"}],"author":[{"embeddable":true,"href":"https:\/\/tw.cm.upt.ro\/10\/wp-json\/wp\/v2\/users\/1"}],"replies":[{"embeddable":true,"href":"https:\/\/tw.cm.upt.ro\/10\/wp-json\/wp\/v2\/comments?post=200"}],"version-history":[{"count":2,"href":"https:\/\/tw.cm.upt.ro\/10\/wp-json\/wp\/v2\/pages\/200\/revisions"}],"predecessor-version":[{"id":207,"href":"https:\/\/tw.cm.upt.ro\/10\/wp-json\/wp\/v2\/pages\/200\/revisions\/207"}],"wp:attachment":[{"href":"https:\/\/tw.cm.upt.ro\/10\/wp-json\/wp\/v2\/media?parent=200"}],"curies":[{"name":"wp","href":"https:\/\/api.w.org\/{rel}","templated":true}]}}