{"id":233,"date":"2023-01-09T10:55:00","date_gmt":"2023-01-09T10:55:00","guid":{"rendered":"https:\/\/tw.cm.upt.ro\/10\/?page_id=233"},"modified":"2023-01-11T11:00:49","modified_gmt":"2023-01-11T11:00:49","slug":"hop-hooligans","status":"publish","type":"page","link":"https:\/\/tw.cm.upt.ro\/10\/hop-hooligans\/","title":{"rendered":"Hop Hooligans"},"content":{"rendered":"<div id=\"fb-root\"><\/div>\n\n<figure class=\"wp-block-image size-full\"><img fetchpriority=\"high\" decoding=\"async\" width=\"579\" height=\"264\" src=\"https:\/\/tw.cm.upt.ro\/10\/wp-content\/uploads\/sites\/222\/2023\/01\/image-9.png\" alt=\"\" class=\"wp-image-232\" srcset=\"https:\/\/tw.cm.upt.ro\/10\/wp-content\/uploads\/sites\/222\/2023\/01\/image-9.png 579w, https:\/\/tw.cm.upt.ro\/10\/wp-content\/uploads\/sites\/222\/2023\/01\/image-9-300x137.png 300w, https:\/\/tw.cm.upt.ro\/10\/wp-content\/uploads\/sites\/222\/2023\/01\/image-9-150x68.png 150w\" sizes=\"(max-width: 579px) 85vw, 579px\" \/><figcaption>O parte din design-urile celor de la Hop Hooligans<\/figcaption><\/figure>\n\n\n\n<p><strong>Hop Hooligans<\/strong> este o ber\u0103rie artizanal\u0103 din Jilava, jude\u021bul Ilfov care \u0219i-a produs primele<br>beri \u00een <strong>noiembrie 2016<\/strong>, iar berarii care au \u00eenceput totul sunt Cristian Mihai Dinu \u0219i Mircea Georgescu.<\/p>\n\n\n\n<p>\u00cenc\u0103 de la apari\u021bia lor pe pia\u021b\u0103 \u0219i p\u00e2n\u0103 \u00een prezent cei de la Hop Hooligans au fost<br>considera\u021bii ca genii ai industriei de bere artizanal\u0103 din Rom\u00e2nia \u0219i una dintre cele mai prolifice fabrici de bere din \u021bar\u0103, cu cel pu\u021bin 33 de tipuri de bere produse la ora actual\u0103 (neamintind de cele sezoniere sau de colabor\u0103rile cu alte ber\u0103rii).<\/p>\n\n\n\n<p>De\u0219i nu au fost prima fabric\u0103 de bere de pe pia\u021ba rom\u00e2neasc\u0103 \u0219i cu siguran\u021b\u0103 nici cei cu cea mai mare produc\u021bie la \u00eenceput, nu se poate contesta faptul c\u0103 acum sunt una dintre cele mai cunoscute m\u0103rci de bere artizanal\u0103 la nivel na\u021bional \u0219i interna\u021bional.<\/p>\n\n\n\n<p>Povestea lor a \u00eenceput c\u00e2nd Mircea \u0219i Cristi au \u00eencheiat un parteneriat cu Petre Ion,<br>fondatorul Beer O&#8217;clock, primul bar de bere artizanal\u0103 din \u021bar\u0103. Din p\u0103cate, la aproximati <br>jum\u0103tate de an de la lansare, Petre a murit \u00eentr-un accident de ma\u0219in\u0103 la sf\u00e2r\u0219itul lunii aprilie 2017, l\u0103s\u00e2ndu-i pe b\u0103ie\u021bi s\u0103 se descurce singuri. Pentru o vreme totul p\u0103rea sumbru \u0219i f\u0103r\u0103 speran\u021b\u0103 (chiar si IPA-ul lor intitulat Game Over nu mai era doar o glum\u0103 despre jocuri video). Totu\u0219i, prin munc\u0103 grea \u0219i o baz\u0103 de fani \u00een continu\u0103 cre\u0219tere, fl\u0103c\u0103ii orfani au reu\u0219it s\u0103 treac\u0103 \u0219i s\u0103 persevereze \u00een industrie.<\/p>\n\n\n\n<p>Ce \u00eei deosebe\u0219te de concuren\u021ba de larg consum nu este numai calitatea berii, dar \u0219i<br>s\u00e2rguin\u021ba de care dau dovad\u0103 c\u00e2nd caut\u0103 idei noi sau, colabor\u0103rile remarcabile pe care le au. O c\u0103utare rapid\u0103 fie pe RateBeer, fie pe Untappd va con\u021bine \u00eentotdeauna cel pu\u021bin una dintre preparatele lor printre primele 10 beri din Rom\u00e2nia.<\/p>\n\n\n\n<p>Motto-ul lor este simplu: <em>fac numai bere care e pe gustul lor<\/em>, iar din fericire pentru to\u021bi<br>iubitorii de bere b\u0103ie\u021bii nu duc lips\u0103 de stil c\u00e2nd vine vorba de experimente. P\u00e2n\u0103 \u00een prezent, portofoliul lor de bere s-a extins ca o cultur\u0103 dr\u0103g\u0103la\u0219\u0103 de drojdie care a adulmecat ni\u0219te zaharuri fermentabile \u0219i au abordat multe stiluri care sunt o premier\u0103 pe pia\u021ba rom\u00e2neasc\u0103: milk stouts, arome acri\u0219oare, vinuri de orz, IPA brut\u0103, precum \u0219i o list\u0103 de b\u0103uturi complementare care cuprinde o varietate de arome. Gama lor de Terapie de \u0218oc IPA (Shock Therapy IPA) pare dedicat\u0103 \u00een totalitate \u00eencerc\u0103rii fiec\u0103rei combina\u021bii de hamei disponibile, deoarece oamenii s-au s\u0103turat s\u0103 bea bere lager, deci nu se \u0219tie unde se vor termina experimentele lor.<\/p>\n\n\n\n<p>Prin urmare, ar trebui s\u0103 fie cu siguran\u021b\u0103 m\u00e2ndri de faptul c\u0103 berile lor sunt disponibile (nu numai la sticl\u0103, ci \u0219i la draft) \u00een anumite loca\u021bii din Marea Britanie \u0219i Polonia, precum \u0219i participarea la festivaluri interna\u021bionale de bere din Belgia, de exemplu.<\/p>\n\n\n\n<p>Aria colabor\u0103rilor se extinde enorm, dintre care parteneriatul cu Bereta sau Wicked Barrel, dar \u0219i cu ber\u0103rii din \u021aara Galilor sau Moldova.<br>\u00cen doar c\u00e2teva luni, ber\u0103ria a devenit una dintre cele mai bune din \u021bar\u0103. Iar \u00een mai pu\u021bin de un an, \u00een iulie 2017, a devenit una dintre ce 5 fabrici de bere independente care s\u0103 se al\u0103ture  Asocia\u021biei Produc\u0103torilor de Bere Artizanal\u0103, al c\u0103rei scop este s\u0103 promoveze berea rom\u00e2neasc\u0103 artizanal\u0103, precum \u0219i de a ajuta berarii s\u0103 \u00eenfiin\u021beze \u0219i s\u0103 \u00ee\u0219i dezvolte cre\u0219terea pe pia\u021ba.<\/p>\n\n\n\n<p>Pentru ei, a fi revolu\u021bionar nu are limite, \u00een iunie 2018 au anun\u021bat, de asemenea,<br>achizi\u021bionarea unei linii de \u00eembuteliere de doze din Marea Britanie, f\u0103c\u00e2ndu-i astfel prima fabric\u0103 de bere artizanal\u0103 rom\u00e2neasc\u0103 cu produse disponibile la doze. <\/p>\n\n\n\n<p>Dup\u0103 ce au participat la numeroase festivaluri din toat\u0103 Europa \u00een ultimii doi ani, \u00een 2019 s-au asociat cu Bereta pentru a organiza Haze Fest, primul festival de bere artizanal\u0103 din Rom\u00e2nia care urmeaz\u0103 acela\u0219i format ca \u0219i alte evenimente din aceea\u0219i arie: de la procurarea de bilete, la sesiunile de tip \u201ec\u00e2t de mult po\u021bi bea\u201d (all-you-can-drink), p\u00e2n\u0103 la un line-up cu ber\u0103rii interna\u021bionale prezente la eveniment.<\/p>\n\n\n\n<p>\u00cen septembrie 2020, Hop Hooligans \u0219i-au deschis propria lor loca\u021bie \u00een inima Bucure\u0219tiului, cre\u00e2nd astfel locul perfect pentru a gusta nu doar propria lor bere, ci \u0219i o gam\u0103 variat\u0103 din \u00eentreaga lume.<\/p>\n\n\n\n<p><\/p>\n","protected":false},"excerpt":{"rendered":"<p>Hop Hooligans este o ber\u0103rie artizanal\u0103 din Jilava, jude\u021bul Ilfov care \u0219i-a produs primeleberi \u00een noiembrie 2016, iar berarii care au \u00eenceput totul sunt Cristian Mihai Dinu \u0219i Mircea Georgescu. \u00cenc\u0103 de la apari\u021bia lor pe pia\u021b\u0103 \u0219i p\u00e2n\u0103 \u00een prezent cei de la Hop Hooligans au fostconsidera\u021bii ca genii ai industriei de bere artizanal\u0103 &hellip; <a href=\"https:\/\/tw.cm.upt.ro\/10\/hop-hooligans\/\" class=\"more-link\">Continue reading<span class=\"screen-reader-text\"> &#8220;Hop Hooligans&#8221;<\/span><\/a><\/p>\n","protected":false},"author":1,"featured_media":0,"parent":0,"menu_order":0,"comment_status":"closed","ping_status":"closed","template":"","meta":{"wprm-recipe-roundup-name":"","wprm-recipe-roundup-description":"","ngg_post_thumbnail":0,"footnotes":""},"class_list":["post-233","page","type-page","status-publish","hentry"],"yoast_head":"<!-- This site is optimized with the Yoast SEO plugin v27.1.1 - https:\/\/yoast.com\/product\/yoast-seo-wordpress\/ -->\n<title>Hop Hooligans - PR&amp;Beer<\/title>\n<meta name=\"robots\" content=\"index, follow, max-snippet:-1, max-image-preview:large, max-video-preview:-1\" \/>\n<link rel=\"canonical\" href=\"https:\/\/tw.cm.upt.ro\/10\/hop-hooligans\/\" \/>\n<meta property=\"og:locale\" content=\"en_US\" \/>\n<meta property=\"og:type\" content=\"article\" \/>\n<meta property=\"og:title\" content=\"Hop Hooligans - PR&amp;Beer\" \/>\n<meta property=\"og:description\" content=\"Hop Hooligans este o ber\u0103rie artizanal\u0103 din Jilava, jude\u021bul Ilfov care \u0219i-a produs primeleberi \u00een noiembrie 2016, iar berarii care au \u00eenceput totul sunt Cristian Mihai Dinu \u0219i Mircea Georgescu. \u00cenc\u0103 de la apari\u021bia lor pe pia\u021b\u0103 \u0219i p\u00e2n\u0103 \u00een prezent cei de la Hop Hooligans au fostconsidera\u021bii ca genii ai industriei de bere artizanal\u0103 &hellip; Continue reading &quot;Hop Hooligans&quot;\" \/>\n<meta property=\"og:url\" content=\"https:\/\/tw.cm.upt.ro\/10\/hop-hooligans\/\" \/>\n<meta property=\"og:site_name\" content=\"PR&amp;Beer\" \/>\n<meta property=\"article:modified_time\" content=\"2023-01-11T11:00:49+00:00\" \/>\n<meta property=\"og:image\" content=\"https:\/\/tw.cm.upt.ro\/10\/wp-content\/uploads\/sites\/222\/2023\/01\/image-9.png\" \/>\n<meta name=\"twitter:card\" content=\"summary_large_image\" \/>\n<meta name=\"twitter:label1\" content=\"Est. reading time\" \/>\n\t<meta name=\"twitter:data1\" content=\"4 minutes\" \/>\n<script type=\"application\/ld+json\" class=\"yoast-schema-graph\">{\"@context\":\"https:\/\/schema.org\",\"@graph\":[{\"@type\":\"WebPage\",\"@id\":\"https:\/\/tw.cm.upt.ro\/10\/hop-hooligans\/\",\"url\":\"https:\/\/tw.cm.upt.ro\/10\/hop-hooligans\/\",\"name\":\"Hop Hooligans - PR&amp;Beer\",\"isPartOf\":{\"@id\":\"https:\/\/tw.cm.upt.ro\/10\/#website\"},\"primaryImageOfPage\":{\"@id\":\"https:\/\/tw.cm.upt.ro\/10\/hop-hooligans\/#primaryimage\"},\"image\":{\"@id\":\"https:\/\/tw.cm.upt.ro\/10\/hop-hooligans\/#primaryimage\"},\"thumbnailUrl\":\"https:\/\/tw.cm.upt.ro\/10\/wp-content\/uploads\/sites\/222\/2023\/01\/image-9.png\",\"datePublished\":\"2023-01-09T10:55:00+00:00\",\"dateModified\":\"2023-01-11T11:00:49+00:00\",\"breadcrumb\":{\"@id\":\"https:\/\/tw.cm.upt.ro\/10\/hop-hooligans\/#breadcrumb\"},\"inLanguage\":\"en-US\",\"potentialAction\":[{\"@type\":\"ReadAction\",\"target\":[\"https:\/\/tw.cm.upt.ro\/10\/hop-hooligans\/\"]}]},{\"@type\":\"ImageObject\",\"inLanguage\":\"en-US\",\"@id\":\"https:\/\/tw.cm.upt.ro\/10\/hop-hooligans\/#primaryimage\",\"url\":\"https:\/\/tw.cm.upt.ro\/10\/wp-content\/uploads\/sites\/222\/2023\/01\/image-9.png\",\"contentUrl\":\"https:\/\/tw.cm.upt.ro\/10\/wp-content\/uploads\/sites\/222\/2023\/01\/image-9.png\",\"width\":579,\"height\":264},{\"@type\":\"BreadcrumbList\",\"@id\":\"https:\/\/tw.cm.upt.ro\/10\/hop-hooligans\/#breadcrumb\",\"itemListElement\":[{\"@type\":\"ListItem\",\"position\":1,\"name\":\"Home\",\"item\":\"https:\/\/tw.cm.upt.ro\/10\/\"},{\"@type\":\"ListItem\",\"position\":2,\"name\":\"Hop Hooligans\"}]},{\"@type\":\"WebSite\",\"@id\":\"https:\/\/tw.cm.upt.ro\/10\/#website\",\"url\":\"https:\/\/tw.cm.upt.ro\/10\/\",\"name\":\"PR&amp;Beer\",\"description\":\"Drink the Creativity Up\",\"publisher\":{\"@id\":\"https:\/\/tw.cm.upt.ro\/10\/#organization\"},\"potentialAction\":[{\"@type\":\"SearchAction\",\"target\":{\"@type\":\"EntryPoint\",\"urlTemplate\":\"https:\/\/tw.cm.upt.ro\/10\/?s={search_term_string}\"},\"query-input\":{\"@type\":\"PropertyValueSpecification\",\"valueRequired\":true,\"valueName\":\"search_term_string\"}}],\"inLanguage\":\"en-US\"},{\"@type\":\"Organization\",\"@id\":\"https:\/\/tw.cm.upt.ro\/10\/#organization\",\"name\":\"PR&amp;Beer\",\"url\":\"https:\/\/tw.cm.upt.ro\/10\/\",\"logo\":{\"@type\":\"ImageObject\",\"inLanguage\":\"en-US\",\"@id\":\"https:\/\/tw.cm.upt.ro\/10\/#\/schema\/logo\/image\/\",\"url\":\"https:\/\/tw.cm.upt.ro\/10\/wp-content\/uploads\/sites\/222\/2023\/01\/cropped-WhatsApp-Image-2023-01-10-at-20.42.31.jpeg\",\"contentUrl\":\"https:\/\/tw.cm.upt.ro\/10\/wp-content\/uploads\/sites\/222\/2023\/01\/cropped-WhatsApp-Image-2023-01-10-at-20.42.31.jpeg\",\"width\":240,\"height\":131,\"caption\":\"PR&amp;Beer\"},\"image\":{\"@id\":\"https:\/\/tw.cm.upt.ro\/10\/#\/schema\/logo\/image\/\"}}]}<\/script>\n<!-- \/ Yoast SEO plugin. -->","yoast_head_json":{"title":"Hop Hooligans - PR&amp;Beer","robots":{"index":"index","follow":"follow","max-snippet":"max-snippet:-1","max-image-preview":"max-image-preview:large","max-video-preview":"max-video-preview:-1"},"canonical":"https:\/\/tw.cm.upt.ro\/10\/hop-hooligans\/","og_locale":"en_US","og_type":"article","og_title":"Hop Hooligans - PR&amp;Beer","og_description":"Hop Hooligans este o ber\u0103rie artizanal\u0103 din Jilava, jude\u021bul Ilfov care \u0219i-a produs primeleberi \u00een noiembrie 2016, iar berarii care au \u00eenceput totul sunt Cristian Mihai Dinu \u0219i Mircea Georgescu. \u00cenc\u0103 de la apari\u021bia lor pe pia\u021b\u0103 \u0219i p\u00e2n\u0103 \u00een prezent cei de la Hop Hooligans au fostconsidera\u021bii ca genii ai industriei de bere artizanal\u0103 &hellip; Continue reading \"Hop Hooligans\"","og_url":"https:\/\/tw.cm.upt.ro\/10\/hop-hooligans\/","og_site_name":"PR&amp;Beer","article_modified_time":"2023-01-11T11:00:49+00:00","og_image":[{"url":"https:\/\/tw.cm.upt.ro\/10\/wp-content\/uploads\/sites\/222\/2023\/01\/image-9.png","type":"","width":"","height":""}],"twitter_card":"summary_large_image","twitter_misc":{"Est. reading time":"4 minutes"},"schema":{"@context":"https:\/\/schema.org","@graph":[{"@type":"WebPage","@id":"https:\/\/tw.cm.upt.ro\/10\/hop-hooligans\/","url":"https:\/\/tw.cm.upt.ro\/10\/hop-hooligans\/","name":"Hop Hooligans - PR&amp;Beer","isPartOf":{"@id":"https:\/\/tw.cm.upt.ro\/10\/#website"},"primaryImageOfPage":{"@id":"https:\/\/tw.cm.upt.ro\/10\/hop-hooligans\/#primaryimage"},"image":{"@id":"https:\/\/tw.cm.upt.ro\/10\/hop-hooligans\/#primaryimage"},"thumbnailUrl":"https:\/\/tw.cm.upt.ro\/10\/wp-content\/uploads\/sites\/222\/2023\/01\/image-9.png","datePublished":"2023-01-09T10:55:00+00:00","dateModified":"2023-01-11T11:00:49+00:00","breadcrumb":{"@id":"https:\/\/tw.cm.upt.ro\/10\/hop-hooligans\/#breadcrumb"},"inLanguage":"en-US","potentialAction":[{"@type":"ReadAction","target":["https:\/\/tw.cm.upt.ro\/10\/hop-hooligans\/"]}]},{"@type":"ImageObject","inLanguage":"en-US","@id":"https:\/\/tw.cm.upt.ro\/10\/hop-hooligans\/#primaryimage","url":"https:\/\/tw.cm.upt.ro\/10\/wp-content\/uploads\/sites\/222\/2023\/01\/image-9.png","contentUrl":"https:\/\/tw.cm.upt.ro\/10\/wp-content\/uploads\/sites\/222\/2023\/01\/image-9.png","width":579,"height":264},{"@type":"BreadcrumbList","@id":"https:\/\/tw.cm.upt.ro\/10\/hop-hooligans\/#breadcrumb","itemListElement":[{"@type":"ListItem","position":1,"name":"Home","item":"https:\/\/tw.cm.upt.ro\/10\/"},{"@type":"ListItem","position":2,"name":"Hop Hooligans"}]},{"@type":"WebSite","@id":"https:\/\/tw.cm.upt.ro\/10\/#website","url":"https:\/\/tw.cm.upt.ro\/10\/","name":"PR&amp;Beer","description":"Drink the Creativity Up","publisher":{"@id":"https:\/\/tw.cm.upt.ro\/10\/#organization"},"potentialAction":[{"@type":"SearchAction","target":{"@type":"EntryPoint","urlTemplate":"https:\/\/tw.cm.upt.ro\/10\/?s={search_term_string}"},"query-input":{"@type":"PropertyValueSpecification","valueRequired":true,"valueName":"search_term_string"}}],"inLanguage":"en-US"},{"@type":"Organization","@id":"https:\/\/tw.cm.upt.ro\/10\/#organization","name":"PR&amp;Beer","url":"https:\/\/tw.cm.upt.ro\/10\/","logo":{"@type":"ImageObject","inLanguage":"en-US","@id":"https:\/\/tw.cm.upt.ro\/10\/#\/schema\/logo\/image\/","url":"https:\/\/tw.cm.upt.ro\/10\/wp-content\/uploads\/sites\/222\/2023\/01\/cropped-WhatsApp-Image-2023-01-10-at-20.42.31.jpeg","contentUrl":"https:\/\/tw.cm.upt.ro\/10\/wp-content\/uploads\/sites\/222\/2023\/01\/cropped-WhatsApp-Image-2023-01-10-at-20.42.31.jpeg","width":240,"height":131,"caption":"PR&amp;Beer"},"image":{"@id":"https:\/\/tw.cm.upt.ro\/10\/#\/schema\/logo\/image\/"}}]}},"_links":{"self":[{"href":"https:\/\/tw.cm.upt.ro\/10\/wp-json\/wp\/v2\/pages\/233","targetHints":{"allow":["GET"]}}],"collection":[{"href":"https:\/\/tw.cm.upt.ro\/10\/wp-json\/wp\/v2\/pages"}],"about":[{"href":"https:\/\/tw.cm.upt.ro\/10\/wp-json\/wp\/v2\/types\/page"}],"author":[{"embeddable":true,"href":"https:\/\/tw.cm.upt.ro\/10\/wp-json\/wp\/v2\/users\/1"}],"replies":[{"embeddable":true,"href":"https:\/\/tw.cm.upt.ro\/10\/wp-json\/wp\/v2\/comments?post=233"}],"version-history":[{"count":2,"href":"https:\/\/tw.cm.upt.ro\/10\/wp-json\/wp\/v2\/pages\/233\/revisions"}],"predecessor-version":[{"id":248,"href":"https:\/\/tw.cm.upt.ro\/10\/wp-json\/wp\/v2\/pages\/233\/revisions\/248"}],"wp:attachment":[{"href":"https:\/\/tw.cm.upt.ro\/10\/wp-json\/wp\/v2\/media?parent=233"}],"curies":[{"name":"wp","href":"https:\/\/api.w.org\/{rel}","templated":true}]}}