{"id":235,"date":"2023-01-11T10:55:44","date_gmt":"2023-01-11T10:55:44","guid":{"rendered":"https:\/\/tw.cm.upt.ro\/10\/?page_id=235"},"modified":"2023-01-11T11:08:27","modified_gmt":"2023-01-11T11:08:27","slug":"bereta-brewing-co","status":"publish","type":"page","link":"https:\/\/tw.cm.upt.ro\/10\/bereta-brewing-co\/","title":{"rendered":"Bereta Brewing Co."},"content":{"rendered":"<div id=\"fb-root\"><\/div>\n\n<figure class=\"wp-block-image size-full\"><img fetchpriority=\"high\" decoding=\"async\" width=\"449\" height=\"258\" src=\"https:\/\/tw.cm.upt.ro\/10\/wp-content\/uploads\/sites\/222\/2023\/01\/image-10.png\" alt=\"\" class=\"wp-image-249\" srcset=\"https:\/\/tw.cm.upt.ro\/10\/wp-content\/uploads\/sites\/222\/2023\/01\/image-10.png 449w, https:\/\/tw.cm.upt.ro\/10\/wp-content\/uploads\/sites\/222\/2023\/01\/image-10-300x172.png 300w, https:\/\/tw.cm.upt.ro\/10\/wp-content\/uploads\/sites\/222\/2023\/01\/image-10-150x86.png 150w\" sizes=\"(max-width: 449px) 85vw, 449px\" \/><figcaption>Logo Bereta Brewing Co.<\/figcaption><\/figure>\n\n\n\n<p><strong>Loca\u021bie:<\/strong> Giarmata, jude\u021bul Timi\u0219<br><strong>Gypsy brewers<\/strong>: din mai 2016 <em> <a href=\"https:\/\/vinepair.com\/wine-blog\/what-is-gypsy-brewing\/\" target=\"_blank\" rel=\"noreferrer noopener\">(este acel produc\u0103tor de bere care nu are nicio facilitate proprie. \u00cen schimb, acesta se deplaseaz\u0103 la o fabric\u0103 de bere func\u021bional\u0103 (artizanal\u0103 \u00een cazul nostru) \u0219i pl\u0103te\u0219te pentru utilizarea spa\u021biului ca s\u0103 \u00ee\u0219i poat\u0103 produce propria bere.)<\/a><\/em><\/p>\n\n\n\n<p><strong>Produc\u0103tori pe cont propriu:<\/strong> din iunie 2018<br><strong>Berari:<\/strong> Adrian Biebel \u0219i Silviu Burt\u0103<\/p>\n\n\n\n<p><strong>Bereta Brewing Co<\/strong> este \u00eentruchiparea perfect\u0103 a noului val de fabrici de bere artizanal\u0103:<br>doi iubitori de bere \u00ee\u0219i \u00eencep c\u0103l\u0103toria cu o produc\u021bie mic\u0103, \u201ehome-made\u201d, dup\u0103 au ajuns la statutul de gypsy brewers \u00een fabrica celor de la Ground Zero, ajung\u00e2nd mai apoi pe propriile picioare cu propria lor ber\u0103rie \u00een 2018.<\/p>\n\n\n\n<p>La doi ani dup\u0103 ce s-au \u00eent\u00e2lnit prima data \u0219i cu peste 100 de loturi \u201ede cas\u0103\u201d \u0219i re\u021bete<br>inovatoare, cei doi au decis c\u0103 este timpul pentru o schimbare de peisaj, a\u0219a c\u0103 \u00een 2016 \u00ee\u0219i croiesc drum spre Bucure\u0219ti, ajung\u00e2nd \u2013 cum am mai spus \u2013 p\u00e2n\u0103 \u00een ber\u0103ria celor de la Ground Zero, devenind astfel primii gypsy brewers din \u021bar\u0103. <\/p>\n\n\n\n<p>De atunci, au f\u0103cut parteneriate \u0219i cu Hop Hooligans \u0219i Wicked Barrel pentru a produce o varietate de beri interesante \u0219i, ocazional, inovatoare.<\/p>\n\n\n\n<p><em>\u201eLubrifiant social\u201d<\/em> este auto-descrierea pe care b\u0103ie\u021bii o folosesc pentru berile lor,<br>dezleg\u00e2nd limbi \u0219i aduc\u00e2nd dup\u0103 sine voie bun\u0103 \u0219i z\u00e2mbete, e \u0219i normal s\u0103 stimuleze bateriile sociale ale oric\u0103rui consumator care le \u00eencearc\u0103 produsele. <\/p>\n\n\n\n<p>Un lucru care le define\u0219te cu adev\u0103rat stilurile de bere este utilizarea hameiului. Bombe de hamei umede, fructate, r\u0103\u0219inoase sau amare; arunc\u00e2nd un pic de ov\u0103z \u00een fermenta\u021bie \u0219i au produs re\u021beta succesului.<\/p>\n\n\n\n<p>Porni\u021bi pe fapte mari, Bereta a \u00eenceput o revolu\u021bie a berilor de tip IPA (Indian Pale Ale) \u00een<br>octombrie 2016, aduc\u00e2nd \u00een scen\u0103 Citro, primul New England IPA din Rom\u00e2nia. \u0218i pentru c\u0103 p\u0103strarea consecven\u021bei este un lucru destul de important\u0103 pentru majoritatea fabricilor de bere artizanal\u0103, au decis c\u0103 ar putea, la fel de bine, s\u0103 ob\u021bin\u0103 premiul RateBeer 2017 pentru cea mai bun\u0103 bere din Rom\u00e2nia.<\/p>\n\n\n\n<p>\u00cen martie 2018, au decis c\u0103 este timpul s\u0103-\u0219i pun\u0103 cap\u0103t drumului nomad, dar \u0219i s\u0103 \u00eei lase<br>pe b\u0103ie\u021bii de la Ground Zero s\u0103-\u0219i recapete r\u0103suflarea, dup\u0103 ce i-au dat peste cap cu toate \u0219aradele lor de gypsy brewers. Ca \u0219i cadou de desp\u0103r\u021bire, au f\u0103cut o ultim\u0103 colaborare foarte apreciat\u0103 cu Wicked Barrel, lans\u00e2nd o edi\u021bie limitat\u0103 (doar 500 de sticle) a Black Pot Imperial Stout, cu arome de ciocolat\u0103 \u0219i note de Vanilie Bourboun.<\/p>\n\n\n\n<p>La fel ca \u0219i confra\u021bi lor de la Hop Hooligans, Bereta a fost prezent\u0103 \u0219i a la evenimentele<br>dedicate berii artizanale prin Europa. \u00cen 2019 \u0219i-au dat fr\u0103\u021be\u0219te m\u00e2na \u0219i au organiza Haze Fest, primul festival de bere artizanal\u0103 din Rom\u00e2nia, cu prima edi\u021bie av\u00e2nd loc \u00een ora\u0219ul de ba\u0219tin\u0103 a lui Adrian \u0219i Silviu, Timi\u0219oara.<\/p>\n\n\n\n<p>R\u0103m\u00e2n\u00e2nd fideli trecutului lor de nomazi, \u00een octombrie 2018 \u0219i-au lansat programul <em>Bereta Brewing Community<\/em>, care le-a oferit produc\u0103torilor de cas\u0103 din Rom\u00e2nia o oportunitate extraordinar\u0103: <strong>fabricarea berii \u00eentr-o fabric\u0103 de bere propriu-zis\u0103<\/strong>.<\/p>\n\n\n\n<p>\u00cen prima edi\u021bie au avut cinci c\u00e2\u0219tig\u0103tori, rezult\u00e2nd astfel \u00een dou\u0103 noi m\u0103rci de bere \u00een a se lansa: <strong>Blackout \u0219i Hopdrops<\/strong>. Succesul primei edi\u021bii a fost at\u00e2t de mare \u00eenc\u00e2t a fost reluat imediat \u00een vara anului 2019, iar noii c\u00e2\u0219tig\u0103tori au putut s\u0103-\u0219i scoat\u0103 primele beri \u00eencep\u00e2nd cu 2020.<\/p>\n\n\n\n<p>\u00cen aprilie 2020 Bereta Brewing a devenit a treia fabric\u0103 de bere din \u021bar\u0103 care au \u00eenceput<br>s\u0103-\u0219i \u00eembutelieze berile \u00een doze, dup\u0103 <a href=\"https:\/\/tw.cm.upt.ro\/10\/hop-hooligans\/\" target=\"_blank\" rel=\"noreferrer noopener\">Hop Hooligans<\/a> \u0219i <a href=\"https:\/\/tw.cm.upt.ro\/10\/beast-from-the-yeast\/\" target=\"_blank\" rel=\"noreferrer noopener\">Beast from the Yeast<\/a>.<\/p>\n","protected":false},"excerpt":{"rendered":"<p>Loca\u021bie: Giarmata, jude\u021bul Timi\u0219Gypsy brewers: din mai 2016 (este acel produc\u0103tor de bere care nu are nicio facilitate proprie. \u00cen schimb, acesta se deplaseaz\u0103 la o fabric\u0103 de bere func\u021bional\u0103 (artizanal\u0103 \u00een cazul nostru) \u0219i pl\u0103te\u0219te pentru utilizarea spa\u021biului ca s\u0103 \u00ee\u0219i poat\u0103 produce propria bere.) Produc\u0103tori pe cont propriu: din iunie 2018Berari: Adrian Biebel &hellip; <a href=\"https:\/\/tw.cm.upt.ro\/10\/bereta-brewing-co\/\" class=\"more-link\">Continue reading<span class=\"screen-reader-text\"> &#8220;Bereta Brewing Co.&#8221;<\/span><\/a><\/p>\n","protected":false},"author":1,"featured_media":0,"parent":0,"menu_order":0,"comment_status":"closed","ping_status":"closed","template":"","meta":{"wprm-recipe-roundup-name":"","wprm-recipe-roundup-description":"","ngg_post_thumbnail":0,"footnotes":""},"class_list":["post-235","page","type-page","status-publish","hentry"],"yoast_head":"<!-- This site is optimized with the Yoast SEO plugin v27.1.1 - https:\/\/yoast.com\/product\/yoast-seo-wordpress\/ -->\n<title>Bereta Brewing Co. - PR&amp;Beer<\/title>\n<meta name=\"description\" content=\"Bereta Brewing Co este \u00eentruchiparea perfect\u0103 a noului val de fabrici de bere artizanal\u0103: doi iubitori de bere \u00ee\u0219i \u00eencep c\u0103l\u0103toria cu o produc\u021bie mic\u0103, \u201ehome-made\u201d.\" \/>\n<meta name=\"robots\" content=\"index, follow, max-snippet:-1, max-image-preview:large, max-video-preview:-1\" \/>\n<link rel=\"canonical\" href=\"https:\/\/tw.cm.upt.ro\/10\/bereta-brewing-co\/\" \/>\n<meta property=\"og:locale\" content=\"en_US\" \/>\n<meta property=\"og:type\" content=\"article\" \/>\n<meta property=\"og:title\" content=\"Bereta Brewing Co. - PR&amp;Beer\" \/>\n<meta property=\"og:description\" content=\"Bereta Brewing Co este \u00eentruchiparea perfect\u0103 a noului val de fabrici de bere artizanal\u0103: doi iubitori de bere \u00ee\u0219i \u00eencep c\u0103l\u0103toria cu o produc\u021bie mic\u0103, \u201ehome-made\u201d.\" \/>\n<meta property=\"og:url\" content=\"https:\/\/tw.cm.upt.ro\/10\/bereta-brewing-co\/\" \/>\n<meta property=\"og:site_name\" content=\"PR&amp;Beer\" \/>\n<meta property=\"article:modified_time\" content=\"2023-01-11T11:08:27+00:00\" \/>\n<meta property=\"og:image\" content=\"https:\/\/tw.cm.upt.ro\/10\/wp-content\/uploads\/sites\/222\/2023\/01\/image-10.png\" \/>\n<meta name=\"twitter:card\" content=\"summary_large_image\" \/>\n<meta name=\"twitter:label1\" content=\"Est. reading time\" \/>\n\t<meta name=\"twitter:data1\" content=\"3 minutes\" \/>\n<script type=\"application\/ld+json\" class=\"yoast-schema-graph\">{\"@context\":\"https:\/\/schema.org\",\"@graph\":[{\"@type\":\"WebPage\",\"@id\":\"https:\/\/tw.cm.upt.ro\/10\/bereta-brewing-co\/\",\"url\":\"https:\/\/tw.cm.upt.ro\/10\/bereta-brewing-co\/\",\"name\":\"Bereta Brewing Co. - PR&amp;Beer\",\"isPartOf\":{\"@id\":\"https:\/\/tw.cm.upt.ro\/10\/#website\"},\"primaryImageOfPage\":{\"@id\":\"https:\/\/tw.cm.upt.ro\/10\/bereta-brewing-co\/#primaryimage\"},\"image\":{\"@id\":\"https:\/\/tw.cm.upt.ro\/10\/bereta-brewing-co\/#primaryimage\"},\"thumbnailUrl\":\"https:\/\/tw.cm.upt.ro\/10\/wp-content\/uploads\/sites\/222\/2023\/01\/image-10.png\",\"datePublished\":\"2023-01-11T10:55:44+00:00\",\"dateModified\":\"2023-01-11T11:08:27+00:00\",\"description\":\"Bereta Brewing Co este \u00eentruchiparea perfect\u0103 a noului val de fabrici de bere artizanal\u0103: doi iubitori de bere \u00ee\u0219i \u00eencep c\u0103l\u0103toria cu o produc\u021bie mic\u0103, \u201ehome-made\u201d.\",\"breadcrumb\":{\"@id\":\"https:\/\/tw.cm.upt.ro\/10\/bereta-brewing-co\/#breadcrumb\"},\"inLanguage\":\"en-US\",\"potentialAction\":[{\"@type\":\"ReadAction\",\"target\":[\"https:\/\/tw.cm.upt.ro\/10\/bereta-brewing-co\/\"]}]},{\"@type\":\"ImageObject\",\"inLanguage\":\"en-US\",\"@id\":\"https:\/\/tw.cm.upt.ro\/10\/bereta-brewing-co\/#primaryimage\",\"url\":\"https:\/\/tw.cm.upt.ro\/10\/wp-content\/uploads\/sites\/222\/2023\/01\/image-10.png\",\"contentUrl\":\"https:\/\/tw.cm.upt.ro\/10\/wp-content\/uploads\/sites\/222\/2023\/01\/image-10.png\",\"width\":449,\"height\":258},{\"@type\":\"BreadcrumbList\",\"@id\":\"https:\/\/tw.cm.upt.ro\/10\/bereta-brewing-co\/#breadcrumb\",\"itemListElement\":[{\"@type\":\"ListItem\",\"position\":1,\"name\":\"Home\",\"item\":\"https:\/\/tw.cm.upt.ro\/10\/\"},{\"@type\":\"ListItem\",\"position\":2,\"name\":\"Bereta Brewing Co.\"}]},{\"@type\":\"WebSite\",\"@id\":\"https:\/\/tw.cm.upt.ro\/10\/#website\",\"url\":\"https:\/\/tw.cm.upt.ro\/10\/\",\"name\":\"PR&amp;Beer\",\"description\":\"Drink the Creativity Up\",\"publisher\":{\"@id\":\"https:\/\/tw.cm.upt.ro\/10\/#organization\"},\"potentialAction\":[{\"@type\":\"SearchAction\",\"target\":{\"@type\":\"EntryPoint\",\"urlTemplate\":\"https:\/\/tw.cm.upt.ro\/10\/?s={search_term_string}\"},\"query-input\":{\"@type\":\"PropertyValueSpecification\",\"valueRequired\":true,\"valueName\":\"search_term_string\"}}],\"inLanguage\":\"en-US\"},{\"@type\":\"Organization\",\"@id\":\"https:\/\/tw.cm.upt.ro\/10\/#organization\",\"name\":\"PR&amp;Beer\",\"url\":\"https:\/\/tw.cm.upt.ro\/10\/\",\"logo\":{\"@type\":\"ImageObject\",\"inLanguage\":\"en-US\",\"@id\":\"https:\/\/tw.cm.upt.ro\/10\/#\/schema\/logo\/image\/\",\"url\":\"https:\/\/tw.cm.upt.ro\/10\/wp-content\/uploads\/sites\/222\/2023\/01\/cropped-WhatsApp-Image-2023-01-10-at-20.42.31.jpeg\",\"contentUrl\":\"https:\/\/tw.cm.upt.ro\/10\/wp-content\/uploads\/sites\/222\/2023\/01\/cropped-WhatsApp-Image-2023-01-10-at-20.42.31.jpeg\",\"width\":240,\"height\":131,\"caption\":\"PR&amp;Beer\"},\"image\":{\"@id\":\"https:\/\/tw.cm.upt.ro\/10\/#\/schema\/logo\/image\/\"}}]}<\/script>\n<!-- \/ Yoast SEO plugin. -->","yoast_head_json":{"title":"Bereta Brewing Co. - PR&amp;Beer","description":"Bereta Brewing Co este \u00eentruchiparea perfect\u0103 a noului val de fabrici de bere artizanal\u0103: doi iubitori de bere \u00ee\u0219i \u00eencep c\u0103l\u0103toria cu o produc\u021bie mic\u0103, \u201ehome-made\u201d.","robots":{"index":"index","follow":"follow","max-snippet":"max-snippet:-1","max-image-preview":"max-image-preview:large","max-video-preview":"max-video-preview:-1"},"canonical":"https:\/\/tw.cm.upt.ro\/10\/bereta-brewing-co\/","og_locale":"en_US","og_type":"article","og_title":"Bereta Brewing Co. - PR&amp;Beer","og_description":"Bereta Brewing Co este \u00eentruchiparea perfect\u0103 a noului val de fabrici de bere artizanal\u0103: doi iubitori de bere \u00ee\u0219i \u00eencep c\u0103l\u0103toria cu o produc\u021bie mic\u0103, \u201ehome-made\u201d.","og_url":"https:\/\/tw.cm.upt.ro\/10\/bereta-brewing-co\/","og_site_name":"PR&amp;Beer","article_modified_time":"2023-01-11T11:08:27+00:00","og_image":[{"url":"https:\/\/tw.cm.upt.ro\/10\/wp-content\/uploads\/sites\/222\/2023\/01\/image-10.png","type":"","width":"","height":""}],"twitter_card":"summary_large_image","twitter_misc":{"Est. reading time":"3 minutes"},"schema":{"@context":"https:\/\/schema.org","@graph":[{"@type":"WebPage","@id":"https:\/\/tw.cm.upt.ro\/10\/bereta-brewing-co\/","url":"https:\/\/tw.cm.upt.ro\/10\/bereta-brewing-co\/","name":"Bereta Brewing Co. - PR&amp;Beer","isPartOf":{"@id":"https:\/\/tw.cm.upt.ro\/10\/#website"},"primaryImageOfPage":{"@id":"https:\/\/tw.cm.upt.ro\/10\/bereta-brewing-co\/#primaryimage"},"image":{"@id":"https:\/\/tw.cm.upt.ro\/10\/bereta-brewing-co\/#primaryimage"},"thumbnailUrl":"https:\/\/tw.cm.upt.ro\/10\/wp-content\/uploads\/sites\/222\/2023\/01\/image-10.png","datePublished":"2023-01-11T10:55:44+00:00","dateModified":"2023-01-11T11:08:27+00:00","description":"Bereta Brewing Co este \u00eentruchiparea perfect\u0103 a noului val de fabrici de bere artizanal\u0103: doi iubitori de bere \u00ee\u0219i \u00eencep c\u0103l\u0103toria cu o produc\u021bie mic\u0103, \u201ehome-made\u201d.","breadcrumb":{"@id":"https:\/\/tw.cm.upt.ro\/10\/bereta-brewing-co\/#breadcrumb"},"inLanguage":"en-US","potentialAction":[{"@type":"ReadAction","target":["https:\/\/tw.cm.upt.ro\/10\/bereta-brewing-co\/"]}]},{"@type":"ImageObject","inLanguage":"en-US","@id":"https:\/\/tw.cm.upt.ro\/10\/bereta-brewing-co\/#primaryimage","url":"https:\/\/tw.cm.upt.ro\/10\/wp-content\/uploads\/sites\/222\/2023\/01\/image-10.png","contentUrl":"https:\/\/tw.cm.upt.ro\/10\/wp-content\/uploads\/sites\/222\/2023\/01\/image-10.png","width":449,"height":258},{"@type":"BreadcrumbList","@id":"https:\/\/tw.cm.upt.ro\/10\/bereta-brewing-co\/#breadcrumb","itemListElement":[{"@type":"ListItem","position":1,"name":"Home","item":"https:\/\/tw.cm.upt.ro\/10\/"},{"@type":"ListItem","position":2,"name":"Bereta Brewing Co."}]},{"@type":"WebSite","@id":"https:\/\/tw.cm.upt.ro\/10\/#website","url":"https:\/\/tw.cm.upt.ro\/10\/","name":"PR&amp;Beer","description":"Drink the Creativity Up","publisher":{"@id":"https:\/\/tw.cm.upt.ro\/10\/#organization"},"potentialAction":[{"@type":"SearchAction","target":{"@type":"EntryPoint","urlTemplate":"https:\/\/tw.cm.upt.ro\/10\/?s={search_term_string}"},"query-input":{"@type":"PropertyValueSpecification","valueRequired":true,"valueName":"search_term_string"}}],"inLanguage":"en-US"},{"@type":"Organization","@id":"https:\/\/tw.cm.upt.ro\/10\/#organization","name":"PR&amp;Beer","url":"https:\/\/tw.cm.upt.ro\/10\/","logo":{"@type":"ImageObject","inLanguage":"en-US","@id":"https:\/\/tw.cm.upt.ro\/10\/#\/schema\/logo\/image\/","url":"https:\/\/tw.cm.upt.ro\/10\/wp-content\/uploads\/sites\/222\/2023\/01\/cropped-WhatsApp-Image-2023-01-10-at-20.42.31.jpeg","contentUrl":"https:\/\/tw.cm.upt.ro\/10\/wp-content\/uploads\/sites\/222\/2023\/01\/cropped-WhatsApp-Image-2023-01-10-at-20.42.31.jpeg","width":240,"height":131,"caption":"PR&amp;Beer"},"image":{"@id":"https:\/\/tw.cm.upt.ro\/10\/#\/schema\/logo\/image\/"}}]}},"_links":{"self":[{"href":"https:\/\/tw.cm.upt.ro\/10\/wp-json\/wp\/v2\/pages\/235","targetHints":{"allow":["GET"]}}],"collection":[{"href":"https:\/\/tw.cm.upt.ro\/10\/wp-json\/wp\/v2\/pages"}],"about":[{"href":"https:\/\/tw.cm.upt.ro\/10\/wp-json\/wp\/v2\/types\/page"}],"author":[{"embeddable":true,"href":"https:\/\/tw.cm.upt.ro\/10\/wp-json\/wp\/v2\/users\/1"}],"replies":[{"embeddable":true,"href":"https:\/\/tw.cm.upt.ro\/10\/wp-json\/wp\/v2\/comments?post=235"}],"version-history":[{"count":2,"href":"https:\/\/tw.cm.upt.ro\/10\/wp-json\/wp\/v2\/pages\/235\/revisions"}],"predecessor-version":[{"id":251,"href":"https:\/\/tw.cm.upt.ro\/10\/wp-json\/wp\/v2\/pages\/235\/revisions\/251"}],"wp:attachment":[{"href":"https:\/\/tw.cm.upt.ro\/10\/wp-json\/wp\/v2\/media?parent=235"}],"curies":[{"name":"wp","href":"https:\/\/api.w.org\/{rel}","templated":true}]}}