{"id":236,"date":"2023-01-11T10:55:44","date_gmt":"2023-01-11T10:55:44","guid":{"rendered":"https:\/\/tw.cm.upt.ro\/10\/?page_id=236"},"modified":"2023-01-11T11:11:36","modified_gmt":"2023-01-11T11:11:36","slug":"beast-from-the-yeast","status":"publish","type":"page","link":"https:\/\/tw.cm.upt.ro\/10\/beast-from-the-yeast\/","title":{"rendered":"Beast from the Yeast"},"content":{"rendered":"<div id=\"fb-root\"><\/div>\n\n<figure class=\"wp-block-image size-full\"><img fetchpriority=\"high\" decoding=\"async\" width=\"505\" height=\"315\" src=\"https:\/\/tw.cm.upt.ro\/10\/wp-content\/uploads\/sites\/222\/2023\/01\/image-11.png\" alt=\"\" class=\"wp-image-252\" srcset=\"https:\/\/tw.cm.upt.ro\/10\/wp-content\/uploads\/sites\/222\/2023\/01\/image-11.png 505w, https:\/\/tw.cm.upt.ro\/10\/wp-content\/uploads\/sites\/222\/2023\/01\/image-11-300x187.png 300w, https:\/\/tw.cm.upt.ro\/10\/wp-content\/uploads\/sites\/222\/2023\/01\/image-11-150x94.png 150w\" sizes=\"(max-width: 505px) 85vw, 505px\" \/><figcaption>Doze Beast from the Yeast<\/figcaption><\/figure>\n\n\n\n<p><strong>Loca\u021bie:<\/strong> Jilava, jude\u021bul Ilfov<br><strong>Deschis din:<\/strong> februarie 2020<br><strong>Berar:<\/strong> Henrick Radu<\/p>\n\n\n\n<p><em>\u201eSuch beer, much craft\u201d<\/em><br>C\u00e2nd ajungi s\u0103 combini berea artizanal\u0103 \u0219i meme-urile nu po\u021bi da gre\u0219i pe pia\u021b\u0103, mai ales cu un design at\u00e2t de \u00eendr\u0103zne\u021b \u0219i \u021bip\u0103tor, practic strig\u0103 \u201euit\u0103-te la mine \u0219i cump\u0103r\u0103-m\u0103!\u201d.<\/p>\n\n\n\n<p>Beast from the Yeast este una dintre cele mai noi \u0219i tinere fabrici de bere artizanal\u0103 din<br>Rom\u00e2nia \u0219i cea de-a dou\u0103 ber\u0103rie care \u00ee\u0219i pune la dispozi\u021bie produsele ambalate \u00een doze de aluminiu.<\/p>\n\n\n\n<p>Noul brand a luat na\u0219tere dup\u0103 ce trei oameni obi\u0219nui\u021bi (Anna, Eugen \u0219i Henrick) s-au<br>\u00eent\u00e2lnit la o universitate din Marea Britanie cu c\u00e2\u021biva ani \u00een urm\u0103. Prietenia lor a luat na\u0219tere \u00een urma iubirii pentru bere \u0219i a meme-ului Doge, care i-au ajutat s\u0103 treac\u0103 peste anii grei departe de cas\u0103.<\/p>\n\n\n\n<p>C\u00e2nd \u0219i-au terminat studiile s-au \u00eentors \u00eenapoi acas\u0103 \u0219i, folosindu-se de experien\u021ba lui<br>Henrick ca berar \u00een Marea Britanie, au decis s\u0103 renun\u021be la plictisitorul lager \u0219i s\u0103 \u00ee\u0219i \u00eendrepte aten\u021bia spre partea mai artizanal\u0103 a producerii de bere.<\/p>\n\n\n\n<p>Experien\u021ba de peste grani\u021be le-a deschis ochii \u0219i i-a motivat s\u0103 foloseasc\u0103 dozele ca \u0219i container de \u00eembuteliere, deoarece reduce considerabil oxidarea berii, astfel av\u00e2nd o longevitate mai mare \u0219i o arom\u0103 constant\u0103, plus c\u0103 era cea mai bun\u0103 op\u021biune pentru o producere la scal\u0103 mic\u0103.<\/p>\n\n\n\n<p>\u00cen ceea ce prive\u0219te brandul \u00een sine, inspira\u021bia pentru etichete \u0219i logo a fost chiar meme-ul lor de suflet \u2013 Doge-ul, un Shiba Inu care a f\u0103cut furori pe internet. Etichetele \u00een sine sunt cu adev\u0103rat ceva unic pe pia\u021ba noastr\u0103, iar atrac\u021bia celor trei pentru tot ceea ce are leg\u0103tur\u0103 cu Japonia (inclusiv iubirea pentru anime) s-a tradus \u00eentr-un design unic.<\/p>\n\n\n\n<p>Oficial, ace\u0219tia s-au lansat \u00een februarie 2020 la barul Mikkeller Bucharest cu un repertoriu de tipuri de bere destul de entuziasmante pentru b\u0103utori, iar de atunci s-au infiltrat \u00eencet-\u00eencet pe rafturile locale.<\/p>\n","protected":false},"excerpt":{"rendered":"<p>Loca\u021bie: Jilava, jude\u021bul IlfovDeschis din: februarie 2020Berar: Henrick Radu \u201eSuch beer, much craft\u201dC\u00e2nd ajungi s\u0103 combini berea artizanal\u0103 \u0219i meme-urile nu po\u021bi da gre\u0219i pe pia\u021b\u0103, mai ales cu un design at\u00e2t de \u00eendr\u0103zne\u021b \u0219i \u021bip\u0103tor, practic strig\u0103 \u201euit\u0103-te la mine \u0219i cump\u0103r\u0103-m\u0103!\u201d. Beast from the Yeast este una dintre cele mai noi \u0219i tinere &hellip; <a href=\"https:\/\/tw.cm.upt.ro\/10\/beast-from-the-yeast\/\" class=\"more-link\">Continue reading<span class=\"screen-reader-text\"> &#8220;Beast from the Yeast&#8221;<\/span><\/a><\/p>\n","protected":false},"author":1,"featured_media":0,"parent":0,"menu_order":0,"comment_status":"closed","ping_status":"closed","template":"","meta":{"wprm-recipe-roundup-name":"","wprm-recipe-roundup-description":"","ngg_post_thumbnail":0,"footnotes":""},"class_list":["post-236","page","type-page","status-publish","hentry"],"yoast_head":"<!-- This site is optimized with the Yoast SEO plugin v27.1.1 - https:\/\/yoast.com\/product\/yoast-seo-wordpress\/ -->\n<title>Beast from the Yeast - PR&amp;Beer<\/title>\n<meta name=\"description\" content=\"C\u00e2nd ajungi s\u0103 combini berea artizanal\u0103 \u0219i meme-urile nu po\u021bi da gre\u0219i pe pia\u021b\u0103, mai ales cu un design at\u00e2t de \u00eendr\u0103zne\u021b \u0219i \u021bip\u0103tor, practic strig\u0103 \u201euit\u0103-te la mine \u0219i cump\u0103r\u0103-m\u0103!\u201d.\" \/>\n<meta name=\"robots\" content=\"index, follow, max-snippet:-1, max-image-preview:large, max-video-preview:-1\" \/>\n<link rel=\"canonical\" href=\"https:\/\/tw.cm.upt.ro\/10\/beast-from-the-yeast\/\" \/>\n<meta property=\"og:locale\" content=\"en_US\" \/>\n<meta property=\"og:type\" content=\"article\" \/>\n<meta property=\"og:title\" content=\"Beast from the Yeast - PR&amp;Beer\" \/>\n<meta property=\"og:description\" content=\"C\u00e2nd ajungi s\u0103 combini berea artizanal\u0103 \u0219i meme-urile nu po\u021bi da gre\u0219i pe pia\u021b\u0103, mai ales cu un design at\u00e2t de \u00eendr\u0103zne\u021b \u0219i \u021bip\u0103tor, practic strig\u0103 \u201euit\u0103-te la mine \u0219i cump\u0103r\u0103-m\u0103!\u201d.\" \/>\n<meta property=\"og:url\" content=\"https:\/\/tw.cm.upt.ro\/10\/beast-from-the-yeast\/\" \/>\n<meta property=\"og:site_name\" content=\"PR&amp;Beer\" \/>\n<meta property=\"article:modified_time\" content=\"2023-01-11T11:11:36+00:00\" \/>\n<meta property=\"og:image\" content=\"https:\/\/tw.cm.upt.ro\/10\/wp-content\/uploads\/sites\/222\/2023\/01\/image-11.png\" \/>\n<meta name=\"twitter:card\" content=\"summary_large_image\" \/>\n<meta name=\"twitter:label1\" content=\"Est. reading time\" \/>\n\t<meta name=\"twitter:data1\" content=\"2 minutes\" \/>\n<script type=\"application\/ld+json\" class=\"yoast-schema-graph\">{\"@context\":\"https:\/\/schema.org\",\"@graph\":[{\"@type\":\"WebPage\",\"@id\":\"https:\/\/tw.cm.upt.ro\/10\/beast-from-the-yeast\/\",\"url\":\"https:\/\/tw.cm.upt.ro\/10\/beast-from-the-yeast\/\",\"name\":\"Beast from the Yeast - PR&amp;Beer\",\"isPartOf\":{\"@id\":\"https:\/\/tw.cm.upt.ro\/10\/#website\"},\"primaryImageOfPage\":{\"@id\":\"https:\/\/tw.cm.upt.ro\/10\/beast-from-the-yeast\/#primaryimage\"},\"image\":{\"@id\":\"https:\/\/tw.cm.upt.ro\/10\/beast-from-the-yeast\/#primaryimage\"},\"thumbnailUrl\":\"https:\/\/tw.cm.upt.ro\/10\/wp-content\/uploads\/sites\/222\/2023\/01\/image-11.png\",\"datePublished\":\"2023-01-11T10:55:44+00:00\",\"dateModified\":\"2023-01-11T11:11:36+00:00\",\"description\":\"C\u00e2nd ajungi s\u0103 combini berea artizanal\u0103 \u0219i meme-urile nu po\u021bi da gre\u0219i pe pia\u021b\u0103, mai ales cu un design at\u00e2t de \u00eendr\u0103zne\u021b \u0219i \u021bip\u0103tor, practic strig\u0103 \u201euit\u0103-te la mine \u0219i cump\u0103r\u0103-m\u0103!\u201d.\",\"breadcrumb\":{\"@id\":\"https:\/\/tw.cm.upt.ro\/10\/beast-from-the-yeast\/#breadcrumb\"},\"inLanguage\":\"en-US\",\"potentialAction\":[{\"@type\":\"ReadAction\",\"target\":[\"https:\/\/tw.cm.upt.ro\/10\/beast-from-the-yeast\/\"]}]},{\"@type\":\"ImageObject\",\"inLanguage\":\"en-US\",\"@id\":\"https:\/\/tw.cm.upt.ro\/10\/beast-from-the-yeast\/#primaryimage\",\"url\":\"https:\/\/tw.cm.upt.ro\/10\/wp-content\/uploads\/sites\/222\/2023\/01\/image-11.png\",\"contentUrl\":\"https:\/\/tw.cm.upt.ro\/10\/wp-content\/uploads\/sites\/222\/2023\/01\/image-11.png\",\"width\":505,\"height\":315},{\"@type\":\"BreadcrumbList\",\"@id\":\"https:\/\/tw.cm.upt.ro\/10\/beast-from-the-yeast\/#breadcrumb\",\"itemListElement\":[{\"@type\":\"ListItem\",\"position\":1,\"name\":\"Home\",\"item\":\"https:\/\/tw.cm.upt.ro\/10\/\"},{\"@type\":\"ListItem\",\"position\":2,\"name\":\"Beast from the Yeast\"}]},{\"@type\":\"WebSite\",\"@id\":\"https:\/\/tw.cm.upt.ro\/10\/#website\",\"url\":\"https:\/\/tw.cm.upt.ro\/10\/\",\"name\":\"PR&amp;Beer\",\"description\":\"Drink the Creativity Up\",\"publisher\":{\"@id\":\"https:\/\/tw.cm.upt.ro\/10\/#organization\"},\"potentialAction\":[{\"@type\":\"SearchAction\",\"target\":{\"@type\":\"EntryPoint\",\"urlTemplate\":\"https:\/\/tw.cm.upt.ro\/10\/?s={search_term_string}\"},\"query-input\":{\"@type\":\"PropertyValueSpecification\",\"valueRequired\":true,\"valueName\":\"search_term_string\"}}],\"inLanguage\":\"en-US\"},{\"@type\":\"Organization\",\"@id\":\"https:\/\/tw.cm.upt.ro\/10\/#organization\",\"name\":\"PR&amp;Beer\",\"url\":\"https:\/\/tw.cm.upt.ro\/10\/\",\"logo\":{\"@type\":\"ImageObject\",\"inLanguage\":\"en-US\",\"@id\":\"https:\/\/tw.cm.upt.ro\/10\/#\/schema\/logo\/image\/\",\"url\":\"https:\/\/tw.cm.upt.ro\/10\/wp-content\/uploads\/sites\/222\/2023\/01\/cropped-WhatsApp-Image-2023-01-10-at-20.42.31.jpeg\",\"contentUrl\":\"https:\/\/tw.cm.upt.ro\/10\/wp-content\/uploads\/sites\/222\/2023\/01\/cropped-WhatsApp-Image-2023-01-10-at-20.42.31.jpeg\",\"width\":240,\"height\":131,\"caption\":\"PR&amp;Beer\"},\"image\":{\"@id\":\"https:\/\/tw.cm.upt.ro\/10\/#\/schema\/logo\/image\/\"}}]}<\/script>\n<!-- \/ Yoast SEO plugin. -->","yoast_head_json":{"title":"Beast from the Yeast - PR&amp;Beer","description":"C\u00e2nd ajungi s\u0103 combini berea artizanal\u0103 \u0219i meme-urile nu po\u021bi da gre\u0219i pe pia\u021b\u0103, mai ales cu un design at\u00e2t de \u00eendr\u0103zne\u021b \u0219i \u021bip\u0103tor, practic strig\u0103 \u201euit\u0103-te la mine \u0219i cump\u0103r\u0103-m\u0103!\u201d.","robots":{"index":"index","follow":"follow","max-snippet":"max-snippet:-1","max-image-preview":"max-image-preview:large","max-video-preview":"max-video-preview:-1"},"canonical":"https:\/\/tw.cm.upt.ro\/10\/beast-from-the-yeast\/","og_locale":"en_US","og_type":"article","og_title":"Beast from the Yeast - PR&amp;Beer","og_description":"C\u00e2nd ajungi s\u0103 combini berea artizanal\u0103 \u0219i meme-urile nu po\u021bi da gre\u0219i pe pia\u021b\u0103, mai ales cu un design at\u00e2t de \u00eendr\u0103zne\u021b \u0219i \u021bip\u0103tor, practic strig\u0103 \u201euit\u0103-te la mine \u0219i cump\u0103r\u0103-m\u0103!\u201d.","og_url":"https:\/\/tw.cm.upt.ro\/10\/beast-from-the-yeast\/","og_site_name":"PR&amp;Beer","article_modified_time":"2023-01-11T11:11:36+00:00","og_image":[{"url":"https:\/\/tw.cm.upt.ro\/10\/wp-content\/uploads\/sites\/222\/2023\/01\/image-11.png","type":"","width":"","height":""}],"twitter_card":"summary_large_image","twitter_misc":{"Est. reading time":"2 minutes"},"schema":{"@context":"https:\/\/schema.org","@graph":[{"@type":"WebPage","@id":"https:\/\/tw.cm.upt.ro\/10\/beast-from-the-yeast\/","url":"https:\/\/tw.cm.upt.ro\/10\/beast-from-the-yeast\/","name":"Beast from the Yeast - PR&amp;Beer","isPartOf":{"@id":"https:\/\/tw.cm.upt.ro\/10\/#website"},"primaryImageOfPage":{"@id":"https:\/\/tw.cm.upt.ro\/10\/beast-from-the-yeast\/#primaryimage"},"image":{"@id":"https:\/\/tw.cm.upt.ro\/10\/beast-from-the-yeast\/#primaryimage"},"thumbnailUrl":"https:\/\/tw.cm.upt.ro\/10\/wp-content\/uploads\/sites\/222\/2023\/01\/image-11.png","datePublished":"2023-01-11T10:55:44+00:00","dateModified":"2023-01-11T11:11:36+00:00","description":"C\u00e2nd ajungi s\u0103 combini berea artizanal\u0103 \u0219i meme-urile nu po\u021bi da gre\u0219i pe pia\u021b\u0103, mai ales cu un design at\u00e2t de \u00eendr\u0103zne\u021b \u0219i \u021bip\u0103tor, practic strig\u0103 \u201euit\u0103-te la mine \u0219i cump\u0103r\u0103-m\u0103!\u201d.","breadcrumb":{"@id":"https:\/\/tw.cm.upt.ro\/10\/beast-from-the-yeast\/#breadcrumb"},"inLanguage":"en-US","potentialAction":[{"@type":"ReadAction","target":["https:\/\/tw.cm.upt.ro\/10\/beast-from-the-yeast\/"]}]},{"@type":"ImageObject","inLanguage":"en-US","@id":"https:\/\/tw.cm.upt.ro\/10\/beast-from-the-yeast\/#primaryimage","url":"https:\/\/tw.cm.upt.ro\/10\/wp-content\/uploads\/sites\/222\/2023\/01\/image-11.png","contentUrl":"https:\/\/tw.cm.upt.ro\/10\/wp-content\/uploads\/sites\/222\/2023\/01\/image-11.png","width":505,"height":315},{"@type":"BreadcrumbList","@id":"https:\/\/tw.cm.upt.ro\/10\/beast-from-the-yeast\/#breadcrumb","itemListElement":[{"@type":"ListItem","position":1,"name":"Home","item":"https:\/\/tw.cm.upt.ro\/10\/"},{"@type":"ListItem","position":2,"name":"Beast from the Yeast"}]},{"@type":"WebSite","@id":"https:\/\/tw.cm.upt.ro\/10\/#website","url":"https:\/\/tw.cm.upt.ro\/10\/","name":"PR&amp;Beer","description":"Drink the Creativity Up","publisher":{"@id":"https:\/\/tw.cm.upt.ro\/10\/#organization"},"potentialAction":[{"@type":"SearchAction","target":{"@type":"EntryPoint","urlTemplate":"https:\/\/tw.cm.upt.ro\/10\/?s={search_term_string}"},"query-input":{"@type":"PropertyValueSpecification","valueRequired":true,"valueName":"search_term_string"}}],"inLanguage":"en-US"},{"@type":"Organization","@id":"https:\/\/tw.cm.upt.ro\/10\/#organization","name":"PR&amp;Beer","url":"https:\/\/tw.cm.upt.ro\/10\/","logo":{"@type":"ImageObject","inLanguage":"en-US","@id":"https:\/\/tw.cm.upt.ro\/10\/#\/schema\/logo\/image\/","url":"https:\/\/tw.cm.upt.ro\/10\/wp-content\/uploads\/sites\/222\/2023\/01\/cropped-WhatsApp-Image-2023-01-10-at-20.42.31.jpeg","contentUrl":"https:\/\/tw.cm.upt.ro\/10\/wp-content\/uploads\/sites\/222\/2023\/01\/cropped-WhatsApp-Image-2023-01-10-at-20.42.31.jpeg","width":240,"height":131,"caption":"PR&amp;Beer"},"image":{"@id":"https:\/\/tw.cm.upt.ro\/10\/#\/schema\/logo\/image\/"}}]}},"_links":{"self":[{"href":"https:\/\/tw.cm.upt.ro\/10\/wp-json\/wp\/v2\/pages\/236","targetHints":{"allow":["GET"]}}],"collection":[{"href":"https:\/\/tw.cm.upt.ro\/10\/wp-json\/wp\/v2\/pages"}],"about":[{"href":"https:\/\/tw.cm.upt.ro\/10\/wp-json\/wp\/v2\/types\/page"}],"author":[{"embeddable":true,"href":"https:\/\/tw.cm.upt.ro\/10\/wp-json\/wp\/v2\/users\/1"}],"replies":[{"embeddable":true,"href":"https:\/\/tw.cm.upt.ro\/10\/wp-json\/wp\/v2\/comments?post=236"}],"version-history":[{"count":2,"href":"https:\/\/tw.cm.upt.ro\/10\/wp-json\/wp\/v2\/pages\/236\/revisions"}],"predecessor-version":[{"id":254,"href":"https:\/\/tw.cm.upt.ro\/10\/wp-json\/wp\/v2\/pages\/236\/revisions\/254"}],"wp:attachment":[{"href":"https:\/\/tw.cm.upt.ro\/10\/wp-json\/wp\/v2\/media?parent=236"}],"curies":[{"name":"wp","href":"https:\/\/api.w.org\/{rel}","templated":true}]}}