{"id":237,"date":"2023-01-09T10:55:00","date_gmt":"2023-01-09T10:55:00","guid":{"rendered":"https:\/\/tw.cm.upt.ro\/10\/?page_id=237"},"modified":"2023-01-11T11:14:30","modified_gmt":"2023-01-11T11:14:30","slug":"owl-brewery","status":"publish","type":"page","link":"https:\/\/tw.cm.upt.ro\/10\/owl-brewery\/","title":{"rendered":"Owl Brewery"},"content":{"rendered":"<div id=\"fb-root\"><\/div>\n\n<figure class=\"wp-block-image size-full\"><img fetchpriority=\"high\" decoding=\"async\" width=\"434\" height=\"312\" src=\"https:\/\/tw.cm.upt.ro\/10\/wp-content\/uploads\/sites\/222\/2023\/01\/image-12.png\" alt=\"\" class=\"wp-image-255\" srcset=\"https:\/\/tw.cm.upt.ro\/10\/wp-content\/uploads\/sites\/222\/2023\/01\/image-12.png 434w, https:\/\/tw.cm.upt.ro\/10\/wp-content\/uploads\/sites\/222\/2023\/01\/image-12-300x216.png 300w, https:\/\/tw.cm.upt.ro\/10\/wp-content\/uploads\/sites\/222\/2023\/01\/image-12-150x108.png 150w\" sizes=\"(max-width: 434px) 85vw, 434px\" \/><figcaption>Doze Owl Brewery<\/figcaption><\/figure>\n\n\n\n<p><strong>Loca\u021bie:<\/strong> Timi\u0219oara, jude\u021bul Timi\u0219<br><strong>Gypsy brewing:<\/strong> din iunie 2019<br><strong>Berar<\/strong>: f\u0103r\u0103<\/p>\n\n\n\n<p><strong>Owl Brewery<\/strong> ne este adus, la fel ca \u0219i Beast from the Yeast, de trei prieteni buni, doi IT-i\u0219ti \u0219i un bancher.<\/p>\n\n\n\n<p>Fascina\u021bia celor doi pentru aceste creaturi frumoase \u00eemp\u0103nate se prea poate s\u0103 fi fost<br>influen\u021bat de faptul c\u0103 ei \u00een\u0219i\u0219i sunt bufni\u021be de noapte. Dup\u0103 c\u00e2teva beri preparate acas\u0103, cei trei au zis s\u0103-\u0219i \u00eencerce norocul, a\u0219a c\u0103 s-au \u00eendreptat foarte hot\u0103r\u00e2\u021bi spre ber\u0103ria celor de la Bereta \u0219i s-au pus pe treab\u0103 serioas\u0103.<\/p>\n\n\n\n<p>Lansarea oficial\u0103 a ap\u0103rut la <em>Festivalul de Bere Craft din Timi\u0219oara<\/em>, \u00een 2019, iar de atunci<br>ne-au tot r\u0103sf\u0103\u021bat cu multe loturi unice de bere \u0219i combina\u021bii de arome c\u00e2t mai interesante. Iar ca s\u0103 fac\u0103 totul \u0219i mai atractiv, fiecare dintre aromele sale este dedicat\u0103 unei specii de bufni\u021be \u0219i fiecare dintre doze vine cu o mic\u0103 poveste despre pas\u0103rea pe care o reprezint\u0103 (so cheers to that!).<\/p>\n\n\n\n<p>\u00cen iunie 2020 \u0219i-au f\u0103cut \u0219i ei tranzi\u021bia spre dozele de 330ml. <\/p>\n\n\n\n<p>Dup\u0103 cele prezentate mai sus e\u0219antionul ales este destul de diversificat atunci c\u00e2nd avem<br>\u00een vedere longevitatea brandurilor pe pia\u021b\u0103, dar consider c\u0103 acest lucru este un avantaj deoarece se va putea observa cu mai mult\u0103 u\u0219urin\u021b\u0103 evolu\u021bia identit\u0103\u021bii vizuale a brandurilor de la anii de \u00eenceput a acestei ni\u0219e din Rom\u00e2nia \u0219i p\u00e2n\u0103 \u00een prezent.<\/p>\n\n\n\n<p>\u00cen continuare am s\u0103 \u00eencep s\u0103 prezint aspectele de design ale identit\u0103\u021bii vizuale \u0219i cum<br>acestea sunt diferite pentru fiecare dintre brandurile analizate, chiar dac\u0103 produsele fac parte din aceea\u0219i arie de comercializare.<\/p>\n","protected":false},"excerpt":{"rendered":"<p>Loca\u021bie: Timi\u0219oara, jude\u021bul Timi\u0219Gypsy brewing: din iunie 2019Berar: f\u0103r\u0103 Owl Brewery ne este adus, la fel ca \u0219i Beast from the Yeast, de trei prieteni buni, doi IT-i\u0219ti \u0219i un bancher. Fascina\u021bia celor doi pentru aceste creaturi frumoase \u00eemp\u0103nate se prea poate s\u0103 fi fostinfluen\u021bat de faptul c\u0103 ei \u00een\u0219i\u0219i sunt bufni\u021be de noapte. Dup\u0103 &hellip; <a href=\"https:\/\/tw.cm.upt.ro\/10\/owl-brewery\/\" class=\"more-link\">Continue reading<span class=\"screen-reader-text\"> &#8220;Owl Brewery&#8221;<\/span><\/a><\/p>\n","protected":false},"author":1,"featured_media":0,"parent":0,"menu_order":0,"comment_status":"closed","ping_status":"closed","template":"","meta":{"wprm-recipe-roundup-name":"","wprm-recipe-roundup-description":"","ngg_post_thumbnail":0,"footnotes":""},"class_list":["post-237","page","type-page","status-publish","hentry"],"yoast_head":"<!-- This site is optimized with the Yoast SEO plugin v27.1.1 - https:\/\/yoast.com\/product\/yoast-seo-wordpress\/ -->\n<title>Owl Brewery - PR&amp;Beer<\/title>\n<meta name=\"description\" content=\"Owl Brewery ne este adus, la fel ca \u0219i Beast from the Yeast, de trei prieteni buni, doi IT-i\u0219ti \u0219i un bancher.\" \/>\n<meta name=\"robots\" content=\"index, follow, max-snippet:-1, max-image-preview:large, max-video-preview:-1\" \/>\n<link rel=\"canonical\" href=\"https:\/\/tw.cm.upt.ro\/10\/owl-brewery\/\" \/>\n<meta property=\"og:locale\" content=\"en_US\" \/>\n<meta property=\"og:type\" content=\"article\" \/>\n<meta property=\"og:title\" content=\"Owl Brewery - PR&amp;Beer\" \/>\n<meta property=\"og:description\" content=\"Owl Brewery ne este adus, la fel ca \u0219i Beast from the Yeast, de trei prieteni buni, doi IT-i\u0219ti \u0219i un bancher.\" \/>\n<meta property=\"og:url\" content=\"https:\/\/tw.cm.upt.ro\/10\/owl-brewery\/\" \/>\n<meta property=\"og:site_name\" content=\"PR&amp;Beer\" \/>\n<meta property=\"article:modified_time\" content=\"2023-01-11T11:14:30+00:00\" \/>\n<meta property=\"og:image\" content=\"https:\/\/tw.cm.upt.ro\/10\/wp-content\/uploads\/sites\/222\/2023\/01\/image-12.png\" \/>\n<meta name=\"twitter:card\" content=\"summary_large_image\" \/>\n<meta name=\"twitter:label1\" content=\"Est. reading time\" \/>\n\t<meta name=\"twitter:data1\" content=\"2 minutes\" \/>\n<script type=\"application\/ld+json\" class=\"yoast-schema-graph\">{\"@context\":\"https:\/\/schema.org\",\"@graph\":[{\"@type\":\"WebPage\",\"@id\":\"https:\/\/tw.cm.upt.ro\/10\/owl-brewery\/\",\"url\":\"https:\/\/tw.cm.upt.ro\/10\/owl-brewery\/\",\"name\":\"Owl Brewery - PR&amp;Beer\",\"isPartOf\":{\"@id\":\"https:\/\/tw.cm.upt.ro\/10\/#website\"},\"primaryImageOfPage\":{\"@id\":\"https:\/\/tw.cm.upt.ro\/10\/owl-brewery\/#primaryimage\"},\"image\":{\"@id\":\"https:\/\/tw.cm.upt.ro\/10\/owl-brewery\/#primaryimage\"},\"thumbnailUrl\":\"https:\/\/tw.cm.upt.ro\/10\/wp-content\/uploads\/sites\/222\/2023\/01\/image-12.png\",\"datePublished\":\"2023-01-09T10:55:00+00:00\",\"dateModified\":\"2023-01-11T11:14:30+00:00\",\"description\":\"Owl Brewery ne este adus, la fel ca \u0219i Beast from the Yeast, de trei prieteni buni, doi IT-i\u0219ti \u0219i un bancher.\",\"breadcrumb\":{\"@id\":\"https:\/\/tw.cm.upt.ro\/10\/owl-brewery\/#breadcrumb\"},\"inLanguage\":\"en-US\",\"potentialAction\":[{\"@type\":\"ReadAction\",\"target\":[\"https:\/\/tw.cm.upt.ro\/10\/owl-brewery\/\"]}]},{\"@type\":\"ImageObject\",\"inLanguage\":\"en-US\",\"@id\":\"https:\/\/tw.cm.upt.ro\/10\/owl-brewery\/#primaryimage\",\"url\":\"https:\/\/tw.cm.upt.ro\/10\/wp-content\/uploads\/sites\/222\/2023\/01\/image-12.png\",\"contentUrl\":\"https:\/\/tw.cm.upt.ro\/10\/wp-content\/uploads\/sites\/222\/2023\/01\/image-12.png\",\"width\":434,\"height\":312},{\"@type\":\"BreadcrumbList\",\"@id\":\"https:\/\/tw.cm.upt.ro\/10\/owl-brewery\/#breadcrumb\",\"itemListElement\":[{\"@type\":\"ListItem\",\"position\":1,\"name\":\"Home\",\"item\":\"https:\/\/tw.cm.upt.ro\/10\/\"},{\"@type\":\"ListItem\",\"position\":2,\"name\":\"Owl Brewery\"}]},{\"@type\":\"WebSite\",\"@id\":\"https:\/\/tw.cm.upt.ro\/10\/#website\",\"url\":\"https:\/\/tw.cm.upt.ro\/10\/\",\"name\":\"PR&amp;Beer\",\"description\":\"Drink the Creativity Up\",\"publisher\":{\"@id\":\"https:\/\/tw.cm.upt.ro\/10\/#organization\"},\"potentialAction\":[{\"@type\":\"SearchAction\",\"target\":{\"@type\":\"EntryPoint\",\"urlTemplate\":\"https:\/\/tw.cm.upt.ro\/10\/?s={search_term_string}\"},\"query-input\":{\"@type\":\"PropertyValueSpecification\",\"valueRequired\":true,\"valueName\":\"search_term_string\"}}],\"inLanguage\":\"en-US\"},{\"@type\":\"Organization\",\"@id\":\"https:\/\/tw.cm.upt.ro\/10\/#organization\",\"name\":\"PR&amp;Beer\",\"url\":\"https:\/\/tw.cm.upt.ro\/10\/\",\"logo\":{\"@type\":\"ImageObject\",\"inLanguage\":\"en-US\",\"@id\":\"https:\/\/tw.cm.upt.ro\/10\/#\/schema\/logo\/image\/\",\"url\":\"https:\/\/tw.cm.upt.ro\/10\/wp-content\/uploads\/sites\/222\/2023\/01\/cropped-WhatsApp-Image-2023-01-10-at-20.42.31.jpeg\",\"contentUrl\":\"https:\/\/tw.cm.upt.ro\/10\/wp-content\/uploads\/sites\/222\/2023\/01\/cropped-WhatsApp-Image-2023-01-10-at-20.42.31.jpeg\",\"width\":240,\"height\":131,\"caption\":\"PR&amp;Beer\"},\"image\":{\"@id\":\"https:\/\/tw.cm.upt.ro\/10\/#\/schema\/logo\/image\/\"}}]}<\/script>\n<!-- \/ Yoast SEO plugin. -->","yoast_head_json":{"title":"Owl Brewery - PR&amp;Beer","description":"Owl Brewery ne este adus, la fel ca \u0219i Beast from the Yeast, de trei prieteni buni, doi IT-i\u0219ti \u0219i un bancher.","robots":{"index":"index","follow":"follow","max-snippet":"max-snippet:-1","max-image-preview":"max-image-preview:large","max-video-preview":"max-video-preview:-1"},"canonical":"https:\/\/tw.cm.upt.ro\/10\/owl-brewery\/","og_locale":"en_US","og_type":"article","og_title":"Owl Brewery - PR&amp;Beer","og_description":"Owl Brewery ne este adus, la fel ca \u0219i Beast from the Yeast, de trei prieteni buni, doi IT-i\u0219ti \u0219i un bancher.","og_url":"https:\/\/tw.cm.upt.ro\/10\/owl-brewery\/","og_site_name":"PR&amp;Beer","article_modified_time":"2023-01-11T11:14:30+00:00","og_image":[{"url":"https:\/\/tw.cm.upt.ro\/10\/wp-content\/uploads\/sites\/222\/2023\/01\/image-12.png","type":"","width":"","height":""}],"twitter_card":"summary_large_image","twitter_misc":{"Est. reading time":"2 minutes"},"schema":{"@context":"https:\/\/schema.org","@graph":[{"@type":"WebPage","@id":"https:\/\/tw.cm.upt.ro\/10\/owl-brewery\/","url":"https:\/\/tw.cm.upt.ro\/10\/owl-brewery\/","name":"Owl Brewery - PR&amp;Beer","isPartOf":{"@id":"https:\/\/tw.cm.upt.ro\/10\/#website"},"primaryImageOfPage":{"@id":"https:\/\/tw.cm.upt.ro\/10\/owl-brewery\/#primaryimage"},"image":{"@id":"https:\/\/tw.cm.upt.ro\/10\/owl-brewery\/#primaryimage"},"thumbnailUrl":"https:\/\/tw.cm.upt.ro\/10\/wp-content\/uploads\/sites\/222\/2023\/01\/image-12.png","datePublished":"2023-01-09T10:55:00+00:00","dateModified":"2023-01-11T11:14:30+00:00","description":"Owl Brewery ne este adus, la fel ca \u0219i Beast from the Yeast, de trei prieteni buni, doi IT-i\u0219ti \u0219i un bancher.","breadcrumb":{"@id":"https:\/\/tw.cm.upt.ro\/10\/owl-brewery\/#breadcrumb"},"inLanguage":"en-US","potentialAction":[{"@type":"ReadAction","target":["https:\/\/tw.cm.upt.ro\/10\/owl-brewery\/"]}]},{"@type":"ImageObject","inLanguage":"en-US","@id":"https:\/\/tw.cm.upt.ro\/10\/owl-brewery\/#primaryimage","url":"https:\/\/tw.cm.upt.ro\/10\/wp-content\/uploads\/sites\/222\/2023\/01\/image-12.png","contentUrl":"https:\/\/tw.cm.upt.ro\/10\/wp-content\/uploads\/sites\/222\/2023\/01\/image-12.png","width":434,"height":312},{"@type":"BreadcrumbList","@id":"https:\/\/tw.cm.upt.ro\/10\/owl-brewery\/#breadcrumb","itemListElement":[{"@type":"ListItem","position":1,"name":"Home","item":"https:\/\/tw.cm.upt.ro\/10\/"},{"@type":"ListItem","position":2,"name":"Owl Brewery"}]},{"@type":"WebSite","@id":"https:\/\/tw.cm.upt.ro\/10\/#website","url":"https:\/\/tw.cm.upt.ro\/10\/","name":"PR&amp;Beer","description":"Drink the Creativity Up","publisher":{"@id":"https:\/\/tw.cm.upt.ro\/10\/#organization"},"potentialAction":[{"@type":"SearchAction","target":{"@type":"EntryPoint","urlTemplate":"https:\/\/tw.cm.upt.ro\/10\/?s={search_term_string}"},"query-input":{"@type":"PropertyValueSpecification","valueRequired":true,"valueName":"search_term_string"}}],"inLanguage":"en-US"},{"@type":"Organization","@id":"https:\/\/tw.cm.upt.ro\/10\/#organization","name":"PR&amp;Beer","url":"https:\/\/tw.cm.upt.ro\/10\/","logo":{"@type":"ImageObject","inLanguage":"en-US","@id":"https:\/\/tw.cm.upt.ro\/10\/#\/schema\/logo\/image\/","url":"https:\/\/tw.cm.upt.ro\/10\/wp-content\/uploads\/sites\/222\/2023\/01\/cropped-WhatsApp-Image-2023-01-10-at-20.42.31.jpeg","contentUrl":"https:\/\/tw.cm.upt.ro\/10\/wp-content\/uploads\/sites\/222\/2023\/01\/cropped-WhatsApp-Image-2023-01-10-at-20.42.31.jpeg","width":240,"height":131,"caption":"PR&amp;Beer"},"image":{"@id":"https:\/\/tw.cm.upt.ro\/10\/#\/schema\/logo\/image\/"}}]}},"_links":{"self":[{"href":"https:\/\/tw.cm.upt.ro\/10\/wp-json\/wp\/v2\/pages\/237","targetHints":{"allow":["GET"]}}],"collection":[{"href":"https:\/\/tw.cm.upt.ro\/10\/wp-json\/wp\/v2\/pages"}],"about":[{"href":"https:\/\/tw.cm.upt.ro\/10\/wp-json\/wp\/v2\/types\/page"}],"author":[{"embeddable":true,"href":"https:\/\/tw.cm.upt.ro\/10\/wp-json\/wp\/v2\/users\/1"}],"replies":[{"embeddable":true,"href":"https:\/\/tw.cm.upt.ro\/10\/wp-json\/wp\/v2\/comments?post=237"}],"version-history":[{"count":2,"href":"https:\/\/tw.cm.upt.ro\/10\/wp-json\/wp\/v2\/pages\/237\/revisions"}],"predecessor-version":[{"id":257,"href":"https:\/\/tw.cm.upt.ro\/10\/wp-json\/wp\/v2\/pages\/237\/revisions\/257"}],"wp:attachment":[{"href":"https:\/\/tw.cm.upt.ro\/10\/wp-json\/wp\/v2\/media?parent=237"}],"curies":[{"name":"wp","href":"https:\/\/api.w.org\/{rel}","templated":true}]}}