{"id":79,"date":"2023-01-10T19:16:41","date_gmt":"2023-01-10T19:16:41","guid":{"rendered":"https:\/\/tw.cm.upt.ro\/10\/?page_id=79"},"modified":"2023-01-12T16:04:49","modified_gmt":"2023-01-12T16:04:49","slug":"despre","status":"publish","type":"page","link":"https:\/\/tw.cm.upt.ro\/10\/","title":{"rendered":"Despre noi"},"content":{"rendered":"<div id=\"fb-root\"><\/div>\n\t\t<div data-elementor-type=\"wp-page\" data-elementor-id=\"79\" class=\"elementor elementor-79\">\n\t\t\t\t\t\t<section class=\"elementor-section elementor-top-section elementor-element elementor-element-48858c97 elementor-section-boxed elementor-section-height-default elementor-section-height-default\" data-id=\"48858c97\" data-element_type=\"section\" data-e-type=\"section\">\n\t\t\t\t\t\t<div class=\"elementor-container elementor-column-gap-default\">\n\t\t\t\t\t<div class=\"elementor-column elementor-col-100 elementor-top-column elementor-element elementor-element-25a59ea0\" data-id=\"25a59ea0\" data-element_type=\"column\" data-e-type=\"column\">\n\t\t\t<div class=\"elementor-widget-wrap elementor-element-populated\">\n\t\t\t\t\t\t<div class=\"elementor-element elementor-element-a458863 elementor-widget__width-initial elementor-fixed elementor-shape-rounded elementor-grid-0 e-grid-align-center elementor-widget elementor-widget-social-icons\" data-id=\"a458863\" data-element_type=\"widget\" data-e-type=\"widget\" data-settings=\"{&quot;_position&quot;:&quot;fixed&quot;}\" data-widget_type=\"social-icons.default\">\n\t\t\t\t<div class=\"elementor-widget-container\">\n\t\t\t\t\t\t\t<div class=\"elementor-social-icons-wrapper elementor-grid\" role=\"list\">\n\t\t\t\t\t\t\t<span class=\"elementor-grid-item\" role=\"listitem\">\n\t\t\t\t\t<a class=\"elementor-icon elementor-social-icon elementor-social-icon-facebook elementor-repeater-item-0d210df\" href=\"https:\/\/www.facebook.com\/daciana.grasu\/\" target=\"_blank\">\n\t\t\t\t\t\t<span class=\"elementor-screen-only\">Facebook<\/span>\n\t\t\t\t\t\t<i aria-hidden=\"true\" class=\"fab fa-facebook\"><\/i>\t\t\t\t\t<\/a>\n\t\t\t\t<\/span>\n\t\t\t\t\t\t\t<span class=\"elementor-grid-item\" role=\"listitem\">\n\t\t\t\t\t<a class=\"elementor-icon elementor-social-icon elementor-social-icon-instagram elementor-repeater-item-8fbe638\" href=\"https:\/\/www.instagram.com\/dacianagrasu\/\" target=\"_blank\">\n\t\t\t\t\t\t<span class=\"elementor-screen-only\">Instagram<\/span>\n\t\t\t\t\t\t<i aria-hidden=\"true\" class=\"fab fa-instagram\"><\/i>\t\t\t\t\t<\/a>\n\t\t\t\t<\/span>\n\t\t\t\t\t<\/div>\n\t\t\t\t\t\t<\/div>\n\t\t\t\t<\/div>\n\t\t\t\t<div class=\"elementor-element elementor-element-29c2deb6 elementor-widget elementor-widget-text-editor\" data-id=\"29c2deb6\" data-element_type=\"widget\" data-e-type=\"widget\" data-widget_type=\"text-editor.default\">\n\t\t\t\t<div class=\"elementor-widget-container\">\n\t\t\t\t\t\t\t\t\t\n<p>Hi, there, you little creative mind! <\/p>\n\n\n\n<p>PR&amp;Beer a ap\u0103rut ca \u0219i o nevoie pentru noi de a ne exprima cele dou\u0103 mari iubiri \u00een via\u021b\u0103: PR-ul \u0219i berea craft!<br><strong>De ce PR?<\/strong> Pentru c\u0103 tr\u0103im \u0219i suntem \u00eenconjura\u021bi de creativitate, iar cum internetul is an ever growing place, e bine s\u0103 \u0219tii c\u00e2te pu\u021bin din domeniul advertisingului \u0219i al PR-ului online.<br><strong>De ce bere? \u0218i de ce bere craft?<\/strong> Ei bine, fiind un produs artizanal, produs la scal\u0103 mic\u0103 \u0219i lupt\u00e2ndu-se cu marile branduri de pe pia\u021ba, berea craft (artizanal\u0103) este exemplul perfect de produs creativ, prin designul s\u0103u \u201eeye catching\u201d \u0219i prin pove\u0219tile pe care le spune cu fiecare arom\u0103 \u0219i etichet\u0103 \u00een parte. Deci branding, creativitate \u0219i -nu \u00een cele din urm\u0103- un PR cu un gust savuros&#8230; quite literally.<\/p>\n\n\n\n<p>La fel ca voi, vrem s\u0103 explor\u0103m lumea asta plin\u0103 de creativitate, s\u0103 vedem ce putem face pentru a ne \u00eembun\u0103t\u0103\u021bii, dar \u0219i s\u0103 ne chill-uim pu\u021bin \u00eentre timp, \u00een timp ce scriem articole sau le citit, cu o bere rece \u00een m\u00e2n\u0103.<\/p>\n\t\t\t\t\t\t\t\t<\/div>\n\t\t\t\t<\/div>\n\t\t\t\t\t<\/div>\n\t\t<\/div>\n\t\t\t\t\t<\/div>\n\t\t<\/section>\n\t\t\t\t<\/div>\n\t\t","protected":false},"excerpt":{"rendered":"<p>Facebook Instagram Hi, there, you little creative mind! PR&amp;Beer a ap\u0103rut ca \u0219i o nevoie pentru noi de a ne exprima cele dou\u0103 mari iubiri \u00een via\u021b\u0103: PR-ul \u0219i berea craft!De ce PR? Pentru c\u0103 tr\u0103im \u0219i suntem \u00eenconjura\u021bi de creativitate, iar cum internetul is an ever growing place, e bine s\u0103 \u0219tii c\u00e2te pu\u021bin &hellip; <a href=\"https:\/\/tw.cm.upt.ro\/10\/\" class=\"more-link\">Continue reading<span class=\"screen-reader-text\"> &#8220;Despre noi&#8221;<\/span><\/a><\/p>\n","protected":false},"author":1,"featured_media":0,"parent":0,"menu_order":0,"comment_status":"closed","ping_status":"closed","template":"","meta":{"wprm-recipe-roundup-name":"","wprm-recipe-roundup-description":"","ngg_post_thumbnail":0,"footnotes":""},"class_list":["post-79","page","type-page","status-publish","hentry"],"yoast_head":"<!-- This site is optimized with the Yoast SEO plugin v27.1.1 - https:\/\/yoast.com\/product\/yoast-seo-wordpress\/ -->\n<title>Despre noi - PR&amp;Beer<\/title>\n<meta name=\"description\" content=\"PR lover? Craft beer lover? You are one of us! Suntem aici s\u0103-\u021bi \u00eemp\u0103rt\u0103\u0219im pasiunile \u0219i pl\u0103cerile \u0219i s\u0103 ne relax\u0103m \u00eempreun\u0103.\" \/>\n<meta name=\"robots\" content=\"index, follow, max-snippet:-1, max-image-preview:large, max-video-preview:-1\" \/>\n<link rel=\"canonical\" href=\"https:\/\/tw.cm.upt.ro\/10\/\" \/>\n<meta property=\"og:locale\" content=\"en_US\" \/>\n<meta property=\"og:type\" content=\"article\" \/>\n<meta property=\"og:title\" content=\"Despre noi - PR&amp;Beer\" \/>\n<meta property=\"og:description\" content=\"PR lover? Craft beer lover? You are one of us! Suntem aici s\u0103-\u021bi \u00eemp\u0103rt\u0103\u0219im pasiunile \u0219i pl\u0103cerile \u0219i s\u0103 ne relax\u0103m \u00eempreun\u0103.\" \/>\n<meta property=\"og:url\" content=\"https:\/\/tw.cm.upt.ro\/10\/\" \/>\n<meta property=\"og:site_name\" content=\"PR&amp;Beer\" \/>\n<meta property=\"article:modified_time\" content=\"2023-01-12T16:04:49+00:00\" \/>\n<meta name=\"twitter:card\" content=\"summary_large_image\" \/>\n<meta name=\"twitter:label1\" content=\"Est. reading time\" \/>\n\t<meta name=\"twitter:data1\" content=\"1 minute\" \/>\n<script type=\"application\/ld+json\" class=\"yoast-schema-graph\">{\"@context\":\"https:\/\/schema.org\",\"@graph\":[{\"@type\":\"WebPage\",\"@id\":\"https:\/\/tw.cm.upt.ro\/10\/\",\"url\":\"https:\/\/tw.cm.upt.ro\/10\/\",\"name\":\"Despre noi - PR&amp;Beer\",\"isPartOf\":{\"@id\":\"https:\/\/tw.cm.upt.ro\/10\/#website\"},\"datePublished\":\"2023-01-10T19:16:41+00:00\",\"dateModified\":\"2023-01-12T16:04:49+00:00\",\"description\":\"PR lover? Craft beer lover? You are one of us! Suntem aici s\u0103-\u021bi \u00eemp\u0103rt\u0103\u0219im pasiunile \u0219i pl\u0103cerile \u0219i s\u0103 ne relax\u0103m \u00eempreun\u0103.\",\"breadcrumb\":{\"@id\":\"https:\/\/tw.cm.upt.ro\/10\/#breadcrumb\"},\"inLanguage\":\"en-US\",\"potentialAction\":[{\"@type\":\"ReadAction\",\"target\":[\"https:\/\/tw.cm.upt.ro\/10\/\"]}]},{\"@type\":\"BreadcrumbList\",\"@id\":\"https:\/\/tw.cm.upt.ro\/10\/#breadcrumb\",\"itemListElement\":[{\"@type\":\"ListItem\",\"position\":1,\"name\":\"Home\",\"item\":\"https:\/\/tw.cm.upt.ro\/10\/\"},{\"@type\":\"ListItem\",\"position\":2,\"name\":\"Despre noi\"}]},{\"@type\":\"WebSite\",\"@id\":\"https:\/\/tw.cm.upt.ro\/10\/#website\",\"url\":\"https:\/\/tw.cm.upt.ro\/10\/\",\"name\":\"PR&amp;Beer\",\"description\":\"Drink the Creativity Up\",\"publisher\":{\"@id\":\"https:\/\/tw.cm.upt.ro\/10\/#organization\"},\"potentialAction\":[{\"@type\":\"SearchAction\",\"target\":{\"@type\":\"EntryPoint\",\"urlTemplate\":\"https:\/\/tw.cm.upt.ro\/10\/?s={search_term_string}\"},\"query-input\":{\"@type\":\"PropertyValueSpecification\",\"valueRequired\":true,\"valueName\":\"search_term_string\"}}],\"inLanguage\":\"en-US\"},{\"@type\":\"Organization\",\"@id\":\"https:\/\/tw.cm.upt.ro\/10\/#organization\",\"name\":\"PR&amp;Beer\",\"url\":\"https:\/\/tw.cm.upt.ro\/10\/\",\"logo\":{\"@type\":\"ImageObject\",\"inLanguage\":\"en-US\",\"@id\":\"https:\/\/tw.cm.upt.ro\/10\/#\/schema\/logo\/image\/\",\"url\":\"https:\/\/tw.cm.upt.ro\/10\/wp-content\/uploads\/sites\/222\/2023\/01\/cropped-WhatsApp-Image-2023-01-10-at-20.42.31.jpeg\",\"contentUrl\":\"https:\/\/tw.cm.upt.ro\/10\/wp-content\/uploads\/sites\/222\/2023\/01\/cropped-WhatsApp-Image-2023-01-10-at-20.42.31.jpeg\",\"width\":240,\"height\":131,\"caption\":\"PR&amp;Beer\"},\"image\":{\"@id\":\"https:\/\/tw.cm.upt.ro\/10\/#\/schema\/logo\/image\/\"}}]}<\/script>\n<!-- \/ Yoast SEO plugin. -->","yoast_head_json":{"title":"Despre noi - PR&amp;Beer","description":"PR lover? Craft beer lover? You are one of us! Suntem aici s\u0103-\u021bi \u00eemp\u0103rt\u0103\u0219im pasiunile \u0219i pl\u0103cerile \u0219i s\u0103 ne relax\u0103m \u00eempreun\u0103.","robots":{"index":"index","follow":"follow","max-snippet":"max-snippet:-1","max-image-preview":"max-image-preview:large","max-video-preview":"max-video-preview:-1"},"canonical":"https:\/\/tw.cm.upt.ro\/10\/","og_locale":"en_US","og_type":"article","og_title":"Despre noi - PR&amp;Beer","og_description":"PR lover? Craft beer lover? You are one of us! Suntem aici s\u0103-\u021bi \u00eemp\u0103rt\u0103\u0219im pasiunile \u0219i pl\u0103cerile \u0219i s\u0103 ne relax\u0103m \u00eempreun\u0103.","og_url":"https:\/\/tw.cm.upt.ro\/10\/","og_site_name":"PR&amp;Beer","article_modified_time":"2023-01-12T16:04:49+00:00","twitter_card":"summary_large_image","twitter_misc":{"Est. reading time":"1 minute"},"schema":{"@context":"https:\/\/schema.org","@graph":[{"@type":"WebPage","@id":"https:\/\/tw.cm.upt.ro\/10\/","url":"https:\/\/tw.cm.upt.ro\/10\/","name":"Despre noi - PR&amp;Beer","isPartOf":{"@id":"https:\/\/tw.cm.upt.ro\/10\/#website"},"datePublished":"2023-01-10T19:16:41+00:00","dateModified":"2023-01-12T16:04:49+00:00","description":"PR lover? Craft beer lover? You are one of us! Suntem aici s\u0103-\u021bi \u00eemp\u0103rt\u0103\u0219im pasiunile \u0219i pl\u0103cerile \u0219i s\u0103 ne relax\u0103m \u00eempreun\u0103.","breadcrumb":{"@id":"https:\/\/tw.cm.upt.ro\/10\/#breadcrumb"},"inLanguage":"en-US","potentialAction":[{"@type":"ReadAction","target":["https:\/\/tw.cm.upt.ro\/10\/"]}]},{"@type":"BreadcrumbList","@id":"https:\/\/tw.cm.upt.ro\/10\/#breadcrumb","itemListElement":[{"@type":"ListItem","position":1,"name":"Home","item":"https:\/\/tw.cm.upt.ro\/10\/"},{"@type":"ListItem","position":2,"name":"Despre noi"}]},{"@type":"WebSite","@id":"https:\/\/tw.cm.upt.ro\/10\/#website","url":"https:\/\/tw.cm.upt.ro\/10\/","name":"PR&amp;Beer","description":"Drink the Creativity Up","publisher":{"@id":"https:\/\/tw.cm.upt.ro\/10\/#organization"},"potentialAction":[{"@type":"SearchAction","target":{"@type":"EntryPoint","urlTemplate":"https:\/\/tw.cm.upt.ro\/10\/?s={search_term_string}"},"query-input":{"@type":"PropertyValueSpecification","valueRequired":true,"valueName":"search_term_string"}}],"inLanguage":"en-US"},{"@type":"Organization","@id":"https:\/\/tw.cm.upt.ro\/10\/#organization","name":"PR&amp;Beer","url":"https:\/\/tw.cm.upt.ro\/10\/","logo":{"@type":"ImageObject","inLanguage":"en-US","@id":"https:\/\/tw.cm.upt.ro\/10\/#\/schema\/logo\/image\/","url":"https:\/\/tw.cm.upt.ro\/10\/wp-content\/uploads\/sites\/222\/2023\/01\/cropped-WhatsApp-Image-2023-01-10-at-20.42.31.jpeg","contentUrl":"https:\/\/tw.cm.upt.ro\/10\/wp-content\/uploads\/sites\/222\/2023\/01\/cropped-WhatsApp-Image-2023-01-10-at-20.42.31.jpeg","width":240,"height":131,"caption":"PR&amp;Beer"},"image":{"@id":"https:\/\/tw.cm.upt.ro\/10\/#\/schema\/logo\/image\/"}}]}},"_links":{"self":[{"href":"https:\/\/tw.cm.upt.ro\/10\/wp-json\/wp\/v2\/pages\/79","targetHints":{"allow":["GET"]}}],"collection":[{"href":"https:\/\/tw.cm.upt.ro\/10\/wp-json\/wp\/v2\/pages"}],"about":[{"href":"https:\/\/tw.cm.upt.ro\/10\/wp-json\/wp\/v2\/types\/page"}],"author":[{"embeddable":true,"href":"https:\/\/tw.cm.upt.ro\/10\/wp-json\/wp\/v2\/users\/1"}],"replies":[{"embeddable":true,"href":"https:\/\/tw.cm.upt.ro\/10\/wp-json\/wp\/v2\/comments?post=79"}],"version-history":[{"count":18,"href":"https:\/\/tw.cm.upt.ro\/10\/wp-json\/wp\/v2\/pages\/79\/revisions"}],"predecessor-version":[{"id":276,"href":"https:\/\/tw.cm.upt.ro\/10\/wp-json\/wp\/v2\/pages\/79\/revisions\/276"}],"wp:attachment":[{"href":"https:\/\/tw.cm.upt.ro\/10\/wp-json\/wp\/v2\/media?parent=79"}],"curies":[{"name":"wp","href":"https:\/\/api.w.org\/{rel}","templated":true}]}}