{"id":68,"date":"2022-12-12T17:20:31","date_gmt":"2022-12-12T17:20:31","guid":{"rendered":"https:\/\/tw.cm.upt.ro\/20\/?page_id=68"},"modified":"2022-12-13T16:22:30","modified_gmt":"2022-12-13T16:22:30","slug":"about","status":"publish","type":"page","link":"https:\/\/tw.cm.upt.ro\/20\/about\/","title":{"rendered":"About"},"content":{"rendered":"<div id=\"fb-root\"><\/div>\n\n<div class=\"wp-block-cover has-background-dim\"><img fetchpriority=\"high\" decoding=\"async\" width=\"2560\" height=\"1707\" class=\"wp-block-cover__image-background wp-image-95\" alt=\"\" src=\"https:\/\/tw.cm.upt.ro\/20\/wp-content\/uploads\/sites\/232\/2022\/12\/4155982-1-scaled.jpg\" data-object-fit=\"cover\" srcset=\"https:\/\/tw.cm.upt.ro\/20\/wp-content\/uploads\/sites\/232\/2022\/12\/4155982-1-scaled.jpg 2560w, https:\/\/tw.cm.upt.ro\/20\/wp-content\/uploads\/sites\/232\/2022\/12\/4155982-1-300x200.jpg 300w, https:\/\/tw.cm.upt.ro\/20\/wp-content\/uploads\/sites\/232\/2022\/12\/4155982-1-1024x683.jpg 1024w, https:\/\/tw.cm.upt.ro\/20\/wp-content\/uploads\/sites\/232\/2022\/12\/4155982-1-768x512.jpg 768w, https:\/\/tw.cm.upt.ro\/20\/wp-content\/uploads\/sites\/232\/2022\/12\/4155982-1-150x100.jpg 150w, https:\/\/tw.cm.upt.ro\/20\/wp-content\/uploads\/sites\/232\/2022\/12\/4155982-1-600x400.jpg 600w, https:\/\/tw.cm.upt.ro\/20\/wp-content\/uploads\/sites\/232\/2022\/12\/4155982-1-1536x1024.jpg 1536w, https:\/\/tw.cm.upt.ro\/20\/wp-content\/uploads\/sites\/232\/2022\/12\/4155982-1-2048x1365.jpg 2048w, https:\/\/tw.cm.upt.ro\/20\/wp-content\/uploads\/sites\/232\/2022\/12\/4155982-1-1140x760.jpg 1140w\" sizes=\"(max-width: 2560px) 100vw, 2560px\" \/><div class=\"wp-block-cover__inner-container is-layout-flow wp-block-cover-is-layout-flow\">\n<p class=\"has-text-align-center has-large-font-size\"><\/p>\n<\/div><\/div>\n\n\n\n<p><strong>Despre <span class=\"has-inline-color has-pale-pink-color\">mine<\/span><\/strong><\/p>\n\n\n\n<p><font style=\"vertical-align: inherit\"><font style=\"vertical-align: inherit\">N-ar fi prea multe de spus&#8230; Niciodat\u0103 nu mi-a pl\u0103cut s\u0103 scriu despre mine, dar uite c\u0103 trebuie s\u0103 o fac pentru a putea s\u0103 m\u0103 cunoa\u0219te\u021bi. Voi \u00eencepe cu mici detalii \u201etehnice\u201d, as\u0103 c\u0103 eu sunt Elena, am 23 de ani \u0219i sunt masterand\u0103 \u00een anul al-II-lea la Comunicare, rela\u021bii publice \u0219i media digital\u0103, \u00een cadrul Universit\u0103\u021bii Politehnice din Timi\u0219oara. Acest blog este o provocare \u0219i l-am creat din pasiunea mea pentru skincare \u0219i din necesitatea de a aborda un subiect ce-mi este cunoscut.<\/font><\/font> <\/p>\n\n\n\n<p>Pe l\u00e2ng\u0103 pasiunea mea pentru produsele de \u00eengrijire \u0219i obsesia evident\u0103 privind acurate\u021bea ingredientelor, pot spune c\u0103 \u00eemi place s\u0103 scriu, dar nu despre mine, a\u0219a cum am amintit mai sus. Dar dincolo de asta sunt o fiin\u021b\u0103 terestr\u0103 cerebral\u0103, dar cu \u00eenclina\u021bie spre emo\u021bional. Paradox, nu? O hedonist\u0103 \u0219i libertin\u0103 epicurean\u0103 cu tent\u0103 machiavelic\u0103 disec\u00e2nd impulsurile umane. <\/p>\n\n\n\n<p><strong>Dar nu despre mine este vorba \u00een acest blog, nu<\/strong>?<\/p>\n\n\n\n<hr class=\"wp-block-separator\" \/>\n\n\n\n<p><strong>Despre<span class=\"has-inline-color has-pale-pink-color\"> blog<\/span><\/strong><\/p>\n\n\n\n<p><font style=\"vertical-align: inherit\"><font style=\"vertical-align: inherit\">Ceea ce a \u00eenceput ca un proiect pentru facultate este acum col\u021bul \u00een care vei g\u0103si con\u021binut legat de beauty. Voi posta periodic nout\u0103\u021bi \u0219i recomand\u0103ri.<\/font><\/font> <\/p>\n","protected":false},"excerpt":{"rendered":"<p>Despre mine N-ar fi prea multe de spus&#8230; Niciodat\u0103 nu mi-a pl\u0103cut s\u0103 scriu despre mine, dar uite c\u0103 trebuie s\u0103 o fac pentru a putea s\u0103 m\u0103 cunoa\u0219te\u021bi. Voi \u00eencepe cu mici detalii \u201etehnice\u201d, as\u0103 c\u0103 eu sunt Elena, am 23 de ani \u0219i sunt masterand\u0103 \u00een anul al-II-lea la Comunicare, rela\u021bii publice \u0219i media digital\u0103, \u00een cadrul Universit\u0103\u021bii Politehnice din Timi\u0219oara. Acest blog este o provocare \u0219i l-am creat din pasiunea mea pentru skincare \u0219i din necesitatea de a aborda un subiect ce-mi este cunoscut. Pe l\u00e2ng\u0103 pasiunea mea pentru produsele de \u00eengrijire \u0219i obsesia evident\u0103 privind acurate\u021bea ingredientelor, pot spune c\u0103 \u00eemi place s\u0103 scriu, dar nu despre mine, a\u0219a cum am amintit mai sus. Dar dincolo de asta sunt o fiin\u021b\u0103 terestr\u0103 cerebral\u0103, dar cu \u00eenclina\u021bie spre emo\u021bional. Paradox, nu? O hedonist\u0103 \u0219i libertin\u0103 epicurean\u0103 cu tent\u0103 machiavelic\u0103 disec\u00e2nd impulsurile umane. Dar nu despre mine este vorba \u00een acest blog, nu? Despre blog Ceea ce a \u00eenceput ca un proiect pentru facultate este acum col\u021bul \u00een care vei g\u0103si con\u021binut legat de beauty. Voi posta periodic nout\u0103\u021bi \u0219i recomand\u0103ri.<\/p>\n","protected":false},"author":230,"featured_media":0,"parent":0,"menu_order":0,"comment_status":"closed","ping_status":"closed","template":"","meta":{"wprm-recipe-roundup-name":"","wprm-recipe-roundup-description":"","ngg_post_thumbnail":0,"footnotes":""},"class_list":["post-68","page","type-page","status-publish","hentry"],"yoast_head":"<!-- This site is optimized with the Yoast SEO plugin v27.1.1 - https:\/\/yoast.com\/product\/yoast-seo-wordpress\/ -->\n<title>About - The beauty corner<\/title>\n<meta name=\"robots\" content=\"index, follow, max-snippet:-1, max-image-preview:large, max-video-preview:-1\" \/>\n<link rel=\"canonical\" href=\"https:\/\/tw.cm.upt.ro\/20\/about\/\" \/>\n<meta property=\"og:locale\" content=\"en_US\" \/>\n<meta property=\"og:type\" content=\"article\" \/>\n<meta property=\"og:title\" content=\"About - The beauty corner\" \/>\n<meta property=\"og:description\" content=\"Despre mine N-ar fi prea multe de spus&#8230; Niciodat\u0103 nu mi-a pl\u0103cut s\u0103 scriu despre mine, dar uite c\u0103 trebuie s\u0103 o fac pentru a putea s\u0103 m\u0103 cunoa\u0219te\u021bi. Voi \u00eencepe cu mici detalii \u201etehnice\u201d, as\u0103 c\u0103 eu sunt Elena, am 23 de ani \u0219i sunt masterand\u0103 \u00een anul al-II-lea la Comunicare, rela\u021bii publice \u0219i media digital\u0103, \u00een cadrul Universit\u0103\u021bii Politehnice din Timi\u0219oara. Acest blog este o provocare \u0219i l-am creat din pasiunea mea pentru skincare \u0219i din necesitatea de a aborda un subiect ce-mi este cunoscut. Pe l\u00e2ng\u0103 pasiunea mea pentru produsele de \u00eengrijire \u0219i obsesia evident\u0103 privind acurate\u021bea ingredientelor, pot spune c\u0103 \u00eemi place s\u0103 scriu, dar nu despre mine, a\u0219a cum am amintit mai sus. Dar dincolo de asta sunt o fiin\u021b\u0103 terestr\u0103 cerebral\u0103, dar cu \u00eenclina\u021bie spre emo\u021bional. Paradox, nu? O hedonist\u0103 \u0219i libertin\u0103 epicurean\u0103 cu tent\u0103 machiavelic\u0103 disec\u00e2nd impulsurile umane. Dar nu despre mine este vorba \u00een acest blog, nu? Despre blog Ceea ce a \u00eenceput ca un proiect pentru facultate este acum col\u021bul \u00een care vei g\u0103si con\u021binut legat de beauty. Voi posta periodic nout\u0103\u021bi \u0219i recomand\u0103ri.\" \/>\n<meta property=\"og:url\" content=\"https:\/\/tw.cm.upt.ro\/20\/about\/\" \/>\n<meta property=\"og:site_name\" content=\"The beauty corner\" \/>\n<meta property=\"article:modified_time\" content=\"2022-12-13T16:22:30+00:00\" \/>\n<meta property=\"og:image\" content=\"https:\/\/tw.cm.upt.ro\/20\/wp-content\/uploads\/sites\/232\/2022\/12\/4155982-1-scaled.jpg\" \/>\n<meta name=\"twitter:card\" content=\"summary_large_image\" \/>\n<meta name=\"twitter:label1\" content=\"Est. reading time\" \/>\n\t<meta name=\"twitter:data1\" content=\"2 minutes\" \/>\n<script type=\"application\/ld+json\" class=\"yoast-schema-graph\">{\"@context\":\"https:\/\/schema.org\",\"@graph\":[{\"@type\":\"WebPage\",\"@id\":\"https:\/\/tw.cm.upt.ro\/20\/about\/\",\"url\":\"https:\/\/tw.cm.upt.ro\/20\/about\/\",\"name\":\"About - The beauty corner\",\"isPartOf\":{\"@id\":\"https:\/\/tw.cm.upt.ro\/20\/#website\"},\"primaryImageOfPage\":{\"@id\":\"https:\/\/tw.cm.upt.ro\/20\/about\/#primaryimage\"},\"image\":{\"@id\":\"https:\/\/tw.cm.upt.ro\/20\/about\/#primaryimage\"},\"thumbnailUrl\":\"https:\/\/tw.cm.upt.ro\/20\/wp-content\/uploads\/sites\/232\/2022\/12\/4155982-1-scaled.jpg\",\"datePublished\":\"2022-12-12T17:20:31+00:00\",\"dateModified\":\"2022-12-13T16:22:30+00:00\",\"breadcrumb\":{\"@id\":\"https:\/\/tw.cm.upt.ro\/20\/about\/#breadcrumb\"},\"inLanguage\":\"en-US\",\"potentialAction\":[{\"@type\":\"ReadAction\",\"target\":[\"https:\/\/tw.cm.upt.ro\/20\/about\/\"]}]},{\"@type\":\"ImageObject\",\"inLanguage\":\"en-US\",\"@id\":\"https:\/\/tw.cm.upt.ro\/20\/about\/#primaryimage\",\"url\":\"https:\/\/tw.cm.upt.ro\/20\/wp-content\/uploads\/sites\/232\/2022\/12\/4155982-1-scaled.jpg\",\"contentUrl\":\"https:\/\/tw.cm.upt.ro\/20\/wp-content\/uploads\/sites\/232\/2022\/12\/4155982-1-scaled.jpg\"},{\"@type\":\"BreadcrumbList\",\"@id\":\"https:\/\/tw.cm.upt.ro\/20\/about\/#breadcrumb\",\"itemListElement\":[{\"@type\":\"ListItem\",\"position\":1,\"name\":\"Home\",\"item\":\"https:\/\/tw.cm.upt.ro\/20\/\"},{\"@type\":\"ListItem\",\"position\":2,\"name\":\"About\"}]},{\"@type\":\"WebSite\",\"@id\":\"https:\/\/tw.cm.upt.ro\/20\/#website\",\"url\":\"https:\/\/tw.cm.upt.ro\/20\/\",\"name\":\"The beauty corner\",\"description\":\"A skincare blog\",\"potentialAction\":[{\"@type\":\"SearchAction\",\"target\":{\"@type\":\"EntryPoint\",\"urlTemplate\":\"https:\/\/tw.cm.upt.ro\/20\/?s={search_term_string}\"},\"query-input\":{\"@type\":\"PropertyValueSpecification\",\"valueRequired\":true,\"valueName\":\"search_term_string\"}}],\"inLanguage\":\"en-US\"}]}<\/script>\n<!-- \/ Yoast SEO plugin. -->","yoast_head_json":{"title":"About - The beauty corner","robots":{"index":"index","follow":"follow","max-snippet":"max-snippet:-1","max-image-preview":"max-image-preview:large","max-video-preview":"max-video-preview:-1"},"canonical":"https:\/\/tw.cm.upt.ro\/20\/about\/","og_locale":"en_US","og_type":"article","og_title":"About - The beauty corner","og_description":"Despre mine N-ar fi prea multe de spus&#8230; Niciodat\u0103 nu mi-a pl\u0103cut s\u0103 scriu despre mine, dar uite c\u0103 trebuie s\u0103 o fac pentru a putea s\u0103 m\u0103 cunoa\u0219te\u021bi. Voi \u00eencepe cu mici detalii \u201etehnice\u201d, as\u0103 c\u0103 eu sunt Elena, am 23 de ani \u0219i sunt masterand\u0103 \u00een anul al-II-lea la Comunicare, rela\u021bii publice \u0219i media digital\u0103, \u00een cadrul Universit\u0103\u021bii Politehnice din Timi\u0219oara. Acest blog este o provocare \u0219i l-am creat din pasiunea mea pentru skincare \u0219i din necesitatea de a aborda un subiect ce-mi este cunoscut. Pe l\u00e2ng\u0103 pasiunea mea pentru produsele de \u00eengrijire \u0219i obsesia evident\u0103 privind acurate\u021bea ingredientelor, pot spune c\u0103 \u00eemi place s\u0103 scriu, dar nu despre mine, a\u0219a cum am amintit mai sus. Dar dincolo de asta sunt o fiin\u021b\u0103 terestr\u0103 cerebral\u0103, dar cu \u00eenclina\u021bie spre emo\u021bional. Paradox, nu? O hedonist\u0103 \u0219i libertin\u0103 epicurean\u0103 cu tent\u0103 machiavelic\u0103 disec\u00e2nd impulsurile umane. Dar nu despre mine este vorba \u00een acest blog, nu? Despre blog Ceea ce a \u00eenceput ca un proiect pentru facultate este acum col\u021bul \u00een care vei g\u0103si con\u021binut legat de beauty. Voi posta periodic nout\u0103\u021bi \u0219i recomand\u0103ri.","og_url":"https:\/\/tw.cm.upt.ro\/20\/about\/","og_site_name":"The beauty corner","article_modified_time":"2022-12-13T16:22:30+00:00","og_image":[{"url":"https:\/\/tw.cm.upt.ro\/20\/wp-content\/uploads\/sites\/232\/2022\/12\/4155982-1-scaled.jpg","type":"","width":"","height":""}],"twitter_card":"summary_large_image","twitter_misc":{"Est. reading time":"2 minutes"},"schema":{"@context":"https:\/\/schema.org","@graph":[{"@type":"WebPage","@id":"https:\/\/tw.cm.upt.ro\/20\/about\/","url":"https:\/\/tw.cm.upt.ro\/20\/about\/","name":"About - The beauty corner","isPartOf":{"@id":"https:\/\/tw.cm.upt.ro\/20\/#website"},"primaryImageOfPage":{"@id":"https:\/\/tw.cm.upt.ro\/20\/about\/#primaryimage"},"image":{"@id":"https:\/\/tw.cm.upt.ro\/20\/about\/#primaryimage"},"thumbnailUrl":"https:\/\/tw.cm.upt.ro\/20\/wp-content\/uploads\/sites\/232\/2022\/12\/4155982-1-scaled.jpg","datePublished":"2022-12-12T17:20:31+00:00","dateModified":"2022-12-13T16:22:30+00:00","breadcrumb":{"@id":"https:\/\/tw.cm.upt.ro\/20\/about\/#breadcrumb"},"inLanguage":"en-US","potentialAction":[{"@type":"ReadAction","target":["https:\/\/tw.cm.upt.ro\/20\/about\/"]}]},{"@type":"ImageObject","inLanguage":"en-US","@id":"https:\/\/tw.cm.upt.ro\/20\/about\/#primaryimage","url":"https:\/\/tw.cm.upt.ro\/20\/wp-content\/uploads\/sites\/232\/2022\/12\/4155982-1-scaled.jpg","contentUrl":"https:\/\/tw.cm.upt.ro\/20\/wp-content\/uploads\/sites\/232\/2022\/12\/4155982-1-scaled.jpg"},{"@type":"BreadcrumbList","@id":"https:\/\/tw.cm.upt.ro\/20\/about\/#breadcrumb","itemListElement":[{"@type":"ListItem","position":1,"name":"Home","item":"https:\/\/tw.cm.upt.ro\/20\/"},{"@type":"ListItem","position":2,"name":"About"}]},{"@type":"WebSite","@id":"https:\/\/tw.cm.upt.ro\/20\/#website","url":"https:\/\/tw.cm.upt.ro\/20\/","name":"The beauty corner","description":"A skincare blog","potentialAction":[{"@type":"SearchAction","target":{"@type":"EntryPoint","urlTemplate":"https:\/\/tw.cm.upt.ro\/20\/?s={search_term_string}"},"query-input":{"@type":"PropertyValueSpecification","valueRequired":true,"valueName":"search_term_string"}}],"inLanguage":"en-US"}]}},"_links":{"self":[{"href":"https:\/\/tw.cm.upt.ro\/20\/wp-json\/wp\/v2\/pages\/68","targetHints":{"allow":["GET"]}}],"collection":[{"href":"https:\/\/tw.cm.upt.ro\/20\/wp-json\/wp\/v2\/pages"}],"about":[{"href":"https:\/\/tw.cm.upt.ro\/20\/wp-json\/wp\/v2\/types\/page"}],"author":[{"embeddable":true,"href":"https:\/\/tw.cm.upt.ro\/20\/wp-json\/wp\/v2\/users\/230"}],"replies":[{"embeddable":true,"href":"https:\/\/tw.cm.upt.ro\/20\/wp-json\/wp\/v2\/comments?post=68"}],"version-history":[{"count":6,"href":"https:\/\/tw.cm.upt.ro\/20\/wp-json\/wp\/v2\/pages\/68\/revisions"}],"predecessor-version":[{"id":173,"href":"https:\/\/tw.cm.upt.ro\/20\/wp-json\/wp\/v2\/pages\/68\/revisions\/173"}],"wp:attachment":[{"href":"https:\/\/tw.cm.upt.ro\/20\/wp-json\/wp\/v2\/media?parent=68"}],"curies":[{"name":"wp","href":"https:\/\/api.w.org\/{rel}","templated":true}]}}