{"id":104,"date":"2023-01-12T10:31:33","date_gmt":"2023-01-12T10:31:33","guid":{"rendered":"https:\/\/tw.cm.upt.ro\/21\/?page_id=104"},"modified":"2023-01-12T10:31:34","modified_gmt":"2023-01-12T10:31:34","slug":"about-me-2","status":"publish","type":"page","link":"https:\/\/tw.cm.upt.ro\/21\/about-me-2\/","title":{"rendered":"About ME"},"content":{"rendered":"<div id=\"fb-root\"><\/div>\n\n<figure class=\"wp-block-image size-large\"><img fetchpriority=\"high\" decoding=\"async\" width=\"1024\" height=\"576\" src=\"http:\/\/tw.cm.upt.ro\/21\/wp-content\/uploads\/sites\/233\/2022\/12\/Larisa-Sima-1024x576.png\" alt=\"\" class=\"wp-image-17\" srcset=\"https:\/\/tw.cm.upt.ro\/21\/wp-content\/uploads\/sites\/233\/2022\/12\/Larisa-Sima-1024x576.png 1024w, https:\/\/tw.cm.upt.ro\/21\/wp-content\/uploads\/sites\/233\/2022\/12\/Larisa-Sima-300x169.png 300w, https:\/\/tw.cm.upt.ro\/21\/wp-content\/uploads\/sites\/233\/2022\/12\/Larisa-Sima-768x432.png 768w, https:\/\/tw.cm.upt.ro\/21\/wp-content\/uploads\/sites\/233\/2022\/12\/Larisa-Sima-150x84.png 150w, https:\/\/tw.cm.upt.ro\/21\/wp-content\/uploads\/sites\/233\/2022\/12\/Larisa-Sima-600x338.png 600w, https:\/\/tw.cm.upt.ro\/21\/wp-content\/uploads\/sites\/233\/2022\/12\/Larisa-Sima-1536x864.png 1536w, https:\/\/tw.cm.upt.ro\/21\/wp-content\/uploads\/sites\/233\/2022\/12\/Larisa-Sima-480x270.png 480w, https:\/\/tw.cm.upt.ro\/21\/wp-content\/uploads\/sites\/233\/2022\/12\/Larisa-Sima.png 1920w\" sizes=\"(max-width: 1024px) 100vw, 1024px\" \/><\/figure>\n\n\n\n<p class=\"has-text-align-center\"> Se spune c\u0103 pasiunile le avem \u00een noi de c\u00e2nd eram mici, dar stau ascunse undeva \u0219i la momentul potrivit ies la iveal\u0103. Dac\u0103 stau nine s\u0103 m\u0103 g\u00e2ndesc, \u00eenc\u0103 din copil\u0103rie am iubit frumuse\u021bea, arta, industria modei, tot ce \u021bine de frumuse\u021be, lux dar cu o simplitate aparte\u2026M\u0103 numesc\u00a0Sima Larisa \u0219i Corina, am 28 de ani, locuiesc \u00een Timi\u0219oara \u0219i sunt makeup artist de 6 ani. Frumuse\u021bea este o art\u0103 \u0219i ca to\u021bi arti\u0219tii, fiecare are propria sa viziune \u0219i experien\u021b\u0103\u2026 Eu personal cred c\u0103 orice femeie se simte mai bine \u00een pielea ei atunci c\u00e2nd este aranjat\u0103, este un plus de \u00eencredere pe care \u00eel transmi\u021bi. Un machiaj reu\u0219it este unul care nu se vede dar care \u00ee\u021bi scoate \u00een eviden\u021b\u0103 tr\u0103s\u0103turile\u2026 Machiajul este o iluzie, dar trebuie sa fie una frumoas\u0103. <\/p>\n","protected":false},"excerpt":{"rendered":"<p>Se spune c\u0103 pasiunile le avem \u00een noi de c\u00e2nd eram mici, dar stau ascunse undeva \u0219i la momentul potrivit ies la iveal\u0103. Dac\u0103 stau nine s\u0103 m\u0103 g\u00e2ndesc, \u00eenc\u0103 din copil\u0103rie am iubit frumuse\u021bea, arta, industria modei, tot ce \u021bine de frumuse\u021be, lux dar cu o simplitate aparte\u2026M\u0103 numesc\u00a0Sima Larisa \u0219i Corina, am 28&hellip; <\/p>\n","protected":false},"author":231,"featured_media":58,"parent":0,"menu_order":0,"comment_status":"closed","ping_status":"closed","template":"","meta":{"wprm-recipe-roundup-name":"","wprm-recipe-roundup-description":"","ngg_post_thumbnail":0,"footnotes":""},"class_list":["post-104","page","type-page","status-publish","has-post-thumbnail","hentry"],"yoast_head":"<!-- This site is optimized with the Yoast SEO plugin v27.1.1 - https:\/\/yoast.com\/product\/yoast-seo-wordpress\/ -->\n<title>About ME - Larisa Sima<\/title>\n<meta name=\"robots\" content=\"index, follow, max-snippet:-1, max-image-preview:large, max-video-preview:-1\" \/>\n<link rel=\"canonical\" href=\"https:\/\/tw.cm.upt.ro\/21\/about-me-2\/\" \/>\n<meta property=\"og:locale\" content=\"en_US\" \/>\n<meta property=\"og:type\" content=\"article\" \/>\n<meta property=\"og:title\" content=\"About ME - Larisa Sima\" \/>\n<meta property=\"og:description\" content=\"Se spune c\u0103 pasiunile le avem \u00een noi de c\u00e2nd eram mici, dar stau ascunse undeva \u0219i la momentul potrivit ies la iveal\u0103. Dac\u0103 stau nine s\u0103 m\u0103 g\u00e2ndesc, \u00eenc\u0103 din copil\u0103rie am iubit frumuse\u021bea, arta, industria modei, tot ce \u021bine de frumuse\u021be, lux dar cu o simplitate aparte\u2026M\u0103 numesc\u00a0Sima Larisa \u0219i Corina, am 28&hellip;\" \/>\n<meta property=\"og:url\" content=\"https:\/\/tw.cm.upt.ro\/21\/about-me-2\/\" \/>\n<meta property=\"og:site_name\" content=\"Larisa Sima\" \/>\n<meta property=\"article:modified_time\" content=\"2023-01-12T10:31:34+00:00\" \/>\n<meta property=\"og:image\" content=\"http:\/\/tw.cm.upt.ro\/21\/wp-content\/uploads\/sites\/233\/2022\/12\/cropped-IMG_6535-scaled-1.jpeg\" \/>\n\t<meta property=\"og:image:width\" content=\"1707\" \/>\n\t<meta property=\"og:image:height\" content=\"2252\" \/>\n\t<meta property=\"og:image:type\" content=\"image\/jpeg\" \/>\n<meta name=\"twitter:card\" content=\"summary_large_image\" \/>\n<meta name=\"twitter:label1\" content=\"Est. reading time\" \/>\n\t<meta name=\"twitter:data1\" content=\"1 minute\" \/>\n<script type=\"application\/ld+json\" class=\"yoast-schema-graph\">{\"@context\":\"https:\/\/schema.org\",\"@graph\":[{\"@type\":\"WebPage\",\"@id\":\"https:\/\/tw.cm.upt.ro\/21\/about-me-2\/\",\"url\":\"https:\/\/tw.cm.upt.ro\/21\/about-me-2\/\",\"name\":\"About ME - Larisa Sima\",\"isPartOf\":{\"@id\":\"https:\/\/tw.cm.upt.ro\/21\/#website\"},\"primaryImageOfPage\":{\"@id\":\"https:\/\/tw.cm.upt.ro\/21\/about-me-2\/#primaryimage\"},\"image\":{\"@id\":\"https:\/\/tw.cm.upt.ro\/21\/about-me-2\/#primaryimage\"},\"thumbnailUrl\":\"https:\/\/tw.cm.upt.ro\/21\/wp-content\/uploads\/sites\/233\/2022\/12\/cropped-IMG_6535-scaled-1.jpeg\",\"datePublished\":\"2023-01-12T10:31:33+00:00\",\"dateModified\":\"2023-01-12T10:31:34+00:00\",\"breadcrumb\":{\"@id\":\"https:\/\/tw.cm.upt.ro\/21\/about-me-2\/#breadcrumb\"},\"inLanguage\":\"en-US\",\"potentialAction\":[{\"@type\":\"ReadAction\",\"target\":[\"https:\/\/tw.cm.upt.ro\/21\/about-me-2\/\"]}]},{\"@type\":\"ImageObject\",\"inLanguage\":\"en-US\",\"@id\":\"https:\/\/tw.cm.upt.ro\/21\/about-me-2\/#primaryimage\",\"url\":\"https:\/\/tw.cm.upt.ro\/21\/wp-content\/uploads\/sites\/233\/2022\/12\/cropped-IMG_6535-scaled-1.jpeg\",\"contentUrl\":\"https:\/\/tw.cm.upt.ro\/21\/wp-content\/uploads\/sites\/233\/2022\/12\/cropped-IMG_6535-scaled-1.jpeg\",\"width\":1707,\"height\":2252},{\"@type\":\"BreadcrumbList\",\"@id\":\"https:\/\/tw.cm.upt.ro\/21\/about-me-2\/#breadcrumb\",\"itemListElement\":[{\"@type\":\"ListItem\",\"position\":1,\"name\":\"Home\",\"item\":\"https:\/\/tw.cm.upt.ro\/21\/\"},{\"@type\":\"ListItem\",\"position\":2,\"name\":\"About ME\"}]},{\"@type\":\"WebSite\",\"@id\":\"https:\/\/tw.cm.upt.ro\/21\/#website\",\"url\":\"https:\/\/tw.cm.upt.ro\/21\/\",\"name\":\"Larisa Sima\",\"description\":\"Fii cea mai bun\u0103 versiune a ta!\",\"publisher\":{\"@id\":\"https:\/\/tw.cm.upt.ro\/21\/#organization\"},\"potentialAction\":[{\"@type\":\"SearchAction\",\"target\":{\"@type\":\"EntryPoint\",\"urlTemplate\":\"https:\/\/tw.cm.upt.ro\/21\/?s={search_term_string}\"},\"query-input\":{\"@type\":\"PropertyValueSpecification\",\"valueRequired\":true,\"valueName\":\"search_term_string\"}}],\"inLanguage\":\"en-US\"},{\"@type\":\"Organization\",\"@id\":\"https:\/\/tw.cm.upt.ro\/21\/#organization\",\"name\":\"Larisa Sima\",\"url\":\"https:\/\/tw.cm.upt.ro\/21\/\",\"logo\":{\"@type\":\"ImageObject\",\"inLanguage\":\"en-US\",\"@id\":\"https:\/\/tw.cm.upt.ro\/21\/#\/schema\/logo\/image\/\",\"url\":\"https:\/\/tw.cm.upt.ro\/21\/wp-content\/uploads\/sites\/233\/2022\/12\/cropped-Larisa-Sima-2.png\",\"contentUrl\":\"https:\/\/tw.cm.upt.ro\/21\/wp-content\/uploads\/sites\/233\/2022\/12\/cropped-Larisa-Sima-2.png\",\"width\":1550,\"height\":1080,\"caption\":\"Larisa Sima\"},\"image\":{\"@id\":\"https:\/\/tw.cm.upt.ro\/21\/#\/schema\/logo\/image\/\"}}]}<\/script>\n<!-- \/ Yoast SEO plugin. -->","yoast_head_json":{"title":"About ME - Larisa Sima","robots":{"index":"index","follow":"follow","max-snippet":"max-snippet:-1","max-image-preview":"max-image-preview:large","max-video-preview":"max-video-preview:-1"},"canonical":"https:\/\/tw.cm.upt.ro\/21\/about-me-2\/","og_locale":"en_US","og_type":"article","og_title":"About ME - Larisa Sima","og_description":"Se spune c\u0103 pasiunile le avem \u00een noi de c\u00e2nd eram mici, dar stau ascunse undeva \u0219i la momentul potrivit ies la iveal\u0103. Dac\u0103 stau nine s\u0103 m\u0103 g\u00e2ndesc, \u00eenc\u0103 din copil\u0103rie am iubit frumuse\u021bea, arta, industria modei, tot ce \u021bine de frumuse\u021be, lux dar cu o simplitate aparte\u2026M\u0103 numesc\u00a0Sima Larisa \u0219i Corina, am 28&hellip;","og_url":"https:\/\/tw.cm.upt.ro\/21\/about-me-2\/","og_site_name":"Larisa Sima","article_modified_time":"2023-01-12T10:31:34+00:00","og_image":[{"width":1707,"height":2252,"url":"http:\/\/tw.cm.upt.ro\/21\/wp-content\/uploads\/sites\/233\/2022\/12\/cropped-IMG_6535-scaled-1.jpeg","type":"image\/jpeg"}],"twitter_card":"summary_large_image","twitter_misc":{"Est. reading time":"1 minute"},"schema":{"@context":"https:\/\/schema.org","@graph":[{"@type":"WebPage","@id":"https:\/\/tw.cm.upt.ro\/21\/about-me-2\/","url":"https:\/\/tw.cm.upt.ro\/21\/about-me-2\/","name":"About ME - Larisa Sima","isPartOf":{"@id":"https:\/\/tw.cm.upt.ro\/21\/#website"},"primaryImageOfPage":{"@id":"https:\/\/tw.cm.upt.ro\/21\/about-me-2\/#primaryimage"},"image":{"@id":"https:\/\/tw.cm.upt.ro\/21\/about-me-2\/#primaryimage"},"thumbnailUrl":"https:\/\/tw.cm.upt.ro\/21\/wp-content\/uploads\/sites\/233\/2022\/12\/cropped-IMG_6535-scaled-1.jpeg","datePublished":"2023-01-12T10:31:33+00:00","dateModified":"2023-01-12T10:31:34+00:00","breadcrumb":{"@id":"https:\/\/tw.cm.upt.ro\/21\/about-me-2\/#breadcrumb"},"inLanguage":"en-US","potentialAction":[{"@type":"ReadAction","target":["https:\/\/tw.cm.upt.ro\/21\/about-me-2\/"]}]},{"@type":"ImageObject","inLanguage":"en-US","@id":"https:\/\/tw.cm.upt.ro\/21\/about-me-2\/#primaryimage","url":"https:\/\/tw.cm.upt.ro\/21\/wp-content\/uploads\/sites\/233\/2022\/12\/cropped-IMG_6535-scaled-1.jpeg","contentUrl":"https:\/\/tw.cm.upt.ro\/21\/wp-content\/uploads\/sites\/233\/2022\/12\/cropped-IMG_6535-scaled-1.jpeg","width":1707,"height":2252},{"@type":"BreadcrumbList","@id":"https:\/\/tw.cm.upt.ro\/21\/about-me-2\/#breadcrumb","itemListElement":[{"@type":"ListItem","position":1,"name":"Home","item":"https:\/\/tw.cm.upt.ro\/21\/"},{"@type":"ListItem","position":2,"name":"About ME"}]},{"@type":"WebSite","@id":"https:\/\/tw.cm.upt.ro\/21\/#website","url":"https:\/\/tw.cm.upt.ro\/21\/","name":"Larisa Sima","description":"Fii cea mai bun\u0103 versiune a ta!","publisher":{"@id":"https:\/\/tw.cm.upt.ro\/21\/#organization"},"potentialAction":[{"@type":"SearchAction","target":{"@type":"EntryPoint","urlTemplate":"https:\/\/tw.cm.upt.ro\/21\/?s={search_term_string}"},"query-input":{"@type":"PropertyValueSpecification","valueRequired":true,"valueName":"search_term_string"}}],"inLanguage":"en-US"},{"@type":"Organization","@id":"https:\/\/tw.cm.upt.ro\/21\/#organization","name":"Larisa Sima","url":"https:\/\/tw.cm.upt.ro\/21\/","logo":{"@type":"ImageObject","inLanguage":"en-US","@id":"https:\/\/tw.cm.upt.ro\/21\/#\/schema\/logo\/image\/","url":"https:\/\/tw.cm.upt.ro\/21\/wp-content\/uploads\/sites\/233\/2022\/12\/cropped-Larisa-Sima-2.png","contentUrl":"https:\/\/tw.cm.upt.ro\/21\/wp-content\/uploads\/sites\/233\/2022\/12\/cropped-Larisa-Sima-2.png","width":1550,"height":1080,"caption":"Larisa Sima"},"image":{"@id":"https:\/\/tw.cm.upt.ro\/21\/#\/schema\/logo\/image\/"}}]}},"_links":{"self":[{"href":"https:\/\/tw.cm.upt.ro\/21\/wp-json\/wp\/v2\/pages\/104","targetHints":{"allow":["GET"]}}],"collection":[{"href":"https:\/\/tw.cm.upt.ro\/21\/wp-json\/wp\/v2\/pages"}],"about":[{"href":"https:\/\/tw.cm.upt.ro\/21\/wp-json\/wp\/v2\/types\/page"}],"author":[{"embeddable":true,"href":"https:\/\/tw.cm.upt.ro\/21\/wp-json\/wp\/v2\/users\/231"}],"replies":[{"embeddable":true,"href":"https:\/\/tw.cm.upt.ro\/21\/wp-json\/wp\/v2\/comments?post=104"}],"version-history":[{"count":1,"href":"https:\/\/tw.cm.upt.ro\/21\/wp-json\/wp\/v2\/pages\/104\/revisions"}],"predecessor-version":[{"id":106,"href":"https:\/\/tw.cm.upt.ro\/21\/wp-json\/wp\/v2\/pages\/104\/revisions\/106"}],"wp:featuredmedia":[{"embeddable":true,"href":"https:\/\/tw.cm.upt.ro\/21\/wp-json\/wp\/v2\/media\/58"}],"wp:attachment":[{"href":"https:\/\/tw.cm.upt.ro\/21\/wp-json\/wp\/v2\/media?parent=104"}],"curies":[{"name":"wp","href":"https:\/\/api.w.org\/{rel}","templated":true}]}}