{"id":152,"date":"2018-01-08T10:44:35","date_gmt":"2018-01-08T10:44:35","guid":{"rendered":"http:\/\/tw.cm.upt.ro\/b14\/?page_id=152"},"modified":"2018-01-08T10:51:58","modified_gmt":"2018-01-08T10:51:58","slug":"tips-and-tricks","status":"publish","type":"page","link":"https:\/\/tw.cm.upt.ro\/b14\/tips-and-tricks\/","title":{"rendered":"Tips and Tricks"},"content":{"rendered":"<div id=\"fb-root\"><\/div>\n<blockquote class=\"wp-embedded-content\" data-secret=\"zqEVwTv4w7\"><p><a href=\"http:\/\/tw.cm.upt.ro\/b14\/2018\/01\/04\/hiking-pe-timp-de-iarna-10-lucruri-de-luat-in-considerare\/\">Hiking pe timp de iarn\u0103 &#8211; 10 lucruri de luat \u00een considerare<\/a><\/p><\/blockquote>\n<p><iframe class=\"wp-embedded-content\" sandbox=\"allow-scripts\" security=\"restricted\" style=\"position: absolute; clip: rect(1px, 1px, 1px, 1px);\" src=\"http:\/\/tw.cm.upt.ro\/b14\/2018\/01\/04\/hiking-pe-timp-de-iarna-10-lucruri-de-luat-in-considerare\/embed\/#?secret=zqEVwTv4w7\" data-secret=\"zqEVwTv4w7\" width=\"600\" height=\"338\" title=\"&#8220;Hiking pe timp de iarn\u0103 &#8211; 10 lucruri de luat \u00een considerare&#8221; &#8212; Hiking for beginners\" frameborder=\"0\" marginwidth=\"0\" marginheight=\"0\" scrolling=\"no\"><\/iframe><\/p>\n<blockquote class=\"wp-embedded-content\" data-secret=\"zdX5w6tWmf\"><p><a href=\"http:\/\/tw.cm.upt.ro\/b14\/2018\/01\/02\/14-lucruri-ce-nu-ar-trebui-sa-iti-lipseasca-din-rucsac-atunci-cand-mergi-pe-munte\/\">14 lucruri ce nu ar trebui s\u0103 \u00ee\u021bi lipseasc\u0103 din rucsac atunci c\u00e2nd mergi pe munte<\/a><\/p><\/blockquote>\n<p><iframe class=\"wp-embedded-content\" sandbox=\"allow-scripts\" security=\"restricted\" style=\"position: absolute; clip: rect(1px, 1px, 1px, 1px);\" src=\"http:\/\/tw.cm.upt.ro\/b14\/2018\/01\/02\/14-lucruri-ce-nu-ar-trebui-sa-iti-lipseasca-din-rucsac-atunci-cand-mergi-pe-munte\/embed\/#?secret=zdX5w6tWmf\" data-secret=\"zdX5w6tWmf\" width=\"600\" height=\"338\" title=\"&#8220;14 lucruri ce nu ar trebui s\u0103 \u00ee\u021bi lipseasc\u0103 din rucsac atunci c\u00e2nd mergi pe munte&#8221; &#8212; Hiking for beginners\" frameborder=\"0\" marginwidth=\"0\" marginheight=\"0\" scrolling=\"no\"><\/iframe><\/p>\n<blockquote class=\"wp-embedded-content\" data-secret=\"24eqFgqXT1\"><p><a href=\"http:\/\/tw.cm.upt.ro\/b14\/2017\/12\/29\/esti-prima-oara-pe-munte-iata-ce-trebuie-sa-stie-orice-montaniard-incepator\/\">E\u0219ti prima oar\u0103 pe munte &#8211; iat\u0103 ce trebuie s\u0103 \u0219tie orice montaniard \u00eencep\u0103tor<\/a><\/p><\/blockquote>\n<p><iframe class=\"wp-embedded-content\" sandbox=\"allow-scripts\" security=\"restricted\" style=\"position: absolute; clip: rect(1px, 1px, 1px, 1px);\" src=\"http:\/\/tw.cm.upt.ro\/b14\/2017\/12\/29\/esti-prima-oara-pe-munte-iata-ce-trebuie-sa-stie-orice-montaniard-incepator\/embed\/#?secret=24eqFgqXT1\" data-secret=\"24eqFgqXT1\" width=\"600\" height=\"338\" title=\"&#8220;E\u0219ti prima oar\u0103 pe munte &#8211; iat\u0103 ce trebuie s\u0103 \u0219tie orice montaniard \u00eencep\u0103tor&#8221; &#8212; Hiking for beginners\" frameborder=\"0\" marginwidth=\"0\" marginheight=\"0\" scrolling=\"no\"><\/iframe><\/p>\n","protected":false},"excerpt":{"rendered":"<p>Hiking pe timp de iarn\u0103 &#8211; 10 lucruri de luat \u00een considerare 14 lucruri ce nu ar trebui s\u0103 \u00ee\u021bi lipseasc\u0103 din [&hellip;]<\/p>\n","protected":false},"author":58,"featured_media":0,"parent":0,"menu_order":0,"comment_status":"closed","ping_status":"closed","template":"","meta":{"wprm-recipe-roundup-name":"","wprm-recipe-roundup-description":"","ngg_post_thumbnail":0,"footnotes":""},"class_list":["post-152","page","type-page","status-publish","hentry"],"yoast_head":"<!-- This site is optimized with the Yoast SEO plugin v27.1.1 - https:\/\/yoast.com\/product\/yoast-seo-wordpress\/ -->\n<title>Tips and Tricks - Hiking for beginners<\/title>\n<meta name=\"robots\" content=\"index, follow, max-snippet:-1, max-image-preview:large, max-video-preview:-1\" \/>\n<link rel=\"canonical\" href=\"https:\/\/tw.cm.upt.ro\/b14\/tips-and-tricks\/\" \/>\n<meta property=\"og:locale\" content=\"en_US\" \/>\n<meta property=\"og:type\" content=\"article\" \/>\n<meta property=\"og:title\" content=\"Tips and Tricks - Hiking for beginners\" \/>\n<meta property=\"og:description\" content=\"Hiking pe timp de iarn\u0103 &#8211; 10 lucruri de luat \u00een considerare 14 lucruri ce nu ar trebui s\u0103 \u00ee\u021bi lipseasc\u0103 din [&hellip;]\" \/>\n<meta property=\"og:url\" content=\"https:\/\/tw.cm.upt.ro\/b14\/tips-and-tricks\/\" \/>\n<meta property=\"og:site_name\" content=\"Hiking for beginners\" \/>\n<meta property=\"article:modified_time\" content=\"2018-01-08T10:51:58+00:00\" \/>\n<meta name=\"twitter:card\" content=\"summary_large_image\" \/>\n<script type=\"application\/ld+json\" class=\"yoast-schema-graph\">{\"@context\":\"https:\/\/schema.org\",\"@graph\":[{\"@type\":\"WebPage\",\"@id\":\"https:\/\/tw.cm.upt.ro\/b14\/tips-and-tricks\/\",\"url\":\"https:\/\/tw.cm.upt.ro\/b14\/tips-and-tricks\/\",\"name\":\"Tips and Tricks - Hiking for beginners\",\"isPartOf\":{\"@id\":\"https:\/\/tw.cm.upt.ro\/b14\/#website\"},\"datePublished\":\"2018-01-08T10:44:35+00:00\",\"dateModified\":\"2018-01-08T10:51:58+00:00\",\"breadcrumb\":{\"@id\":\"https:\/\/tw.cm.upt.ro\/b14\/tips-and-tricks\/#breadcrumb\"},\"inLanguage\":\"en-US\",\"potentialAction\":[{\"@type\":\"ReadAction\",\"target\":[\"https:\/\/tw.cm.upt.ro\/b14\/tips-and-tricks\/\"]}]},{\"@type\":\"BreadcrumbList\",\"@id\":\"https:\/\/tw.cm.upt.ro\/b14\/tips-and-tricks\/#breadcrumb\",\"itemListElement\":[{\"@type\":\"ListItem\",\"position\":1,\"name\":\"Home\",\"item\":\"https:\/\/tw.cm.upt.ro\/b14\/\"},{\"@type\":\"ListItem\",\"position\":2,\"name\":\"Tips and Tricks\"}]},{\"@type\":\"WebSite\",\"@id\":\"https:\/\/tw.cm.upt.ro\/b14\/#website\",\"url\":\"https:\/\/tw.cm.upt.ro\/b14\/\",\"name\":\"Hiking for beginners\",\"description\":\"Timeea Gaal\",\"potentialAction\":[{\"@type\":\"SearchAction\",\"target\":{\"@type\":\"EntryPoint\",\"urlTemplate\":\"https:\/\/tw.cm.upt.ro\/b14\/?s={search_term_string}\"},\"query-input\":{\"@type\":\"PropertyValueSpecification\",\"valueRequired\":true,\"valueName\":\"search_term_string\"}}],\"inLanguage\":\"en-US\"}]}<\/script>\n<!-- \/ Yoast SEO plugin. -->","yoast_head_json":{"title":"Tips and Tricks - Hiking for beginners","robots":{"index":"index","follow":"follow","max-snippet":"max-snippet:-1","max-image-preview":"max-image-preview:large","max-video-preview":"max-video-preview:-1"},"canonical":"https:\/\/tw.cm.upt.ro\/b14\/tips-and-tricks\/","og_locale":"en_US","og_type":"article","og_title":"Tips and Tricks - Hiking for beginners","og_description":"Hiking pe timp de iarn\u0103 &#8211; 10 lucruri de luat \u00een considerare 14 lucruri ce nu ar trebui s\u0103 \u00ee\u021bi lipseasc\u0103 din [&hellip;]","og_url":"https:\/\/tw.cm.upt.ro\/b14\/tips-and-tricks\/","og_site_name":"Hiking for beginners","article_modified_time":"2018-01-08T10:51:58+00:00","twitter_card":"summary_large_image","schema":{"@context":"https:\/\/schema.org","@graph":[{"@type":"WebPage","@id":"https:\/\/tw.cm.upt.ro\/b14\/tips-and-tricks\/","url":"https:\/\/tw.cm.upt.ro\/b14\/tips-and-tricks\/","name":"Tips and Tricks - Hiking for beginners","isPartOf":{"@id":"https:\/\/tw.cm.upt.ro\/b14\/#website"},"datePublished":"2018-01-08T10:44:35+00:00","dateModified":"2018-01-08T10:51:58+00:00","breadcrumb":{"@id":"https:\/\/tw.cm.upt.ro\/b14\/tips-and-tricks\/#breadcrumb"},"inLanguage":"en-US","potentialAction":[{"@type":"ReadAction","target":["https:\/\/tw.cm.upt.ro\/b14\/tips-and-tricks\/"]}]},{"@type":"BreadcrumbList","@id":"https:\/\/tw.cm.upt.ro\/b14\/tips-and-tricks\/#breadcrumb","itemListElement":[{"@type":"ListItem","position":1,"name":"Home","item":"https:\/\/tw.cm.upt.ro\/b14\/"},{"@type":"ListItem","position":2,"name":"Tips and Tricks"}]},{"@type":"WebSite","@id":"https:\/\/tw.cm.upt.ro\/b14\/#website","url":"https:\/\/tw.cm.upt.ro\/b14\/","name":"Hiking for beginners","description":"Timeea Gaal","potentialAction":[{"@type":"SearchAction","target":{"@type":"EntryPoint","urlTemplate":"https:\/\/tw.cm.upt.ro\/b14\/?s={search_term_string}"},"query-input":{"@type":"PropertyValueSpecification","valueRequired":true,"valueName":"search_term_string"}}],"inLanguage":"en-US"}]}},"_links":{"self":[{"href":"https:\/\/tw.cm.upt.ro\/b14\/wp-json\/wp\/v2\/pages\/152","targetHints":{"allow":["GET"]}}],"collection":[{"href":"https:\/\/tw.cm.upt.ro\/b14\/wp-json\/wp\/v2\/pages"}],"about":[{"href":"https:\/\/tw.cm.upt.ro\/b14\/wp-json\/wp\/v2\/types\/page"}],"author":[{"embeddable":true,"href":"https:\/\/tw.cm.upt.ro\/b14\/wp-json\/wp\/v2\/users\/58"}],"replies":[{"embeddable":true,"href":"https:\/\/tw.cm.upt.ro\/b14\/wp-json\/wp\/v2\/comments?post=152"}],"version-history":[{"count":2,"href":"https:\/\/tw.cm.upt.ro\/b14\/wp-json\/wp\/v2\/pages\/152\/revisions"}],"predecessor-version":[{"id":164,"href":"https:\/\/tw.cm.upt.ro\/b14\/wp-json\/wp\/v2\/pages\/152\/revisions\/164"}],"wp:attachment":[{"href":"https:\/\/tw.cm.upt.ro\/b14\/wp-json\/wp\/v2\/media?parent=152"}],"curies":[{"name":"wp","href":"https:\/\/api.w.org\/{rel}","templated":true}]}}