{"id":51,"date":"2017-12-14T18:13:10","date_gmt":"2017-12-14T18:13:10","guid":{"rendered":"http:\/\/tw.cm.upt.ro\/b25\/?page_id=51"},"modified":"2018-01-09T23:11:45","modified_gmt":"2018-01-09T23:11:45","slug":"despre-mine","status":"publish","type":"page","link":"https:\/\/tw.cm.upt.ro\/b25\/despre-mine\/","title":{"rendered":"Despre mine"},"content":{"rendered":"<div id=\"fb-root\"><\/div>\n<p>Salut!<\/p>\n<p><img fetchpriority=\"high\" decoding=\"async\" class=\"alignnone size-medium wp-image-7\" src=\"http:\/\/tw.cm.upt.ro\/b25\/wp-content\/uploads\/sites\/68\/2017\/10\/11119583_979608995423394_1435112756_n-300x292.jpg\" alt=\"11119583_979608995423394_1435112756_n\" width=\"300\" height=\"292\" srcset=\"https:\/\/tw.cm.upt.ro\/b25\/wp-content\/uploads\/sites\/68\/2017\/10\/11119583_979608995423394_1435112756_n-300x292.jpg 300w, https:\/\/tw.cm.upt.ro\/b25\/wp-content\/uploads\/sites\/68\/2017\/10\/11119583_979608995423394_1435112756_n.jpg 580w\" sizes=\"(max-width: 300px) 100vw, 300px\" \/><\/p>\n<p>Eu sunt Alexandra \u015fi urmeaz\u0103 s\u0103 \u00ee\u0163i spun c\u00e2teva lucruri despre mine.<\/p>\n<p>\u00cemi place s\u0103 z\u00e2mbesc, s\u0103 fac oamenii s\u0103 z\u00e2mbeasc\u0103, s\u0103 c\u0103l\u0103toresc, s\u0103 iubesc, s\u0103 citesc, s\u0103 cunosc oameni, s\u0103 am grij\u0103 de animale, s\u0103 \u00eencerc s\u0103 fac lumea un loc mai bun.<\/p>\n<p>M\u0103 consider un om simplu, dar cu vise m\u0103re\u0163e.<\/p>\n<p>Un om mic, dar cu suflet mare.<\/p>\n<p>Un om cu capul \u00een nori, dar cu inima c\u00e2tre tot ce m\u0103 \u00eenconjoar\u0103.<\/p>\n<p><img decoding=\"async\" class=\"alignnone size-medium wp-image-58\" src=\"http:\/\/tw.cm.upt.ro\/b25\/wp-content\/uploads\/sites\/68\/2017\/12\/tumblr_n4aneehide1qb6t6wo1_500-300x282.jpg\" alt=\"tumblr_n4aneehide1qb6t6wo1_500\" width=\"300\" height=\"282\" srcset=\"https:\/\/tw.cm.upt.ro\/b25\/wp-content\/uploads\/sites\/68\/2017\/12\/tumblr_n4aneehide1qb6t6wo1_500-300x282.jpg 300w, https:\/\/tw.cm.upt.ro\/b25\/wp-content\/uploads\/sites\/68\/2017\/12\/tumblr_n4aneehide1qb6t6wo1_500.jpg 500w\" sizes=\"(max-width: 300px) 100vw, 300px\" \/><\/p>\n<hr \/>\n<p>&nbsp;<\/p>\n<p>&nbsp;<\/p>\n","protected":false},"excerpt":{"rendered":"<p>Salut! Eu sunt Alexandra \u015fi urmeaz\u0103 s\u0103 \u00ee\u0163i spun c\u00e2teva lucruri despre mine. \u00cemi place s\u0103 z\u00e2mbesc, s\u0103 fac oamenii s\u0103 z\u00e2mbeasc\u0103, s\u0103 c\u0103l\u0103toresc, s\u0103 iubesc, s\u0103 citesc, s\u0103 cunosc oameni, s\u0103 am grij\u0103 de animale, s\u0103 \u00eencerc s\u0103 fac lumea un loc mai&#8230;<\/p>\n","protected":false},"author":65,"featured_media":0,"parent":0,"menu_order":0,"comment_status":"closed","ping_status":"closed","template":"","meta":{"wprm-recipe-roundup-name":"","wprm-recipe-roundup-description":"","ngg_post_thumbnail":0,"footnotes":""},"class_list":["post-51","page","type-page","status-publish","hentry"],"yoast_head":"<!-- This site is optimized with the Yoast SEO plugin v27.1.1 - https:\/\/yoast.com\/product\/yoast-seo-wordpress\/ -->\n<title>Despre mine - Blogul unui om simplu<\/title>\n<meta name=\"robots\" content=\"index, follow, max-snippet:-1, max-image-preview:large, max-video-preview:-1\" \/>\n<link rel=\"canonical\" href=\"https:\/\/tw.cm.upt.ro\/b25\/despre-mine\/\" \/>\n<meta property=\"og:locale\" content=\"en_US\" \/>\n<meta property=\"og:type\" content=\"article\" \/>\n<meta property=\"og:title\" content=\"Despre mine - Blogul unui om simplu\" \/>\n<meta property=\"og:description\" content=\"Salut! Eu sunt Alexandra \u015fi urmeaz\u0103 s\u0103 \u00ee\u0163i spun c\u00e2teva lucruri despre mine. \u00cemi place s\u0103 z\u00e2mbesc, s\u0103 fac oamenii s\u0103 z\u00e2mbeasc\u0103, s\u0103 c\u0103l\u0103toresc, s\u0103 iubesc, s\u0103 citesc, s\u0103 cunosc oameni, s\u0103 am grij\u0103 de animale, s\u0103 \u00eencerc s\u0103 fac lumea un loc mai...\" \/>\n<meta property=\"og:url\" content=\"https:\/\/tw.cm.upt.ro\/b25\/despre-mine\/\" \/>\n<meta property=\"og:site_name\" content=\"Blogul unui om simplu\" \/>\n<meta property=\"article:modified_time\" content=\"2018-01-09T23:11:45+00:00\" \/>\n<meta property=\"og:image\" content=\"http:\/\/tw.cm.upt.ro\/b25\/wp-content\/uploads\/sites\/68\/2017\/10\/11119583_979608995423394_1435112756_n-300x292.jpg\" \/>\n<meta name=\"twitter:card\" content=\"summary_large_image\" \/>\n<script type=\"application\/ld+json\" class=\"yoast-schema-graph\">{\"@context\":\"https:\/\/schema.org\",\"@graph\":[{\"@type\":\"WebPage\",\"@id\":\"https:\/\/tw.cm.upt.ro\/b25\/despre-mine\/\",\"url\":\"https:\/\/tw.cm.upt.ro\/b25\/despre-mine\/\",\"name\":\"Despre mine - Blogul unui om simplu\",\"isPartOf\":{\"@id\":\"https:\/\/tw.cm.upt.ro\/b25\/#website\"},\"primaryImageOfPage\":{\"@id\":\"https:\/\/tw.cm.upt.ro\/b25\/despre-mine\/#primaryimage\"},\"image\":{\"@id\":\"https:\/\/tw.cm.upt.ro\/b25\/despre-mine\/#primaryimage\"},\"thumbnailUrl\":\"http:\/\/tw.cm.upt.ro\/b25\/wp-content\/uploads\/sites\/68\/2017\/10\/11119583_979608995423394_1435112756_n-300x292.jpg\",\"datePublished\":\"2017-12-14T18:13:10+00:00\",\"dateModified\":\"2018-01-09T23:11:45+00:00\",\"breadcrumb\":{\"@id\":\"https:\/\/tw.cm.upt.ro\/b25\/despre-mine\/#breadcrumb\"},\"inLanguage\":\"en-US\",\"potentialAction\":[{\"@type\":\"ReadAction\",\"target\":[\"https:\/\/tw.cm.upt.ro\/b25\/despre-mine\/\"]}]},{\"@type\":\"ImageObject\",\"inLanguage\":\"en-US\",\"@id\":\"https:\/\/tw.cm.upt.ro\/b25\/despre-mine\/#primaryimage\",\"url\":\"https:\/\/tw.cm.upt.ro\/b25\/wp-content\/uploads\/sites\/68\/2017\/10\/11119583_979608995423394_1435112756_n.jpg\",\"contentUrl\":\"https:\/\/tw.cm.upt.ro\/b25\/wp-content\/uploads\/sites\/68\/2017\/10\/11119583_979608995423394_1435112756_n.jpg\",\"width\":580,\"height\":564},{\"@type\":\"BreadcrumbList\",\"@id\":\"https:\/\/tw.cm.upt.ro\/b25\/despre-mine\/#breadcrumb\",\"itemListElement\":[{\"@type\":\"ListItem\",\"position\":1,\"name\":\"Home\",\"item\":\"https:\/\/tw.cm.upt.ro\/b25\/\"},{\"@type\":\"ListItem\",\"position\":2,\"name\":\"Despre mine\"}]},{\"@type\":\"WebSite\",\"@id\":\"https:\/\/tw.cm.upt.ro\/b25\/#website\",\"url\":\"https:\/\/tw.cm.upt.ro\/b25\/\",\"name\":\"Blogul unui om simplu\",\"description\":\"Despre lucruri simple \u0219i semnificative\",\"potentialAction\":[{\"@type\":\"SearchAction\",\"target\":{\"@type\":\"EntryPoint\",\"urlTemplate\":\"https:\/\/tw.cm.upt.ro\/b25\/?s={search_term_string}\"},\"query-input\":{\"@type\":\"PropertyValueSpecification\",\"valueRequired\":true,\"valueName\":\"search_term_string\"}}],\"inLanguage\":\"en-US\"}]}<\/script>\n<!-- \/ Yoast SEO plugin. -->","yoast_head_json":{"title":"Despre mine - Blogul unui om simplu","robots":{"index":"index","follow":"follow","max-snippet":"max-snippet:-1","max-image-preview":"max-image-preview:large","max-video-preview":"max-video-preview:-1"},"canonical":"https:\/\/tw.cm.upt.ro\/b25\/despre-mine\/","og_locale":"en_US","og_type":"article","og_title":"Despre mine - Blogul unui om simplu","og_description":"Salut! Eu sunt Alexandra \u015fi urmeaz\u0103 s\u0103 \u00ee\u0163i spun c\u00e2teva lucruri despre mine. \u00cemi place s\u0103 z\u00e2mbesc, s\u0103 fac oamenii s\u0103 z\u00e2mbeasc\u0103, s\u0103 c\u0103l\u0103toresc, s\u0103 iubesc, s\u0103 citesc, s\u0103 cunosc oameni, s\u0103 am grij\u0103 de animale, s\u0103 \u00eencerc s\u0103 fac lumea un loc mai...","og_url":"https:\/\/tw.cm.upt.ro\/b25\/despre-mine\/","og_site_name":"Blogul unui om simplu","article_modified_time":"2018-01-09T23:11:45+00:00","og_image":[{"url":"http:\/\/tw.cm.upt.ro\/b25\/wp-content\/uploads\/sites\/68\/2017\/10\/11119583_979608995423394_1435112756_n-300x292.jpg","type":"","width":"","height":""}],"twitter_card":"summary_large_image","schema":{"@context":"https:\/\/schema.org","@graph":[{"@type":"WebPage","@id":"https:\/\/tw.cm.upt.ro\/b25\/despre-mine\/","url":"https:\/\/tw.cm.upt.ro\/b25\/despre-mine\/","name":"Despre mine - Blogul unui om simplu","isPartOf":{"@id":"https:\/\/tw.cm.upt.ro\/b25\/#website"},"primaryImageOfPage":{"@id":"https:\/\/tw.cm.upt.ro\/b25\/despre-mine\/#primaryimage"},"image":{"@id":"https:\/\/tw.cm.upt.ro\/b25\/despre-mine\/#primaryimage"},"thumbnailUrl":"http:\/\/tw.cm.upt.ro\/b25\/wp-content\/uploads\/sites\/68\/2017\/10\/11119583_979608995423394_1435112756_n-300x292.jpg","datePublished":"2017-12-14T18:13:10+00:00","dateModified":"2018-01-09T23:11:45+00:00","breadcrumb":{"@id":"https:\/\/tw.cm.upt.ro\/b25\/despre-mine\/#breadcrumb"},"inLanguage":"en-US","potentialAction":[{"@type":"ReadAction","target":["https:\/\/tw.cm.upt.ro\/b25\/despre-mine\/"]}]},{"@type":"ImageObject","inLanguage":"en-US","@id":"https:\/\/tw.cm.upt.ro\/b25\/despre-mine\/#primaryimage","url":"https:\/\/tw.cm.upt.ro\/b25\/wp-content\/uploads\/sites\/68\/2017\/10\/11119583_979608995423394_1435112756_n.jpg","contentUrl":"https:\/\/tw.cm.upt.ro\/b25\/wp-content\/uploads\/sites\/68\/2017\/10\/11119583_979608995423394_1435112756_n.jpg","width":580,"height":564},{"@type":"BreadcrumbList","@id":"https:\/\/tw.cm.upt.ro\/b25\/despre-mine\/#breadcrumb","itemListElement":[{"@type":"ListItem","position":1,"name":"Home","item":"https:\/\/tw.cm.upt.ro\/b25\/"},{"@type":"ListItem","position":2,"name":"Despre mine"}]},{"@type":"WebSite","@id":"https:\/\/tw.cm.upt.ro\/b25\/#website","url":"https:\/\/tw.cm.upt.ro\/b25\/","name":"Blogul unui om simplu","description":"Despre lucruri simple \u0219i semnificative","potentialAction":[{"@type":"SearchAction","target":{"@type":"EntryPoint","urlTemplate":"https:\/\/tw.cm.upt.ro\/b25\/?s={search_term_string}"},"query-input":{"@type":"PropertyValueSpecification","valueRequired":true,"valueName":"search_term_string"}}],"inLanguage":"en-US"}]}},"_links":{"self":[{"href":"https:\/\/tw.cm.upt.ro\/b25\/wp-json\/wp\/v2\/pages\/51","targetHints":{"allow":["GET"]}}],"collection":[{"href":"https:\/\/tw.cm.upt.ro\/b25\/wp-json\/wp\/v2\/pages"}],"about":[{"href":"https:\/\/tw.cm.upt.ro\/b25\/wp-json\/wp\/v2\/types\/page"}],"author":[{"embeddable":true,"href":"https:\/\/tw.cm.upt.ro\/b25\/wp-json\/wp\/v2\/users\/65"}],"replies":[{"embeddable":true,"href":"https:\/\/tw.cm.upt.ro\/b25\/wp-json\/wp\/v2\/comments?post=51"}],"version-history":[{"count":5,"href":"https:\/\/tw.cm.upt.ro\/b25\/wp-json\/wp\/v2\/pages\/51\/revisions"}],"predecessor-version":[{"id":79,"href":"https:\/\/tw.cm.upt.ro\/b25\/wp-json\/wp\/v2\/pages\/51\/revisions\/79"}],"wp:attachment":[{"href":"https:\/\/tw.cm.upt.ro\/b25\/wp-json\/wp\/v2\/media?parent=51"}],"curies":[{"name":"wp","href":"https:\/\/api.w.org\/{rel}","templated":true}]}}