{"id":183,"date":"2018-01-06T17:25:23","date_gmt":"2018-01-06T17:25:23","guid":{"rendered":"http:\/\/tw.cm.upt.ro\/b27\/?page_id=183"},"modified":"2018-01-06T17:25:23","modified_gmt":"2018-01-06T17:25:23","slug":"about-me","status":"publish","type":"page","link":"https:\/\/tw.cm.upt.ro\/b27\/about-me\/","title":{"rendered":"About me"},"content":{"rendered":"<div id=\"fb-root\"><\/div>\n<p><img fetchpriority=\"high\" decoding=\"async\" class=\"alignnone size-medium wp-image-62 aligncenter\" src=\"http:\/\/tw.cm.upt.ro\/b27\/wp-content\/uploads\/sites\/69\/2017\/11\/14671306_10211120746634224_6808035090825919358_n-300x250.jpg\" alt=\"14671306_10211120746634224_6808035090825919358_n\" width=\"300\" height=\"250\" srcset=\"https:\/\/tw.cm.upt.ro\/b27\/wp-content\/uploads\/sites\/69\/2017\/11\/14671306_10211120746634224_6808035090825919358_n-300x250.jpg 300w, https:\/\/tw.cm.upt.ro\/b27\/wp-content\/uploads\/sites\/69\/2017\/11\/14671306_10211120746634224_6808035090825919358_n-768x639.jpg 768w, https:\/\/tw.cm.upt.ro\/b27\/wp-content\/uploads\/sites\/69\/2017\/11\/14671306_10211120746634224_6808035090825919358_n.jpg 960w\" sizes=\"(max-width: 300px) 100vw, 300px\" \/><\/p>\n<p style=\"text-align: justify\">Hello,<\/p>\n<p style=\"text-align: justify\">\u0218i totodat\u0103 bine a\u021bi venit! Dac\u0103 sunte\u021bi pasiona\u021bi de c\u0103l\u0103torii, m\u00e2ncare bun\u0103 precum \u0219i de descoperirea a noi culturi, a\u021bi ajuns \u00een locul potrivit. \u201eTravel. Eat. Repeat!\u201d \u2013 cum reiese \u0219i din nume \u2013 este un blog destinat persoanelor pasionate de c\u0103l\u0103torii. Pe scurt, aici voi povesti at\u00e2t despre locurile pe care le-am vizitat p\u00e2n\u0103 acum, c\u00e2t \u0219i despre cele pe care urmeaz\u0103 s\u0103 le descop\u0103r.<\/p>\n<p style=\"text-align: justify\">M\u0103 numesc Bettina Plescha, am absolvit Traducere \u0219i Interpretare \u0219i \u00een momentul de fa\u021b\u0103 sunt angajat\u0103 la o multina\u021bional\u0103 (cum nu pot tr\u0103i doar din c\u0103l\u0103torit) ca \u0219i suport tehnic pentru sisteme de securitate. Pe l\u00e2ng\u0103 faptul c\u0103 \u00eemi place s\u0103 c\u0103l\u0103toresc, s\u0103 m\u0103n\u00e2nc (prietenii au ajuns s\u0103 spun\u0103 c\u0103 este un hobby de-al meu), s\u0103 descop\u0103r culturi \u0219i oameni noi, sunt pasionat\u0103 de citit, \u00eemi place foarte mult fotografia \u2013 s\u0103 imortalizez momente, pictura, dansul, muzica, \u0219i de fapt tot ce \u021bine de artistic.<\/p>\n<p style=\"text-align: justify\">Sper s\u0103 ne revedem c\u00e2t de cur\u00e2nd pe blog! A\u0219tept p\u0103rerile voastre!<\/p>\n","protected":false},"excerpt":{"rendered":"<p>Hello, \u0218i totodat\u0103 bine a\u021bi venit! Dac\u0103 sunte\u021bi pasiona\u021bi de c\u0103l\u0103torii, m\u00e2ncare bun\u0103 precum \u0219i de descoperirea a noi culturi, a\u021bi ajuns \u00een locul potrivit. \u201eTravel. Eat. Repeat!\u201d \u2013 cum reiese \u0219i din nume \u2013 este un blog destinat persoanelor pasionate de c\u0103l\u0103torii. Pe scurt, aici voi povesti at\u00e2t despre locurile pe care le-am vizitat&hellip; <\/p>\n","protected":false},"author":66,"featured_media":0,"parent":0,"menu_order":0,"comment_status":"closed","ping_status":"closed","template":"","meta":{"wprm-recipe-roundup-name":"","wprm-recipe-roundup-description":"","ngg_post_thumbnail":0,"footnotes":""},"class_list":["post-183","page","type-page","status-publish","hentry"],"yoast_head":"<!-- This site is optimized with the Yoast SEO plugin v27.1.1 - https:\/\/yoast.com\/product\/yoast-seo-wordpress\/ -->\n<title>About me - Travel. Eat. Repeat!<\/title>\n<meta name=\"robots\" content=\"index, follow, max-snippet:-1, max-image-preview:large, max-video-preview:-1\" \/>\n<link rel=\"canonical\" href=\"https:\/\/tw.cm.upt.ro\/b27\/about-me\/\" \/>\n<meta property=\"og:locale\" content=\"en_US\" \/>\n<meta property=\"og:type\" content=\"article\" \/>\n<meta property=\"og:title\" content=\"About me - Travel. Eat. Repeat!\" \/>\n<meta property=\"og:description\" content=\"Hello, \u0218i totodat\u0103 bine a\u021bi venit! Dac\u0103 sunte\u021bi pasiona\u021bi de c\u0103l\u0103torii, m\u00e2ncare bun\u0103 precum \u0219i de descoperirea a noi culturi, a\u021bi ajuns \u00een locul potrivit. \u201eTravel. Eat. Repeat!\u201d \u2013 cum reiese \u0219i din nume \u2013 este un blog destinat persoanelor pasionate de c\u0103l\u0103torii. Pe scurt, aici voi povesti at\u00e2t despre locurile pe care le-am vizitat&hellip;\" \/>\n<meta property=\"og:url\" content=\"https:\/\/tw.cm.upt.ro\/b27\/about-me\/\" \/>\n<meta property=\"og:site_name\" content=\"Travel. Eat. Repeat!\" \/>\n<meta property=\"og:image\" content=\"http:\/\/tw.cm.upt.ro\/b27\/wp-content\/uploads\/sites\/69\/2017\/11\/14671306_10211120746634224_6808035090825919358_n-300x250.jpg\" \/>\n<meta name=\"twitter:card\" content=\"summary_large_image\" \/>\n<meta name=\"twitter:label1\" content=\"Est. reading time\" \/>\n\t<meta name=\"twitter:data1\" content=\"1 minute\" \/>\n<script type=\"application\/ld+json\" class=\"yoast-schema-graph\">{\"@context\":\"https:\/\/schema.org\",\"@graph\":[{\"@type\":\"WebPage\",\"@id\":\"https:\/\/tw.cm.upt.ro\/b27\/about-me\/\",\"url\":\"https:\/\/tw.cm.upt.ro\/b27\/about-me\/\",\"name\":\"About me - Travel. Eat. Repeat!\",\"isPartOf\":{\"@id\":\"https:\/\/tw.cm.upt.ro\/b27\/#website\"},\"primaryImageOfPage\":{\"@id\":\"https:\/\/tw.cm.upt.ro\/b27\/about-me\/#primaryimage\"},\"image\":{\"@id\":\"https:\/\/tw.cm.upt.ro\/b27\/about-me\/#primaryimage\"},\"thumbnailUrl\":\"http:\/\/tw.cm.upt.ro\/b27\/wp-content\/uploads\/sites\/69\/2017\/11\/14671306_10211120746634224_6808035090825919358_n-300x250.jpg\",\"datePublished\":\"2018-01-06T17:25:23+00:00\",\"breadcrumb\":{\"@id\":\"https:\/\/tw.cm.upt.ro\/b27\/about-me\/#breadcrumb\"},\"inLanguage\":\"en-US\",\"potentialAction\":[{\"@type\":\"ReadAction\",\"target\":[\"https:\/\/tw.cm.upt.ro\/b27\/about-me\/\"]}]},{\"@type\":\"ImageObject\",\"inLanguage\":\"en-US\",\"@id\":\"https:\/\/tw.cm.upt.ro\/b27\/about-me\/#primaryimage\",\"url\":\"https:\/\/tw.cm.upt.ro\/b27\/wp-content\/uploads\/sites\/69\/2017\/11\/14671306_10211120746634224_6808035090825919358_n.jpg\",\"contentUrl\":\"https:\/\/tw.cm.upt.ro\/b27\/wp-content\/uploads\/sites\/69\/2017\/11\/14671306_10211120746634224_6808035090825919358_n.jpg\",\"width\":960,\"height\":799},{\"@type\":\"BreadcrumbList\",\"@id\":\"https:\/\/tw.cm.upt.ro\/b27\/about-me\/#breadcrumb\",\"itemListElement\":[{\"@type\":\"ListItem\",\"position\":1,\"name\":\"Home\",\"item\":\"https:\/\/tw.cm.upt.ro\/b27\/\"},{\"@type\":\"ListItem\",\"position\":2,\"name\":\"About me\"}]},{\"@type\":\"WebSite\",\"@id\":\"https:\/\/tw.cm.upt.ro\/b27\/#website\",\"url\":\"https:\/\/tw.cm.upt.ro\/b27\/\",\"name\":\"Travel. Eat. Repeat!\",\"description\":\"Dare to travel! You have nothing to lose and a world to see.\",\"potentialAction\":[{\"@type\":\"SearchAction\",\"target\":{\"@type\":\"EntryPoint\",\"urlTemplate\":\"https:\/\/tw.cm.upt.ro\/b27\/?s={search_term_string}\"},\"query-input\":{\"@type\":\"PropertyValueSpecification\",\"valueRequired\":true,\"valueName\":\"search_term_string\"}}],\"inLanguage\":\"en-US\"}]}<\/script>\n<!-- \/ Yoast SEO plugin. -->","yoast_head_json":{"title":"About me - Travel. Eat. Repeat!","robots":{"index":"index","follow":"follow","max-snippet":"max-snippet:-1","max-image-preview":"max-image-preview:large","max-video-preview":"max-video-preview:-1"},"canonical":"https:\/\/tw.cm.upt.ro\/b27\/about-me\/","og_locale":"en_US","og_type":"article","og_title":"About me - Travel. Eat. Repeat!","og_description":"Hello, \u0218i totodat\u0103 bine a\u021bi venit! Dac\u0103 sunte\u021bi pasiona\u021bi de c\u0103l\u0103torii, m\u00e2ncare bun\u0103 precum \u0219i de descoperirea a noi culturi, a\u021bi ajuns \u00een locul potrivit. \u201eTravel. Eat. Repeat!\u201d \u2013 cum reiese \u0219i din nume \u2013 este un blog destinat persoanelor pasionate de c\u0103l\u0103torii. Pe scurt, aici voi povesti at\u00e2t despre locurile pe care le-am vizitat&hellip;","og_url":"https:\/\/tw.cm.upt.ro\/b27\/about-me\/","og_site_name":"Travel. Eat. Repeat!","og_image":[{"url":"http:\/\/tw.cm.upt.ro\/b27\/wp-content\/uploads\/sites\/69\/2017\/11\/14671306_10211120746634224_6808035090825919358_n-300x250.jpg","type":"","width":"","height":""}],"twitter_card":"summary_large_image","twitter_misc":{"Est. reading time":"1 minute"},"schema":{"@context":"https:\/\/schema.org","@graph":[{"@type":"WebPage","@id":"https:\/\/tw.cm.upt.ro\/b27\/about-me\/","url":"https:\/\/tw.cm.upt.ro\/b27\/about-me\/","name":"About me - Travel. Eat. Repeat!","isPartOf":{"@id":"https:\/\/tw.cm.upt.ro\/b27\/#website"},"primaryImageOfPage":{"@id":"https:\/\/tw.cm.upt.ro\/b27\/about-me\/#primaryimage"},"image":{"@id":"https:\/\/tw.cm.upt.ro\/b27\/about-me\/#primaryimage"},"thumbnailUrl":"http:\/\/tw.cm.upt.ro\/b27\/wp-content\/uploads\/sites\/69\/2017\/11\/14671306_10211120746634224_6808035090825919358_n-300x250.jpg","datePublished":"2018-01-06T17:25:23+00:00","breadcrumb":{"@id":"https:\/\/tw.cm.upt.ro\/b27\/about-me\/#breadcrumb"},"inLanguage":"en-US","potentialAction":[{"@type":"ReadAction","target":["https:\/\/tw.cm.upt.ro\/b27\/about-me\/"]}]},{"@type":"ImageObject","inLanguage":"en-US","@id":"https:\/\/tw.cm.upt.ro\/b27\/about-me\/#primaryimage","url":"https:\/\/tw.cm.upt.ro\/b27\/wp-content\/uploads\/sites\/69\/2017\/11\/14671306_10211120746634224_6808035090825919358_n.jpg","contentUrl":"https:\/\/tw.cm.upt.ro\/b27\/wp-content\/uploads\/sites\/69\/2017\/11\/14671306_10211120746634224_6808035090825919358_n.jpg","width":960,"height":799},{"@type":"BreadcrumbList","@id":"https:\/\/tw.cm.upt.ro\/b27\/about-me\/#breadcrumb","itemListElement":[{"@type":"ListItem","position":1,"name":"Home","item":"https:\/\/tw.cm.upt.ro\/b27\/"},{"@type":"ListItem","position":2,"name":"About me"}]},{"@type":"WebSite","@id":"https:\/\/tw.cm.upt.ro\/b27\/#website","url":"https:\/\/tw.cm.upt.ro\/b27\/","name":"Travel. Eat. Repeat!","description":"Dare to travel! You have nothing to lose and a world to see.","potentialAction":[{"@type":"SearchAction","target":{"@type":"EntryPoint","urlTemplate":"https:\/\/tw.cm.upt.ro\/b27\/?s={search_term_string}"},"query-input":{"@type":"PropertyValueSpecification","valueRequired":true,"valueName":"search_term_string"}}],"inLanguage":"en-US"}]}},"_links":{"self":[{"href":"https:\/\/tw.cm.upt.ro\/b27\/wp-json\/wp\/v2\/pages\/183","targetHints":{"allow":["GET"]}}],"collection":[{"href":"https:\/\/tw.cm.upt.ro\/b27\/wp-json\/wp\/v2\/pages"}],"about":[{"href":"https:\/\/tw.cm.upt.ro\/b27\/wp-json\/wp\/v2\/types\/page"}],"author":[{"embeddable":true,"href":"https:\/\/tw.cm.upt.ro\/b27\/wp-json\/wp\/v2\/users\/66"}],"replies":[{"embeddable":true,"href":"https:\/\/tw.cm.upt.ro\/b27\/wp-json\/wp\/v2\/comments?post=183"}],"version-history":[{"count":1,"href":"https:\/\/tw.cm.upt.ro\/b27\/wp-json\/wp\/v2\/pages\/183\/revisions"}],"predecessor-version":[{"id":185,"href":"https:\/\/tw.cm.upt.ro\/b27\/wp-json\/wp\/v2\/pages\/183\/revisions\/185"}],"wp:attachment":[{"href":"https:\/\/tw.cm.upt.ro\/b27\/wp-json\/wp\/v2\/media?parent=183"}],"curies":[{"name":"wp","href":"https:\/\/api.w.org\/{rel}","templated":true}]}}