{"id":44,"date":"2017-11-22T12:38:30","date_gmt":"2017-11-22T12:38:30","guid":{"rendered":"http:\/\/tw.cm.upt.ro\/b28\/?page_id=44"},"modified":"2018-01-10T13:41:17","modified_gmt":"2018-01-10T13:41:17","slug":"home","status":"publish","type":"page","link":"https:\/\/tw.cm.upt.ro\/b28\/home\/","title":{"rendered":"Home"},"content":{"rendered":"<div id=\"fb-root\"><\/div>\n<p>Cum am spus \u0219i \u00een scurta prezentare despre mine, \u00een prezent sunt student\u0103 a Universit\u0103\u021bii Politehnica Timi\u0219oara. A\u0219adar, acest blog are ca scop principal\u00a0realizarea unui proiect primit la una dintre materiile de la facultate.<\/p>\n<p>Acest blog\u00a0se dore\u0219te a fi un blog personal, a\u0219a cum \u00eei spune \u0219i numele, ce face cunoscute diferite subiecte precum: articole cu privire la locul natal, experien\u021be personale, pasiuni, dar \u0219i interviuri cu diferite persoane \u00een care se abordeaz\u0103 teme diverse.<\/p>\n<p>Sper ca post\u0103rile mele s\u0103 fie \u0219i pe placul vostru.<\/p>\n","protected":false},"excerpt":{"rendered":"<p>Cum am spus \u0219i \u00een scurta prezentare despre mine, \u00een prezent sunt student\u0103 a Universit\u0103\u021bii Politehnica Timi\u0219oara. A\u0219adar, acest blog are ca scop principal\u00a0realizarea unui proiect primit la una dintre materiile de la facultate. Acest blog\u00a0se dore\u0219te a fi un blog personal, a\u0219a cum \u00eei spune \u0219i numele, ce face cunoscute diferite subiecte precum: articole cu privire la locul natal, experien\u021be personale, pasiuni, dar \u0219i interviuri cu diferite persoane \u00een care se abordeaz\u0103 teme diverse. Sper ca post\u0103rile mele s\u0103 fie \u0219i pe placul vostru.<\/p>\n","protected":false},"author":67,"featured_media":0,"parent":0,"menu_order":0,"comment_status":"closed","ping_status":"closed","template":"","meta":{"wprm-recipe-roundup-name":"","wprm-recipe-roundup-description":"","sfsi_plus_gutenberg_text_before_share":"","sfsi_plus_gutenberg_show_text_before_share":"","sfsi_plus_gutenberg_icon_type":"","sfsi_plus_gutenberg_icon_alignemt":"","sfsi_plus_gutenburg_max_per_row":"","ngg_post_thumbnail":0,"footnotes":""},"class_list":["post-44","page","type-page","status-publish","hentry"],"yoast_head":"<!-- This site is optimized with the Yoast SEO plugin v27.1.1 - https:\/\/yoast.com\/product\/yoast-seo-wordpress\/ -->\n<title>Home - Corina Popovici<\/title>\n<meta name=\"robots\" content=\"index, follow, max-snippet:-1, max-image-preview:large, max-video-preview:-1\" \/>\n<link rel=\"canonical\" href=\"https:\/\/tw.cm.upt.ro\/b28\/home\/\" \/>\n<meta property=\"og:locale\" content=\"en_US\" \/>\n<meta property=\"og:type\" content=\"article\" \/>\n<meta property=\"og:title\" content=\"Home - Corina Popovici\" \/>\n<meta property=\"og:description\" content=\"Cum am spus \u0219i \u00een scurta prezentare despre mine, \u00een prezent sunt student\u0103 a Universit\u0103\u021bii Politehnica Timi\u0219oara. A\u0219adar, acest blog are ca scop principal\u00a0realizarea unui proiect primit la una dintre materiile de la facultate. Acest blog\u00a0se dore\u0219te a fi un blog personal, a\u0219a cum \u00eei spune \u0219i numele, ce face cunoscute diferite subiecte precum: articole cu privire la locul natal, experien\u021be personale, pasiuni, dar \u0219i interviuri cu diferite persoane \u00een care se abordeaz\u0103 teme diverse. Sper ca post\u0103rile mele s\u0103 fie \u0219i pe placul vostru.\" \/>\n<meta property=\"og:url\" content=\"https:\/\/tw.cm.upt.ro\/b28\/home\/\" \/>\n<meta property=\"og:site_name\" content=\"Corina Popovici\" \/>\n<meta property=\"article:modified_time\" content=\"2018-01-10T13:41:17+00:00\" \/>\n<meta name=\"twitter:card\" content=\"summary_large_image\" \/>\n<script type=\"application\/ld+json\" class=\"yoast-schema-graph\">{\"@context\":\"https:\/\/schema.org\",\"@graph\":[{\"@type\":\"WebPage\",\"@id\":\"https:\/\/tw.cm.upt.ro\/b28\/home\/\",\"url\":\"https:\/\/tw.cm.upt.ro\/b28\/home\/\",\"name\":\"Home - Corina Popovici\",\"isPartOf\":{\"@id\":\"https:\/\/tw.cm.upt.ro\/b28\/#website\"},\"datePublished\":\"2017-11-22T12:38:30+00:00\",\"dateModified\":\"2018-01-10T13:41:17+00:00\",\"breadcrumb\":{\"@id\":\"https:\/\/tw.cm.upt.ro\/b28\/home\/#breadcrumb\"},\"inLanguage\":\"en-US\",\"potentialAction\":[{\"@type\":\"ReadAction\",\"target\":[\"https:\/\/tw.cm.upt.ro\/b28\/home\/\"]}]},{\"@type\":\"BreadcrumbList\",\"@id\":\"https:\/\/tw.cm.upt.ro\/b28\/home\/#breadcrumb\",\"itemListElement\":[{\"@type\":\"ListItem\",\"position\":1,\"name\":\"Home\",\"item\":\"https:\/\/tw.cm.upt.ro\/b28\/\"},{\"@type\":\"ListItem\",\"position\":2,\"name\":\"Home\"}]},{\"@type\":\"WebSite\",\"@id\":\"https:\/\/tw.cm.upt.ro\/b28\/#website\",\"url\":\"https:\/\/tw.cm.upt.ro\/b28\/\",\"name\":\"Corina Popovici\",\"description\":\" - Blog -\",\"potentialAction\":[{\"@type\":\"SearchAction\",\"target\":{\"@type\":\"EntryPoint\",\"urlTemplate\":\"https:\/\/tw.cm.upt.ro\/b28\/?s={search_term_string}\"},\"query-input\":{\"@type\":\"PropertyValueSpecification\",\"valueRequired\":true,\"valueName\":\"search_term_string\"}}],\"inLanguage\":\"en-US\"}]}<\/script>\n<!-- \/ Yoast SEO plugin. -->","yoast_head_json":{"title":"Home - Corina Popovici","robots":{"index":"index","follow":"follow","max-snippet":"max-snippet:-1","max-image-preview":"max-image-preview:large","max-video-preview":"max-video-preview:-1"},"canonical":"https:\/\/tw.cm.upt.ro\/b28\/home\/","og_locale":"en_US","og_type":"article","og_title":"Home - Corina Popovici","og_description":"Cum am spus \u0219i \u00een scurta prezentare despre mine, \u00een prezent sunt student\u0103 a Universit\u0103\u021bii Politehnica Timi\u0219oara. A\u0219adar, acest blog are ca scop principal\u00a0realizarea unui proiect primit la una dintre materiile de la facultate. Acest blog\u00a0se dore\u0219te a fi un blog personal, a\u0219a cum \u00eei spune \u0219i numele, ce face cunoscute diferite subiecte precum: articole cu privire la locul natal, experien\u021be personale, pasiuni, dar \u0219i interviuri cu diferite persoane \u00een care se abordeaz\u0103 teme diverse. Sper ca post\u0103rile mele s\u0103 fie \u0219i pe placul vostru.","og_url":"https:\/\/tw.cm.upt.ro\/b28\/home\/","og_site_name":"Corina Popovici","article_modified_time":"2018-01-10T13:41:17+00:00","twitter_card":"summary_large_image","schema":{"@context":"https:\/\/schema.org","@graph":[{"@type":"WebPage","@id":"https:\/\/tw.cm.upt.ro\/b28\/home\/","url":"https:\/\/tw.cm.upt.ro\/b28\/home\/","name":"Home - Corina Popovici","isPartOf":{"@id":"https:\/\/tw.cm.upt.ro\/b28\/#website"},"datePublished":"2017-11-22T12:38:30+00:00","dateModified":"2018-01-10T13:41:17+00:00","breadcrumb":{"@id":"https:\/\/tw.cm.upt.ro\/b28\/home\/#breadcrumb"},"inLanguage":"en-US","potentialAction":[{"@type":"ReadAction","target":["https:\/\/tw.cm.upt.ro\/b28\/home\/"]}]},{"@type":"BreadcrumbList","@id":"https:\/\/tw.cm.upt.ro\/b28\/home\/#breadcrumb","itemListElement":[{"@type":"ListItem","position":1,"name":"Home","item":"https:\/\/tw.cm.upt.ro\/b28\/"},{"@type":"ListItem","position":2,"name":"Home"}]},{"@type":"WebSite","@id":"https:\/\/tw.cm.upt.ro\/b28\/#website","url":"https:\/\/tw.cm.upt.ro\/b28\/","name":"Corina Popovici","description":" - Blog -","potentialAction":[{"@type":"SearchAction","target":{"@type":"EntryPoint","urlTemplate":"https:\/\/tw.cm.upt.ro\/b28\/?s={search_term_string}"},"query-input":{"@type":"PropertyValueSpecification","valueRequired":true,"valueName":"search_term_string"}}],"inLanguage":"en-US"}]}},"_links":{"self":[{"href":"https:\/\/tw.cm.upt.ro\/b28\/wp-json\/wp\/v2\/pages\/44","targetHints":{"allow":["GET"]}}],"collection":[{"href":"https:\/\/tw.cm.upt.ro\/b28\/wp-json\/wp\/v2\/pages"}],"about":[{"href":"https:\/\/tw.cm.upt.ro\/b28\/wp-json\/wp\/v2\/types\/page"}],"author":[{"embeddable":true,"href":"https:\/\/tw.cm.upt.ro\/b28\/wp-json\/wp\/v2\/users\/67"}],"replies":[{"embeddable":true,"href":"https:\/\/tw.cm.upt.ro\/b28\/wp-json\/wp\/v2\/comments?post=44"}],"version-history":[{"count":7,"href":"https:\/\/tw.cm.upt.ro\/b28\/wp-json\/wp\/v2\/pages\/44\/revisions"}],"predecessor-version":[{"id":399,"href":"https:\/\/tw.cm.upt.ro\/b28\/wp-json\/wp\/v2\/pages\/44\/revisions\/399"}],"wp:attachment":[{"href":"https:\/\/tw.cm.upt.ro\/b28\/wp-json\/wp\/v2\/media?parent=44"}],"curies":[{"name":"wp","href":"https:\/\/api.w.org\/{rel}","templated":true}]}}