{"id":81,"date":"2017-11-02T15:08:08","date_gmt":"2017-11-02T15:08:08","guid":{"rendered":"http:\/\/tw.cm.upt.ro\/b33\/?page_id=81"},"modified":"2018-01-06T11:05:30","modified_gmt":"2018-01-06T11:05:30","slug":"delta-dunarii","status":"publish","type":"page","link":"https:\/\/tw.cm.upt.ro\/b33\/delta-dunarii\/","title":{"rendered":"Delta Dun\u0103rii"},"content":{"rendered":"<div id=\"fb-root\"><\/div>\n<p>Un paradis natural se \u00eentinde la v\u0103rsarea Dun\u0103rii \u00een Marea Neagr\u0103, acolo unde fluviul \u00ee\u0219i \u00eencheie lunga c\u0103l\u0103torie de la izvorul s\u0103u din Mun\u021bii P\u0103durea Neagr\u0103 din Germania.\u00a0Delta Dun\u0103rii este cea mai mare rezerva\u021bie natural\u0103 din Europa \u0219i\u00a0reprezint\u0103 o zon\u0103 de atrac\u021bie turistic\u0103, datorit\u0103 unei vegeta\u021bii \u0219i faune bogate.<\/p>\n\n\t\t<style type=\"text\/css\">\n\t\t\t#gallery-1 {\n\t\t\t\tmargin: auto;\n\t\t\t}\n\t\t\t#gallery-1 .gallery-item {\n\t\t\t\tfloat: left;\n\t\t\t\tmargin-top: 10px;\n\t\t\t\ttext-align: center;\n\t\t\t\twidth: 25%;\n\t\t\t}\n\t\t\t#gallery-1 img {\n\t\t\t\tborder: 2px solid #cfcfcf;\n\t\t\t}\n\t\t\t#gallery-1 .gallery-caption {\n\t\t\t\tmargin-left: 0;\n\t\t\t}\n\t\t\t\/* see gallery_shortcode() in wp-includes\/media.php *\/\n\t\t<\/style>\n\t\t<div id='gallery-1' class='gallery galleryid-81 gallery-columns-4 gallery-size-thumbnail'><dl class='gallery-item'>\n\t\t\t<dt class='gallery-icon landscape'>\n\t\t\t\t<a href='https:\/\/tw.cm.upt.ro\/b33\/12922396_1757676267794918_1215026668_o-2\/'><img decoding=\"async\" width=\"150\" height=\"150\" src=\"https:\/\/tw.cm.upt.ro\/b33\/wp-content\/uploads\/sites\/85\/2017\/11\/12922396_1757676267794918_1215026668_o-1-150x150.jpg\" class=\"attachment-thumbnail size-thumbnail\" alt=\"\" \/><\/a>\n\t\t\t<\/dt><\/dl><dl class='gallery-item'>\n\t\t\t<dt class='gallery-icon landscape'>\n\t\t\t\t<a href='https:\/\/tw.cm.upt.ro\/b33\/12953080_1757676367794908_1788358186_o\/'><img decoding=\"async\" width=\"150\" height=\"150\" src=\"https:\/\/tw.cm.upt.ro\/b33\/wp-content\/uploads\/sites\/85\/2017\/11\/12953080_1757676367794908_1788358186_o-150x150.jpg\" class=\"attachment-thumbnail size-thumbnail\" alt=\"\" \/><\/a>\n\t\t\t<\/dt><\/dl><dl class='gallery-item'>\n\t\t\t<dt class='gallery-icon landscape'>\n\t\t\t\t<a href='https:\/\/tw.cm.upt.ro\/b33\/12922172_1757676361128242_508003635_o\/'><img decoding=\"async\" width=\"150\" height=\"150\" src=\"https:\/\/tw.cm.upt.ro\/b33\/wp-content\/uploads\/sites\/85\/2017\/11\/12922172_1757676361128242_508003635_o-150x150.jpg\" class=\"attachment-thumbnail size-thumbnail\" alt=\"\" \/><\/a>\n\t\t\t<\/dt><\/dl><dl class='gallery-item'>\n\t\t\t<dt class='gallery-icon landscape'>\n\t\t\t\t<a href='https:\/\/tw.cm.upt.ro\/b33\/2017\/10\/13\/locuri\/12970179_1757675857794959_1443312043_o\/'><img loading=\"lazy\" decoding=\"async\" width=\"150\" height=\"150\" src=\"https:\/\/tw.cm.upt.ro\/b33\/wp-content\/uploads\/sites\/85\/2017\/11\/12970179_1757675857794959_1443312043_o-150x150.jpg\" class=\"attachment-thumbnail size-thumbnail\" alt=\"\" \/><\/a>\n\t\t\t<\/dt><\/dl><br style=\"clear: both\" \/>\n\t\t<\/div>\n\n<p>Punctul de plecare pentru o aventur\u0103 \u00een Delt\u0103 este de obicei Tulcea, un ora\u0219 aproape la fel de vechi ca \u0219i Roma, situat \u00een apropiere de locul \u00een care se despart cele 3 bra\u021be principale, deci chiar locul unde \u00eencepe lunca.<\/p>\n\n\t\t<style type=\"text\/css\">\n\t\t\t#gallery-2 {\n\t\t\t\tmargin: auto;\n\t\t\t}\n\t\t\t#gallery-2 .gallery-item {\n\t\t\t\tfloat: left;\n\t\t\t\tmargin-top: 10px;\n\t\t\t\ttext-align: center;\n\t\t\t\twidth: 33%;\n\t\t\t}\n\t\t\t#gallery-2 img {\n\t\t\t\tborder: 2px solid #cfcfcf;\n\t\t\t}\n\t\t\t#gallery-2 .gallery-caption {\n\t\t\t\tmargin-left: 0;\n\t\t\t}\n\t\t\t\/* see gallery_shortcode() in wp-includes\/media.php *\/\n\t\t<\/style>\n\t\t<div id='gallery-2' class='gallery galleryid-81 gallery-columns-3 gallery-size-thumbnail'><dl class='gallery-item'>\n\t\t\t<dt class='gallery-icon landscape'>\n\t\t\t\t<a href='https:\/\/tw.cm.upt.ro\/b33\/12962676_1757675867794958_204803530_o\/'><img loading=\"lazy\" decoding=\"async\" width=\"150\" height=\"150\" src=\"https:\/\/tw.cm.upt.ro\/b33\/wp-content\/uploads\/sites\/85\/2017\/11\/12962676_1757675867794958_204803530_o-150x150.jpg\" class=\"attachment-thumbnail size-thumbnail\" alt=\"\" \/><\/a>\n\t\t\t<\/dt><\/dl><dl class='gallery-item'>\n\t\t\t<dt class='gallery-icon landscape'>\n\t\t\t\t<a href='https:\/\/tw.cm.upt.ro\/b33\/12970336_1757676374461574_569120030_o\/'><img loading=\"lazy\" decoding=\"async\" width=\"150\" height=\"150\" src=\"https:\/\/tw.cm.upt.ro\/b33\/wp-content\/uploads\/sites\/85\/2017\/11\/12970336_1757676374461574_569120030_o-150x150.jpg\" class=\"attachment-thumbnail size-thumbnail\" alt=\"\" \/><\/a>\n\t\t\t<\/dt><\/dl><dl class='gallery-item'>\n\t\t\t<dt class='gallery-icon landscape'>\n\t\t\t\t<a href='https:\/\/tw.cm.upt.ro\/b33\/12952835_1757675861128292_1765017903_o-1\/'><img loading=\"lazy\" decoding=\"async\" width=\"150\" height=\"150\" src=\"https:\/\/tw.cm.upt.ro\/b33\/wp-content\/uploads\/sites\/85\/2017\/11\/12952835_1757675861128292_1765017903_o-1-150x150.jpg\" class=\"attachment-thumbnail size-thumbnail\" alt=\"\" \/><\/a>\n\t\t\t<\/dt><\/dl><br style=\"clear: both\" \/>\n\t\t<\/div>\n\n<p>Dac\u0103 v\u0103 opri\u021bi \u00eentr-un sat pe malul apei, ve\u021bi descoperi pescarii g\u0103tindu-\u0219i propria versiune a bor\u0219ului rusesc la foc \u00een aer liber. \u0218i dac\u0103 ve\u021bi avea norocul meu, ve\u021bi fi invita\u021bi s\u0103 degusta\u021bi acest fel minunat.<\/p>\n<p>O excursie \u00een Delta Dun\u0103rii va r\u0103m\u00e2ne o amintire de neuitat din toate punctele de vedere. Acest \u021binut al apelor v\u0103 poate descoperi multe lucruri uimitoare.<\/p>\n<p>&nbsp;<\/p>\n<p>&nbsp;<\/p>\n<p>&nbsp;<\/p>\n<p>&nbsp;<\/p>\n<p><a href=\"\/\/www.pinterest.com\/pin\/create\/button\/\" data-pin-do=\"buttonBookmark\" data-pin-color=\"red\" data-pin-height=\"128\"><img decoding=\"async\" src=\"\/\/assets.pinterest.com\/images\/pidgets\/pinit_fg_en_rect_red_28.png\" \/><\/a><\/p>","protected":false},"excerpt":{"rendered":"<p>Un paradis natural se \u00eentinde la v\u0103rsarea Dun\u0103rii \u00een Marea Neagr\u0103, acolo unde fluviul \u00ee\u0219i \u00eencheie lunga c\u0103l\u0103torie de la izvorul s\u0103u din Mun\u021bii P\u0103durea Neagr\u0103 din Germania.\u00a0Delta Dun\u0103rii este cea mai mare rezerva\u021bie natural\u0103 din Europa \u0219i\u00a0reprezint\u0103 o zon\u0103 de atrac\u021bie turistic\u0103, datorit\u0103 unei vegeta\u021bii \u0219i faune bogate. Punctul de plecare pentru o aventur\u0103 [&hellip;]<\/p>\n","protected":false},"author":81,"featured_media":75,"parent":0,"menu_order":2,"comment_status":"open","ping_status":"closed","template":"","meta":{"wprm-recipe-roundup-name":"","wprm-recipe-roundup-description":"","sfsi_plus_gutenberg_text_before_share":"","sfsi_plus_gutenberg_show_text_before_share":"","sfsi_plus_gutenberg_icon_type":"","sfsi_plus_gutenberg_icon_alignemt":"","sfsi_plus_gutenburg_max_per_row":"","ngg_post_thumbnail":0,"footnotes":""},"class_list":["post-81","page","type-page","status-publish","has-post-thumbnail","hentry"],"yoast_head":"<!-- This site is optimized with the Yoast SEO plugin v27.1.1 - https:\/\/yoast.com\/product\/yoast-seo-wordpress\/ -->\n<title>Delta Dun\u0103rii - What to do in the summer?<\/title>\n<meta name=\"robots\" content=\"index, follow, max-snippet:-1, max-image-preview:large, max-video-preview:-1\" \/>\n<link rel=\"canonical\" href=\"https:\/\/tw.cm.upt.ro\/b33\/delta-dunarii\/\" \/>\n<meta property=\"og:locale\" content=\"en_US\" \/>\n<meta property=\"og:type\" content=\"article\" \/>\n<meta property=\"og:title\" content=\"Delta Dun\u0103rii - What to do in the summer?\" \/>\n<meta property=\"og:description\" content=\"Un paradis natural se \u00eentinde la v\u0103rsarea Dun\u0103rii \u00een Marea Neagr\u0103, acolo unde fluviul \u00ee\u0219i \u00eencheie lunga c\u0103l\u0103torie de la izvorul s\u0103u din Mun\u021bii P\u0103durea Neagr\u0103 din Germania.\u00a0Delta Dun\u0103rii este cea mai mare rezerva\u021bie natural\u0103 din Europa \u0219i\u00a0reprezint\u0103 o zon\u0103 de atrac\u021bie turistic\u0103, datorit\u0103 unei vegeta\u021bii \u0219i faune bogate. Punctul de plecare pentru o aventur\u0103 [&hellip;]\" \/>\n<meta property=\"og:url\" content=\"https:\/\/tw.cm.upt.ro\/b33\/delta-dunarii\/\" \/>\n<meta property=\"og:site_name\" content=\"What to do in the summer?\" \/>\n<meta property=\"article:modified_time\" content=\"2018-01-06T11:05:30+00:00\" \/>\n<meta property=\"og:image\" content=\"https:\/\/tw.cm.upt.ro\/b33\/wp-content\/uploads\/sites\/85\/2017\/11\/12922266_1757676364461575_1889812605_o.jpg\" \/>\n\t<meta property=\"og:image:width\" content=\"450\" \/>\n\t<meta property=\"og:image:height\" content=\"337\" \/>\n\t<meta property=\"og:image:type\" content=\"image\/jpeg\" \/>\n<meta name=\"twitter:card\" content=\"summary_large_image\" \/>\n<meta name=\"twitter:label1\" content=\"Est. reading time\" \/>\n\t<meta name=\"twitter:data1\" content=\"1 minute\" \/>\n<script type=\"application\/ld+json\" class=\"yoast-schema-graph\">{\"@context\":\"https:\/\/schema.org\",\"@graph\":[{\"@type\":\"WebPage\",\"@id\":\"https:\/\/tw.cm.upt.ro\/b33\/delta-dunarii\/\",\"url\":\"https:\/\/tw.cm.upt.ro\/b33\/delta-dunarii\/\",\"name\":\"Delta Dun\u0103rii - What to do in the summer?\",\"isPartOf\":{\"@id\":\"https:\/\/tw.cm.upt.ro\/b33\/#website\"},\"primaryImageOfPage\":{\"@id\":\"https:\/\/tw.cm.upt.ro\/b33\/delta-dunarii\/#primaryimage\"},\"image\":{\"@id\":\"https:\/\/tw.cm.upt.ro\/b33\/delta-dunarii\/#primaryimage\"},\"thumbnailUrl\":\"https:\/\/tw.cm.upt.ro\/b33\/wp-content\/uploads\/sites\/85\/2017\/11\/12922266_1757676364461575_1889812605_o.jpg\",\"datePublished\":\"2017-11-02T15:08:08+00:00\",\"dateModified\":\"2018-01-06T11:05:30+00:00\",\"breadcrumb\":{\"@id\":\"https:\/\/tw.cm.upt.ro\/b33\/delta-dunarii\/#breadcrumb\"},\"inLanguage\":\"en-US\",\"potentialAction\":[{\"@type\":\"ReadAction\",\"target\":[\"https:\/\/tw.cm.upt.ro\/b33\/delta-dunarii\/\"]}]},{\"@type\":\"ImageObject\",\"inLanguage\":\"en-US\",\"@id\":\"https:\/\/tw.cm.upt.ro\/b33\/delta-dunarii\/#primaryimage\",\"url\":\"https:\/\/tw.cm.upt.ro\/b33\/wp-content\/uploads\/sites\/85\/2017\/11\/12922266_1757676364461575_1889812605_o.jpg\",\"contentUrl\":\"https:\/\/tw.cm.upt.ro\/b33\/wp-content\/uploads\/sites\/85\/2017\/11\/12922266_1757676364461575_1889812605_o.jpg\",\"width\":450,\"height\":337},{\"@type\":\"BreadcrumbList\",\"@id\":\"https:\/\/tw.cm.upt.ro\/b33\/delta-dunarii\/#breadcrumb\",\"itemListElement\":[{\"@type\":\"ListItem\",\"position\":1,\"name\":\"Home\",\"item\":\"https:\/\/tw.cm.upt.ro\/b33\/\"},{\"@type\":\"ListItem\",\"position\":2,\"name\":\"Delta Dun\u0103rii\"}]},{\"@type\":\"WebSite\",\"@id\":\"https:\/\/tw.cm.upt.ro\/b33\/#website\",\"url\":\"https:\/\/tw.cm.upt.ro\/b33\/\",\"name\":\"What to do in the summer?\",\"description\":\"- suggestions -\",\"potentialAction\":[{\"@type\":\"SearchAction\",\"target\":{\"@type\":\"EntryPoint\",\"urlTemplate\":\"https:\/\/tw.cm.upt.ro\/b33\/?s={search_term_string}\"},\"query-input\":{\"@type\":\"PropertyValueSpecification\",\"valueRequired\":true,\"valueName\":\"search_term_string\"}}],\"inLanguage\":\"en-US\"}]}<\/script>\n<!-- \/ Yoast SEO plugin. -->","yoast_head_json":{"title":"Delta Dun\u0103rii - What to do in the summer?","robots":{"index":"index","follow":"follow","max-snippet":"max-snippet:-1","max-image-preview":"max-image-preview:large","max-video-preview":"max-video-preview:-1"},"canonical":"https:\/\/tw.cm.upt.ro\/b33\/delta-dunarii\/","og_locale":"en_US","og_type":"article","og_title":"Delta Dun\u0103rii - What to do in the summer?","og_description":"Un paradis natural se \u00eentinde la v\u0103rsarea Dun\u0103rii \u00een Marea Neagr\u0103, acolo unde fluviul \u00ee\u0219i \u00eencheie lunga c\u0103l\u0103torie de la izvorul s\u0103u din Mun\u021bii P\u0103durea Neagr\u0103 din Germania.\u00a0Delta Dun\u0103rii este cea mai mare rezerva\u021bie natural\u0103 din Europa \u0219i\u00a0reprezint\u0103 o zon\u0103 de atrac\u021bie turistic\u0103, datorit\u0103 unei vegeta\u021bii \u0219i faune bogate. Punctul de plecare pentru o aventur\u0103 [&hellip;]","og_url":"https:\/\/tw.cm.upt.ro\/b33\/delta-dunarii\/","og_site_name":"What to do in the summer?","article_modified_time":"2018-01-06T11:05:30+00:00","og_image":[{"width":450,"height":337,"url":"https:\/\/tw.cm.upt.ro\/b33\/wp-content\/uploads\/sites\/85\/2017\/11\/12922266_1757676364461575_1889812605_o.jpg","type":"image\/jpeg"}],"twitter_card":"summary_large_image","twitter_misc":{"Est. reading time":"1 minute"},"schema":{"@context":"https:\/\/schema.org","@graph":[{"@type":"WebPage","@id":"https:\/\/tw.cm.upt.ro\/b33\/delta-dunarii\/","url":"https:\/\/tw.cm.upt.ro\/b33\/delta-dunarii\/","name":"Delta Dun\u0103rii - What to do in the summer?","isPartOf":{"@id":"https:\/\/tw.cm.upt.ro\/b33\/#website"},"primaryImageOfPage":{"@id":"https:\/\/tw.cm.upt.ro\/b33\/delta-dunarii\/#primaryimage"},"image":{"@id":"https:\/\/tw.cm.upt.ro\/b33\/delta-dunarii\/#primaryimage"},"thumbnailUrl":"https:\/\/tw.cm.upt.ro\/b33\/wp-content\/uploads\/sites\/85\/2017\/11\/12922266_1757676364461575_1889812605_o.jpg","datePublished":"2017-11-02T15:08:08+00:00","dateModified":"2018-01-06T11:05:30+00:00","breadcrumb":{"@id":"https:\/\/tw.cm.upt.ro\/b33\/delta-dunarii\/#breadcrumb"},"inLanguage":"en-US","potentialAction":[{"@type":"ReadAction","target":["https:\/\/tw.cm.upt.ro\/b33\/delta-dunarii\/"]}]},{"@type":"ImageObject","inLanguage":"en-US","@id":"https:\/\/tw.cm.upt.ro\/b33\/delta-dunarii\/#primaryimage","url":"https:\/\/tw.cm.upt.ro\/b33\/wp-content\/uploads\/sites\/85\/2017\/11\/12922266_1757676364461575_1889812605_o.jpg","contentUrl":"https:\/\/tw.cm.upt.ro\/b33\/wp-content\/uploads\/sites\/85\/2017\/11\/12922266_1757676364461575_1889812605_o.jpg","width":450,"height":337},{"@type":"BreadcrumbList","@id":"https:\/\/tw.cm.upt.ro\/b33\/delta-dunarii\/#breadcrumb","itemListElement":[{"@type":"ListItem","position":1,"name":"Home","item":"https:\/\/tw.cm.upt.ro\/b33\/"},{"@type":"ListItem","position":2,"name":"Delta Dun\u0103rii"}]},{"@type":"WebSite","@id":"https:\/\/tw.cm.upt.ro\/b33\/#website","url":"https:\/\/tw.cm.upt.ro\/b33\/","name":"What to do in the summer?","description":"- suggestions -","potentialAction":[{"@type":"SearchAction","target":{"@type":"EntryPoint","urlTemplate":"https:\/\/tw.cm.upt.ro\/b33\/?s={search_term_string}"},"query-input":{"@type":"PropertyValueSpecification","valueRequired":true,"valueName":"search_term_string"}}],"inLanguage":"en-US"}]}},"_links":{"self":[{"href":"https:\/\/tw.cm.upt.ro\/b33\/wp-json\/wp\/v2\/pages\/81","targetHints":{"allow":["GET"]}}],"collection":[{"href":"https:\/\/tw.cm.upt.ro\/b33\/wp-json\/wp\/v2\/pages"}],"about":[{"href":"https:\/\/tw.cm.upt.ro\/b33\/wp-json\/wp\/v2\/types\/page"}],"author":[{"embeddable":true,"href":"https:\/\/tw.cm.upt.ro\/b33\/wp-json\/wp\/v2\/users\/81"}],"replies":[{"embeddable":true,"href":"https:\/\/tw.cm.upt.ro\/b33\/wp-json\/wp\/v2\/comments?post=81"}],"version-history":[{"count":3,"href":"https:\/\/tw.cm.upt.ro\/b33\/wp-json\/wp\/v2\/pages\/81\/revisions"}],"predecessor-version":[{"id":94,"href":"https:\/\/tw.cm.upt.ro\/b33\/wp-json\/wp\/v2\/pages\/81\/revisions\/94"}],"wp:featuredmedia":[{"embeddable":true,"href":"https:\/\/tw.cm.upt.ro\/b33\/wp-json\/wp\/v2\/media\/75"}],"wp:attachment":[{"href":"https:\/\/tw.cm.upt.ro\/b33\/wp-json\/wp\/v2\/media?parent=81"}],"curies":[{"name":"wp","href":"https:\/\/api.w.org\/{rel}","templated":true}]}}