{"id":108,"date":"2018-12-11T11:07:00","date_gmt":"2018-12-11T11:07:00","guid":{"rendered":"http:\/\/tw.cm.upt.ro\/c14\/?page_id=108"},"modified":"2018-12-20T14:47:29","modified_gmt":"2018-12-20T14:47:29","slug":"contact","status":"publish","type":"page","link":"https:\/\/tw.cm.upt.ro\/c14\/contact\/","title":{"rendered":"Contact"},"content":{"rendered":"<div id=\"fb-root\"><\/div>\n<h3><\/h3>\n<h3 style=\"text-align: center\"><\/h3>\n<p>&nbsp;<\/p>\n<p>&nbsp;<\/p>\n<p>&nbsp;<\/p>\n<p style=\"text-align: center\">Dac\u0103 ai \u00eentreb\u0103ri sau sugestii, completeaz\u0103 acest formular \u0219i \u00ee\u021bi r\u0103spund cu drag \ud83d\ude42<\/p>\n<p>&nbsp;<\/p>\n<p>&nbsp;<\/p>\n<style type=\"text\/css\" id=\"cspFormShell_11_313914_style\">#cspFormShell_11_313914 {}\n#cspFormShell_11_313914 label {\n\twidth: 100%;\n}\n\/*Fields shell basic*\/\n#cspFormShell_11_313914 .cfsFieldShell input:not([type=\"checkbox\"]):not([type=\"radio\"]),\n#cspFormShell_11_313914 .cfsFieldShell textarea,\n#cspFormShell_11_313914 .cfsFieldShell .cfsListSelect, \n#cspFormShell_11_313914 .cfsFieldShell .cfsCheck,\n#cspFormShell_11_313914 .cfsFieldShell button{\n    padding: 10px;\n    width: 100%;\n    font-size: 18px;\n    line-height: normal;  \tborder: 1px solidrgba(51,51,51,0.1);\n    color:rgba(51,51,51,0.7);\n  \tbackground-color:#f7f7f7;    hyphens: none;\n    border-radius: 0;\n    margin: 0;\n    max-width: 100%;\n    vertical-align: baseline;\n  \tdisplay: block;\n  \theight: auto;\n}\n#cspFormShell_11_313914 .cfsFieldShell input[type=\"submit\"]:not([type=\"checkbox\"]):not([type=\"radio\"]), \n#cspFormShell_11_313914 .cfsFieldShell input[type=\"reset\"]:not([type=\"checkbox\"]):not([type=\"radio\"]), \n#cspFormShell_11_313914 .cfsFieldShell input[type=\"button\"],\n#cspFormShell_11_313914 .cfsFieldShell button {\n\tcursor: pointer;\n  \tfont-weight: 700;\n    border: 0 none;\n    color: #fff;\n    text-transform: uppercase;\n  \t-webkit-appearance: none;\n}\n#cspFormShell_11_313914 .cfsFieldShell input[type=\"submit\"]:not([type=\"checkbox\"]):not([type=\"radio\"]), \n#cspFormShell_11_313914 .cfsFieldShell input[type=\"button\"],\n#cspFormShell_11_313914 .cfsFieldShell button {  \tbackground-color: #333333;\n  \tbackground-image: none;}\n#cspFormShell_11_313914 .cfsFieldShell input[type=\"submit\"]:not([type=\"checkbox\"]):not([type=\"radio\"]):hover, \n#cspFormShell_11_313914 .cfsFieldShell input[type=\"button\"]:hover,\n#cspFormShell_11_313914 .cfsFieldShell button:hover {  \tbackground-color:rgba(51,51,51,0.7);}\n#cspFormShell_11_313914 .cfsFieldShell input[type=\"reset\"]:not([type=\"checkbox\"]):not([type=\"radio\"]) {  \tbackground-color: #333333;\n  \tbackground-image: none;}\n#cspFormShell_11_313914 .cfsFieldShell input[type=\"reset\"]:not([type=\"checkbox\"]):not([type=\"radio\"]):hover {  \tbackground-color:rgba(51,51,51,0.7);}\n\/* Placeholder text color -- selectors need to be separate to work. *\/\n#cspFormShell_11_313914 ::-webkit-input-placeholder {\n\tcolor: rgba(51, 51, 51, 0.7);\n}\n#cspFormShell_11_313914 :-moz-placeholder {\n\tcolor: rgba(51, 51, 51, 0.7);\n}\n#cspFormShell_11_313914 ::-moz-placeholder {\n\tcolor: rgba(51, 51, 51, 0.7);\n\topacity: 1; \/* Since FF19 lowers the opacity of the placeholder by default *\/\n}\n#cspFormShell_11_313914 :-ms-input-placeholder {\n\tcolor: rgba(51, 51, 51, 0.7);\n}#cspFormShell_11_313914 { width: 100%}#cspFormShell_11_313914 .cfsSuccessMsg { color: #4ae8ea !important}<\/style><div id=\"cspFormShell_11_313914\" class=\"cfsFormShell\"><form class=\"csfForm\" method=\"post\" action=\"https:\/\/tw.cm.upt.ro\/c14\/\">\n<div class=\"supRow cfsFieldsRow\"><div class=\"supSm12 cfsFieldCol\" data-name=\"first_name\" data-type=\"text\"><div class=\"cfsFieldShell cfsField_text\" ><label><span class=\"cfsInputLabel\">Nume&nbsp;<\/span><input type=\"text\" name=\"fields[first_name]\" value=\"\" data-name=\"first_name\" required  placeholder=\"Nume\" \/><\/label><\/div><\/div><\/div><div class=\"supRow cfsFieldsRow\"><div class=\"supSm12 cfsFieldCol\" data-name=\"email\" data-type=\"email\"><div class=\"cfsFieldShell cfsField_email\" ><input type=\"email\" name=\"fields[email]\" value=\"\" data-name=\"email\" required  placeholder=\"Email\" \/><\/div><\/div><\/div><div class=\"supRow cfsFieldsRow\"><div class=\"supSm12 cfsFieldCol\" data-name=\"subject\" data-type=\"text\"><div class=\"cfsFieldShell cfsField_text\" ><label><span class=\"cfsInputLabel\">Subiect&nbsp;<\/span><input type=\"text\" name=\"fields[subject]\" value=\"\" data-name=\"subject\" required  placeholder=\"Subiect\" \/><\/label><\/div><\/div><\/div><div class=\"supRow cfsFieldsRow\"><div class=\"supSm12 cfsFieldCol\" data-name=\"message\" data-type=\"textarea\"><div class=\"cfsFieldShell cfsField_textarea\" ><label><span class=\"cfsInputLabel\">Mesaj&nbsp;<\/span><textarea name=\"fields[message]\" data-name=\"message\" required  placeholder=\"Mesaj\" supRows=\"3\" cols=\"50\"><\/textarea><\/label><\/div><\/div><\/div><div class=\"supRow cfsFieldsRow\"><div class=\"supSm6 cfsFieldCol\" data-name=\"send\" data-type=\"submit\"><div class=\"cfsFieldShell cfsField_submit\" ><input type=\"submit\" name=\"fields[send]\" value=\"Trimite\" data-name=\"send\" \/><\/div><\/div><div class=\"supSm6 cfsFieldCol\" data-name=\"reset\" data-type=\"reset\"><div class=\"cfsFieldShell cfsField_reset\" ><input type=\"reset\" name=\"fields[reset]\" value=\"Reset\" data-name=\"reset\" \/><\/div><\/div><\/div>\n<input type=\"hidden\" name=\"mod\" value=\"forms\"  \/><input type=\"hidden\" name=\"action\" value=\"contact\"  \/><input type=\"hidden\" name=\"id\" value=\"11\"  \/><input type=\"hidden\" name=\"_wpnonce\" value=\"3321e460de\"  \/><div class=\"cfsContactMsg\"><\/div><\/form><\/div><span style=\"display: none !important;\" class=\"cfsFormDesc\">eyJpZCI6IjExIiwibGFiZWwiOiJDb250YWN0IiwiYWN0aXZlIjoiMSIsIm9yaWdpbmFsX2lkIjoiMSIsInVuaXF1ZV9pZCI6IndlZmoyIiwicGFyYW1zIjp7ImVuYWJsZUZvck1lbWJlcnNoaXAiOiIwIiwidHBsIjp7IndpZHRoIjoiMTAwIiwid2lkdGhfbWVhc3VyZSI6IiUiLCJiZ190eXBlXzAiOiJub25lIiwiYmdfaW1nXzAiOiIiLCJiZ19jb2xvcl8wIjoiIzgxZDc0MiIsImJnX3R5cGVfMSI6ImNvbG9yIiwiYmdfaW1nXzEiOiIiLCJiZ19jb2xvcl8xIjoiIzMzMzMzMyIsImJnX3R5cGVfMiI6ImNvbG9yIiwiYmdfaW1nXzIiOiIiLCJiZ19jb2xvcl8yIjoiIzMzMzMzMyIsImJnX3R5cGVfMyI6ImNvbG9yIiwiYmdfaW1nXzMiOiIiLCJiZ19jb2xvcl8zIjoiIzMzMzMzMyIsImZpZWxkX2Vycm9yX2ludmFsaWQiOiJudSBhIGZvc3QgdHJpbWlzICIsImZvcm1fc2VudF9tc2ciOiJUaGFuayB5b3UgZm9yIGNvbnRhY3RpbmcgdXMhIiwiZm9ybV9zZW50X21zZ19jb2xvciI6IiM0YWU4ZWEiLCJoaWRlX29uX3N1Ym1pdCI6IjEiLCJyZWRpcmVjdF9vbl9zdWJtaXQiOiIiLCJ0ZXN0X2VtYWlsIjoiaW9yZGFjaGVyYXp2YW5mbG9yaW5AZ21haWwuY29tIiwic2F2ZV9jb250YWN0cyI6IjEiLCJleHBfZGVsaW0iOiI7IiwiZmJfY29udmVydF9iYXNlIjoiIiwicHViX3Bvc3RfdHlwZSI6InBvc3QiLCJwdWJfcG9zdF9zdGF0dXMiOiJwdWJsaXNoIiwicmVnX3dwX2NyZWF0ZV91c2VyX3JvbGUiOiJzdWJzY3JpYmVyIiwiZmllbGRfd3JhcHBlciI6IjxkaXYgW2ZpZWxkX3NoZWxsX2NsYXNzZXNdIFtmaWVsZF9zaGVsbF9zdHlsZXNdPltmaWVsZF08XC9kaXY+In0sImZpZWxkcyI6W3siYnNfY2xhc3NfaWQiOiIxMiIsIm5hbWUiOiJmaXJzdF9uYW1lIiwibGFiZWwiOiJOdW1lIiwicGxhY2Vob2xkZXIiOiJOdW1lIiwidmFsdWUiOiIiLCJodG1sIjoidGV4dCIsIm1hbmRhdG9yeSI6IjEiLCJtaW5fc2l6ZSI6IiIsIm1heF9zaXplIjoiIiwiYWRkX2NsYXNzZXMiOiIiLCJhZGRfc3R5bGVzIjoiIiwiYWRkX2F0dHIiOiIiLCJ2bl9vbmx5X251bWJlciI6IjAiLCJ2bl9vbmx5X2xldHRlcnMiOiIwIiwidm5fcGF0dGVybiI6IjAiLCJ2YWx1ZV9wcmVzZXQiOiIiLCJ2bl9lcXVhbCI6IiIsImljb25fY2xhc3MiOiIiLCJpY29uX3NpemUiOiIiLCJpY29uX2NvbG9yIjoiIiwidGVybXMiOiIifSx7ImJzX2NsYXNzX2lkIjoiMTIiLCJuYW1lIjoiZW1haWwiLCJsYWJlbCI6IiIsInBsYWNlaG9sZGVyIjoiRW1haWwiLCJ2YWx1ZSI6IiIsImh0bWwiOiJlbWFpbCIsIm1hbmRhdG9yeSI6IjEiLCJtaW5fc2l6ZSI6IiIsIm1heF9zaXplIjoiIiwiYWRkX2NsYXNzZXMiOiIiLCJhZGRfc3R5bGVzIjoiIiwiYWRkX2F0dHIiOiIiLCJ2bl9vbmx5X251bWJlciI6IjAiLCJ2bl9vbmx5X2xldHRlcnMiOiIwIiwidm5fcGF0dGVybiI6IjAifSx7ImJzX2NsYXNzX2lkIjoiMTIiLCJuYW1lIjoic3ViamVjdCIsImxhYmVsIjoiU3ViaWVjdCIsInBsYWNlaG9sZGVyIjoiU3ViaWVjdCIsInZhbHVlIjoiIiwiaHRtbCI6InRleHQiLCJtYW5kYXRvcnkiOiIxIiwibWluX3NpemUiOiIiLCJtYXhfc2l6ZSI6IiIsImFkZF9jbGFzc2VzIjoiIiwiYWRkX3N0eWxlcyI6IiIsImFkZF9hdHRyIjoiIiwidm5fb25seV9udW1iZXIiOiIwIiwidm5fb25seV9sZXR0ZXJzIjoiMCIsInZuX3BhdHRlcm4iOiIwIiwidmFsdWVfcHJlc2V0IjoiIiwidm5fZXF1YWwiOiIiLCJpY29uX2NsYXNzIjoiIiwiaWNvbl9zaXplIjoiIiwiaWNvbl9jb2xvciI6IiIsInRlcm1zIjoiIn0seyJic19jbGFzc19pZCI6IjEyIiwibmFtZSI6Im1lc3NhZ2UiLCJsYWJlbCI6Ik1lc2FqIiwicGxhY2Vob2xkZXIiOiJNZXNhaiIsInZhbHVlIjoiIiwiaHRtbCI6InRleHRhcmVhIiwibWFuZGF0b3J5IjoiMSIsIm1pbl9zaXplIjoiIiwibWF4X3NpemUiOiIiLCJhZGRfY2xhc3NlcyI6IiIsImFkZF9zdHlsZXMiOiIiLCJhZGRfYXR0ciI6IiIsInZuX29ubHlfbnVtYmVyIjoiMCIsInZuX29ubHlfbGV0dGVycyI6IjAiLCJ2bl9wYXR0ZXJuIjoiMCIsInZhbHVlX3ByZXNldCI6IiIsInZuX2VxdWFsIjoiIiwiaWNvbl9jbGFzcyI6IiIsImljb25fc2l6ZSI6IiIsImljb25fY29sb3IiOiIiLCJ0ZXJtcyI6IiJ9LHsiYnNfY2xhc3NfaWQiOiI2IiwibmFtZSI6InNlbmQiLCJsYWJlbCI6IlRyaW1pdGUiLCJodG1sIjoic3VibWl0IiwiYWRkX2NsYXNzZXMiOiIiLCJhZGRfc3R5bGVzIjoiIiwiYWRkX2F0dHIiOiIiLCJpY29uX2NsYXNzIjoiIiwiaWNvbl9zaXplIjoiIiwiaWNvbl9jb2xvciI6IiIsInRlcm1zIjoiIn0seyJic19jbGFzc19pZCI6IjYiLCJuYW1lIjoicmVzZXQiLCJsYWJlbCI6IlJlc2V0IiwiaHRtbCI6InJlc2V0IiwiYWRkX2NsYXNzZXMiOiIiLCJhZGRfc3R5bGVzIjoiIiwiYWRkX2F0dHIiOiIifV0sIm9wdHNfYXR0cnMiOnsiYmdfbnVtYmVyIjoiNCJ9fSwiaW1nX3ByZXZpZXciOiJiYXNlLWNvbnRhY3QuanBnIiwidmlld3MiOiIyMCIsInVuaXF1ZV92aWV3cyI6IjE0IiwiYWN0aW9ucyI6IjAiLCJzb3J0X29yZGVyIjoiMSIsImlzX3BybyI6IjAiLCJhYl9pZCI6IjAiLCJkYXRlX2NyZWF0ZWQiOiIyMDE2LTA1LTAzIDE0OjAxOjAzIiwiaW1nX3ByZXZpZXdfdXJsIjoiaHR0cHM6XC9cL3R3LmNtLnVwdC5yb1wvYzE0XC93cC1jb250ZW50XC9wbHVnaW5zXC9jb250YWN0LWZvcm0tYnktc3Vwc3lzdGljXC9hc3NldHNcL2Zvcm1zXC9pbWdcL3ByZXZpZXdcL2Jhc2UtY29udGFjdC5qcGciLCJ2aWV3X2lkIjoiMTFfMzEzOTE0Iiwidmlld19odG1sX2lkIjoiY3NwRm9ybVNoZWxsXzExXzMxMzkxNCIsImNvbm5lY3RfaGFzaCI6IjI2NTM5NDA1YzM0ZTk5Y2QyNWRhNzcwZGFhYTEwN2JhIn0=<\/span>\n","protected":false},"excerpt":{"rendered":"<p>&nbsp; &nbsp; &nbsp; Dac\u0103 ai \u00eentreb\u0103ri sau sugestii, completeaz\u0103 acest formular \u0219i \u00ee\u021bi r\u0103spund cu drag \ud83d\ude42 &nbsp; &nbsp;<\/p>\n","protected":false},"author":96,"featured_media":0,"parent":0,"menu_order":0,"comment_status":"closed","ping_status":"closed","template":"","meta":{"wprm-recipe-roundup-name":"","wprm-recipe-roundup-description":"","sfsi_plus_gutenberg_text_before_share":"","sfsi_plus_gutenberg_show_text_before_share":"","sfsi_plus_gutenberg_icon_type":"","sfsi_plus_gutenberg_icon_alignemt":"","sfsi_plus_gutenburg_max_per_row":"","ngg_post_thumbnail":0,"footnotes":""},"class_list":["post-108","page","type-page","status-publish","hentry"],"yoast_head":"<!-- This site is optimized with the Yoast SEO plugin v27.1.1 - https:\/\/yoast.com\/product\/yoast-seo-wordpress\/ -->\n<title>Contact - Young Traveler<\/title>\n<meta name=\"robots\" content=\"index, follow, max-snippet:-1, max-image-preview:large, max-video-preview:-1\" \/>\n<link rel=\"canonical\" href=\"https:\/\/tw.cm.upt.ro\/c14\/contact\/\" \/>\n<meta property=\"og:locale\" content=\"en_US\" \/>\n<meta property=\"og:type\" content=\"article\" \/>\n<meta property=\"og:title\" content=\"Contact - Young Traveler\" \/>\n<meta property=\"og:description\" content=\"&nbsp; &nbsp; &nbsp; Dac\u0103 ai \u00eentreb\u0103ri sau sugestii, completeaz\u0103 acest formular \u0219i \u00ee\u021bi r\u0103spund cu drag \ud83d\ude42 &nbsp; &nbsp;\" \/>\n<meta property=\"og:url\" content=\"https:\/\/tw.cm.upt.ro\/c14\/contact\/\" \/>\n<meta property=\"og:site_name\" content=\"Young Traveler\" \/>\n<meta property=\"article:modified_time\" content=\"2018-12-20T14:47:29+00:00\" \/>\n<meta name=\"twitter:card\" content=\"summary_large_image\" \/>\n<script type=\"application\/ld+json\" class=\"yoast-schema-graph\">{\"@context\":\"https:\/\/schema.org\",\"@graph\":[{\"@type\":\"WebPage\",\"@id\":\"https:\/\/tw.cm.upt.ro\/c14\/contact\/\",\"url\":\"https:\/\/tw.cm.upt.ro\/c14\/contact\/\",\"name\":\"Contact - Young Traveler\",\"isPartOf\":{\"@id\":\"https:\/\/tw.cm.upt.ro\/c14\/#website\"},\"datePublished\":\"2018-12-11T11:07:00+00:00\",\"dateModified\":\"2018-12-20T14:47:29+00:00\",\"breadcrumb\":{\"@id\":\"https:\/\/tw.cm.upt.ro\/c14\/contact\/#breadcrumb\"},\"inLanguage\":\"en-US\",\"potentialAction\":[{\"@type\":\"ReadAction\",\"target\":[\"https:\/\/tw.cm.upt.ro\/c14\/contact\/\"]}]},{\"@type\":\"BreadcrumbList\",\"@id\":\"https:\/\/tw.cm.upt.ro\/c14\/contact\/#breadcrumb\",\"itemListElement\":[{\"@type\":\"ListItem\",\"position\":1,\"name\":\"Home\",\"item\":\"https:\/\/tw.cm.upt.ro\/c14\/\"},{\"@type\":\"ListItem\",\"position\":2,\"name\":\"Contact\"}]},{\"@type\":\"WebSite\",\"@id\":\"https:\/\/tw.cm.upt.ro\/c14\/#website\",\"url\":\"https:\/\/tw.cm.upt.ro\/c14\/\",\"name\":\"Young Traveler\",\"description\":\"Proiect facultate\",\"potentialAction\":[{\"@type\":\"SearchAction\",\"target\":{\"@type\":\"EntryPoint\",\"urlTemplate\":\"https:\/\/tw.cm.upt.ro\/c14\/?s={search_term_string}\"},\"query-input\":{\"@type\":\"PropertyValueSpecification\",\"valueRequired\":true,\"valueName\":\"search_term_string\"}}],\"inLanguage\":\"en-US\"}]}<\/script>\n<!-- \/ Yoast SEO plugin. -->","yoast_head_json":{"title":"Contact - Young Traveler","robots":{"index":"index","follow":"follow","max-snippet":"max-snippet:-1","max-image-preview":"max-image-preview:large","max-video-preview":"max-video-preview:-1"},"canonical":"https:\/\/tw.cm.upt.ro\/c14\/contact\/","og_locale":"en_US","og_type":"article","og_title":"Contact - Young Traveler","og_description":"&nbsp; &nbsp; &nbsp; Dac\u0103 ai \u00eentreb\u0103ri sau sugestii, completeaz\u0103 acest formular \u0219i \u00ee\u021bi r\u0103spund cu drag \ud83d\ude42 &nbsp; &nbsp;","og_url":"https:\/\/tw.cm.upt.ro\/c14\/contact\/","og_site_name":"Young Traveler","article_modified_time":"2018-12-20T14:47:29+00:00","twitter_card":"summary_large_image","schema":{"@context":"https:\/\/schema.org","@graph":[{"@type":"WebPage","@id":"https:\/\/tw.cm.upt.ro\/c14\/contact\/","url":"https:\/\/tw.cm.upt.ro\/c14\/contact\/","name":"Contact - Young Traveler","isPartOf":{"@id":"https:\/\/tw.cm.upt.ro\/c14\/#website"},"datePublished":"2018-12-11T11:07:00+00:00","dateModified":"2018-12-20T14:47:29+00:00","breadcrumb":{"@id":"https:\/\/tw.cm.upt.ro\/c14\/contact\/#breadcrumb"},"inLanguage":"en-US","potentialAction":[{"@type":"ReadAction","target":["https:\/\/tw.cm.upt.ro\/c14\/contact\/"]}]},{"@type":"BreadcrumbList","@id":"https:\/\/tw.cm.upt.ro\/c14\/contact\/#breadcrumb","itemListElement":[{"@type":"ListItem","position":1,"name":"Home","item":"https:\/\/tw.cm.upt.ro\/c14\/"},{"@type":"ListItem","position":2,"name":"Contact"}]},{"@type":"WebSite","@id":"https:\/\/tw.cm.upt.ro\/c14\/#website","url":"https:\/\/tw.cm.upt.ro\/c14\/","name":"Young Traveler","description":"Proiect facultate","potentialAction":[{"@type":"SearchAction","target":{"@type":"EntryPoint","urlTemplate":"https:\/\/tw.cm.upt.ro\/c14\/?s={search_term_string}"},"query-input":{"@type":"PropertyValueSpecification","valueRequired":true,"valueName":"search_term_string"}}],"inLanguage":"en-US"}]}},"_links":{"self":[{"href":"https:\/\/tw.cm.upt.ro\/c14\/wp-json\/wp\/v2\/pages\/108","targetHints":{"allow":["GET"]}}],"collection":[{"href":"https:\/\/tw.cm.upt.ro\/c14\/wp-json\/wp\/v2\/pages"}],"about":[{"href":"https:\/\/tw.cm.upt.ro\/c14\/wp-json\/wp\/v2\/types\/page"}],"author":[{"embeddable":true,"href":"https:\/\/tw.cm.upt.ro\/c14\/wp-json\/wp\/v2\/users\/96"}],"replies":[{"embeddable":true,"href":"https:\/\/tw.cm.upt.ro\/c14\/wp-json\/wp\/v2\/comments?post=108"}],"version-history":[{"count":7,"href":"https:\/\/tw.cm.upt.ro\/c14\/wp-json\/wp\/v2\/pages\/108\/revisions"}],"predecessor-version":[{"id":126,"href":"https:\/\/tw.cm.upt.ro\/c14\/wp-json\/wp\/v2\/pages\/108\/revisions\/126"}],"wp:attachment":[{"href":"https:\/\/tw.cm.upt.ro\/c14\/wp-json\/wp\/v2\/media?parent=108"}],"curies":[{"name":"wp","href":"https:\/\/api.w.org\/{rel}","templated":true}]}}