{"id":117,"date":"2018-12-09T20:30:29","date_gmt":"2018-12-09T20:30:29","guid":{"rendered":"http:\/\/tw.cm.upt.ro\/c14\/?page_id=117"},"modified":"2018-12-19T20:31:58","modified_gmt":"2018-12-19T20:31:58","slug":"despre-mine","status":"publish","type":"page","link":"https:\/\/tw.cm.upt.ro\/c14\/despre-mine\/","title":{"rendered":"Despre mine"},"content":{"rendered":"<div id=\"fb-root\"><\/div>\n<h4>Te salut, numele meu e R\u0103zvan \u0219i am 23 de ani. V\u00e2rst\u0103 fain\u0103 de c\u0103l\u0103torit iar de aceea doresc s\u0103 \u00eemp\u0103rt\u0103\u0219esc si cu tine experien\u021bele mele. Nu sunt bogat \u0219i nici nu am mo\u0219tenit vreo avere. Am mult\u0103 ambi\u021bie \u0219i o poft\u0103 nebun\u0103 de a explora lumea! Bugete reduse \u0219i c\u0103l\u0103torii dese, deviza mea \ud83d\ude42<\/h4>\n<p><img fetchpriority=\"high\" decoding=\"async\" class=\"alignnone size-full wp-image-118\" src=\"http:\/\/tw.cm.upt.ro\/c14\/wp-content\/uploads\/sites\/101\/2018\/12\/CV-poza-png.png\" alt=\"poza despre mine\" width=\"680\" height=\"768\" srcset=\"https:\/\/tw.cm.upt.ro\/c14\/wp-content\/uploads\/sites\/101\/2018\/12\/CV-poza-png.png 680w, https:\/\/tw.cm.upt.ro\/c14\/wp-content\/uploads\/sites\/101\/2018\/12\/CV-poza-png-266x300.png 266w\" sizes=\"(max-width: 680px) 100vw, 680px\" \/><\/p>\n","protected":false},"excerpt":{"rendered":"<p>Te salut, numele meu e R\u0103zvan \u0219i am 23 de ani. V\u00e2rst\u0103 fain\u0103 de c\u0103l\u0103torit iar de aceea doresc s\u0103 \u00eemp\u0103rt\u0103\u0219esc si cu tine experien\u021bele mele. Nu sunt bogat \u0219i nici nu am mo\u0219tenit vreo avere. Am mult\u0103 ambi\u021bie \u0219i o poft\u0103 nebun\u0103 de a explora lumea! Bugete reduse \u0219i c\u0103l\u0103torii dese, deviza mea \ud83d\ude42<\/p>\n","protected":false},"author":96,"featured_media":0,"parent":0,"menu_order":0,"comment_status":"closed","ping_status":"closed","template":"","meta":{"wprm-recipe-roundup-name":"","wprm-recipe-roundup-description":"","sfsi_plus_gutenberg_text_before_share":"","sfsi_plus_gutenberg_show_text_before_share":"","sfsi_plus_gutenberg_icon_type":"","sfsi_plus_gutenberg_icon_alignemt":"","sfsi_plus_gutenburg_max_per_row":"","ngg_post_thumbnail":0,"footnotes":""},"class_list":["post-117","page","type-page","status-publish","hentry"],"yoast_head":"<!-- This site is optimized with the Yoast SEO plugin v27.1.1 - https:\/\/yoast.com\/product\/yoast-seo-wordpress\/ -->\n<title>Despre mine - Young Traveler<\/title>\n<meta name=\"robots\" content=\"index, follow, max-snippet:-1, max-image-preview:large, max-video-preview:-1\" \/>\n<link rel=\"canonical\" href=\"https:\/\/tw.cm.upt.ro\/c14\/despre-mine\/\" \/>\n<meta property=\"og:locale\" content=\"en_US\" \/>\n<meta property=\"og:type\" content=\"article\" \/>\n<meta property=\"og:title\" content=\"Despre mine - Young Traveler\" \/>\n<meta property=\"og:description\" content=\"Te salut, numele meu e R\u0103zvan \u0219i am 23 de ani. V\u00e2rst\u0103 fain\u0103 de c\u0103l\u0103torit iar de aceea doresc s\u0103 \u00eemp\u0103rt\u0103\u0219esc si cu tine experien\u021bele mele. Nu sunt bogat \u0219i nici nu am mo\u0219tenit vreo avere. Am mult\u0103 ambi\u021bie \u0219i o poft\u0103 nebun\u0103 de a explora lumea! Bugete reduse \u0219i c\u0103l\u0103torii dese, deviza mea \ud83d\ude42\" \/>\n<meta property=\"og:url\" content=\"https:\/\/tw.cm.upt.ro\/c14\/despre-mine\/\" \/>\n<meta property=\"og:site_name\" content=\"Young Traveler\" \/>\n<meta property=\"article:modified_time\" content=\"2018-12-19T20:31:58+00:00\" \/>\n<meta property=\"og:image\" content=\"http:\/\/tw.cm.upt.ro\/c14\/wp-content\/uploads\/sites\/101\/2018\/12\/CV-poza-png.png\" \/>\n<meta name=\"twitter:card\" content=\"summary_large_image\" \/>\n<script type=\"application\/ld+json\" class=\"yoast-schema-graph\">{\"@context\":\"https:\/\/schema.org\",\"@graph\":[{\"@type\":\"WebPage\",\"@id\":\"https:\/\/tw.cm.upt.ro\/c14\/despre-mine\/\",\"url\":\"https:\/\/tw.cm.upt.ro\/c14\/despre-mine\/\",\"name\":\"Despre mine - Young Traveler\",\"isPartOf\":{\"@id\":\"https:\/\/tw.cm.upt.ro\/c14\/#website\"},\"primaryImageOfPage\":{\"@id\":\"https:\/\/tw.cm.upt.ro\/c14\/despre-mine\/#primaryimage\"},\"image\":{\"@id\":\"https:\/\/tw.cm.upt.ro\/c14\/despre-mine\/#primaryimage\"},\"thumbnailUrl\":\"http:\/\/tw.cm.upt.ro\/c14\/wp-content\/uploads\/sites\/101\/2018\/12\/CV-poza-png.png\",\"datePublished\":\"2018-12-09T20:30:29+00:00\",\"dateModified\":\"2018-12-19T20:31:58+00:00\",\"breadcrumb\":{\"@id\":\"https:\/\/tw.cm.upt.ro\/c14\/despre-mine\/#breadcrumb\"},\"inLanguage\":\"en-US\",\"potentialAction\":[{\"@type\":\"ReadAction\",\"target\":[\"https:\/\/tw.cm.upt.ro\/c14\/despre-mine\/\"]}]},{\"@type\":\"ImageObject\",\"inLanguage\":\"en-US\",\"@id\":\"https:\/\/tw.cm.upt.ro\/c14\/despre-mine\/#primaryimage\",\"url\":\"https:\/\/tw.cm.upt.ro\/c14\/wp-content\/uploads\/sites\/101\/2018\/12\/CV-poza-png.png\",\"contentUrl\":\"https:\/\/tw.cm.upt.ro\/c14\/wp-content\/uploads\/sites\/101\/2018\/12\/CV-poza-png.png\",\"width\":680,\"height\":768,\"caption\":\"poza despre mine\"},{\"@type\":\"BreadcrumbList\",\"@id\":\"https:\/\/tw.cm.upt.ro\/c14\/despre-mine\/#breadcrumb\",\"itemListElement\":[{\"@type\":\"ListItem\",\"position\":1,\"name\":\"Home\",\"item\":\"https:\/\/tw.cm.upt.ro\/c14\/\"},{\"@type\":\"ListItem\",\"position\":2,\"name\":\"Despre mine\"}]},{\"@type\":\"WebSite\",\"@id\":\"https:\/\/tw.cm.upt.ro\/c14\/#website\",\"url\":\"https:\/\/tw.cm.upt.ro\/c14\/\",\"name\":\"Young Traveler\",\"description\":\"Proiect facultate\",\"potentialAction\":[{\"@type\":\"SearchAction\",\"target\":{\"@type\":\"EntryPoint\",\"urlTemplate\":\"https:\/\/tw.cm.upt.ro\/c14\/?s={search_term_string}\"},\"query-input\":{\"@type\":\"PropertyValueSpecification\",\"valueRequired\":true,\"valueName\":\"search_term_string\"}}],\"inLanguage\":\"en-US\"}]}<\/script>\n<!-- \/ Yoast SEO plugin. -->","yoast_head_json":{"title":"Despre mine - Young Traveler","robots":{"index":"index","follow":"follow","max-snippet":"max-snippet:-1","max-image-preview":"max-image-preview:large","max-video-preview":"max-video-preview:-1"},"canonical":"https:\/\/tw.cm.upt.ro\/c14\/despre-mine\/","og_locale":"en_US","og_type":"article","og_title":"Despre mine - Young Traveler","og_description":"Te salut, numele meu e R\u0103zvan \u0219i am 23 de ani. V\u00e2rst\u0103 fain\u0103 de c\u0103l\u0103torit iar de aceea doresc s\u0103 \u00eemp\u0103rt\u0103\u0219esc si cu tine experien\u021bele mele. Nu sunt bogat \u0219i nici nu am mo\u0219tenit vreo avere. Am mult\u0103 ambi\u021bie \u0219i o poft\u0103 nebun\u0103 de a explora lumea! Bugete reduse \u0219i c\u0103l\u0103torii dese, deviza mea \ud83d\ude42","og_url":"https:\/\/tw.cm.upt.ro\/c14\/despre-mine\/","og_site_name":"Young Traveler","article_modified_time":"2018-12-19T20:31:58+00:00","og_image":[{"url":"http:\/\/tw.cm.upt.ro\/c14\/wp-content\/uploads\/sites\/101\/2018\/12\/CV-poza-png.png","type":"","width":"","height":""}],"twitter_card":"summary_large_image","schema":{"@context":"https:\/\/schema.org","@graph":[{"@type":"WebPage","@id":"https:\/\/tw.cm.upt.ro\/c14\/despre-mine\/","url":"https:\/\/tw.cm.upt.ro\/c14\/despre-mine\/","name":"Despre mine - Young Traveler","isPartOf":{"@id":"https:\/\/tw.cm.upt.ro\/c14\/#website"},"primaryImageOfPage":{"@id":"https:\/\/tw.cm.upt.ro\/c14\/despre-mine\/#primaryimage"},"image":{"@id":"https:\/\/tw.cm.upt.ro\/c14\/despre-mine\/#primaryimage"},"thumbnailUrl":"http:\/\/tw.cm.upt.ro\/c14\/wp-content\/uploads\/sites\/101\/2018\/12\/CV-poza-png.png","datePublished":"2018-12-09T20:30:29+00:00","dateModified":"2018-12-19T20:31:58+00:00","breadcrumb":{"@id":"https:\/\/tw.cm.upt.ro\/c14\/despre-mine\/#breadcrumb"},"inLanguage":"en-US","potentialAction":[{"@type":"ReadAction","target":["https:\/\/tw.cm.upt.ro\/c14\/despre-mine\/"]}]},{"@type":"ImageObject","inLanguage":"en-US","@id":"https:\/\/tw.cm.upt.ro\/c14\/despre-mine\/#primaryimage","url":"https:\/\/tw.cm.upt.ro\/c14\/wp-content\/uploads\/sites\/101\/2018\/12\/CV-poza-png.png","contentUrl":"https:\/\/tw.cm.upt.ro\/c14\/wp-content\/uploads\/sites\/101\/2018\/12\/CV-poza-png.png","width":680,"height":768,"caption":"poza despre mine"},{"@type":"BreadcrumbList","@id":"https:\/\/tw.cm.upt.ro\/c14\/despre-mine\/#breadcrumb","itemListElement":[{"@type":"ListItem","position":1,"name":"Home","item":"https:\/\/tw.cm.upt.ro\/c14\/"},{"@type":"ListItem","position":2,"name":"Despre mine"}]},{"@type":"WebSite","@id":"https:\/\/tw.cm.upt.ro\/c14\/#website","url":"https:\/\/tw.cm.upt.ro\/c14\/","name":"Young Traveler","description":"Proiect facultate","potentialAction":[{"@type":"SearchAction","target":{"@type":"EntryPoint","urlTemplate":"https:\/\/tw.cm.upt.ro\/c14\/?s={search_term_string}"},"query-input":{"@type":"PropertyValueSpecification","valueRequired":true,"valueName":"search_term_string"}}],"inLanguage":"en-US"}]}},"_links":{"self":[{"href":"https:\/\/tw.cm.upt.ro\/c14\/wp-json\/wp\/v2\/pages\/117","targetHints":{"allow":["GET"]}}],"collection":[{"href":"https:\/\/tw.cm.upt.ro\/c14\/wp-json\/wp\/v2\/pages"}],"about":[{"href":"https:\/\/tw.cm.upt.ro\/c14\/wp-json\/wp\/v2\/types\/page"}],"author":[{"embeddable":true,"href":"https:\/\/tw.cm.upt.ro\/c14\/wp-json\/wp\/v2\/users\/96"}],"replies":[{"embeddable":true,"href":"https:\/\/tw.cm.upt.ro\/c14\/wp-json\/wp\/v2\/comments?post=117"}],"version-history":[{"count":1,"href":"https:\/\/tw.cm.upt.ro\/c14\/wp-json\/wp\/v2\/pages\/117\/revisions"}],"predecessor-version":[{"id":119,"href":"https:\/\/tw.cm.upt.ro\/c14\/wp-json\/wp\/v2\/pages\/117\/revisions\/119"}],"wp:attachment":[{"href":"https:\/\/tw.cm.upt.ro\/c14\/wp-json\/wp\/v2\/media?parent=117"}],"curies":[{"name":"wp","href":"https:\/\/api.w.org\/{rel}","templated":true}]}}