{"id":2,"date":"2018-10-18T11:14:58","date_gmt":"2018-10-18T11:14:58","guid":{"rendered":"http:\/\/tw.cm.upt.ro\/c26\/?page_id=2"},"modified":"2018-12-03T18:45:31","modified_gmt":"2018-12-03T18:45:31","slug":"sample-page","status":"publish","type":"page","link":"https:\/\/tw.cm.upt.ro\/c26\/sample-page\/","title":{"rendered":"O alimenta\u021bie s\u0103n\u0103toas\u0103"},"content":{"rendered":"<div id=\"fb-root\"><\/div>\n<p>Pentru a avea o alimenta\u021bie c\u00e2t mai s\u0103n\u0103toas\u0103 trebuie s\u0103 includem \u00een mesele zilei alimentele care acoper\u0103 nevoile organismului \u0219i care nu con\u021bin \u00een exces factori alimentari ce d\u0103uneaz\u0103 organismului. Pentru a m\u00e2nca s\u0103n\u0103tos, trebuie s\u0103 includem \u00een diet\u0103 acele alimentele cu o valoare nutri\u021bional\u0103 mare, care acoper\u0103 nevoile organismului.<\/p>\n<p>O dieta s\u0103n\u0103toas\u0103 include alimente diverse \u0219i consum moderat astfel \u00eenc\u00e2t s\u0103 nu se dep\u0103\u0219easc\u0103 nevoile energetice ale organismului. Este important\u0103 \u0219i prevenirea senza\u021biei de foame acut\u0103, prin \u00eemp\u0103r\u021birea ra\u021biei alimentare \u00een 3 mese principale \u0219i 2 gust\u0103ri, dar \u0219i asocierea corect\u0103 a alimentelor.<\/p>\n<p><strong>\u00a0<\/strong><\/p>\n<p><strong>Mai jos g\u0103si\u021bi c\u00e2teva sfaturi \u0219i esen\u021biale pentru o nutri\u021bie corect\u0103:<\/strong><\/p>\n<p><strong>\u00cen timpul mesei<\/strong><\/p>\n<p>M\u0103n\u00e2nc\u0103 c\u00e2t mai \u00eencet posibil. Prin mestecare se consum\u0103 calorii, iar fiecare \u00eenghi\u021bitur\u0103 trebuie s\u0103 fie mestecat\u0103 minimum 10 secunde.<\/p>\n<p>Nu bea niciodat\u0103 ap\u0103 (sau alte lichide) \u00een timpul mesei.<\/p>\n<p><strong>Fructe<\/strong><\/p>\n<p>L\u0103m\u00e2ia este unul din cele mai s\u0103n\u0103toase fructe, aceasta nu con\u0163ine aproape deloc zah\u0103r \u0219i contrar &#8220;legendei&#8221;, nu produce arsuri stomacale, ea fiind alcalinizant\u0103 \u015fi antiacida gastric.<\/p>\n<p>Fructele se consum\u0103 numai pe stomacul gol, neamestecate cu nimic altceva. \u00centre ele se pot combina, cu excep\u0163ia pepenelui ro\u015fu, care se m\u0103n\u00e2nc\u0103 singur.<\/p>\n<p>Una din gre\u0219elile pe care le facem este s\u0103 consum\u0103m fructele pe post de desert, deoarece vor \u00eempiedica tot procesul de digestie.<\/p>\n<p>&nbsp;<\/p>\n<p><strong>Reguli<\/strong><\/p>\n<ol>\n<li>Nu confunda apetitul cu foamea<\/li>\n<li>Fere\u0219te-te de pr\u0103jeli<\/li>\n<li>Evita supra \u00eendulcirea<\/li>\n<li>Fere\u0219te-te de excese<\/li>\n<li>Nu m\u00e2nca mult \u00eenainte de culcare!<\/li>\n<li>Controleaz\u0103 consumul de sare<\/li>\n<li>Nu s\u0103ri peste micul dejun<\/li>\n<li>Include \u00een dieta ta obi\u0219nuit\u0103 fibrele<\/li>\n<li>Consum\u0103 c\u00e2t mai multe mere<\/li>\n<li>\u00cenlocuie\u0219te zah\u0103rul cu miere<\/li>\n<li>M\u0103n\u00e2nc\u0103 o sup\u0103 \u00een fiecare zi<\/li>\n<li>G\u0103te\u0219te \u00een aburi in loc de a pr\u0103ji legumele.<\/li>\n<li>Bea limonad\u0103 cu l\u0103m\u00e2ie \u0219i miere c\u00e2nd ai poft\u0103 de un suc.<\/li>\n<li>Iaurtul trebuie s\u0103 fie nelipsit din alimenta\u021bie.<\/li>\n<li>M\u0103n\u00e2nc\u0103 alimente neprocesate, verzi, proaspete<\/li>\n<\/ol>\n<p>&nbsp;<\/p>\n","protected":false},"excerpt":{"rendered":"<p>Pentru a avea o alimenta\u021bie c\u00e2t mai s\u0103n\u0103toas\u0103 trebuie s\u0103 includem \u00een mesele zilei alimentele care acoper\u0103 nevoile organismului \u0219i care nu con\u021bin \u00een exces factori alimentari ce d\u0103uneaz\u0103 organismului. Pentru a m\u00e2nca s\u0103n\u0103tos, trebuie s\u0103 includem \u00een diet\u0103 acele alimentele cu o valoare nutri\u021bional\u0103 mare, care acoper\u0103 nevoile organismului. O dieta s\u0103n\u0103toas\u0103 include alimente [&hellip;]<\/p>\n","protected":false},"author":108,"featured_media":0,"parent":0,"menu_order":0,"comment_status":"closed","ping_status":"open","template":"","meta":{"wprm-recipe-roundup-name":"","wprm-recipe-roundup-description":"","ngg_post_thumbnail":0,"footnotes":""},"class_list":["post-2","page","type-page","status-publish","hentry"],"yoast_head":"<!-- This site is optimized with the Yoast SEO plugin v27.1.1 - https:\/\/yoast.com\/product\/yoast-seo-wordpress\/ -->\n<title>O alimenta\u021bie s\u0103n\u0103toas\u0103 - Totul despre nutri\u021bie!<\/title>\n<meta name=\"robots\" content=\"index, follow, max-snippet:-1, max-image-preview:large, max-video-preview:-1\" \/>\n<link rel=\"canonical\" href=\"https:\/\/tw.cm.upt.ro\/c26\/sample-page\/\" \/>\n<meta property=\"og:locale\" content=\"en_US\" \/>\n<meta property=\"og:type\" content=\"article\" \/>\n<meta property=\"og:title\" content=\"O alimenta\u021bie s\u0103n\u0103toas\u0103 - Totul despre nutri\u021bie!\" \/>\n<meta property=\"og:description\" content=\"Pentru a avea o alimenta\u021bie c\u00e2t mai s\u0103n\u0103toas\u0103 trebuie s\u0103 includem \u00een mesele zilei alimentele care acoper\u0103 nevoile organismului \u0219i care nu con\u021bin \u00een exces factori alimentari ce d\u0103uneaz\u0103 organismului. Pentru a m\u00e2nca s\u0103n\u0103tos, trebuie s\u0103 includem \u00een diet\u0103 acele alimentele cu o valoare nutri\u021bional\u0103 mare, care acoper\u0103 nevoile organismului. O dieta s\u0103n\u0103toas\u0103 include alimente [&hellip;]\" \/>\n<meta property=\"og:url\" content=\"https:\/\/tw.cm.upt.ro\/c26\/sample-page\/\" \/>\n<meta property=\"og:site_name\" content=\"Totul despre nutri\u021bie!\" \/>\n<meta property=\"article:modified_time\" content=\"2018-12-03T18:45:31+00:00\" \/>\n<meta name=\"twitter:card\" content=\"summary_large_image\" \/>\n<meta name=\"twitter:label1\" content=\"Est. reading time\" \/>\n\t<meta name=\"twitter:data1\" content=\"2 minutes\" \/>\n<script type=\"application\/ld+json\" class=\"yoast-schema-graph\">{\"@context\":\"https:\/\/schema.org\",\"@graph\":[{\"@type\":\"WebPage\",\"@id\":\"https:\/\/tw.cm.upt.ro\/c26\/sample-page\/\",\"url\":\"https:\/\/tw.cm.upt.ro\/c26\/sample-page\/\",\"name\":\"O alimenta\u021bie s\u0103n\u0103toas\u0103 - Totul despre nutri\u021bie!\",\"isPartOf\":{\"@id\":\"https:\/\/tw.cm.upt.ro\/c26\/#website\"},\"datePublished\":\"2018-10-18T11:14:58+00:00\",\"dateModified\":\"2018-12-03T18:45:31+00:00\",\"breadcrumb\":{\"@id\":\"https:\/\/tw.cm.upt.ro\/c26\/sample-page\/#breadcrumb\"},\"inLanguage\":\"en-US\",\"potentialAction\":[{\"@type\":\"ReadAction\",\"target\":[\"https:\/\/tw.cm.upt.ro\/c26\/sample-page\/\"]}]},{\"@type\":\"BreadcrumbList\",\"@id\":\"https:\/\/tw.cm.upt.ro\/c26\/sample-page\/#breadcrumb\",\"itemListElement\":[{\"@type\":\"ListItem\",\"position\":1,\"name\":\"Home\",\"item\":\"https:\/\/tw.cm.upt.ro\/c26\/\"},{\"@type\":\"ListItem\",\"position\":2,\"name\":\"O alimenta\u021bie s\u0103n\u0103toas\u0103\"}]},{\"@type\":\"WebSite\",\"@id\":\"https:\/\/tw.cm.upt.ro\/c26\/#website\",\"url\":\"https:\/\/tw.cm.upt.ro\/c26\/\",\"name\":\"Totul despre nutri\u021bie!\",\"description\":\"A m\u00e2nca este o necesitate, a m\u00e2nca inteligent este o art\u0103.\",\"potentialAction\":[{\"@type\":\"SearchAction\",\"target\":{\"@type\":\"EntryPoint\",\"urlTemplate\":\"https:\/\/tw.cm.upt.ro\/c26\/?s={search_term_string}\"},\"query-input\":{\"@type\":\"PropertyValueSpecification\",\"valueRequired\":true,\"valueName\":\"search_term_string\"}}],\"inLanguage\":\"en-US\"}]}<\/script>\n<!-- \/ Yoast SEO plugin. -->","yoast_head_json":{"title":"O alimenta\u021bie s\u0103n\u0103toas\u0103 - Totul despre nutri\u021bie!","robots":{"index":"index","follow":"follow","max-snippet":"max-snippet:-1","max-image-preview":"max-image-preview:large","max-video-preview":"max-video-preview:-1"},"canonical":"https:\/\/tw.cm.upt.ro\/c26\/sample-page\/","og_locale":"en_US","og_type":"article","og_title":"O alimenta\u021bie s\u0103n\u0103toas\u0103 - Totul despre nutri\u021bie!","og_description":"Pentru a avea o alimenta\u021bie c\u00e2t mai s\u0103n\u0103toas\u0103 trebuie s\u0103 includem \u00een mesele zilei alimentele care acoper\u0103 nevoile organismului \u0219i care nu con\u021bin \u00een exces factori alimentari ce d\u0103uneaz\u0103 organismului. Pentru a m\u00e2nca s\u0103n\u0103tos, trebuie s\u0103 includem \u00een diet\u0103 acele alimentele cu o valoare nutri\u021bional\u0103 mare, care acoper\u0103 nevoile organismului. O dieta s\u0103n\u0103toas\u0103 include alimente [&hellip;]","og_url":"https:\/\/tw.cm.upt.ro\/c26\/sample-page\/","og_site_name":"Totul despre nutri\u021bie!","article_modified_time":"2018-12-03T18:45:31+00:00","twitter_card":"summary_large_image","twitter_misc":{"Est. reading time":"2 minutes"},"schema":{"@context":"https:\/\/schema.org","@graph":[{"@type":"WebPage","@id":"https:\/\/tw.cm.upt.ro\/c26\/sample-page\/","url":"https:\/\/tw.cm.upt.ro\/c26\/sample-page\/","name":"O alimenta\u021bie s\u0103n\u0103toas\u0103 - Totul despre nutri\u021bie!","isPartOf":{"@id":"https:\/\/tw.cm.upt.ro\/c26\/#website"},"datePublished":"2018-10-18T11:14:58+00:00","dateModified":"2018-12-03T18:45:31+00:00","breadcrumb":{"@id":"https:\/\/tw.cm.upt.ro\/c26\/sample-page\/#breadcrumb"},"inLanguage":"en-US","potentialAction":[{"@type":"ReadAction","target":["https:\/\/tw.cm.upt.ro\/c26\/sample-page\/"]}]},{"@type":"BreadcrumbList","@id":"https:\/\/tw.cm.upt.ro\/c26\/sample-page\/#breadcrumb","itemListElement":[{"@type":"ListItem","position":1,"name":"Home","item":"https:\/\/tw.cm.upt.ro\/c26\/"},{"@type":"ListItem","position":2,"name":"O alimenta\u021bie s\u0103n\u0103toas\u0103"}]},{"@type":"WebSite","@id":"https:\/\/tw.cm.upt.ro\/c26\/#website","url":"https:\/\/tw.cm.upt.ro\/c26\/","name":"Totul despre nutri\u021bie!","description":"A m\u00e2nca este o necesitate, a m\u00e2nca inteligent este o art\u0103.","potentialAction":[{"@type":"SearchAction","target":{"@type":"EntryPoint","urlTemplate":"https:\/\/tw.cm.upt.ro\/c26\/?s={search_term_string}"},"query-input":{"@type":"PropertyValueSpecification","valueRequired":true,"valueName":"search_term_string"}}],"inLanguage":"en-US"}]}},"_links":{"self":[{"href":"https:\/\/tw.cm.upt.ro\/c26\/wp-json\/wp\/v2\/pages\/2","targetHints":{"allow":["GET"]}}],"collection":[{"href":"https:\/\/tw.cm.upt.ro\/c26\/wp-json\/wp\/v2\/pages"}],"about":[{"href":"https:\/\/tw.cm.upt.ro\/c26\/wp-json\/wp\/v2\/types\/page"}],"author":[{"embeddable":true,"href":"https:\/\/tw.cm.upt.ro\/c26\/wp-json\/wp\/v2\/users\/108"}],"replies":[{"embeddable":true,"href":"https:\/\/tw.cm.upt.ro\/c26\/wp-json\/wp\/v2\/comments?post=2"}],"version-history":[{"count":1,"href":"https:\/\/tw.cm.upt.ro\/c26\/wp-json\/wp\/v2\/pages\/2\/revisions"}],"predecessor-version":[{"id":14,"href":"https:\/\/tw.cm.upt.ro\/c26\/wp-json\/wp\/v2\/pages\/2\/revisions\/14"}],"wp:attachment":[{"href":"https:\/\/tw.cm.upt.ro\/c26\/wp-json\/wp\/v2\/media?parent=2"}],"curies":[{"name":"wp","href":"https:\/\/api.w.org\/{rel}","templated":true}]}}