{"id":18,"date":"2018-10-22T09:56:25","date_gmt":"2018-10-22T09:56:25","guid":{"rendered":"http:\/\/tw.cm.upt.ro\/c34\/?page_id=18"},"modified":"2018-10-23T07:49:31","modified_gmt":"2018-10-23T07:49:31","slug":"despre-mine","status":"publish","type":"page","link":"https:\/\/tw.cm.upt.ro\/c34\/despre-mine\/","title":{"rendered":"Despre mine"},"content":{"rendered":"<div id=\"fb-root\"><\/div>\n<p>Bun\u0103,<\/p>\n<p>Eu sunt <strong>Raluca \u0218andru<\/strong> \u0219i sunt aici s\u0103 v\u0103 ajut s\u0103 v\u0103 g\u0103si\u021bi stilul potrivit de nunt\u0103, s\u0103 v\u0103 personaliza\u021bi nunta \u0219i s\u0103 face\u021bi din ea o aventur\u0103 a voastr\u0103! Este GOAL-ul meu pentru toate cuplurile care aleg <strong>Wedding Planner Raluca \u0218andru<\/strong> pentru nunta lor.<\/p>\n<div class=\"et_pb_column et_pb_column_2_3 et_pb_column_0\">\n<div class=\"et_pb_text et_pb_module et_pb_bg_layout_light et_pb_text_align_justified et_pb_text_0\">\n<div class=\"et_pb_text_inner\">\n<p>\u00cen calitate de organizator de nunt\u0103, eu v\u0103 voi ajuta cu mare drag, pasiune \u0219i profesionalism, s\u0103 ave\u021bi nunta visat\u0103 la bugetul stabilit. V\u0103 voi \u00eemp\u0103rt\u0103\u0219i din experien\u021ba \u0219i cuno\u0219tin\u021bele mele, v\u0103 voi oferi idei, \u00eendrumare, coordonare \u0219i m\u0103 voi ocupa de planificarea nun\u021bii voastre p\u00e2n\u0103 la cele mai mici detalii, pentru ca tu \u0219i partenerul t\u0103u s\u0103 v\u0103 preocupa\u021bi doar s\u0103 fi\u021bi ferici\u021bi.<\/p>\n<p>M\u0103 \u00eencarc cu energie c\u00e2nd v\u0103d oameni care iubesc, c\u00e2nd sunt \u00eenconjurat\u0103 de oameni ferici\u021bi. Vreau s\u0103 ofer bucurie \u0219i s\u0103 contribui la fericirea celor din jurul meu.<\/p>\n<p>Cred cu t\u0103rie c\u0103 fericirea se m\u0103soar\u0103 \u00een momente. Mici sau mari, nu conteaz\u0103, doar s\u0103 fie de calitate. Din aceast\u0103 cauz\u0103, scopul meu este s\u0103 organizez pentru voi cele mai frumoase \u0219i memorabile evenimente.<\/p>\n<p>Dac\u0103 acest lucru i\u021bi dore\u0219ti \u0219i tu, nu \u00eent\u00e2mpl\u0103tor ai ajuns pe pagina mea.\u00a0Contacteaza-m\u0103\u00a0\u0219i, \u00eempreun\u0103 cu echipa <strong>Wedding Planner \u0218andru Raluca<\/strong>, te voi ajuta s\u0103 ai cele mai reu\u0219ite \u0219i fericite momente.<\/p>\n<p><img decoding=\"async\" class=\"size-full wp-image-5 aligncenter\" src=\"http:\/\/tw.cm.upt.ro\/c34\/wp-content\/uploads\/sites\/121\/2018\/10\/Picture1.png\" alt=\"\" width=\"177\" height=\"106\" \/><\/p>\n<\/div>\n<\/div>\n<\/div>\n<div class=\"et_pb_column et_pb_column_1_3 et_pb_column_1 et-last-child\"><\/div>\n","protected":false},"excerpt":{"rendered":"<p>Bun\u0103, Eu sunt Raluca \u0218andru \u0219i sunt aici s\u0103 v\u0103 ajut s\u0103 v\u0103 g\u0103si\u021bi stilul potrivit de nunt\u0103, s\u0103 v\u0103 personaliza\u021bi nunta \u0219i s\u0103 face\u021bi din ea o aventur\u0103 a voastr\u0103! Este GOAL-ul meu pentru toate cuplurile care aleg Wedding Planner Raluca \u0218andru pentru&#8230;<\/p>\n","protected":false},"author":116,"featured_media":0,"parent":0,"menu_order":0,"comment_status":"closed","ping_status":"closed","template":"","meta":{"wprm-recipe-roundup-name":"","wprm-recipe-roundup-description":"","ngg_post_thumbnail":0,"footnotes":""},"class_list":["post-18","page","type-page","status-publish","hentry"],"yoast_head":"<!-- This site is optimized with the Yoast SEO plugin v27.1.1 - https:\/\/yoast.com\/product\/yoast-seo-wordpress\/ -->\n<title>Despre mine - GHIDUL T\u0102U DE NUNT\u0102<\/title>\n<meta name=\"robots\" content=\"index, follow, max-snippet:-1, max-image-preview:large, max-video-preview:-1\" \/>\n<link rel=\"canonical\" href=\"https:\/\/tw.cm.upt.ro\/c34\/despre-mine\/\" \/>\n<meta property=\"og:locale\" content=\"en_US\" \/>\n<meta property=\"og:type\" content=\"article\" \/>\n<meta property=\"og:title\" content=\"Despre mine - GHIDUL T\u0102U DE NUNT\u0102\" \/>\n<meta property=\"og:description\" content=\"Bun\u0103, Eu sunt Raluca \u0218andru \u0219i sunt aici s\u0103 v\u0103 ajut s\u0103 v\u0103 g\u0103si\u021bi stilul potrivit de nunt\u0103, s\u0103 v\u0103 personaliza\u021bi nunta \u0219i s\u0103 face\u021bi din ea o aventur\u0103 a voastr\u0103! Este GOAL-ul meu pentru toate cuplurile care aleg Wedding Planner Raluca \u0218andru pentru...\" \/>\n<meta property=\"og:url\" content=\"https:\/\/tw.cm.upt.ro\/c34\/despre-mine\/\" \/>\n<meta property=\"og:site_name\" content=\"GHIDUL T\u0102U DE NUNT\u0102\" \/>\n<meta property=\"article:modified_time\" content=\"2018-10-23T07:49:31+00:00\" \/>\n<meta property=\"og:image\" content=\"http:\/\/tw.cm.upt.ro\/c34\/wp-content\/uploads\/sites\/121\/2018\/10\/Picture1.png\" \/>\n<meta name=\"twitter:card\" content=\"summary_large_image\" \/>\n<meta name=\"twitter:label1\" content=\"Est. reading time\" \/>\n\t<meta name=\"twitter:data1\" content=\"1 minute\" \/>\n<script type=\"application\/ld+json\" class=\"yoast-schema-graph\">{\"@context\":\"https:\/\/schema.org\",\"@graph\":[{\"@type\":\"WebPage\",\"@id\":\"https:\/\/tw.cm.upt.ro\/c34\/despre-mine\/\",\"url\":\"https:\/\/tw.cm.upt.ro\/c34\/despre-mine\/\",\"name\":\"Despre mine - GHIDUL T\u0102U DE NUNT\u0102\",\"isPartOf\":{\"@id\":\"https:\/\/tw.cm.upt.ro\/c34\/#website\"},\"primaryImageOfPage\":{\"@id\":\"https:\/\/tw.cm.upt.ro\/c34\/despre-mine\/#primaryimage\"},\"image\":{\"@id\":\"https:\/\/tw.cm.upt.ro\/c34\/despre-mine\/#primaryimage\"},\"thumbnailUrl\":\"http:\/\/tw.cm.upt.ro\/c34\/wp-content\/uploads\/sites\/121\/2018\/10\/Picture1.png\",\"datePublished\":\"2018-10-22T09:56:25+00:00\",\"dateModified\":\"2018-10-23T07:49:31+00:00\",\"breadcrumb\":{\"@id\":\"https:\/\/tw.cm.upt.ro\/c34\/despre-mine\/#breadcrumb\"},\"inLanguage\":\"en-US\",\"potentialAction\":[{\"@type\":\"ReadAction\",\"target\":[\"https:\/\/tw.cm.upt.ro\/c34\/despre-mine\/\"]}]},{\"@type\":\"ImageObject\",\"inLanguage\":\"en-US\",\"@id\":\"https:\/\/tw.cm.upt.ro\/c34\/despre-mine\/#primaryimage\",\"url\":\"https:\/\/tw.cm.upt.ro\/c34\/wp-content\/uploads\/sites\/121\/2018\/10\/Picture1.png\",\"contentUrl\":\"https:\/\/tw.cm.upt.ro\/c34\/wp-content\/uploads\/sites\/121\/2018\/10\/Picture1.png\",\"width\":177,\"height\":106},{\"@type\":\"BreadcrumbList\",\"@id\":\"https:\/\/tw.cm.upt.ro\/c34\/despre-mine\/#breadcrumb\",\"itemListElement\":[{\"@type\":\"ListItem\",\"position\":1,\"name\":\"Home\",\"item\":\"https:\/\/tw.cm.upt.ro\/c34\/\"},{\"@type\":\"ListItem\",\"position\":2,\"name\":\"Despre mine\"}]},{\"@type\":\"WebSite\",\"@id\":\"https:\/\/tw.cm.upt.ro\/c34\/#website\",\"url\":\"https:\/\/tw.cm.upt.ro\/c34\/\",\"name\":\"GHIDUL T\u0102U DE NUNT\u0102\",\"description\":\"Idei pentru o petrecere de nunt\u0103 reu\u0219it\u0103\",\"publisher\":{\"@id\":\"https:\/\/tw.cm.upt.ro\/c34\/#organization\"},\"potentialAction\":[{\"@type\":\"SearchAction\",\"target\":{\"@type\":\"EntryPoint\",\"urlTemplate\":\"https:\/\/tw.cm.upt.ro\/c34\/?s={search_term_string}\"},\"query-input\":{\"@type\":\"PropertyValueSpecification\",\"valueRequired\":true,\"valueName\":\"search_term_string\"}}],\"inLanguage\":\"en-US\"},{\"@type\":\"Organization\",\"@id\":\"https:\/\/tw.cm.upt.ro\/c34\/#organization\",\"name\":\"GHIDUL T\u0102U DE NUNT\u0102\",\"url\":\"https:\/\/tw.cm.upt.ro\/c34\/\",\"logo\":{\"@type\":\"ImageObject\",\"inLanguage\":\"en-US\",\"@id\":\"https:\/\/tw.cm.upt.ro\/c34\/#\/schema\/logo\/image\/\",\"url\":\"https:\/\/tw.cm.upt.ro\/c34\/wp-content\/uploads\/sites\/121\/2018\/10\/cropped-Picture1.png\",\"contentUrl\":\"https:\/\/tw.cm.upt.ro\/c34\/wp-content\/uploads\/sites\/121\/2018\/10\/cropped-Picture1.png\",\"width\":177,\"height\":106,\"caption\":\"GHIDUL T\u0102U DE NUNT\u0102\"},\"image\":{\"@id\":\"https:\/\/tw.cm.upt.ro\/c34\/#\/schema\/logo\/image\/\"}}]}<\/script>\n<!-- \/ Yoast SEO plugin. -->","yoast_head_json":{"title":"Despre mine - GHIDUL T\u0102U DE NUNT\u0102","robots":{"index":"index","follow":"follow","max-snippet":"max-snippet:-1","max-image-preview":"max-image-preview:large","max-video-preview":"max-video-preview:-1"},"canonical":"https:\/\/tw.cm.upt.ro\/c34\/despre-mine\/","og_locale":"en_US","og_type":"article","og_title":"Despre mine - GHIDUL T\u0102U DE NUNT\u0102","og_description":"Bun\u0103, Eu sunt Raluca \u0218andru \u0219i sunt aici s\u0103 v\u0103 ajut s\u0103 v\u0103 g\u0103si\u021bi stilul potrivit de nunt\u0103, s\u0103 v\u0103 personaliza\u021bi nunta \u0219i s\u0103 face\u021bi din ea o aventur\u0103 a voastr\u0103! Este GOAL-ul meu pentru toate cuplurile care aleg Wedding Planner Raluca \u0218andru pentru...","og_url":"https:\/\/tw.cm.upt.ro\/c34\/despre-mine\/","og_site_name":"GHIDUL T\u0102U DE NUNT\u0102","article_modified_time":"2018-10-23T07:49:31+00:00","og_image":[{"url":"http:\/\/tw.cm.upt.ro\/c34\/wp-content\/uploads\/sites\/121\/2018\/10\/Picture1.png","type":"","width":"","height":""}],"twitter_card":"summary_large_image","twitter_misc":{"Est. reading time":"1 minute"},"schema":{"@context":"https:\/\/schema.org","@graph":[{"@type":"WebPage","@id":"https:\/\/tw.cm.upt.ro\/c34\/despre-mine\/","url":"https:\/\/tw.cm.upt.ro\/c34\/despre-mine\/","name":"Despre mine - GHIDUL T\u0102U DE NUNT\u0102","isPartOf":{"@id":"https:\/\/tw.cm.upt.ro\/c34\/#website"},"primaryImageOfPage":{"@id":"https:\/\/tw.cm.upt.ro\/c34\/despre-mine\/#primaryimage"},"image":{"@id":"https:\/\/tw.cm.upt.ro\/c34\/despre-mine\/#primaryimage"},"thumbnailUrl":"http:\/\/tw.cm.upt.ro\/c34\/wp-content\/uploads\/sites\/121\/2018\/10\/Picture1.png","datePublished":"2018-10-22T09:56:25+00:00","dateModified":"2018-10-23T07:49:31+00:00","breadcrumb":{"@id":"https:\/\/tw.cm.upt.ro\/c34\/despre-mine\/#breadcrumb"},"inLanguage":"en-US","potentialAction":[{"@type":"ReadAction","target":["https:\/\/tw.cm.upt.ro\/c34\/despre-mine\/"]}]},{"@type":"ImageObject","inLanguage":"en-US","@id":"https:\/\/tw.cm.upt.ro\/c34\/despre-mine\/#primaryimage","url":"https:\/\/tw.cm.upt.ro\/c34\/wp-content\/uploads\/sites\/121\/2018\/10\/Picture1.png","contentUrl":"https:\/\/tw.cm.upt.ro\/c34\/wp-content\/uploads\/sites\/121\/2018\/10\/Picture1.png","width":177,"height":106},{"@type":"BreadcrumbList","@id":"https:\/\/tw.cm.upt.ro\/c34\/despre-mine\/#breadcrumb","itemListElement":[{"@type":"ListItem","position":1,"name":"Home","item":"https:\/\/tw.cm.upt.ro\/c34\/"},{"@type":"ListItem","position":2,"name":"Despre mine"}]},{"@type":"WebSite","@id":"https:\/\/tw.cm.upt.ro\/c34\/#website","url":"https:\/\/tw.cm.upt.ro\/c34\/","name":"GHIDUL T\u0102U DE NUNT\u0102","description":"Idei pentru o petrecere de nunt\u0103 reu\u0219it\u0103","publisher":{"@id":"https:\/\/tw.cm.upt.ro\/c34\/#organization"},"potentialAction":[{"@type":"SearchAction","target":{"@type":"EntryPoint","urlTemplate":"https:\/\/tw.cm.upt.ro\/c34\/?s={search_term_string}"},"query-input":{"@type":"PropertyValueSpecification","valueRequired":true,"valueName":"search_term_string"}}],"inLanguage":"en-US"},{"@type":"Organization","@id":"https:\/\/tw.cm.upt.ro\/c34\/#organization","name":"GHIDUL T\u0102U DE NUNT\u0102","url":"https:\/\/tw.cm.upt.ro\/c34\/","logo":{"@type":"ImageObject","inLanguage":"en-US","@id":"https:\/\/tw.cm.upt.ro\/c34\/#\/schema\/logo\/image\/","url":"https:\/\/tw.cm.upt.ro\/c34\/wp-content\/uploads\/sites\/121\/2018\/10\/cropped-Picture1.png","contentUrl":"https:\/\/tw.cm.upt.ro\/c34\/wp-content\/uploads\/sites\/121\/2018\/10\/cropped-Picture1.png","width":177,"height":106,"caption":"GHIDUL T\u0102U DE NUNT\u0102"},"image":{"@id":"https:\/\/tw.cm.upt.ro\/c34\/#\/schema\/logo\/image\/"}}]}},"_links":{"self":[{"href":"https:\/\/tw.cm.upt.ro\/c34\/wp-json\/wp\/v2\/pages\/18","targetHints":{"allow":["GET"]}}],"collection":[{"href":"https:\/\/tw.cm.upt.ro\/c34\/wp-json\/wp\/v2\/pages"}],"about":[{"href":"https:\/\/tw.cm.upt.ro\/c34\/wp-json\/wp\/v2\/types\/page"}],"author":[{"embeddable":true,"href":"https:\/\/tw.cm.upt.ro\/c34\/wp-json\/wp\/v2\/users\/116"}],"replies":[{"embeddable":true,"href":"https:\/\/tw.cm.upt.ro\/c34\/wp-json\/wp\/v2\/comments?post=18"}],"version-history":[{"count":5,"href":"https:\/\/tw.cm.upt.ro\/c34\/wp-json\/wp\/v2\/pages\/18\/revisions"}],"predecessor-version":[{"id":31,"href":"https:\/\/tw.cm.upt.ro\/c34\/wp-json\/wp\/v2\/pages\/18\/revisions\/31"}],"wp:attachment":[{"href":"https:\/\/tw.cm.upt.ro\/c34\/wp-json\/wp\/v2\/media?parent=18"}],"curies":[{"name":"wp","href":"https:\/\/api.w.org\/{rel}","templated":true}]}}