{"id":68,"date":"2018-11-28T14:32:36","date_gmt":"2018-11-28T14:32:36","guid":{"rendered":"http:\/\/tw.cm.upt.ro\/c35\/?page_id=68"},"modified":"2018-11-28T14:41:44","modified_gmt":"2018-11-28T14:41:44","slug":"despre-mine","status":"publish","type":"page","link":"https:\/\/tw.cm.upt.ro\/c35\/despre-mine\/","title":{"rendered":"Despre mine"},"content":{"rendered":"<div id=\"fb-root\"><\/div>\n<p>Bun\u0103 \u0219i bine ai venit pe blogul meu. M\u0103 numesc Timea, sunt student\u0103 la Universitatea Politehnica Timi\u0219oara, Facultatea de \u0218tiin\u021be ale Comunic\u0103rii. Inc\u0103 pu\u021bin \u0219i termin masteratul cu specilizarea \u00een Comunicare, rela\u021bii publice \u0219i media digital\u0103.<\/p>\n<p>Am 23 de ani, sunt n\u0103scut\u0103 \u0219i crescut\u0103 \u00een Timi\u0219oara.<\/p>\n<p>Lucrez \u00eentr-o corpora\u021bie unde \u00een adev\u0103ratul sens al cuv\u00e2ntului, totul este magenta, adic\u0103 mai ceva ca \u0219i rozul. Nu, nu este vorba despre Telekom Rom\u00e2nia, ci despre Deutsche Telekom Services Europe, din care face parte \u0219i Telekom Rom\u00e2nia. P\u00e2n\u0103 de ceva vreme am fost HR Speciliast pentru compania din Ungaria, \u00eens\u0103 recent, am trecut \u00een departamentul de comunicare ca \u0219i Communication Speciliast. Ce pot s\u0103 mai zic? #dreamjob<\/p>\n<p>\u00cemi place mult s\u0103 g\u0103tesc cu ajutorul conceptului HomeFresh (explic totul \u00een post\u0103ri).<\/p>\n<p>Sunt foarte atent\u0103 la s\u0103n\u0103tatea mea \u0219i cu ajutotul companiei TummyTox reu\u0219sesc s\u0103 fac asta (la fel, toate detaliile se pot g\u0103si \u00een post\u0103rile mele despre TummyTox).<\/p>\n<p>Cu timpul stau cam prost, \u00eens\u0103 nici nu m\u0103 pot pl\u00e2nge, deoarece \u00eemi place tot ceea ce fac.<\/p>\n<p>Pe l\u00e2ng\u0103 astea sunt o norocoas\u0103 so\u021bie a unui so\u021b iubitor \u0219i atent.<\/p>\n<p>&nbsp;<\/p>\n<p>&nbsp;<\/p>\n","protected":false},"excerpt":{"rendered":"<p>Bun\u0103 \u0219i bine ai venit pe blogul meu. M\u0103 numesc Timea, sunt student\u0103 la Universitatea Politehnica Timi\u0219oara, Facultatea de \u0218tiin\u021be ale Comunic\u0103rii. Inc\u0103 pu\u021bin \u0219i termin masteratul cu specilizarea \u00een Comunicare, rela\u021bii publice \u0219i media digital\u0103. Am 23 de ani, sunt n\u0103scut\u0103 \u0219i crescut\u0103&#8230;<\/p>\n","protected":false},"author":117,"featured_media":69,"parent":0,"menu_order":0,"comment_status":"closed","ping_status":"closed","template":"","meta":{"wprm-recipe-roundup-name":"","wprm-recipe-roundup-description":"","ngg_post_thumbnail":0,"footnotes":""},"class_list":["post-68","page","type-page","status-publish","has-post-thumbnail","hentry"],"yoast_head":"<!-- This site is optimized with the Yoast SEO plugin v27.1.1 - https:\/\/yoast.com\/product\/yoast-seo-wordpress\/ -->\n<title>Despre mine - Blogul Timeei<\/title>\n<meta name=\"robots\" content=\"index, follow, max-snippet:-1, max-image-preview:large, max-video-preview:-1\" \/>\n<link rel=\"canonical\" href=\"https:\/\/tw.cm.upt.ro\/c35\/despre-mine\/\" \/>\n<meta property=\"og:locale\" content=\"en_US\" \/>\n<meta property=\"og:type\" content=\"article\" \/>\n<meta property=\"og:title\" content=\"Despre mine - Blogul Timeei\" \/>\n<meta property=\"og:description\" content=\"Bun\u0103 \u0219i bine ai venit pe blogul meu. M\u0103 numesc Timea, sunt student\u0103 la Universitatea Politehnica Timi\u0219oara, Facultatea de \u0218tiin\u021be ale Comunic\u0103rii. Inc\u0103 pu\u021bin \u0219i termin masteratul cu specilizarea \u00een Comunicare, rela\u021bii publice \u0219i media digital\u0103. Am 23 de ani, sunt n\u0103scut\u0103 \u0219i crescut\u0103...\" \/>\n<meta property=\"og:url\" content=\"https:\/\/tw.cm.upt.ro\/c35\/despre-mine\/\" \/>\n<meta property=\"og:site_name\" content=\"Blogul Timeei\" \/>\n<meta property=\"article:modified_time\" content=\"2018-11-28T14:41:44+00:00\" \/>\n<meta property=\"og:image\" content=\"https:\/\/tw.cm.upt.ro\/c35\/wp-content\/uploads\/sites\/122\/2018\/11\/www.homemakerskills.com_.png\" \/>\n\t<meta property=\"og:image:width\" content=\"800\" \/>\n\t<meta property=\"og:image:height\" content=\"1200\" \/>\n\t<meta property=\"og:image:type\" content=\"image\/png\" \/>\n<meta name=\"twitter:card\" content=\"summary_large_image\" \/>\n<meta name=\"twitter:label1\" content=\"Est. reading time\" \/>\n\t<meta name=\"twitter:data1\" content=\"1 minute\" \/>\n<script type=\"application\/ld+json\" class=\"yoast-schema-graph\">{\"@context\":\"https:\/\/schema.org\",\"@graph\":[{\"@type\":\"WebPage\",\"@id\":\"https:\/\/tw.cm.upt.ro\/c35\/despre-mine\/\",\"url\":\"https:\/\/tw.cm.upt.ro\/c35\/despre-mine\/\",\"name\":\"Despre mine - Blogul Timeei\",\"isPartOf\":{\"@id\":\"https:\/\/tw.cm.upt.ro\/c35\/#website\"},\"primaryImageOfPage\":{\"@id\":\"https:\/\/tw.cm.upt.ro\/c35\/despre-mine\/#primaryimage\"},\"image\":{\"@id\":\"https:\/\/tw.cm.upt.ro\/c35\/despre-mine\/#primaryimage\"},\"thumbnailUrl\":\"https:\/\/tw.cm.upt.ro\/c35\/wp-content\/uploads\/sites\/122\/2018\/11\/www.homemakerskills.com_.png\",\"datePublished\":\"2018-11-28T14:32:36+00:00\",\"dateModified\":\"2018-11-28T14:41:44+00:00\",\"breadcrumb\":{\"@id\":\"https:\/\/tw.cm.upt.ro\/c35\/despre-mine\/#breadcrumb\"},\"inLanguage\":\"en-US\",\"potentialAction\":[{\"@type\":\"ReadAction\",\"target\":[\"https:\/\/tw.cm.upt.ro\/c35\/despre-mine\/\"]}]},{\"@type\":\"ImageObject\",\"inLanguage\":\"en-US\",\"@id\":\"https:\/\/tw.cm.upt.ro\/c35\/despre-mine\/#primaryimage\",\"url\":\"https:\/\/tw.cm.upt.ro\/c35\/wp-content\/uploads\/sites\/122\/2018\/11\/www.homemakerskills.com_.png\",\"contentUrl\":\"https:\/\/tw.cm.upt.ro\/c35\/wp-content\/uploads\/sites\/122\/2018\/11\/www.homemakerskills.com_.png\",\"width\":800,\"height\":1200},{\"@type\":\"BreadcrumbList\",\"@id\":\"https:\/\/tw.cm.upt.ro\/c35\/despre-mine\/#breadcrumb\",\"itemListElement\":[{\"@type\":\"ListItem\",\"position\":1,\"name\":\"Home\",\"item\":\"https:\/\/tw.cm.upt.ro\/c35\/\"},{\"@type\":\"ListItem\",\"position\":2,\"name\":\"Despre mine\"}]},{\"@type\":\"WebSite\",\"@id\":\"https:\/\/tw.cm.upt.ro\/c35\/#website\",\"url\":\"https:\/\/tw.cm.upt.ro\/c35\/\",\"name\":\"Blogul Timeei\",\"description\":\"Bine ai venit pe blogul meu. Aici vei g\u0103si post\u0103ri despre o student\u0103 care este pasionat\u0103 de g\u0103tit, de jobul ei \u00eentr-o corpora\u021bie fain\u0103 \u0219i care \u00eencet-\u00eencet devine vegetarian\u0103.\",\"publisher\":{\"@id\":\"https:\/\/tw.cm.upt.ro\/c35\/#organization\"},\"potentialAction\":[{\"@type\":\"SearchAction\",\"target\":{\"@type\":\"EntryPoint\",\"urlTemplate\":\"https:\/\/tw.cm.upt.ro\/c35\/?s={search_term_string}\"},\"query-input\":{\"@type\":\"PropertyValueSpecification\",\"valueRequired\":true,\"valueName\":\"search_term_string\"}}],\"inLanguage\":\"en-US\"},{\"@type\":\"Organization\",\"@id\":\"https:\/\/tw.cm.upt.ro\/c35\/#organization\",\"name\":\"Blogul Timeei\",\"url\":\"https:\/\/tw.cm.upt.ro\/c35\/\",\"logo\":{\"@type\":\"ImageObject\",\"inLanguage\":\"en-US\",\"@id\":\"https:\/\/tw.cm.upt.ro\/c35\/#\/schema\/logo\/image\/\",\"url\":\"https:\/\/tw.cm.upt.ro\/c35\/wp-content\/uploads\/sites\/122\/2018\/11\/cropped-Timeas-blog-logo-1-1.png\",\"contentUrl\":\"https:\/\/tw.cm.upt.ro\/c35\/wp-content\/uploads\/sites\/122\/2018\/11\/cropped-Timeas-blog-logo-1-1.png\",\"width\":500,\"height\":268,\"caption\":\"Blogul Timeei\"},\"image\":{\"@id\":\"https:\/\/tw.cm.upt.ro\/c35\/#\/schema\/logo\/image\/\"}}]}<\/script>\n<!-- \/ Yoast SEO plugin. -->","yoast_head_json":{"title":"Despre mine - Blogul Timeei","robots":{"index":"index","follow":"follow","max-snippet":"max-snippet:-1","max-image-preview":"max-image-preview:large","max-video-preview":"max-video-preview:-1"},"canonical":"https:\/\/tw.cm.upt.ro\/c35\/despre-mine\/","og_locale":"en_US","og_type":"article","og_title":"Despre mine - Blogul Timeei","og_description":"Bun\u0103 \u0219i bine ai venit pe blogul meu. M\u0103 numesc Timea, sunt student\u0103 la Universitatea Politehnica Timi\u0219oara, Facultatea de \u0218tiin\u021be ale Comunic\u0103rii. Inc\u0103 pu\u021bin \u0219i termin masteratul cu specilizarea \u00een Comunicare, rela\u021bii publice \u0219i media digital\u0103. Am 23 de ani, sunt n\u0103scut\u0103 \u0219i crescut\u0103...","og_url":"https:\/\/tw.cm.upt.ro\/c35\/despre-mine\/","og_site_name":"Blogul Timeei","article_modified_time":"2018-11-28T14:41:44+00:00","og_image":[{"width":800,"height":1200,"url":"https:\/\/tw.cm.upt.ro\/c35\/wp-content\/uploads\/sites\/122\/2018\/11\/www.homemakerskills.com_.png","type":"image\/png"}],"twitter_card":"summary_large_image","twitter_misc":{"Est. reading time":"1 minute"},"schema":{"@context":"https:\/\/schema.org","@graph":[{"@type":"WebPage","@id":"https:\/\/tw.cm.upt.ro\/c35\/despre-mine\/","url":"https:\/\/tw.cm.upt.ro\/c35\/despre-mine\/","name":"Despre mine - Blogul Timeei","isPartOf":{"@id":"https:\/\/tw.cm.upt.ro\/c35\/#website"},"primaryImageOfPage":{"@id":"https:\/\/tw.cm.upt.ro\/c35\/despre-mine\/#primaryimage"},"image":{"@id":"https:\/\/tw.cm.upt.ro\/c35\/despre-mine\/#primaryimage"},"thumbnailUrl":"https:\/\/tw.cm.upt.ro\/c35\/wp-content\/uploads\/sites\/122\/2018\/11\/www.homemakerskills.com_.png","datePublished":"2018-11-28T14:32:36+00:00","dateModified":"2018-11-28T14:41:44+00:00","breadcrumb":{"@id":"https:\/\/tw.cm.upt.ro\/c35\/despre-mine\/#breadcrumb"},"inLanguage":"en-US","potentialAction":[{"@type":"ReadAction","target":["https:\/\/tw.cm.upt.ro\/c35\/despre-mine\/"]}]},{"@type":"ImageObject","inLanguage":"en-US","@id":"https:\/\/tw.cm.upt.ro\/c35\/despre-mine\/#primaryimage","url":"https:\/\/tw.cm.upt.ro\/c35\/wp-content\/uploads\/sites\/122\/2018\/11\/www.homemakerskills.com_.png","contentUrl":"https:\/\/tw.cm.upt.ro\/c35\/wp-content\/uploads\/sites\/122\/2018\/11\/www.homemakerskills.com_.png","width":800,"height":1200},{"@type":"BreadcrumbList","@id":"https:\/\/tw.cm.upt.ro\/c35\/despre-mine\/#breadcrumb","itemListElement":[{"@type":"ListItem","position":1,"name":"Home","item":"https:\/\/tw.cm.upt.ro\/c35\/"},{"@type":"ListItem","position":2,"name":"Despre mine"}]},{"@type":"WebSite","@id":"https:\/\/tw.cm.upt.ro\/c35\/#website","url":"https:\/\/tw.cm.upt.ro\/c35\/","name":"Blogul Timeei","description":"Bine ai venit pe blogul meu. Aici vei g\u0103si post\u0103ri despre o student\u0103 care este pasionat\u0103 de g\u0103tit, de jobul ei \u00eentr-o corpora\u021bie fain\u0103 \u0219i care \u00eencet-\u00eencet devine vegetarian\u0103.","publisher":{"@id":"https:\/\/tw.cm.upt.ro\/c35\/#organization"},"potentialAction":[{"@type":"SearchAction","target":{"@type":"EntryPoint","urlTemplate":"https:\/\/tw.cm.upt.ro\/c35\/?s={search_term_string}"},"query-input":{"@type":"PropertyValueSpecification","valueRequired":true,"valueName":"search_term_string"}}],"inLanguage":"en-US"},{"@type":"Organization","@id":"https:\/\/tw.cm.upt.ro\/c35\/#organization","name":"Blogul Timeei","url":"https:\/\/tw.cm.upt.ro\/c35\/","logo":{"@type":"ImageObject","inLanguage":"en-US","@id":"https:\/\/tw.cm.upt.ro\/c35\/#\/schema\/logo\/image\/","url":"https:\/\/tw.cm.upt.ro\/c35\/wp-content\/uploads\/sites\/122\/2018\/11\/cropped-Timeas-blog-logo-1-1.png","contentUrl":"https:\/\/tw.cm.upt.ro\/c35\/wp-content\/uploads\/sites\/122\/2018\/11\/cropped-Timeas-blog-logo-1-1.png","width":500,"height":268,"caption":"Blogul Timeei"},"image":{"@id":"https:\/\/tw.cm.upt.ro\/c35\/#\/schema\/logo\/image\/"}}]}},"_links":{"self":[{"href":"https:\/\/tw.cm.upt.ro\/c35\/wp-json\/wp\/v2\/pages\/68","targetHints":{"allow":["GET"]}}],"collection":[{"href":"https:\/\/tw.cm.upt.ro\/c35\/wp-json\/wp\/v2\/pages"}],"about":[{"href":"https:\/\/tw.cm.upt.ro\/c35\/wp-json\/wp\/v2\/types\/page"}],"author":[{"embeddable":true,"href":"https:\/\/tw.cm.upt.ro\/c35\/wp-json\/wp\/v2\/users\/117"}],"replies":[{"embeddable":true,"href":"https:\/\/tw.cm.upt.ro\/c35\/wp-json\/wp\/v2\/comments?post=68"}],"version-history":[{"count":2,"href":"https:\/\/tw.cm.upt.ro\/c35\/wp-json\/wp\/v2\/pages\/68\/revisions"}],"predecessor-version":[{"id":89,"href":"https:\/\/tw.cm.upt.ro\/c35\/wp-json\/wp\/v2\/pages\/68\/revisions\/89"}],"wp:featuredmedia":[{"embeddable":true,"href":"https:\/\/tw.cm.upt.ro\/c35\/wp-json\/wp\/v2\/media\/69"}],"wp:attachment":[{"href":"https:\/\/tw.cm.upt.ro\/c35\/wp-json\/wp\/v2\/media?parent=68"}],"curies":[{"name":"wp","href":"https:\/\/api.w.org\/{rel}","templated":true}]}}