{"id":65,"date":"2018-11-15T09:06:52","date_gmt":"2018-11-15T09:06:52","guid":{"rendered":"http:\/\/tw.cm.upt.ro\/c36\/?page_id=65"},"modified":"2018-11-27T14:01:34","modified_gmt":"2018-11-27T14:01:34","slug":"about-me","status":"publish","type":"page","link":"https:\/\/tw.cm.upt.ro\/c36\/about-me\/","title":{"rendered":"About me"},"content":{"rendered":"<div id=\"fb-root\"><\/div>\n<p><img decoding=\"async\" class=\" wp-image-69 alignleft\" src=\"http:\/\/tw.cm.upt.ro\/c36\/wp-content\/uploads\/sites\/123\/2018\/11\/Poza-profil-236x300.jpg\" alt=\"\" width=\"149\" height=\"190\" srcset=\"https:\/\/tw.cm.upt.ro\/c36\/wp-content\/uploads\/sites\/123\/2018\/11\/Poza-profil-236x300.jpg 236w, https:\/\/tw.cm.upt.ro\/c36\/wp-content\/uploads\/sites\/123\/2018\/11\/Poza-profil-768x975.jpg 768w, https:\/\/tw.cm.upt.ro\/c36\/wp-content\/uploads\/sites\/123\/2018\/11\/Poza-profil-806x1024.jpg 806w\" sizes=\"(max-width: 149px) 100vw, 149px\" \/><\/p>\n<p>Hei, numele meu este Corneliu, \u0219i te provoc sa g\u00e2nde\u0219ti exotic :).<\/p>\n<div class=\"photo-desc row hidden-xs\">\n<div class=\"col-xs-12\">\n<p>O plimbare printre raioanele supermarketului \u00ee\u021bi poate da impresia c\u0103 ai o mare varietate de op\u021biuni de fructe, dar \u00een realitate, aceasta este doar o mic\u0103 prezentare a bog\u0103\u021biei \u0219i a minunatei noastre Mame Natura.\u00a0Lumea este plin\u0103 de fructe \u0219i plante exotice despre care probabil c\u0103 nu ai auzit niciodat\u0103.\u00a0A\u0219a c\u0103 opre\u0219te-te pu\u021bin, descoper\u0103, \u0219i de ce nu \u00eencearc\u0103 atunci c\u00e2nd ai ocazia, ceva cu totul diferit.\u00a0Merele \u0219i portocalele vor ar\u0103ta destul de obi\u0219nuite dup\u0103 ce vei admira\u00a0 aceste op\u021biuni s\u0103lbatice \u0219i delicioase.<\/p>\n<\/div>\n<\/div>\n","protected":false},"excerpt":{"rendered":"<p>Hei, numele meu este Corneliu, \u0219i te provoc sa g\u00e2nde\u0219ti exotic :). O plimbare printre raioanele supermarketului \u00ee\u021bi poate da impresia c\u0103 ai o mare varietate de op\u021biuni de fructe, dar \u00een realitate, aceasta este doar o mic\u0103 prezentare a bog\u0103\u021biei \u0219i a minunatei noastre Mame Natura.\u00a0Lumea este plin\u0103 de fructe \u0219i plante exotice despre&hellip; <\/p>\n","protected":false},"author":118,"featured_media":0,"parent":0,"menu_order":0,"comment_status":"closed","ping_status":"closed","template":"page-templates\/gallery-template.php","meta":{"wprm-recipe-roundup-name":"","wprm-recipe-roundup-description":"","ngg_post_thumbnail":0,"footnotes":""},"class_list":["post-65","page","type-page","status-publish","hentry"],"yoast_head":"<!-- This site is optimized with the Yoast SEO plugin v27.1.1 - https:\/\/yoast.com\/product\/yoast-seo-wordpress\/ -->\n<title>About me -<\/title>\n<meta name=\"robots\" content=\"index, follow, max-snippet:-1, max-image-preview:large, max-video-preview:-1\" \/>\n<link rel=\"canonical\" href=\"https:\/\/tw.cm.upt.ro\/c36\/about-me\/\" \/>\n<meta property=\"og:locale\" content=\"en_US\" \/>\n<meta property=\"og:type\" content=\"article\" \/>\n<meta property=\"og:title\" content=\"About me -\" \/>\n<meta property=\"og:description\" content=\"Hei, numele meu este Corneliu, \u0219i te provoc sa g\u00e2nde\u0219ti exotic :). O plimbare printre raioanele supermarketului \u00ee\u021bi poate da impresia c\u0103 ai o mare varietate de op\u021biuni de fructe, dar \u00een realitate, aceasta este doar o mic\u0103 prezentare a bog\u0103\u021biei \u0219i a minunatei noastre Mame Natura.\u00a0Lumea este plin\u0103 de fructe \u0219i plante exotice despre&hellip;\" \/>\n<meta property=\"og:url\" content=\"https:\/\/tw.cm.upt.ro\/c36\/about-me\/\" \/>\n<meta property=\"article:modified_time\" content=\"2018-11-27T14:01:34+00:00\" \/>\n<meta property=\"og:image\" content=\"http:\/\/tw.cm.upt.ro\/c36\/wp-content\/uploads\/sites\/123\/2018\/11\/Poza-profil-236x300.jpg\" \/>\n<meta name=\"twitter:card\" content=\"summary_large_image\" \/>\n<meta name=\"twitter:label1\" content=\"Est. reading time\" \/>\n\t<meta name=\"twitter:data1\" content=\"1 minute\" \/>\n<script type=\"application\/ld+json\" class=\"yoast-schema-graph\">{\"@context\":\"https:\/\/schema.org\",\"@graph\":[{\"@type\":\"WebPage\",\"@id\":\"https:\/\/tw.cm.upt.ro\/c36\/about-me\/\",\"url\":\"https:\/\/tw.cm.upt.ro\/c36\/about-me\/\",\"name\":\"About me -\",\"isPartOf\":{\"@id\":\"https:\/\/tw.cm.upt.ro\/c36\/#website\"},\"primaryImageOfPage\":{\"@id\":\"https:\/\/tw.cm.upt.ro\/c36\/about-me\/#primaryimage\"},\"image\":{\"@id\":\"https:\/\/tw.cm.upt.ro\/c36\/about-me\/#primaryimage\"},\"thumbnailUrl\":\"http:\/\/tw.cm.upt.ro\/c36\/wp-content\/uploads\/sites\/123\/2018\/11\/Poza-profil-236x300.jpg\",\"datePublished\":\"2018-11-15T09:06:52+00:00\",\"dateModified\":\"2018-11-27T14:01:34+00:00\",\"breadcrumb\":{\"@id\":\"https:\/\/tw.cm.upt.ro\/c36\/about-me\/#breadcrumb\"},\"inLanguage\":\"en-US\",\"potentialAction\":[{\"@type\":\"ReadAction\",\"target\":[\"https:\/\/tw.cm.upt.ro\/c36\/about-me\/\"]}]},{\"@type\":\"ImageObject\",\"inLanguage\":\"en-US\",\"@id\":\"https:\/\/tw.cm.upt.ro\/c36\/about-me\/#primaryimage\",\"url\":\"https:\/\/tw.cm.upt.ro\/c36\/wp-content\/uploads\/sites\/123\/2018\/11\/Poza-profil.jpg\",\"contentUrl\":\"https:\/\/tw.cm.upt.ro\/c36\/wp-content\/uploads\/sites\/123\/2018\/11\/Poza-profil.jpg\",\"width\":2200,\"height\":2794},{\"@type\":\"BreadcrumbList\",\"@id\":\"https:\/\/tw.cm.upt.ro\/c36\/about-me\/#breadcrumb\",\"itemListElement\":[{\"@type\":\"ListItem\",\"position\":1,\"name\":\"Home\",\"item\":\"https:\/\/tw.cm.upt.ro\/c36\/\"},{\"@type\":\"ListItem\",\"position\":2,\"name\":\"About me\"}]},{\"@type\":\"WebSite\",\"@id\":\"https:\/\/tw.cm.upt.ro\/c36\/#website\",\"url\":\"https:\/\/tw.cm.upt.ro\/c36\/\",\"name\":\"\",\"description\":\"\",\"potentialAction\":[{\"@type\":\"SearchAction\",\"target\":{\"@type\":\"EntryPoint\",\"urlTemplate\":\"https:\/\/tw.cm.upt.ro\/c36\/?s={search_term_string}\"},\"query-input\":{\"@type\":\"PropertyValueSpecification\",\"valueRequired\":true,\"valueName\":\"search_term_string\"}}],\"inLanguage\":\"en-US\"}]}<\/script>\n<!-- \/ Yoast SEO plugin. -->","yoast_head_json":{"title":"About me -","robots":{"index":"index","follow":"follow","max-snippet":"max-snippet:-1","max-image-preview":"max-image-preview:large","max-video-preview":"max-video-preview:-1"},"canonical":"https:\/\/tw.cm.upt.ro\/c36\/about-me\/","og_locale":"en_US","og_type":"article","og_title":"About me -","og_description":"Hei, numele meu este Corneliu, \u0219i te provoc sa g\u00e2nde\u0219ti exotic :). O plimbare printre raioanele supermarketului \u00ee\u021bi poate da impresia c\u0103 ai o mare varietate de op\u021biuni de fructe, dar \u00een realitate, aceasta este doar o mic\u0103 prezentare a bog\u0103\u021biei \u0219i a minunatei noastre Mame Natura.\u00a0Lumea este plin\u0103 de fructe \u0219i plante exotice despre&hellip;","og_url":"https:\/\/tw.cm.upt.ro\/c36\/about-me\/","article_modified_time":"2018-11-27T14:01:34+00:00","og_image":[{"url":"http:\/\/tw.cm.upt.ro\/c36\/wp-content\/uploads\/sites\/123\/2018\/11\/Poza-profil-236x300.jpg","type":"","width":"","height":""}],"twitter_card":"summary_large_image","twitter_misc":{"Est. reading time":"1 minute"},"schema":{"@context":"https:\/\/schema.org","@graph":[{"@type":"WebPage","@id":"https:\/\/tw.cm.upt.ro\/c36\/about-me\/","url":"https:\/\/tw.cm.upt.ro\/c36\/about-me\/","name":"About me -","isPartOf":{"@id":"https:\/\/tw.cm.upt.ro\/c36\/#website"},"primaryImageOfPage":{"@id":"https:\/\/tw.cm.upt.ro\/c36\/about-me\/#primaryimage"},"image":{"@id":"https:\/\/tw.cm.upt.ro\/c36\/about-me\/#primaryimage"},"thumbnailUrl":"http:\/\/tw.cm.upt.ro\/c36\/wp-content\/uploads\/sites\/123\/2018\/11\/Poza-profil-236x300.jpg","datePublished":"2018-11-15T09:06:52+00:00","dateModified":"2018-11-27T14:01:34+00:00","breadcrumb":{"@id":"https:\/\/tw.cm.upt.ro\/c36\/about-me\/#breadcrumb"},"inLanguage":"en-US","potentialAction":[{"@type":"ReadAction","target":["https:\/\/tw.cm.upt.ro\/c36\/about-me\/"]}]},{"@type":"ImageObject","inLanguage":"en-US","@id":"https:\/\/tw.cm.upt.ro\/c36\/about-me\/#primaryimage","url":"https:\/\/tw.cm.upt.ro\/c36\/wp-content\/uploads\/sites\/123\/2018\/11\/Poza-profil.jpg","contentUrl":"https:\/\/tw.cm.upt.ro\/c36\/wp-content\/uploads\/sites\/123\/2018\/11\/Poza-profil.jpg","width":2200,"height":2794},{"@type":"BreadcrumbList","@id":"https:\/\/tw.cm.upt.ro\/c36\/about-me\/#breadcrumb","itemListElement":[{"@type":"ListItem","position":1,"name":"Home","item":"https:\/\/tw.cm.upt.ro\/c36\/"},{"@type":"ListItem","position":2,"name":"About me"}]},{"@type":"WebSite","@id":"https:\/\/tw.cm.upt.ro\/c36\/#website","url":"https:\/\/tw.cm.upt.ro\/c36\/","name":"","description":"","potentialAction":[{"@type":"SearchAction","target":{"@type":"EntryPoint","urlTemplate":"https:\/\/tw.cm.upt.ro\/c36\/?s={search_term_string}"},"query-input":{"@type":"PropertyValueSpecification","valueRequired":true,"valueName":"search_term_string"}}],"inLanguage":"en-US"}]}},"_links":{"self":[{"href":"https:\/\/tw.cm.upt.ro\/c36\/wp-json\/wp\/v2\/pages\/65","targetHints":{"allow":["GET"]}}],"collection":[{"href":"https:\/\/tw.cm.upt.ro\/c36\/wp-json\/wp\/v2\/pages"}],"about":[{"href":"https:\/\/tw.cm.upt.ro\/c36\/wp-json\/wp\/v2\/types\/page"}],"author":[{"embeddable":true,"href":"https:\/\/tw.cm.upt.ro\/c36\/wp-json\/wp\/v2\/users\/118"}],"replies":[{"embeddable":true,"href":"https:\/\/tw.cm.upt.ro\/c36\/wp-json\/wp\/v2\/comments?post=65"}],"version-history":[{"count":4,"href":"https:\/\/tw.cm.upt.ro\/c36\/wp-json\/wp\/v2\/pages\/65\/revisions"}],"predecessor-version":[{"id":93,"href":"https:\/\/tw.cm.upt.ro\/c36\/wp-json\/wp\/v2\/pages\/65\/revisions\/93"}],"wp:attachment":[{"href":"https:\/\/tw.cm.upt.ro\/c36\/wp-json\/wp\/v2\/media?parent=65"}],"curies":[{"name":"wp","href":"https:\/\/api.w.org\/{rel}","templated":true}]}}