{"id":8,"date":"2018-11-22T16:11:29","date_gmt":"2018-11-22T16:11:29","guid":{"rendered":"http:\/\/tw.cm.upt.ro\/c38\/?page_id=8"},"modified":"2018-12-04T16:06:16","modified_gmt":"2018-12-04T16:06:16","slug":"despre-mine","status":"publish","type":"page","link":"https:\/\/tw.cm.upt.ro\/c38\/despre-mine\/","title":{"rendered":"Despre mine"},"content":{"rendered":"<div id=\"fb-root\"><\/div>\n<p>Bun\u0103,<\/p>\n<p>Numele meu este \u0218tef\u0103na\u0219 Lorena, sunt student\u0103 \u00een anul II de master la Facultatea de \u0218tiin\u021be ale Comunic\u0103rii, specializarea Comunicare, Rela\u021bii Publice \u0219i Media Digital\u0103. Lucrez ca \u0219i Asistent V\u00e2nz\u0103ri \u00een Timi\u0219oara iar \u00een timpul liber lucrez la proiecte pentru facultate, citesc \u0219i vizionez seriale. Mi-a pl\u0103cut mereu ideea de a scrie pe\u00a0 un blog deoarece prin acest mod oamenii ajung s\u0103 te cunoasc\u0103\u00a0s\u0103 te\u00a0 citeasc\u0103 \u0219i poate ajung chiar s\u0103 te aprecieze pentru ceea ce scrii. Articolele mele poate par un pic dramatice dar a fost ceea ce am sim\u021bit \u00een momentele \u00een care le-am scris, dar hei nu m\u0103 judeca\u021bi, mac\u0103r am fost sincer\u0103. Sincer nu \u0219tiu s\u0103 m\u0103 descriu foarte bine, am multe defecte dar \u0219i calit\u0103\u021bi. De obicei las oamenii s\u0103 m\u0103 descopere prin felul meu de a fi, de a vorbi \u0219i de a m\u0103 comporta a\u0219a ca v\u0103 las \u0219i pe voi s\u0103 v\u0103 face\u021bi o p\u0103rere despre mine din ceea ce scriu.<\/p>\n","protected":false},"excerpt":{"rendered":"<p>Bun\u0103, Numele meu este \u0218tef\u0103na\u0219 Lorena, sunt student\u0103 \u00een anul II de master la Facultatea de \u0218tiin\u021be ale Comunic\u0103rii, specializarea Comunicare, Rela\u021bii Publice \u0219i Media Digital\u0103. Lucrez ca \u0219i Asistent V\u00e2nz\u0103ri \u00een Timi\u0219oara iar \u00een timpul liber lucrez la proiecte pentru facultate, citesc \u0219i vizionez seriale. Mi-a pl\u0103cut mereu ideea de a scrie pe\u00a0 un blog deoarece prin acest mod oamenii ajung s\u0103 te cunoasc\u0103\u00a0s\u0103 te\u00a0 citeasc\u0103 \u0219i poate ajung chiar s\u0103 te aprecieze pentru ceea ce scrii. Articolele mele poate par un pic dramatice dar a fost ceea ce am sim\u021bit \u00een momentele \u00een care le-am scris, dar hei nu m\u0103 judeca\u021bi, mac\u0103r am fost sincer\u0103. Sincer nu \u0219tiu s\u0103 m\u0103 descriu foarte bine, am multe defecte dar \u0219i calit\u0103\u021bi. De obicei las oamenii s\u0103 m\u0103 descopere prin felul meu de a fi, de a vorbi \u0219i de a m\u0103 comporta a\u0219a ca v\u0103 las \u0219i pe voi s\u0103 v\u0103 face\u021bi o p\u0103rere despre mine din ceea ce scriu.<\/p>\n","protected":false},"author":120,"featured_media":0,"parent":0,"menu_order":0,"comment_status":"closed","ping_status":"closed","template":"","meta":{"wprm-recipe-roundup-name":"","wprm-recipe-roundup-description":"","ngg_post_thumbnail":0,"footnotes":""},"class_list":["post-8","page","type-page","status-publish","hentry"],"yoast_head":"<!-- This site is optimized with the Yoast SEO plugin v27.1.1 - https:\/\/yoast.com\/product\/yoast-seo-wordpress\/ -->\n<title>Despre mine - Lore G.<\/title>\n<meta name=\"robots\" content=\"index, follow, max-snippet:-1, max-image-preview:large, max-video-preview:-1\" \/>\n<link rel=\"canonical\" href=\"https:\/\/tw.cm.upt.ro\/c38\/despre-mine\/\" \/>\n<meta property=\"og:locale\" content=\"en_US\" \/>\n<meta property=\"og:type\" content=\"article\" \/>\n<meta property=\"og:title\" content=\"Despre mine - Lore G.\" \/>\n<meta property=\"og:description\" content=\"Bun\u0103, Numele meu este \u0218tef\u0103na\u0219 Lorena, sunt student\u0103 \u00een anul II de master la Facultatea de \u0218tiin\u021be ale Comunic\u0103rii, specializarea Comunicare, Rela\u021bii Publice \u0219i Media Digital\u0103. Lucrez ca \u0219i Asistent V\u00e2nz\u0103ri \u00een Timi\u0219oara iar \u00een timpul liber lucrez la proiecte pentru facultate, citesc \u0219i vizionez seriale. Mi-a pl\u0103cut mereu ideea de a scrie pe\u00a0 un blog deoarece prin acest mod oamenii ajung s\u0103 te cunoasc\u0103\u00a0s\u0103 te\u00a0 citeasc\u0103 \u0219i poate ajung chiar s\u0103 te aprecieze pentru ceea ce scrii. Articolele mele poate par un pic dramatice dar a fost ceea ce am sim\u021bit \u00een momentele \u00een care le-am scris, dar hei nu m\u0103 judeca\u021bi, mac\u0103r am fost sincer\u0103. Sincer nu \u0219tiu s\u0103 m\u0103 descriu foarte bine, am multe defecte dar \u0219i calit\u0103\u021bi. De obicei las oamenii s\u0103 m\u0103 descopere prin felul meu de a fi, de a vorbi \u0219i de a m\u0103 comporta a\u0219a ca v\u0103 las \u0219i pe voi s\u0103 v\u0103 face\u021bi o p\u0103rere despre mine din ceea ce scriu.\" \/>\n<meta property=\"og:url\" content=\"https:\/\/tw.cm.upt.ro\/c38\/despre-mine\/\" \/>\n<meta property=\"og:site_name\" content=\"Lore G.\" \/>\n<meta property=\"article:modified_time\" content=\"2018-12-04T16:06:16+00:00\" \/>\n<meta name=\"twitter:card\" content=\"summary_large_image\" \/>\n<meta name=\"twitter:label1\" content=\"Est. reading time\" \/>\n\t<meta name=\"twitter:data1\" content=\"1 minute\" \/>\n<script type=\"application\/ld+json\" class=\"yoast-schema-graph\">{\"@context\":\"https:\/\/schema.org\",\"@graph\":[{\"@type\":\"WebPage\",\"@id\":\"https:\/\/tw.cm.upt.ro\/c38\/despre-mine\/\",\"url\":\"https:\/\/tw.cm.upt.ro\/c38\/despre-mine\/\",\"name\":\"Despre mine - Lore G.\",\"isPartOf\":{\"@id\":\"https:\/\/tw.cm.upt.ro\/c38\/#website\"},\"datePublished\":\"2018-11-22T16:11:29+00:00\",\"dateModified\":\"2018-12-04T16:06:16+00:00\",\"breadcrumb\":{\"@id\":\"https:\/\/tw.cm.upt.ro\/c38\/despre-mine\/#breadcrumb\"},\"inLanguage\":\"en-US\",\"potentialAction\":[{\"@type\":\"ReadAction\",\"target\":[\"https:\/\/tw.cm.upt.ro\/c38\/despre-mine\/\"]}]},{\"@type\":\"BreadcrumbList\",\"@id\":\"https:\/\/tw.cm.upt.ro\/c38\/despre-mine\/#breadcrumb\",\"itemListElement\":[{\"@type\":\"ListItem\",\"position\":1,\"name\":\"Home\",\"item\":\"https:\/\/tw.cm.upt.ro\/c38\/\"},{\"@type\":\"ListItem\",\"position\":2,\"name\":\"Despre mine\"}]},{\"@type\":\"WebSite\",\"@id\":\"https:\/\/tw.cm.upt.ro\/c38\/#website\",\"url\":\"https:\/\/tw.cm.upt.ro\/c38\/\",\"name\":\"Lore G.\",\"description\":\"\",\"potentialAction\":[{\"@type\":\"SearchAction\",\"target\":{\"@type\":\"EntryPoint\",\"urlTemplate\":\"https:\/\/tw.cm.upt.ro\/c38\/?s={search_term_string}\"},\"query-input\":{\"@type\":\"PropertyValueSpecification\",\"valueRequired\":true,\"valueName\":\"search_term_string\"}}],\"inLanguage\":\"en-US\"}]}<\/script>\n<!-- \/ Yoast SEO plugin. -->","yoast_head_json":{"title":"Despre mine - Lore G.","robots":{"index":"index","follow":"follow","max-snippet":"max-snippet:-1","max-image-preview":"max-image-preview:large","max-video-preview":"max-video-preview:-1"},"canonical":"https:\/\/tw.cm.upt.ro\/c38\/despre-mine\/","og_locale":"en_US","og_type":"article","og_title":"Despre mine - Lore G.","og_description":"Bun\u0103, Numele meu este \u0218tef\u0103na\u0219 Lorena, sunt student\u0103 \u00een anul II de master la Facultatea de \u0218tiin\u021be ale Comunic\u0103rii, specializarea Comunicare, Rela\u021bii Publice \u0219i Media Digital\u0103. Lucrez ca \u0219i Asistent V\u00e2nz\u0103ri \u00een Timi\u0219oara iar \u00een timpul liber lucrez la proiecte pentru facultate, citesc \u0219i vizionez seriale. Mi-a pl\u0103cut mereu ideea de a scrie pe\u00a0 un blog deoarece prin acest mod oamenii ajung s\u0103 te cunoasc\u0103\u00a0s\u0103 te\u00a0 citeasc\u0103 \u0219i poate ajung chiar s\u0103 te aprecieze pentru ceea ce scrii. Articolele mele poate par un pic dramatice dar a fost ceea ce am sim\u021bit \u00een momentele \u00een care le-am scris, dar hei nu m\u0103 judeca\u021bi, mac\u0103r am fost sincer\u0103. Sincer nu \u0219tiu s\u0103 m\u0103 descriu foarte bine, am multe defecte dar \u0219i calit\u0103\u021bi. De obicei las oamenii s\u0103 m\u0103 descopere prin felul meu de a fi, de a vorbi \u0219i de a m\u0103 comporta a\u0219a ca v\u0103 las \u0219i pe voi s\u0103 v\u0103 face\u021bi o p\u0103rere despre mine din ceea ce scriu.","og_url":"https:\/\/tw.cm.upt.ro\/c38\/despre-mine\/","og_site_name":"Lore G.","article_modified_time":"2018-12-04T16:06:16+00:00","twitter_card":"summary_large_image","twitter_misc":{"Est. reading time":"1 minute"},"schema":{"@context":"https:\/\/schema.org","@graph":[{"@type":"WebPage","@id":"https:\/\/tw.cm.upt.ro\/c38\/despre-mine\/","url":"https:\/\/tw.cm.upt.ro\/c38\/despre-mine\/","name":"Despre mine - Lore G.","isPartOf":{"@id":"https:\/\/tw.cm.upt.ro\/c38\/#website"},"datePublished":"2018-11-22T16:11:29+00:00","dateModified":"2018-12-04T16:06:16+00:00","breadcrumb":{"@id":"https:\/\/tw.cm.upt.ro\/c38\/despre-mine\/#breadcrumb"},"inLanguage":"en-US","potentialAction":[{"@type":"ReadAction","target":["https:\/\/tw.cm.upt.ro\/c38\/despre-mine\/"]}]},{"@type":"BreadcrumbList","@id":"https:\/\/tw.cm.upt.ro\/c38\/despre-mine\/#breadcrumb","itemListElement":[{"@type":"ListItem","position":1,"name":"Home","item":"https:\/\/tw.cm.upt.ro\/c38\/"},{"@type":"ListItem","position":2,"name":"Despre mine"}]},{"@type":"WebSite","@id":"https:\/\/tw.cm.upt.ro\/c38\/#website","url":"https:\/\/tw.cm.upt.ro\/c38\/","name":"Lore G.","description":"","potentialAction":[{"@type":"SearchAction","target":{"@type":"EntryPoint","urlTemplate":"https:\/\/tw.cm.upt.ro\/c38\/?s={search_term_string}"},"query-input":{"@type":"PropertyValueSpecification","valueRequired":true,"valueName":"search_term_string"}}],"inLanguage":"en-US"}]}},"_links":{"self":[{"href":"https:\/\/tw.cm.upt.ro\/c38\/wp-json\/wp\/v2\/pages\/8","targetHints":{"allow":["GET"]}}],"collection":[{"href":"https:\/\/tw.cm.upt.ro\/c38\/wp-json\/wp\/v2\/pages"}],"about":[{"href":"https:\/\/tw.cm.upt.ro\/c38\/wp-json\/wp\/v2\/types\/page"}],"author":[{"embeddable":true,"href":"https:\/\/tw.cm.upt.ro\/c38\/wp-json\/wp\/v2\/users\/120"}],"replies":[{"embeddable":true,"href":"https:\/\/tw.cm.upt.ro\/c38\/wp-json\/wp\/v2\/comments?post=8"}],"version-history":[{"count":3,"href":"https:\/\/tw.cm.upt.ro\/c38\/wp-json\/wp\/v2\/pages\/8\/revisions"}],"predecessor-version":[{"id":126,"href":"https:\/\/tw.cm.upt.ro\/c38\/wp-json\/wp\/v2\/pages\/8\/revisions\/126"}],"wp:attachment":[{"href":"https:\/\/tw.cm.upt.ro\/c38\/wp-json\/wp\/v2\/media?parent=8"}],"curies":[{"name":"wp","href":"https:\/\/api.w.org\/{rel}","templated":true}]}}