{"id":2,"date":"2018-10-18T11:07:58","date_gmt":"2018-10-18T11:07:58","guid":{"rendered":"http:\/\/tw.cm.upt.ro\/c5\/?page_id=2"},"modified":"2018-11-01T16:31:19","modified_gmt":"2018-11-01T16:31:19","slug":"sample-page","status":"publish","type":"page","link":"https:\/\/tw.cm.upt.ro\/c5\/sample-page\/","title":{"rendered":"About me &lt;3"},"content":{"rendered":"<div id=\"fb-root\"><\/div>\n<p><em>\u00a0 \u00a0 \u00a0 \u00a0 \u00a0 \u00a0 \u00a0 \u00a0 \u00a0Se zice c\u0103 ochii sunt oglinda sufletului, ca po\u021bi citii un om din prima clip\u0103 \u00een care \u00eel prive\u0219ti atent \u00een ochi. Ca persoan\u0103, mizez pe ceea ce privirea mea descrie \u00een mintea celor care nu m\u0103 cunosc a\u0219a c\u0103 v\u0103 provoc s\u0103 m\u0103 descoperi\u021bi!<\/em><em><img fetchpriority=\"high\" decoding=\"async\" class=\" wp-image-32 alignleft\" src=\"http:\/\/tw.cm.upt.ro\/c5\/wp-content\/uploads\/sites\/92\/2018\/11\/45153579_495303477642785_5522843186877169664_n-242x300.jpg\" alt=\"\" width=\"204\" height=\"253\" srcset=\"https:\/\/tw.cm.upt.ro\/c5\/wp-content\/uploads\/sites\/92\/2018\/11\/45153579_495303477642785_5522843186877169664_n-242x300.jpg 242w, https:\/\/tw.cm.upt.ro\/c5\/wp-content\/uploads\/sites\/92\/2018\/11\/45153579_495303477642785_5522843186877169664_n.jpg 750w\" sizes=\"(max-width: 204px) 100vw, 204px\" \/><\/em><\/p>\n<p><i><br \/>\n<\/i><em><img decoding=\"async\" class=\" wp-image-38 alignright\" src=\"http:\/\/tw.cm.upt.ro\/c5\/wp-content\/uploads\/sites\/92\/2018\/11\/45280377_729490214075162_9206247117482360832_n-300x298.jpg\" alt=\"\" width=\"264\" height=\"262\" srcset=\"https:\/\/tw.cm.upt.ro\/c5\/wp-content\/uploads\/sites\/92\/2018\/11\/45280377_729490214075162_9206247117482360832_n-300x298.jpg 300w, https:\/\/tw.cm.upt.ro\/c5\/wp-content\/uploads\/sites\/92\/2018\/11\/45280377_729490214075162_9206247117482360832_n-150x150.jpg 150w, https:\/\/tw.cm.upt.ro\/c5\/wp-content\/uploads\/sites\/92\/2018\/11\/45280377_729490214075162_9206247117482360832_n-100x100.jpg 100w, https:\/\/tw.cm.upt.ro\/c5\/wp-content\/uploads\/sites\/92\/2018\/11\/45280377_729490214075162_9206247117482360832_n.jpg 750w\" sizes=\"(max-width: 264px) 100vw, 264px\" \/><\/em><\/p>\n<p><em>\u00a0 \u00a0 \u00a0 \u00a0 \u00a0 \u00a0 \u00a0 \u00a0Student\u0103 la Universitatea Politehnica Timi\u0219oara, \u00een cadrul programului de master Comunicare, Rela\u021bii Publice \u0219i Media Digital\u0103, v\u0103 scrie aici o fat\u0103 deloc complicat\u0103 ce urm\u0103re\u0219te decursul firesc al vie\u021bii caut\u00e2nd totodat\u0103 magia din spatele lucrurilor m\u0103runte. Gorjanc\u0103 de provenine\u021b\u0103, fire vulcanic\u0103 \u0219i meticuloas\u0103, Andreea Badalea ( that&#8217;s me ) prefer\u0103 s\u0103 fie centrul aten\u021biei chiar din primele momente ale dimine\u021bii ( &#8230;imediat ce \u00eemi beau cafeaua, fire\u0219te ).<\/em><\/p>\n<p><em>\u00a0 \u00a0 \u00a0 \u00a0 \u00a0 \u00a0 \u00a0Iubitoare de cafea, de Starbucks \u00een special, v\u0103 pot spune c\u0103 m\u0103 pute\u021bi g\u0103si \u00een fiecare s\u00e2mb\u0103t\u0103 diminea\u021ba \u00een Pia\u021ba Operei, savur\u00e2nd un expresso \u0219i citind c\u00e2teva pagini.\u00a0\u0218i da..o alt\u0103 mare iubire a mea este lectura! <img decoding=\"async\" class=\" wp-image-36 alignleft\" src=\"http:\/\/tw.cm.upt.ro\/c5\/wp-content\/uploads\/sites\/92\/2018\/11\/45213287_182375892690001_6673585970538872832_n-243x300.jpg\" alt=\"\" width=\"232\" height=\"287\" srcset=\"https:\/\/tw.cm.upt.ro\/c5\/wp-content\/uploads\/sites\/92\/2018\/11\/45213287_182375892690001_6673585970538872832_n-243x300.jpg 243w, https:\/\/tw.cm.upt.ro\/c5\/wp-content\/uploads\/sites\/92\/2018\/11\/45213287_182375892690001_6673585970538872832_n.jpg 750w\" sizes=\"(max-width: 232px) 100vw, 232px\" \/>Cum am putea s\u0103 traim f\u0103r\u0103 c\u0103r\u021bi? Cum am putea s\u0103 descoperim lumea dac\u0103 nu tri\u0219\u00e2nd pu\u021bin \u0219i citind printre randuri? Toate merg m\u00e2n\u0103 \u00een m\u00e2n\u0103&#8230;Ohh \u0219i iubesc s\u0103 conduc! \u0218i machiajul..Ohh \u0219i dansul! \u0218i probabil multe altele&#8230;.S\u0103 nu uitam pisicile!Ador pisicile!!! \u0218i florile, toate florile.<\/em><\/p>\n<p style=\"text-align: center\"><em> And I also close the deals in heels &lt;3<\/em><\/p>\n<p><em><img loading=\"lazy\" decoding=\"async\" class=\"alignnone  wp-image-33\" src=\"http:\/\/tw.cm.upt.ro\/c5\/wp-content\/uploads\/sites\/92\/2018\/11\/45168002_260250477969944_1896236268866502656_n-242x300.jpg\" alt=\"\" width=\"221\" height=\"274\" srcset=\"https:\/\/tw.cm.upt.ro\/c5\/wp-content\/uploads\/sites\/92\/2018\/11\/45168002_260250477969944_1896236268866502656_n-242x300.jpg 242w, https:\/\/tw.cm.upt.ro\/c5\/wp-content\/uploads\/sites\/92\/2018\/11\/45168002_260250477969944_1896236268866502656_n.jpg 750w\" sizes=\"(max-width: 221px) 100vw, 221px\" \/><\/em><\/p>\n<p style=\"text-align: right\"><em>\u00a0 \u00a0 \u00a0 \u00a0 \u00a0 \u00a0 \u00a0 \u00a0 \u00a0 \u00a0 \u00a0 \u00a0 \u00a0 \u00a0 \u00a0 \u00a0 \u00a0 \u00a0 \u00a0 \u00a0 \u00a0 \u00a0 \u00a0 \u00a0 \u00a0Dar trebuie s\u0103 mai pastr\u0103m \u0219i din mister, a\u0219a c\u0103\u0103\u0103&#8230;.urm\u0103ri\u00e2i-m\u0103 \u0219i afla\u021bi pe cont propriu mai multe despre mine!<\/em><\/p>\n<p style=\"text-align: right\">\u00a0 \u00a0 \u00a0 \u00a0 \u00a0 \u00a0 \u00a0 \u00a0 \u00a0 \u00a0 \u00a0 \u00a0 \u00a0 \u00a0 \u00a0 \u00a0 \u00a0 \u00a0 \u00a0 \u00a0 \u00a0 \u00a0 \u00a0 \u00a0 \u00a0 \u00a0 \u00a0 \u00a0 \u00a0 \u00a0 \u00a0 \u00a0 \u00a0 \u00a0 \u00a0 \u00a0 \u00a0 \u00a0 \u00a0 \u00a0 \u00a0 \u00a0 \u00a0 \u00a0 \u00a0 \u00a0 \u00a0 \u00a0 \u00a0 \u00a0 \u00a0<em><strong>Love, A. &lt;3\u00a0<\/strong><\/em><\/p>\n","protected":false},"excerpt":{"rendered":"<p>\u00a0 \u00a0 \u00a0 \u00a0 \u00a0 \u00a0 \u00a0 \u00a0 \u00a0Se zice c\u0103 ochii sunt oglinda sufletului, ca po\u021bi citii un om din prima clip\u0103 \u00een care \u00eel prive\u0219ti atent \u00een ochi. Ca persoan\u0103, mizez pe ceea ce privirea mea descrie \u00een mintea celor care nu m\u0103 cunosc a\u0219a c\u0103 v\u0103 provoc s\u0103 m\u0103 descoperi\u021bi! \u00a0 \u00a0 [&hellip;]<\/p>\n","protected":false},"author":87,"featured_media":0,"parent":0,"menu_order":0,"comment_status":"closed","ping_status":"open","template":"","meta":{"wprm-recipe-roundup-name":"","wprm-recipe-roundup-description":"","ngg_post_thumbnail":0,"footnotes":""},"class_list":["post-2","page","type-page","status-publish","hentry"],"yoast_head":"<!-- This site is optimized with the Yoast SEO plugin v27.1.1 - https:\/\/yoast.com\/product\/yoast-seo-wordpress\/ -->\n<title>About me &lt;3 - OMG!!!<\/title>\n<meta name=\"robots\" content=\"index, follow, max-snippet:-1, max-image-preview:large, max-video-preview:-1\" \/>\n<link rel=\"canonical\" href=\"https:\/\/tw.cm.upt.ro\/c5\/sample-page\/\" \/>\n<meta property=\"og:locale\" content=\"en_US\" \/>\n<meta property=\"og:type\" content=\"article\" \/>\n<meta property=\"og:title\" content=\"About me &lt;3 - OMG!!!\" \/>\n<meta property=\"og:description\" content=\"\u00a0 \u00a0 \u00a0 \u00a0 \u00a0 \u00a0 \u00a0 \u00a0 \u00a0Se zice c\u0103 ochii sunt oglinda sufletului, ca po\u021bi citii un om din prima clip\u0103 \u00een care \u00eel prive\u0219ti atent \u00een ochi. Ca persoan\u0103, mizez pe ceea ce privirea mea descrie \u00een mintea celor care nu m\u0103 cunosc a\u0219a c\u0103 v\u0103 provoc s\u0103 m\u0103 descoperi\u021bi! \u00a0 \u00a0 [&hellip;]\" \/>\n<meta property=\"og:url\" content=\"https:\/\/tw.cm.upt.ro\/c5\/sample-page\/\" \/>\n<meta property=\"og:site_name\" content=\"OMG!!!\" \/>\n<meta property=\"article:modified_time\" content=\"2018-11-01T16:31:19+00:00\" \/>\n<meta property=\"og:image\" content=\"http:\/\/tw.cm.upt.ro\/c5\/wp-content\/uploads\/sites\/92\/2018\/11\/45153579_495303477642785_5522843186877169664_n-242x300.jpg\" \/>\n<meta name=\"twitter:card\" content=\"summary_large_image\" \/>\n<meta name=\"twitter:label1\" content=\"Est. reading time\" \/>\n\t<meta name=\"twitter:data1\" content=\"1 minute\" \/>\n<script type=\"application\/ld+json\" class=\"yoast-schema-graph\">{\"@context\":\"https:\/\/schema.org\",\"@graph\":[{\"@type\":\"WebPage\",\"@id\":\"https:\/\/tw.cm.upt.ro\/c5\/sample-page\/\",\"url\":\"https:\/\/tw.cm.upt.ro\/c5\/sample-page\/\",\"name\":\"About me &lt;3 - OMG!!!\",\"isPartOf\":{\"@id\":\"https:\/\/tw.cm.upt.ro\/c5\/#website\"},\"primaryImageOfPage\":{\"@id\":\"https:\/\/tw.cm.upt.ro\/c5\/sample-page\/#primaryimage\"},\"image\":{\"@id\":\"https:\/\/tw.cm.upt.ro\/c5\/sample-page\/#primaryimage\"},\"thumbnailUrl\":\"http:\/\/tw.cm.upt.ro\/c5\/wp-content\/uploads\/sites\/92\/2018\/11\/45153579_495303477642785_5522843186877169664_n-242x300.jpg\",\"datePublished\":\"2018-10-18T11:07:58+00:00\",\"dateModified\":\"2018-11-01T16:31:19+00:00\",\"breadcrumb\":{\"@id\":\"https:\/\/tw.cm.upt.ro\/c5\/sample-page\/#breadcrumb\"},\"inLanguage\":\"en-US\",\"potentialAction\":[{\"@type\":\"ReadAction\",\"target\":[\"https:\/\/tw.cm.upt.ro\/c5\/sample-page\/\"]}]},{\"@type\":\"ImageObject\",\"inLanguage\":\"en-US\",\"@id\":\"https:\/\/tw.cm.upt.ro\/c5\/sample-page\/#primaryimage\",\"url\":\"https:\/\/tw.cm.upt.ro\/c5\/wp-content\/uploads\/sites\/92\/2018\/11\/45153579_495303477642785_5522843186877169664_n.jpg\",\"contentUrl\":\"https:\/\/tw.cm.upt.ro\/c5\/wp-content\/uploads\/sites\/92\/2018\/11\/45153579_495303477642785_5522843186877169664_n.jpg\",\"width\":750,\"height\":930},{\"@type\":\"BreadcrumbList\",\"@id\":\"https:\/\/tw.cm.upt.ro\/c5\/sample-page\/#breadcrumb\",\"itemListElement\":[{\"@type\":\"ListItem\",\"position\":1,\"name\":\"Home\",\"item\":\"https:\/\/tw.cm.upt.ro\/c5\/\"},{\"@type\":\"ListItem\",\"position\":2,\"name\":\"About me &lt;3\"}]},{\"@type\":\"WebSite\",\"@id\":\"https:\/\/tw.cm.upt.ro\/c5\/#website\",\"url\":\"https:\/\/tw.cm.upt.ro\/c5\/\",\"name\":\"OMG!!!\",\"description\":\"&quot;Who&#039;s that girl?&quot;\",\"potentialAction\":[{\"@type\":\"SearchAction\",\"target\":{\"@type\":\"EntryPoint\",\"urlTemplate\":\"https:\/\/tw.cm.upt.ro\/c5\/?s={search_term_string}\"},\"query-input\":{\"@type\":\"PropertyValueSpecification\",\"valueRequired\":true,\"valueName\":\"search_term_string\"}}],\"inLanguage\":\"en-US\"}]}<\/script>\n<!-- \/ Yoast SEO plugin. -->","yoast_head_json":{"title":"About me &lt;3 - OMG!!!","robots":{"index":"index","follow":"follow","max-snippet":"max-snippet:-1","max-image-preview":"max-image-preview:large","max-video-preview":"max-video-preview:-1"},"canonical":"https:\/\/tw.cm.upt.ro\/c5\/sample-page\/","og_locale":"en_US","og_type":"article","og_title":"About me &lt;3 - OMG!!!","og_description":"\u00a0 \u00a0 \u00a0 \u00a0 \u00a0 \u00a0 \u00a0 \u00a0 \u00a0Se zice c\u0103 ochii sunt oglinda sufletului, ca po\u021bi citii un om din prima clip\u0103 \u00een care \u00eel prive\u0219ti atent \u00een ochi. Ca persoan\u0103, mizez pe ceea ce privirea mea descrie \u00een mintea celor care nu m\u0103 cunosc a\u0219a c\u0103 v\u0103 provoc s\u0103 m\u0103 descoperi\u021bi! \u00a0 \u00a0 [&hellip;]","og_url":"https:\/\/tw.cm.upt.ro\/c5\/sample-page\/","og_site_name":"OMG!!!","article_modified_time":"2018-11-01T16:31:19+00:00","og_image":[{"url":"http:\/\/tw.cm.upt.ro\/c5\/wp-content\/uploads\/sites\/92\/2018\/11\/45153579_495303477642785_5522843186877169664_n-242x300.jpg","type":"","width":"","height":""}],"twitter_card":"summary_large_image","twitter_misc":{"Est. reading time":"1 minute"},"schema":{"@context":"https:\/\/schema.org","@graph":[{"@type":"WebPage","@id":"https:\/\/tw.cm.upt.ro\/c5\/sample-page\/","url":"https:\/\/tw.cm.upt.ro\/c5\/sample-page\/","name":"About me &lt;3 - OMG!!!","isPartOf":{"@id":"https:\/\/tw.cm.upt.ro\/c5\/#website"},"primaryImageOfPage":{"@id":"https:\/\/tw.cm.upt.ro\/c5\/sample-page\/#primaryimage"},"image":{"@id":"https:\/\/tw.cm.upt.ro\/c5\/sample-page\/#primaryimage"},"thumbnailUrl":"http:\/\/tw.cm.upt.ro\/c5\/wp-content\/uploads\/sites\/92\/2018\/11\/45153579_495303477642785_5522843186877169664_n-242x300.jpg","datePublished":"2018-10-18T11:07:58+00:00","dateModified":"2018-11-01T16:31:19+00:00","breadcrumb":{"@id":"https:\/\/tw.cm.upt.ro\/c5\/sample-page\/#breadcrumb"},"inLanguage":"en-US","potentialAction":[{"@type":"ReadAction","target":["https:\/\/tw.cm.upt.ro\/c5\/sample-page\/"]}]},{"@type":"ImageObject","inLanguage":"en-US","@id":"https:\/\/tw.cm.upt.ro\/c5\/sample-page\/#primaryimage","url":"https:\/\/tw.cm.upt.ro\/c5\/wp-content\/uploads\/sites\/92\/2018\/11\/45153579_495303477642785_5522843186877169664_n.jpg","contentUrl":"https:\/\/tw.cm.upt.ro\/c5\/wp-content\/uploads\/sites\/92\/2018\/11\/45153579_495303477642785_5522843186877169664_n.jpg","width":750,"height":930},{"@type":"BreadcrumbList","@id":"https:\/\/tw.cm.upt.ro\/c5\/sample-page\/#breadcrumb","itemListElement":[{"@type":"ListItem","position":1,"name":"Home","item":"https:\/\/tw.cm.upt.ro\/c5\/"},{"@type":"ListItem","position":2,"name":"About me &lt;3"}]},{"@type":"WebSite","@id":"https:\/\/tw.cm.upt.ro\/c5\/#website","url":"https:\/\/tw.cm.upt.ro\/c5\/","name":"OMG!!!","description":"&quot;Who&#039;s that girl?&quot;","potentialAction":[{"@type":"SearchAction","target":{"@type":"EntryPoint","urlTemplate":"https:\/\/tw.cm.upt.ro\/c5\/?s={search_term_string}"},"query-input":{"@type":"PropertyValueSpecification","valueRequired":true,"valueName":"search_term_string"}}],"inLanguage":"en-US"}]}},"_links":{"self":[{"href":"https:\/\/tw.cm.upt.ro\/c5\/wp-json\/wp\/v2\/pages\/2","targetHints":{"allow":["GET"]}}],"collection":[{"href":"https:\/\/tw.cm.upt.ro\/c5\/wp-json\/wp\/v2\/pages"}],"about":[{"href":"https:\/\/tw.cm.upt.ro\/c5\/wp-json\/wp\/v2\/types\/page"}],"author":[{"embeddable":true,"href":"https:\/\/tw.cm.upt.ro\/c5\/wp-json\/wp\/v2\/users\/87"}],"replies":[{"embeddable":true,"href":"https:\/\/tw.cm.upt.ro\/c5\/wp-json\/wp\/v2\/comments?post=2"}],"version-history":[{"count":2,"href":"https:\/\/tw.cm.upt.ro\/c5\/wp-json\/wp\/v2\/pages\/2\/revisions"}],"predecessor-version":[{"id":40,"href":"https:\/\/tw.cm.upt.ro\/c5\/wp-json\/wp\/v2\/pages\/2\/revisions\/40"}],"wp:attachment":[{"href":"https:\/\/tw.cm.upt.ro\/c5\/wp-json\/wp\/v2\/media?parent=2"}],"curies":[{"name":"wp","href":"https:\/\/api.w.org\/{rel}","templated":true}]}}