{"id":42,"date":"2018-11-01T17:16:06","date_gmt":"2018-11-01T17:16:06","guid":{"rendered":"http:\/\/tw.cm.upt.ro\/c5\/?page_id=42"},"modified":"2018-11-28T21:23:59","modified_gmt":"2018-11-28T21:23:59","slug":"day-by-day","status":"publish","type":"page","link":"https:\/\/tw.cm.upt.ro\/c5\/day-by-day\/","title":{"rendered":"My hobbies"},"content":{"rendered":"<div id=\"fb-root\"><\/div>\n<p style=\"text-align: center\"><em>\u00a0 \u00a0 \u00a0 \u00a0 \u00a0 \u00a0 \u00a0 \u00a0 \u00a0 \u00a0 \u00a0 \u00a0 Nimic nu e mai frumos dec\u00e2t s\u0103 spui cuiva ce lucruri adori s\u0103 faci, c\u0103ut\u00e2nd mai apoi conexiuni \u00eentre propria persoana \u0219i cei cu care ne potrivim aparent. Dac\u0103 preferi s\u0103 te bucuri de o carte bun\u0103 \u00eentr-o zi ploioas\u0103 sau de un drum lung la volanul ma\u0219inii tale cu muzica la maximum, I am your girl! C\u0103l\u0103toriile \u0219i vinul, chiar dac\u0103 nu merg m\u00e2n\u0103 \u00een m\u00e2n\u0103, pisicile \u0219i fotografia, toate diferite prin defini\u021bie \u0219i caracteristice mie \u00een acela\u0219i timp.\u00a0 \u00a0 <strong>Let&#8217;s see what you can get from here!<\/strong><\/em><\/p>\n<p>\u00a0 \u00a0 \u00a0 \u00a0 \u00a0 \u00a0 \u00a0 \u00a0 \u00a0 \u00a0 \u00a0 \u00a0 \u00a0 \u00a0 \u00a0 \u00a0 \u00a0 \u00a0 \u00a0 \u00a0 \u00a0 \u00a0 \u00a0 \u00a0 \u00a0 \u00a0 \u00a0 \u00a0 \u00a0 \u00a0 \u00a0 \u00a0 \u00a0 \u00a0 \u00a0 \u00a0 \u00a0 \u00a0 \u00a0 \u00a0 \u00a0 \u00a0 \u00a0 \u00a0 \u00a0 \u00a0 \u00a0 \u00a0 \u00a0 \u00a0 \u00a0 \u00a0 \u00a0 \u00a0 \u00a0 \u00a0 \u00a0 \u00a0<strong><em> Love, A. &lt;3<\/em><\/strong><\/p>\n<p><img decoding=\"async\" class=\"wp-image-80 alignnone\" src=\"http:\/\/tw.cm.upt.ro\/c5\/wp-content\/uploads\/sites\/92\/2018\/11\/46922655_2018153601611415_3886580244760494080_n-240x300.jpg\" alt=\"\" width=\"186\" height=\"233\" srcset=\"https:\/\/tw.cm.upt.ro\/c5\/wp-content\/uploads\/sites\/92\/2018\/11\/46922655_2018153601611415_3886580244760494080_n-240x300.jpg 240w, https:\/\/tw.cm.upt.ro\/c5\/wp-content\/uploads\/sites\/92\/2018\/11\/46922655_2018153601611415_3886580244760494080_n-768x960.jpg 768w, https:\/\/tw.cm.upt.ro\/c5\/wp-content\/uploads\/sites\/92\/2018\/11\/46922655_2018153601611415_3886580244760494080_n-819x1024.jpg 819w, https:\/\/tw.cm.upt.ro\/c5\/wp-content\/uploads\/sites\/92\/2018\/11\/46922655_2018153601611415_3886580244760494080_n.jpg 1200w\" sizes=\"(max-width: 186px) 100vw, 186px\" \/><\/p>\n","protected":false},"excerpt":{"rendered":"<p>\u00a0 \u00a0 \u00a0 \u00a0 \u00a0 \u00a0 \u00a0 \u00a0 \u00a0 \u00a0 \u00a0 \u00a0 Nimic nu e mai frumos dec\u00e2t s\u0103 spui cuiva ce lucruri adori s\u0103 faci, c\u0103ut\u00e2nd mai apoi conexiuni \u00eentre propria persoana \u0219i cei cu care ne potrivim aparent. Dac\u0103 preferi s\u0103 te bucuri de o carte bun\u0103 \u00eentr-o zi ploioas\u0103 sau de un [&hellip;]<\/p>\n","protected":false},"author":87,"featured_media":0,"parent":0,"menu_order":0,"comment_status":"closed","ping_status":"closed","template":"","meta":{"wprm-recipe-roundup-name":"","wprm-recipe-roundup-description":"","ngg_post_thumbnail":0,"footnotes":""},"class_list":["post-42","page","type-page","status-publish","hentry"],"yoast_head":"<!-- This site is optimized with the Yoast SEO plugin v27.1.1 - https:\/\/yoast.com\/product\/yoast-seo-wordpress\/ -->\n<title>My hobbies - OMG!!!<\/title>\n<meta name=\"robots\" content=\"index, follow, max-snippet:-1, max-image-preview:large, max-video-preview:-1\" \/>\n<link rel=\"canonical\" href=\"https:\/\/tw.cm.upt.ro\/c5\/day-by-day\/\" \/>\n<meta property=\"og:locale\" content=\"en_US\" \/>\n<meta property=\"og:type\" content=\"article\" \/>\n<meta property=\"og:title\" content=\"My hobbies - OMG!!!\" \/>\n<meta property=\"og:description\" content=\"\u00a0 \u00a0 \u00a0 \u00a0 \u00a0 \u00a0 \u00a0 \u00a0 \u00a0 \u00a0 \u00a0 \u00a0 Nimic nu e mai frumos dec\u00e2t s\u0103 spui cuiva ce lucruri adori s\u0103 faci, c\u0103ut\u00e2nd mai apoi conexiuni \u00eentre propria persoana \u0219i cei cu care ne potrivim aparent. Dac\u0103 preferi s\u0103 te bucuri de o carte bun\u0103 \u00eentr-o zi ploioas\u0103 sau de un [&hellip;]\" \/>\n<meta property=\"og:url\" content=\"https:\/\/tw.cm.upt.ro\/c5\/day-by-day\/\" \/>\n<meta property=\"og:site_name\" content=\"OMG!!!\" \/>\n<meta property=\"article:modified_time\" content=\"2018-11-28T21:23:59+00:00\" \/>\n<meta property=\"og:image\" content=\"http:\/\/tw.cm.upt.ro\/c5\/wp-content\/uploads\/sites\/92\/2018\/11\/46922655_2018153601611415_3886580244760494080_n-240x300.jpg\" \/>\n<meta name=\"twitter:card\" content=\"summary_large_image\" \/>\n<meta name=\"twitter:label1\" content=\"Est. reading time\" \/>\n\t<meta name=\"twitter:data1\" content=\"1 minute\" \/>\n<script type=\"application\/ld+json\" class=\"yoast-schema-graph\">{\"@context\":\"https:\/\/schema.org\",\"@graph\":[{\"@type\":\"WebPage\",\"@id\":\"https:\/\/tw.cm.upt.ro\/c5\/day-by-day\/\",\"url\":\"https:\/\/tw.cm.upt.ro\/c5\/day-by-day\/\",\"name\":\"My hobbies - OMG!!!\",\"isPartOf\":{\"@id\":\"https:\/\/tw.cm.upt.ro\/c5\/#website\"},\"primaryImageOfPage\":{\"@id\":\"https:\/\/tw.cm.upt.ro\/c5\/day-by-day\/#primaryimage\"},\"image\":{\"@id\":\"https:\/\/tw.cm.upt.ro\/c5\/day-by-day\/#primaryimage\"},\"thumbnailUrl\":\"http:\/\/tw.cm.upt.ro\/c5\/wp-content\/uploads\/sites\/92\/2018\/11\/46922655_2018153601611415_3886580244760494080_n-240x300.jpg\",\"datePublished\":\"2018-11-01T17:16:06+00:00\",\"dateModified\":\"2018-11-28T21:23:59+00:00\",\"breadcrumb\":{\"@id\":\"https:\/\/tw.cm.upt.ro\/c5\/day-by-day\/#breadcrumb\"},\"inLanguage\":\"en-US\",\"potentialAction\":[{\"@type\":\"ReadAction\",\"target\":[\"https:\/\/tw.cm.upt.ro\/c5\/day-by-day\/\"]}]},{\"@type\":\"ImageObject\",\"inLanguage\":\"en-US\",\"@id\":\"https:\/\/tw.cm.upt.ro\/c5\/day-by-day\/#primaryimage\",\"url\":\"https:\/\/tw.cm.upt.ro\/c5\/wp-content\/uploads\/sites\/92\/2018\/11\/46922655_2018153601611415_3886580244760494080_n.jpg\",\"contentUrl\":\"https:\/\/tw.cm.upt.ro\/c5\/wp-content\/uploads\/sites\/92\/2018\/11\/46922655_2018153601611415_3886580244760494080_n.jpg\",\"width\":1200,\"height\":1500},{\"@type\":\"BreadcrumbList\",\"@id\":\"https:\/\/tw.cm.upt.ro\/c5\/day-by-day\/#breadcrumb\",\"itemListElement\":[{\"@type\":\"ListItem\",\"position\":1,\"name\":\"Home\",\"item\":\"https:\/\/tw.cm.upt.ro\/c5\/\"},{\"@type\":\"ListItem\",\"position\":2,\"name\":\"My hobbies\"}]},{\"@type\":\"WebSite\",\"@id\":\"https:\/\/tw.cm.upt.ro\/c5\/#website\",\"url\":\"https:\/\/tw.cm.upt.ro\/c5\/\",\"name\":\"OMG!!!\",\"description\":\"&quot;Who&#039;s that girl?&quot;\",\"potentialAction\":[{\"@type\":\"SearchAction\",\"target\":{\"@type\":\"EntryPoint\",\"urlTemplate\":\"https:\/\/tw.cm.upt.ro\/c5\/?s={search_term_string}\"},\"query-input\":{\"@type\":\"PropertyValueSpecification\",\"valueRequired\":true,\"valueName\":\"search_term_string\"}}],\"inLanguage\":\"en-US\"}]}<\/script>\n<!-- \/ Yoast SEO plugin. -->","yoast_head_json":{"title":"My hobbies - OMG!!!","robots":{"index":"index","follow":"follow","max-snippet":"max-snippet:-1","max-image-preview":"max-image-preview:large","max-video-preview":"max-video-preview:-1"},"canonical":"https:\/\/tw.cm.upt.ro\/c5\/day-by-day\/","og_locale":"en_US","og_type":"article","og_title":"My hobbies - OMG!!!","og_description":"\u00a0 \u00a0 \u00a0 \u00a0 \u00a0 \u00a0 \u00a0 \u00a0 \u00a0 \u00a0 \u00a0 \u00a0 Nimic nu e mai frumos dec\u00e2t s\u0103 spui cuiva ce lucruri adori s\u0103 faci, c\u0103ut\u00e2nd mai apoi conexiuni \u00eentre propria persoana \u0219i cei cu care ne potrivim aparent. Dac\u0103 preferi s\u0103 te bucuri de o carte bun\u0103 \u00eentr-o zi ploioas\u0103 sau de un [&hellip;]","og_url":"https:\/\/tw.cm.upt.ro\/c5\/day-by-day\/","og_site_name":"OMG!!!","article_modified_time":"2018-11-28T21:23:59+00:00","og_image":[{"url":"http:\/\/tw.cm.upt.ro\/c5\/wp-content\/uploads\/sites\/92\/2018\/11\/46922655_2018153601611415_3886580244760494080_n-240x300.jpg","type":"","width":"","height":""}],"twitter_card":"summary_large_image","twitter_misc":{"Est. reading time":"1 minute"},"schema":{"@context":"https:\/\/schema.org","@graph":[{"@type":"WebPage","@id":"https:\/\/tw.cm.upt.ro\/c5\/day-by-day\/","url":"https:\/\/tw.cm.upt.ro\/c5\/day-by-day\/","name":"My hobbies - OMG!!!","isPartOf":{"@id":"https:\/\/tw.cm.upt.ro\/c5\/#website"},"primaryImageOfPage":{"@id":"https:\/\/tw.cm.upt.ro\/c5\/day-by-day\/#primaryimage"},"image":{"@id":"https:\/\/tw.cm.upt.ro\/c5\/day-by-day\/#primaryimage"},"thumbnailUrl":"http:\/\/tw.cm.upt.ro\/c5\/wp-content\/uploads\/sites\/92\/2018\/11\/46922655_2018153601611415_3886580244760494080_n-240x300.jpg","datePublished":"2018-11-01T17:16:06+00:00","dateModified":"2018-11-28T21:23:59+00:00","breadcrumb":{"@id":"https:\/\/tw.cm.upt.ro\/c5\/day-by-day\/#breadcrumb"},"inLanguage":"en-US","potentialAction":[{"@type":"ReadAction","target":["https:\/\/tw.cm.upt.ro\/c5\/day-by-day\/"]}]},{"@type":"ImageObject","inLanguage":"en-US","@id":"https:\/\/tw.cm.upt.ro\/c5\/day-by-day\/#primaryimage","url":"https:\/\/tw.cm.upt.ro\/c5\/wp-content\/uploads\/sites\/92\/2018\/11\/46922655_2018153601611415_3886580244760494080_n.jpg","contentUrl":"https:\/\/tw.cm.upt.ro\/c5\/wp-content\/uploads\/sites\/92\/2018\/11\/46922655_2018153601611415_3886580244760494080_n.jpg","width":1200,"height":1500},{"@type":"BreadcrumbList","@id":"https:\/\/tw.cm.upt.ro\/c5\/day-by-day\/#breadcrumb","itemListElement":[{"@type":"ListItem","position":1,"name":"Home","item":"https:\/\/tw.cm.upt.ro\/c5\/"},{"@type":"ListItem","position":2,"name":"My hobbies"}]},{"@type":"WebSite","@id":"https:\/\/tw.cm.upt.ro\/c5\/#website","url":"https:\/\/tw.cm.upt.ro\/c5\/","name":"OMG!!!","description":"&quot;Who&#039;s that girl?&quot;","potentialAction":[{"@type":"SearchAction","target":{"@type":"EntryPoint","urlTemplate":"https:\/\/tw.cm.upt.ro\/c5\/?s={search_term_string}"},"query-input":{"@type":"PropertyValueSpecification","valueRequired":true,"valueName":"search_term_string"}}],"inLanguage":"en-US"}]}},"_links":{"self":[{"href":"https:\/\/tw.cm.upt.ro\/c5\/wp-json\/wp\/v2\/pages\/42","targetHints":{"allow":["GET"]}}],"collection":[{"href":"https:\/\/tw.cm.upt.ro\/c5\/wp-json\/wp\/v2\/pages"}],"about":[{"href":"https:\/\/tw.cm.upt.ro\/c5\/wp-json\/wp\/v2\/types\/page"}],"author":[{"embeddable":true,"href":"https:\/\/tw.cm.upt.ro\/c5\/wp-json\/wp\/v2\/users\/87"}],"replies":[{"embeddable":true,"href":"https:\/\/tw.cm.upt.ro\/c5\/wp-json\/wp\/v2\/comments?post=42"}],"version-history":[{"count":7,"href":"https:\/\/tw.cm.upt.ro\/c5\/wp-json\/wp\/v2\/pages\/42\/revisions"}],"predecessor-version":[{"id":81,"href":"https:\/\/tw.cm.upt.ro\/c5\/wp-json\/wp\/v2\/pages\/42\/revisions\/81"}],"wp:attachment":[{"href":"https:\/\/tw.cm.upt.ro\/c5\/wp-json\/wp\/v2\/media?parent=42"}],"curies":[{"name":"wp","href":"https:\/\/api.w.org\/{rel}","templated":true}]}}