{"id":198,"date":"2018-12-15T22:04:19","date_gmt":"2018-12-15T22:04:19","guid":{"rendered":"http:\/\/tw.cm.upt.ro\/c7\/?page_id=198"},"modified":"2018-12-15T22:08:18","modified_gmt":"2018-12-15T22:08:18","slug":"minciunele","status":"publish","type":"page","link":"https:\/\/tw.cm.upt.ro\/c7\/?page_id=198","title":{"rendered":"Minciunele"},"content":{"rendered":"<div id=\"fb-root\"><\/div>\n<p>Ciao!&#8230;Ba nu..BUN\u0102, fiindc\u0103 a\u015fa se salut\u0103 acolo, de unde vin eu \ud83d\ude42<\/p>\n<p><img fetchpriority=\"high\" decoding=\"async\" class=\"aligncenter size-full wp-image-21\" src=\"https:\/\/hailaopovesteblog.files.wordpress.com\/2017\/04\/prietenie-e1491321000349.jpg?w=506\" alt=\"prietenie\" width=\"506\" height=\"280\" \/><\/p>\n<p><img decoding=\"async\" class=\" wp-image-176 alignright\" src=\"http:\/\/tw.cm.upt.ro\/c7\/wp-content\/uploads\/sites\/94\/2018\/12\/un-mincinos-237x300.jpg\" alt=\"\" width=\"222\" height=\"281\" srcset=\"https:\/\/tw.cm.upt.ro\/c7\/wp-content\/uploads\/sites\/94\/2018\/12\/un-mincinos-237x300.jpg 237w, https:\/\/tw.cm.upt.ro\/c7\/wp-content\/uploads\/sites\/94\/2018\/12\/un-mincinos-768x973.jpg 768w, https:\/\/tw.cm.upt.ro\/c7\/wp-content\/uploads\/sites\/94\/2018\/12\/un-mincinos-808x1024.jpg 808w, https:\/\/tw.cm.upt.ro\/c7\/wp-content\/uploads\/sites\/94\/2018\/12\/un-mincinos.jpg 1200w\" sizes=\"(max-width: 222px) 100vw, 222px\" \/><\/p>\n<p>F\u0103r\u0103 alte introduceri, s\u0103 vorbim despre minciun\u0103. Cam c\u00e2t, pe cine, c\u00e2nd \u015fi mai ales, de ce min\u0163im? (\u015etim cu to\u0163ii c\u0103 \u015fi tu, ca \u015fi mine, o mai faci, din c\u00e2nd \u00een c\u00e2nd)<\/p>\n<p>Eu mint fiindc\u0103 sunt prea comod\u0103 s\u0103 dau explica\u0163ii. Mint \u201eca s\u0103 m\u0103 scot\u201d. Mai am \u015fi apuc\u0103turi aproape altruiste, c\u00e2nd m\u0103 apuc s\u0103 mint ca s\u0103 menajez pe nu \u015ftiu cine de vreun adev\u0103r sup\u0103r\u0103tor. Nu o fac foarte des&#8230;doar c\u00e2nd e nevoie. Acu`, na&#8230;\u015ftii c\u0103 oricine are momente c\u00e2nd nevoile \u00eel cople\u015fesc. S-a mai \u00eent\u00e2mplat \u015fi \u00een cazul meu :d. Au fost c\u00e2teva d\u0103\u0163i c\u00e2nd, am mai \u00eenjum\u0103t\u0103\u0163it adev\u0103rul pentru c\u0103 nu am fost dom`le \u00een stare s\u0103 mi-l asum pe de-a-ntregul. Ru\u015fine s\u0103 \u00eemi fie, \u015ftiu&#8230;M\u0103 feresc, pe c\u00e2t posibil, s\u0103 m\u0103 mai pun \u00een asemena situa\u0163ii.<\/p>\n<p>Rememorez un episod penibil. \u00cen urm\u0103 cu vreo 8 ani, exact pe vremea asta. Clasa a VII-a, eu printre elevele alea \u201emodel\u201d. Ap\u0103ruse melodia unuia. Avea, ce-i drept c\u00e2teva versuri mai piperate, dar s\u0103 fim serio\u015fi&#8230;to\u0163i o \u015ftiam. O coleg\u0103 binevoitoare s-a g\u00e2ndit ca, a doua zi, s\u0103 \u00eemi transrie versurile pe o bucat\u0103 de h\u00e2rtie pe care am aruncat-o pe banc\u0103, \u00een pauz\u0103 fiind.<\/p>\n<p>Urma s\u0103 aflu c\u0103 soneria care anun\u0163a \u00eenceperea orei de mate, prevestea, de fapt, c\u0103 o s\u0103 traiesc cel mai penibil moment din via\u0163a mea, de p\u00e2n\u0103 atunci. Intr\u0103 profa-cu care eu m\u0103 \u00een\u0163elegeam \u201esuper-bine\u201d. \u00cemi d\u0103 t\u00e2rcoale pe la banc\u0103, dar eu nu m\u0103 deranjez s\u0103 mut foaia aia. O ia, o desp\u0103ture\u015fte \u015fi \u00eencepe s\u0103 citeasc\u0103&#8230;cu voce tare, normal. M\u0103 ridic \u00een picioare. Mut privirea \u00een p\u0103m\u00e2nt. \u00cemi venea s\u0103 m\u0103 ascund \u00een penar de at\u00e2ta ru\u015fine. S-a asigurat c\u0103 m\u0103 face s\u0103 simt penibilul moemntului p\u00e2n\u0103 \u00een v\u00e2rful unghiilor. A reu\u015fit.\u00a0 A\u015fa c\u0103 mai toat\u0103 ora a fost cu \u015fi despre mine, despre cum eu-eleva con\u015ftiincioas\u0103 \u015fi cuminte-ascult asemenea gen de muzic\u0103 (s\u0103 ne \u00een\u0163elegem: era o melodie care, cenzurat\u0103, avea un singur bip). Ca nu care cumva s\u0103 uit moementul, i-a transmis \u015fi dirig\u0103i \u201egrava mea deviere de comportament\u201d. A urmat (da, da, chiar imediat, dup\u0103) \u00eenc\u0103 o or\u0103 asem\u0103n\u0103toare, dar penibilul a atins cote maxime&#8230;c\u0103 \u015fi diriga asta a\u015fa un stil avea de a exagera \u015fi de a fi contra genera\u0163iei noastre (genul al\u0103 pentru care c\u00e2nd fetele se machiau, de fapt, ele \u201ese v\u0103csau\u201d). Era, de altfel, o adev\u0103rat\u0103 doamn\u0103, de care \u00eemi aduc aminte cu drag \ud83d\ude42<\/p>\n<p>\u00cen fine, a fost deliciul colegilor care r\u00e2deau pe \u00eenfundate sau mai debrab\u0103, pe ner\u0103suflate :))&#8230;Problema era c\u0103 fix peste 2 zile, aveam \u015fedin\u0163\u0103 cu p\u0103rin\u0163ii. Cum era singurul lucru pe care \u00eel mai puteam evita, le-am zis alor mei c\u0103 \u015fedin\u0163a se mutase \u00een ziua aia c\u00e2nd ei \u00ee\u015fi planificaser\u0103 s\u0103 plece din localitate. Mi-am zis \u201egata, ai mei nu merg la \u015fedin\u0163\u0103\u201d. Dar, ca ni\u015fte p\u0103rin\u0163i mereu preocupa\u0163i de situa\u0163ia mea \u015fcolar\u0103, ei nu s-au resemnat cu aceea\u015fi idee. Cu o zi \u00eenainte de \u015fedin\u0163\u0103 \u015fi cu una dup\u0103 \u201eincident\u201d, \u00eel v\u0103d pe taic\u0103-meu pe holul \u015fcolii. Am crezut c\u0103 sunt at\u00e2t de stresat\u0103 de ce se \u00eent\u00e2mplase, \u00eenc\u00e2t aveam vedenii. M-a strigat. M-am g\u00e2ndit c\u0103 am \u015fi \u201eauzenii\u201d. C\u00e2nd a mers spre dirig\u0103, am \u015ftiut c\u0103 tot ce urma s\u0103 se \u00eent\u00e2mple era c\u00e2t se putea de real.<\/p>\n<p>A fost\u00a0mai bine dec\u00e2t m\u0103 a\u015fteptam, \u00een cele din urm\u0103. Aceea\u015fi dirig\u0103 care m\u0103 f\u0103cuse cu ou \u015fi cu o\u0163et, a omis episodul penibil, \u00een fa\u0163a tat\u0103lui meu(\u0163i-am zis doar: o adev\u0103rat\u0103 doamn\u0103). A\u015fa c\u0103 de data asta, minciuna m-a cam salvat. Nu aia pe care am spus-o eu. De data asta, diriga omisese cu bun\u0103 \u015ftiin\u0163\u0103 ceva.<\/p>\n<p>Vezi, tu&#8230;Uneori, s\u0103 nu spui adev\u0103rul pe de-a-ntregul te mai \u015fi salveaz\u0103. Minciunile nu sunt 100% rele. A\u015f spune c\u0103, uneori, sunt necesare, c\u00e2t timp ele sunt nevinovate \u015fi nu lezeaz\u0103 existen\u0163a cuiva. Totu\u015fi, sinceritatea e o valoare.<\/p>\n<p><img decoding=\"async\" class=\" size-full wp-image-24 alignright\" src=\"https:\/\/hailaopovesteblog.files.wordpress.com\/2017\/04\/minciuna.jpg\" alt=\"minciuna\" width=\"282\" height=\"179\" \/><\/p>\n<p>Alege s\u0103 fii un om de valoare. E dreptul t\u0103u s\u0103 decizi dac\u0103 \u00ee\u0163i vei min\u0163i familia, pritenii, profii, vecinii..sau cel mai r\u0103u, pe tine. Dar, de fiecare dat\u0103 c\u00e2nd o s\u0103 o faci, aminte\u015fte-\u0163i <strong>cum te-ai sim\u0163it tu<\/strong> c\u00e2nd ai auzit minciuni. Sau <strong>c\u00e2t te-au dezam\u0103git<\/strong> pe tine oamenii cu jum\u0103t\u0103\u0163ile lor de adev\u0103r, oamenii aia \u00een care <strong>tu chiar credeai<\/strong>, c\u00e2nd prietenul al\u0103 cel mai bun al t\u0103u a devenit, azi, un str\u0103in fiindc\u0103 minciuna lui, c\u00e2ndva, a fost pentru tine adev\u0103rul pe care te-ai bazat. Albert Einstein a spus c\u0103 \u201eadev\u0103rul este ce rezist\u0103 la testul realit\u0103\u0163ii\u201d, iar Vovenargues c\u0103 \u201eadev\u0103rul este soarele min\u0163ilor luminate\u201d&#8230;Pentru mine, adev\u0103rul e baza oric\u0103rui tip de rela\u0163ie fiindc\u0103 de el at\u00e2rn\u0103 toat\u0103 \u00eencrederea de care ne bucur\u0103m din partea oamenilor la care \u0163inem.<\/p>\n","protected":false},"excerpt":{"rendered":"<p>Ciao!&#8230;Ba nu..BUN\u0102, fiindc\u0103 a\u015fa se salut\u0103 acolo, de unde vin eu \ud83d\ude42 F\u0103r\u0103 alte introduceri, s\u0103 vorbim despre minciun\u0103. Cam c\u00e2t, pe cine, c\u00e2nd \u015fi mai ales, de ce min\u0163im? (\u015etim cu to\u0163ii c\u0103 \u015fi tu, ca \u015fi mine, o mai faci, din c\u00e2nd \u00een c\u00e2nd) Eu mint fiindc\u0103 sunt prea comod\u0103 s\u0103 dau explica\u0163ii.&hellip; <\/p>\n","protected":false},"author":89,"featured_media":0,"parent":196,"menu_order":0,"comment_status":"closed","ping_status":"closed","template":"","meta":{"wprm-recipe-roundup-name":"","wprm-recipe-roundup-description":"","ngg_post_thumbnail":0,"footnotes":""},"class_list":["post-198","page","type-page","status-publish","hentry"],"yoast_head":"<!-- This site is optimized with the Yoast SEO plugin v27.1.1 - https:\/\/yoast.com\/product\/yoast-seo-wordpress\/ -->\n<title>Minciunele - Hai la o poveste<\/title>\n<meta name=\"robots\" content=\"index, follow, max-snippet:-1, max-image-preview:large, max-video-preview:-1\" \/>\n<link rel=\"canonical\" href=\"https:\/\/tw.cm.upt.ro\/c7\/?page_id=198\" \/>\n<meta property=\"og:locale\" content=\"en_US\" \/>\n<meta property=\"og:type\" content=\"article\" \/>\n<meta property=\"og:title\" content=\"Minciunele - Hai la o poveste\" \/>\n<meta property=\"og:description\" content=\"Ciao!&#8230;Ba nu..BUN\u0102, fiindc\u0103 a\u015fa se salut\u0103 acolo, de unde vin eu \ud83d\ude42 F\u0103r\u0103 alte introduceri, s\u0103 vorbim despre minciun\u0103. Cam c\u00e2t, pe cine, c\u00e2nd \u015fi mai ales, de ce min\u0163im? (\u015etim cu to\u0163ii c\u0103 \u015fi tu, ca \u015fi mine, o mai faci, din c\u00e2nd \u00een c\u00e2nd) Eu mint fiindc\u0103 sunt prea comod\u0103 s\u0103 dau explica\u0163ii.&hellip;\" \/>\n<meta property=\"og:url\" content=\"https:\/\/tw.cm.upt.ro\/c7\/?page_id=198\" \/>\n<meta property=\"og:site_name\" content=\"Hai la o poveste\" \/>\n<meta property=\"article:modified_time\" content=\"2018-12-15T22:08:18+00:00\" \/>\n<meta property=\"og:image\" content=\"https:\/\/hailaopovesteblog.files.wordpress.com\/2017\/04\/prietenie-e1491321000349.jpg?w=506\" \/>\n<meta name=\"twitter:card\" content=\"summary_large_image\" \/>\n<meta name=\"twitter:label1\" content=\"Est. reading time\" \/>\n\t<meta name=\"twitter:data1\" content=\"5 minutes\" \/>\n<script type=\"application\/ld+json\" class=\"yoast-schema-graph\">{\"@context\":\"https:\/\/schema.org\",\"@graph\":[{\"@type\":\"WebPage\",\"@id\":\"https:\/\/tw.cm.upt.ro\/c7\/?page_id=198\",\"url\":\"https:\/\/tw.cm.upt.ro\/c7\/?page_id=198\",\"name\":\"Minciunele - Hai la o poveste\",\"isPartOf\":{\"@id\":\"https:\/\/tw.cm.upt.ro\/c7\/#website\"},\"primaryImageOfPage\":{\"@id\":\"https:\/\/tw.cm.upt.ro\/c7\/?page_id=198#primaryimage\"},\"image\":{\"@id\":\"https:\/\/tw.cm.upt.ro\/c7\/?page_id=198#primaryimage\"},\"thumbnailUrl\":\"https:\/\/hailaopovesteblog.files.wordpress.com\/2017\/04\/prietenie-e1491321000349.jpg?w=506\",\"datePublished\":\"2018-12-15T22:04:19+00:00\",\"dateModified\":\"2018-12-15T22:08:18+00:00\",\"breadcrumb\":{\"@id\":\"https:\/\/tw.cm.upt.ro\/c7\/?page_id=198#breadcrumb\"},\"inLanguage\":\"en-US\",\"potentialAction\":[{\"@type\":\"ReadAction\",\"target\":[\"https:\/\/tw.cm.upt.ro\/c7\/?page_id=198\"]}]},{\"@type\":\"ImageObject\",\"inLanguage\":\"en-US\",\"@id\":\"https:\/\/tw.cm.upt.ro\/c7\/?page_id=198#primaryimage\",\"url\":\"https:\/\/hailaopovesteblog.files.wordpress.com\/2017\/04\/prietenie-e1491321000349.jpg?w=506\",\"contentUrl\":\"https:\/\/hailaopovesteblog.files.wordpress.com\/2017\/04\/prietenie-e1491321000349.jpg?w=506\"},{\"@type\":\"BreadcrumbList\",\"@id\":\"https:\/\/tw.cm.upt.ro\/c7\/?page_id=198#breadcrumb\",\"itemListElement\":[{\"@type\":\"ListItem\",\"position\":1,\"name\":\"Home\",\"item\":\"https:\/\/tw.cm.upt.ro\/c7\"},{\"@type\":\"ListItem\",\"position\":2,\"name\":\"Povestiri\",\"item\":\"https:\/\/tw.cm.upt.ro\/c7\/?page_id=196\"},{\"@type\":\"ListItem\",\"position\":3,\"name\":\"Minciunele\"}]},{\"@type\":\"WebSite\",\"@id\":\"https:\/\/tw.cm.upt.ro\/c7\/#website\",\"url\":\"https:\/\/tw.cm.upt.ro\/c7\/\",\"name\":\"Hai la o poveste\",\"description\":\"Povestirile ne aduc \u00eempreun\u0103\",\"publisher\":{\"@id\":\"https:\/\/tw.cm.upt.ro\/c7\/#organization\"},\"potentialAction\":[{\"@type\":\"SearchAction\",\"target\":{\"@type\":\"EntryPoint\",\"urlTemplate\":\"https:\/\/tw.cm.upt.ro\/c7\/?s={search_term_string}\"},\"query-input\":{\"@type\":\"PropertyValueSpecification\",\"valueRequired\":true,\"valueName\":\"search_term_string\"}}],\"inLanguage\":\"en-US\"},{\"@type\":\"Organization\",\"@id\":\"https:\/\/tw.cm.upt.ro\/c7\/#organization\",\"name\":\"Hai la o poveste\",\"url\":\"https:\/\/tw.cm.upt.ro\/c7\/\",\"logo\":{\"@type\":\"ImageObject\",\"inLanguage\":\"en-US\",\"@id\":\"https:\/\/tw.cm.upt.ro\/c7\/#\/schema\/logo\/image\/\",\"url\":\"https:\/\/tw.cm.upt.ro\/c7\/wp-content\/uploads\/sites\/94\/2018\/12\/cropped-unaltlogo-1-2.png\",\"contentUrl\":\"https:\/\/tw.cm.upt.ro\/c7\/wp-content\/uploads\/sites\/94\/2018\/12\/cropped-unaltlogo-1-2.png\",\"width\":513,\"height\":260,\"caption\":\"Hai la o poveste\"},\"image\":{\"@id\":\"https:\/\/tw.cm.upt.ro\/c7\/#\/schema\/logo\/image\/\"}}]}<\/script>\n<!-- \/ Yoast SEO plugin. -->","yoast_head_json":{"title":"Minciunele - Hai la o poveste","robots":{"index":"index","follow":"follow","max-snippet":"max-snippet:-1","max-image-preview":"max-image-preview:large","max-video-preview":"max-video-preview:-1"},"canonical":"https:\/\/tw.cm.upt.ro\/c7\/?page_id=198","og_locale":"en_US","og_type":"article","og_title":"Minciunele - Hai la o poveste","og_description":"Ciao!&#8230;Ba nu..BUN\u0102, fiindc\u0103 a\u015fa se salut\u0103 acolo, de unde vin eu \ud83d\ude42 F\u0103r\u0103 alte introduceri, s\u0103 vorbim despre minciun\u0103. Cam c\u00e2t, pe cine, c\u00e2nd \u015fi mai ales, de ce min\u0163im? (\u015etim cu to\u0163ii c\u0103 \u015fi tu, ca \u015fi mine, o mai faci, din c\u00e2nd \u00een c\u00e2nd) Eu mint fiindc\u0103 sunt prea comod\u0103 s\u0103 dau explica\u0163ii.&hellip;","og_url":"https:\/\/tw.cm.upt.ro\/c7\/?page_id=198","og_site_name":"Hai la o poveste","article_modified_time":"2018-12-15T22:08:18+00:00","og_image":[{"url":"https:\/\/hailaopovesteblog.files.wordpress.com\/2017\/04\/prietenie-e1491321000349.jpg?w=506","type":"","width":"","height":""}],"twitter_card":"summary_large_image","twitter_misc":{"Est. reading time":"5 minutes"},"schema":{"@context":"https:\/\/schema.org","@graph":[{"@type":"WebPage","@id":"https:\/\/tw.cm.upt.ro\/c7\/?page_id=198","url":"https:\/\/tw.cm.upt.ro\/c7\/?page_id=198","name":"Minciunele - Hai la o poveste","isPartOf":{"@id":"https:\/\/tw.cm.upt.ro\/c7\/#website"},"primaryImageOfPage":{"@id":"https:\/\/tw.cm.upt.ro\/c7\/?page_id=198#primaryimage"},"image":{"@id":"https:\/\/tw.cm.upt.ro\/c7\/?page_id=198#primaryimage"},"thumbnailUrl":"https:\/\/hailaopovesteblog.files.wordpress.com\/2017\/04\/prietenie-e1491321000349.jpg?w=506","datePublished":"2018-12-15T22:04:19+00:00","dateModified":"2018-12-15T22:08:18+00:00","breadcrumb":{"@id":"https:\/\/tw.cm.upt.ro\/c7\/?page_id=198#breadcrumb"},"inLanguage":"en-US","potentialAction":[{"@type":"ReadAction","target":["https:\/\/tw.cm.upt.ro\/c7\/?page_id=198"]}]},{"@type":"ImageObject","inLanguage":"en-US","@id":"https:\/\/tw.cm.upt.ro\/c7\/?page_id=198#primaryimage","url":"https:\/\/hailaopovesteblog.files.wordpress.com\/2017\/04\/prietenie-e1491321000349.jpg?w=506","contentUrl":"https:\/\/hailaopovesteblog.files.wordpress.com\/2017\/04\/prietenie-e1491321000349.jpg?w=506"},{"@type":"BreadcrumbList","@id":"https:\/\/tw.cm.upt.ro\/c7\/?page_id=198#breadcrumb","itemListElement":[{"@type":"ListItem","position":1,"name":"Home","item":"https:\/\/tw.cm.upt.ro\/c7"},{"@type":"ListItem","position":2,"name":"Povestiri","item":"https:\/\/tw.cm.upt.ro\/c7\/?page_id=196"},{"@type":"ListItem","position":3,"name":"Minciunele"}]},{"@type":"WebSite","@id":"https:\/\/tw.cm.upt.ro\/c7\/#website","url":"https:\/\/tw.cm.upt.ro\/c7\/","name":"Hai la o poveste","description":"Povestirile ne aduc \u00eempreun\u0103","publisher":{"@id":"https:\/\/tw.cm.upt.ro\/c7\/#organization"},"potentialAction":[{"@type":"SearchAction","target":{"@type":"EntryPoint","urlTemplate":"https:\/\/tw.cm.upt.ro\/c7\/?s={search_term_string}"},"query-input":{"@type":"PropertyValueSpecification","valueRequired":true,"valueName":"search_term_string"}}],"inLanguage":"en-US"},{"@type":"Organization","@id":"https:\/\/tw.cm.upt.ro\/c7\/#organization","name":"Hai la o poveste","url":"https:\/\/tw.cm.upt.ro\/c7\/","logo":{"@type":"ImageObject","inLanguage":"en-US","@id":"https:\/\/tw.cm.upt.ro\/c7\/#\/schema\/logo\/image\/","url":"https:\/\/tw.cm.upt.ro\/c7\/wp-content\/uploads\/sites\/94\/2018\/12\/cropped-unaltlogo-1-2.png","contentUrl":"https:\/\/tw.cm.upt.ro\/c7\/wp-content\/uploads\/sites\/94\/2018\/12\/cropped-unaltlogo-1-2.png","width":513,"height":260,"caption":"Hai la o poveste"},"image":{"@id":"https:\/\/tw.cm.upt.ro\/c7\/#\/schema\/logo\/image\/"}}]}},"_links":{"self":[{"href":"https:\/\/tw.cm.upt.ro\/c7\/index.php?rest_route=\/wp\/v2\/pages\/198","targetHints":{"allow":["GET"]}}],"collection":[{"href":"https:\/\/tw.cm.upt.ro\/c7\/index.php?rest_route=\/wp\/v2\/pages"}],"about":[{"href":"https:\/\/tw.cm.upt.ro\/c7\/index.php?rest_route=\/wp\/v2\/types\/page"}],"author":[{"embeddable":true,"href":"https:\/\/tw.cm.upt.ro\/c7\/index.php?rest_route=\/wp\/v2\/users\/89"}],"replies":[{"embeddable":true,"href":"https:\/\/tw.cm.upt.ro\/c7\/index.php?rest_route=%2Fwp%2Fv2%2Fcomments&post=198"}],"version-history":[{"count":2,"href":"https:\/\/tw.cm.upt.ro\/c7\/index.php?rest_route=\/wp\/v2\/pages\/198\/revisions"}],"predecessor-version":[{"id":200,"href":"https:\/\/tw.cm.upt.ro\/c7\/index.php?rest_route=\/wp\/v2\/pages\/198\/revisions\/200"}],"up":[{"embeddable":true,"href":"https:\/\/tw.cm.upt.ro\/c7\/index.php?rest_route=\/wp\/v2\/pages\/196"}],"wp:attachment":[{"href":"https:\/\/tw.cm.upt.ro\/c7\/index.php?rest_route=%2Fwp%2Fv2%2Fmedia&parent=198"}],"curies":[{"name":"wp","href":"https:\/\/api.w.org\/{rel}","templated":true}]}}