{"id":203,"date":"2018-12-15T22:12:58","date_gmt":"2018-12-15T22:12:58","guid":{"rendered":"http:\/\/tw.cm.upt.ro\/c7\/?page_id=203"},"modified":"2018-12-15T22:15:55","modified_gmt":"2018-12-15T22:15:55","slug":"urari-de-mai-la-sfarsit-de-noiembrie","status":"publish","type":"page","link":"https:\/\/tw.cm.upt.ro\/c7\/?page_id=203","title":{"rendered":"Ur\u0103ri de mai, la sf\u00e2r\u0219it de noiembrie"},"content":{"rendered":"<div id=\"fb-root\"><\/div>\n<p><em>Mai&#8230;<\/em><\/p>\n<p><img fetchpriority=\"high\" decoding=\"async\" class=\" wp-image-208 alignleft\" src=\"https:\/\/hailaopovesteblog.files.wordpress.com\/2018\/05\/blog-9.png\" alt=\"blog 9\" width=\"253\" height=\"316\" \/><\/p>\n<p><em>Mai<\/em> mult, dar nicic\u00e2nd \u00eendeajuns.<\/p>\n<p><em>Mai<\/em> bun, dar niciodat\u0103 suficient.<\/p>\n<p>\u00cen luna mai, s\u0103 vorbim despre &#8220;<strong><em>mai-uri<\/em><\/strong>&#8220;. Despre\u00a0&#8220;<strong><em>mai-uri<\/em><\/strong>&#8221; \u0219i conjuctivele <strong><em>&#8220;s\u0103&#8230;.&#8221;<\/em><\/strong>. O combina\u021bie fatal\u0103. N\u0103ucitoare. Devastatoare. Asupritoare. Instigatoare.<\/p>\n<p>De at\u00e2t de multe ori auzi: <em><strong>fii mai&#8230;<\/strong><\/em>(urmeaz\u0103 o \u00een\u0219iruire de calit\u0103\u021bi pe care s\u0103 le dob\u00e2nde\u0219ti&#8230;vezi tu cum&#8230;nu conteaz\u0103, te descurci). Dar, nimeni nu \u021bi-ar zice <strong><em>ce bine c\u0103 e\u0219ti&#8230;<\/em><\/strong><\/p>\n<p>De c\u00e2te ori nu ai sim\u021bit ca <strong>nu e\u0219ti suficient<\/strong>, c\u0103 <strong>nu satisfaci<\/strong>, c\u0103 <strong>nu e\u0219ti \u00eendeajuns<\/strong>?! Personal, am experimentat \u0219i am vazut asta, \u00een jurul meu, de at\u00e2t de multe ori \u00eenc\u00e2t chiar vreau s\u0103 vorbesc despre.<\/p>\n<p>Nici nu am certitudinea ca persoanele care m-au <em>\u00eendrumat<\/em> s\u0103 fiu a\u0219a \u0219i pe dincolo erau \u00eendrept\u0103\u021bite s\u0103 o fac\u0103. At\u00e2tea sfaturi cu <b><i>s\u0103\u00a0<\/i><\/b>\u0219i <b><i>mai\u00a0<\/i><\/b>am primit, \u00eenc\u00e2t la un moment dat, am avut senza\u021bia c\u0103 m\u0103 depersonalizeaz\u0103. \u00cen primul r\u00e2nd, consider c\u0103 munca av\u00e2nd ca scop perfec\u021biunea este asidu\u0103. \u0218i frustrant\u0103 fiindc\u0103 nu o s\u0103 se \u00eent\u00e2mple vreodat\u0103. Apoi, da, ok..sunt perfect de acord cu \u00eembun\u0103t\u0103\u021birea noastr\u0103 continu\u0103 din punct de vedere intelectual, emo\u021bional, psihic, chiar \u0219i fizic. Atunci c\u00e2nd vine din interior. Nu ca s\u0103 fim accepta\u021bi de societate. Nu ca s\u0103 \u00eemplinim a\u0219tept\u0103rile altora.<\/p>\n<p><img decoding=\"async\" class=\" wp-image-176 alignright\" src=\"https:\/\/hailaopovesteblog.files.wordpress.com\/2018\/05\/be-yourself-source2.jpg\" alt=\"be-yourself-source2\" width=\"336\" height=\"248\" \/><\/p>\n<p>Am f\u0103cut at\u00e2tea lucruri ca s\u0103 mul\u021bumesc pe al\u021bii \u0219i m-am nemul\u021bumit pe mine. Am fost <em>mai&#8230;<\/em>ca s\u0103 fiu acceptat\u0103. Am renun\u021bat la mine pentru oamenii fa\u021b\u0103 de care trebuia s\u0103 fiu <em>mai&#8230;<\/em>P\u00e2n\u0103 c\u00e2nd, ce s\u0103 vezi!? M-au obosit at\u00e2tea <em>mai-uri<\/em> din toate p\u0103r\u021bile. A\u0219a c\u0103, am luat pauz\u0103. Mi-am zis ok, hai s\u0103 vedem cum sunt eu de fapt, ce a\u0219tept\u0103ri am de la mine, ce vreau \u0219i felul \u00een care vreau s\u0103 fac lucrurile.<\/p>\n<p>Cred c\u0103 fiecare experien\u021b\u0103 pe care o tr\u0103ie\u0219ti te poate ajuta s\u0103 te cuno\u0219ti, dar doar atunci c\u00e2nd ac\u021bionezi cum ai vrea. Nu cum a\u0219teapt\u0103 al\u021bii, nu cum spun ei ca <em>trebuie.\u00a0<\/em><\/p>\n<p><img decoding=\"async\" class=\" wp-image-174 alignright\" src=\"https:\/\/hailaopovesteblog.files.wordpress.com\/2018\/05\/authenticity.jpg\" alt=\"authenticity\" width=\"251\" height=\"343\" \/><\/p>\n<p>Tot auzind at\u00e2tea expresii de genul <em>fii mai<\/em>&#8230;\u00eencepeam s\u0103 uit ca <em>mai-ul<\/em> ast\u0103 porne\u0219te de la ceva bun, deja existent. M\u0103 facea s\u0103 ma concentrez doar pe partea aia cu\u00a0<em>nu esti suficient de&#8230;<\/em>\u0218i uite a\u0219a, ajungi \u00eentr-un punct \u00een care te \u00eentrebi <em>b\u0103`, da` oare <strong>mai<\/strong> am \u0219i eu ceva bun?!..<\/em><\/p>\n<p>Eu cred cu t\u0103rie c\u0103 nimeni nu este exclusiv bun\/r\u0103u. To\u021bi avem<em>\u00a0extreme<\/em>\u00a0cu + \u0219i &#8211;<em>.<\/em> Cred c\u0103 ar fi de ajutor s\u0103 g\u0103sim un echilibru. S\u0103 ne amintim, de fieacrea dat\u0103, nou\u0103 \u0219i celor din jur, atunci c\u00e2nd <strong><em>sunt(em) suficient de&#8230;<\/em><\/strong><em>\u0219i s\u0103 o spunem<\/em><strong><em> de fiecare dat\u0103 c\u00e2nd e cazul. <\/em><\/strong>Nu \u00een g\u00e2nd,<strong><em> cu voce tare! \ud83d\ude42<\/em><\/strong><\/p>\n<p><img loading=\"lazy\" decoding=\"async\" class=\" size-full wp-image-207 aligncenter\" src=\"https:\/\/hailaopovesteblog.files.wordpress.com\/2018\/05\/blog-8.jpg\" alt=\"blog 8\" width=\"625\" height=\"157\" \/><\/p>\n<p>&nbsp;<\/p>\n","protected":false},"excerpt":{"rendered":"<p>Mai&#8230; Mai mult, dar nicic\u00e2nd \u00eendeajuns. Mai bun, dar niciodat\u0103 suficient. \u00cen luna mai, s\u0103 vorbim despre &#8220;mai-uri&#8220;. Despre\u00a0&#8220;mai-uri&#8221; \u0219i conjuctivele &#8220;s\u0103&#8230;.&#8221;. O combina\u021bie fatal\u0103. N\u0103ucitoare. Devastatoare. Asupritoare. Instigatoare. De at\u00e2t de multe ori auzi: fii mai&#8230;(urmeaz\u0103 o \u00een\u0219iruire de calit\u0103\u021bi pe care s\u0103 le dob\u00e2nde\u0219ti&#8230;vezi tu cum&#8230;nu conteaz\u0103, te descurci). Dar, nimeni nu \u021bi-ar&hellip; <\/p>\n","protected":false},"author":89,"featured_media":69,"parent":196,"menu_order":2,"comment_status":"closed","ping_status":"closed","template":"","meta":{"wprm-recipe-roundup-name":"","wprm-recipe-roundup-description":"","ngg_post_thumbnail":0,"footnotes":""},"class_list":["post-203","page","type-page","status-publish","has-post-thumbnail","hentry"],"yoast_head":"<!-- This site is optimized with the Yoast SEO plugin v27.1.1 - https:\/\/yoast.com\/product\/yoast-seo-wordpress\/ -->\n<title>Ur\u0103ri de mai, la sf\u00e2r\u0219it de noiembrie - Hai la o poveste<\/title>\n<meta name=\"robots\" content=\"index, follow, max-snippet:-1, max-image-preview:large, max-video-preview:-1\" \/>\n<link rel=\"canonical\" href=\"https:\/\/tw.cm.upt.ro\/c7\/?page_id=203\" \/>\n<meta property=\"og:locale\" content=\"en_US\" \/>\n<meta property=\"og:type\" content=\"article\" \/>\n<meta property=\"og:title\" content=\"Ur\u0103ri de mai, la sf\u00e2r\u0219it de noiembrie - Hai la o poveste\" \/>\n<meta property=\"og:description\" content=\"Mai&#8230; Mai mult, dar nicic\u00e2nd \u00eendeajuns. Mai bun, dar niciodat\u0103 suficient. \u00cen luna mai, s\u0103 vorbim despre &#8220;mai-uri&#8220;. Despre\u00a0&#8220;mai-uri&#8221; \u0219i conjuctivele &#8220;s\u0103&#8230;.&#8221;. O combina\u021bie fatal\u0103. N\u0103ucitoare. Devastatoare. Asupritoare. Instigatoare. De at\u00e2t de multe ori auzi: fii mai&#8230;(urmeaz\u0103 o \u00een\u0219iruire de calit\u0103\u021bi pe care s\u0103 le dob\u00e2nde\u0219ti&#8230;vezi tu cum&#8230;nu conteaz\u0103, te descurci). Dar, nimeni nu \u021bi-ar&hellip;\" \/>\n<meta property=\"og:url\" content=\"https:\/\/tw.cm.upt.ro\/c7\/?page_id=203\" \/>\n<meta property=\"og:site_name\" content=\"Hai la o poveste\" \/>\n<meta property=\"article:modified_time\" content=\"2018-12-15T22:15:55+00:00\" \/>\n<meta property=\"og:image\" content=\"https:\/\/tw.cm.upt.ro\/c7\/wp-content\/uploads\/sites\/94\/2018\/11\/desc\u0103rcare.jpg\" \/>\n\t<meta property=\"og:image:width\" content=\"273\" \/>\n\t<meta property=\"og:image:height\" content=\"184\" \/>\n\t<meta property=\"og:image:type\" content=\"image\/jpeg\" \/>\n<meta name=\"twitter:card\" content=\"summary_large_image\" \/>\n<meta name=\"twitter:label1\" content=\"Est. reading time\" \/>\n\t<meta name=\"twitter:data1\" content=\"2 minutes\" \/>\n<script type=\"application\/ld+json\" class=\"yoast-schema-graph\">{\"@context\":\"https:\/\/schema.org\",\"@graph\":[{\"@type\":\"WebPage\",\"@id\":\"https:\/\/tw.cm.upt.ro\/c7\/?page_id=203\",\"url\":\"https:\/\/tw.cm.upt.ro\/c7\/?page_id=203\",\"name\":\"Ur\u0103ri de mai, la sf\u00e2r\u0219it de noiembrie - Hai la o poveste\",\"isPartOf\":{\"@id\":\"https:\/\/tw.cm.upt.ro\/c7\/#website\"},\"primaryImageOfPage\":{\"@id\":\"https:\/\/tw.cm.upt.ro\/c7\/?page_id=203#primaryimage\"},\"image\":{\"@id\":\"https:\/\/tw.cm.upt.ro\/c7\/?page_id=203#primaryimage\"},\"thumbnailUrl\":\"https:\/\/tw.cm.upt.ro\/c7\/wp-content\/uploads\/sites\/94\/2018\/11\/desc\u0103rcare.jpg\",\"datePublished\":\"2018-12-15T22:12:58+00:00\",\"dateModified\":\"2018-12-15T22:15:55+00:00\",\"breadcrumb\":{\"@id\":\"https:\/\/tw.cm.upt.ro\/c7\/?page_id=203#breadcrumb\"},\"inLanguage\":\"en-US\",\"potentialAction\":[{\"@type\":\"ReadAction\",\"target\":[\"https:\/\/tw.cm.upt.ro\/c7\/?page_id=203\"]}]},{\"@type\":\"ImageObject\",\"inLanguage\":\"en-US\",\"@id\":\"https:\/\/tw.cm.upt.ro\/c7\/?page_id=203#primaryimage\",\"url\":\"https:\/\/tw.cm.upt.ro\/c7\/wp-content\/uploads\/sites\/94\/2018\/11\/desc\u0103rcare.jpg\",\"contentUrl\":\"https:\/\/tw.cm.upt.ro\/c7\/wp-content\/uploads\/sites\/94\/2018\/11\/desc\u0103rcare.jpg\",\"width\":273,\"height\":184},{\"@type\":\"BreadcrumbList\",\"@id\":\"https:\/\/tw.cm.upt.ro\/c7\/?page_id=203#breadcrumb\",\"itemListElement\":[{\"@type\":\"ListItem\",\"position\":1,\"name\":\"Home\",\"item\":\"https:\/\/tw.cm.upt.ro\/c7\"},{\"@type\":\"ListItem\",\"position\":2,\"name\":\"Povestiri\",\"item\":\"https:\/\/tw.cm.upt.ro\/c7\/?page_id=196\"},{\"@type\":\"ListItem\",\"position\":3,\"name\":\"Ur\u0103ri de mai, la sf\u00e2r\u0219it de noiembrie\"}]},{\"@type\":\"WebSite\",\"@id\":\"https:\/\/tw.cm.upt.ro\/c7\/#website\",\"url\":\"https:\/\/tw.cm.upt.ro\/c7\/\",\"name\":\"Hai la o poveste\",\"description\":\"Povestirile ne aduc \u00eempreun\u0103\",\"publisher\":{\"@id\":\"https:\/\/tw.cm.upt.ro\/c7\/#organization\"},\"potentialAction\":[{\"@type\":\"SearchAction\",\"target\":{\"@type\":\"EntryPoint\",\"urlTemplate\":\"https:\/\/tw.cm.upt.ro\/c7\/?s={search_term_string}\"},\"query-input\":{\"@type\":\"PropertyValueSpecification\",\"valueRequired\":true,\"valueName\":\"search_term_string\"}}],\"inLanguage\":\"en-US\"},{\"@type\":\"Organization\",\"@id\":\"https:\/\/tw.cm.upt.ro\/c7\/#organization\",\"name\":\"Hai la o poveste\",\"url\":\"https:\/\/tw.cm.upt.ro\/c7\/\",\"logo\":{\"@type\":\"ImageObject\",\"inLanguage\":\"en-US\",\"@id\":\"https:\/\/tw.cm.upt.ro\/c7\/#\/schema\/logo\/image\/\",\"url\":\"https:\/\/tw.cm.upt.ro\/c7\/wp-content\/uploads\/sites\/94\/2018\/12\/cropped-unaltlogo-1-2.png\",\"contentUrl\":\"https:\/\/tw.cm.upt.ro\/c7\/wp-content\/uploads\/sites\/94\/2018\/12\/cropped-unaltlogo-1-2.png\",\"width\":513,\"height\":260,\"caption\":\"Hai la o poveste\"},\"image\":{\"@id\":\"https:\/\/tw.cm.upt.ro\/c7\/#\/schema\/logo\/image\/\"}}]}<\/script>\n<!-- \/ Yoast SEO plugin. -->","yoast_head_json":{"title":"Ur\u0103ri de mai, la sf\u00e2r\u0219it de noiembrie - Hai la o poveste","robots":{"index":"index","follow":"follow","max-snippet":"max-snippet:-1","max-image-preview":"max-image-preview:large","max-video-preview":"max-video-preview:-1"},"canonical":"https:\/\/tw.cm.upt.ro\/c7\/?page_id=203","og_locale":"en_US","og_type":"article","og_title":"Ur\u0103ri de mai, la sf\u00e2r\u0219it de noiembrie - Hai la o poveste","og_description":"Mai&#8230; Mai mult, dar nicic\u00e2nd \u00eendeajuns. Mai bun, dar niciodat\u0103 suficient. \u00cen luna mai, s\u0103 vorbim despre &#8220;mai-uri&#8220;. Despre\u00a0&#8220;mai-uri&#8221; \u0219i conjuctivele &#8220;s\u0103&#8230;.&#8221;. O combina\u021bie fatal\u0103. N\u0103ucitoare. Devastatoare. Asupritoare. Instigatoare. De at\u00e2t de multe ori auzi: fii mai&#8230;(urmeaz\u0103 o \u00een\u0219iruire de calit\u0103\u021bi pe care s\u0103 le dob\u00e2nde\u0219ti&#8230;vezi tu cum&#8230;nu conteaz\u0103, te descurci). Dar, nimeni nu \u021bi-ar&hellip;","og_url":"https:\/\/tw.cm.upt.ro\/c7\/?page_id=203","og_site_name":"Hai la o poveste","article_modified_time":"2018-12-15T22:15:55+00:00","og_image":[{"width":273,"height":184,"url":"https:\/\/tw.cm.upt.ro\/c7\/wp-content\/uploads\/sites\/94\/2018\/11\/desc\u0103rcare.jpg","type":"image\/jpeg"}],"twitter_card":"summary_large_image","twitter_misc":{"Est. reading time":"2 minutes"},"schema":{"@context":"https:\/\/schema.org","@graph":[{"@type":"WebPage","@id":"https:\/\/tw.cm.upt.ro\/c7\/?page_id=203","url":"https:\/\/tw.cm.upt.ro\/c7\/?page_id=203","name":"Ur\u0103ri de mai, la sf\u00e2r\u0219it de noiembrie - Hai la o poveste","isPartOf":{"@id":"https:\/\/tw.cm.upt.ro\/c7\/#website"},"primaryImageOfPage":{"@id":"https:\/\/tw.cm.upt.ro\/c7\/?page_id=203#primaryimage"},"image":{"@id":"https:\/\/tw.cm.upt.ro\/c7\/?page_id=203#primaryimage"},"thumbnailUrl":"https:\/\/tw.cm.upt.ro\/c7\/wp-content\/uploads\/sites\/94\/2018\/11\/desc\u0103rcare.jpg","datePublished":"2018-12-15T22:12:58+00:00","dateModified":"2018-12-15T22:15:55+00:00","breadcrumb":{"@id":"https:\/\/tw.cm.upt.ro\/c7\/?page_id=203#breadcrumb"},"inLanguage":"en-US","potentialAction":[{"@type":"ReadAction","target":["https:\/\/tw.cm.upt.ro\/c7\/?page_id=203"]}]},{"@type":"ImageObject","inLanguage":"en-US","@id":"https:\/\/tw.cm.upt.ro\/c7\/?page_id=203#primaryimage","url":"https:\/\/tw.cm.upt.ro\/c7\/wp-content\/uploads\/sites\/94\/2018\/11\/desc\u0103rcare.jpg","contentUrl":"https:\/\/tw.cm.upt.ro\/c7\/wp-content\/uploads\/sites\/94\/2018\/11\/desc\u0103rcare.jpg","width":273,"height":184},{"@type":"BreadcrumbList","@id":"https:\/\/tw.cm.upt.ro\/c7\/?page_id=203#breadcrumb","itemListElement":[{"@type":"ListItem","position":1,"name":"Home","item":"https:\/\/tw.cm.upt.ro\/c7"},{"@type":"ListItem","position":2,"name":"Povestiri","item":"https:\/\/tw.cm.upt.ro\/c7\/?page_id=196"},{"@type":"ListItem","position":3,"name":"Ur\u0103ri de mai, la sf\u00e2r\u0219it de noiembrie"}]},{"@type":"WebSite","@id":"https:\/\/tw.cm.upt.ro\/c7\/#website","url":"https:\/\/tw.cm.upt.ro\/c7\/","name":"Hai la o poveste","description":"Povestirile ne aduc \u00eempreun\u0103","publisher":{"@id":"https:\/\/tw.cm.upt.ro\/c7\/#organization"},"potentialAction":[{"@type":"SearchAction","target":{"@type":"EntryPoint","urlTemplate":"https:\/\/tw.cm.upt.ro\/c7\/?s={search_term_string}"},"query-input":{"@type":"PropertyValueSpecification","valueRequired":true,"valueName":"search_term_string"}}],"inLanguage":"en-US"},{"@type":"Organization","@id":"https:\/\/tw.cm.upt.ro\/c7\/#organization","name":"Hai la o poveste","url":"https:\/\/tw.cm.upt.ro\/c7\/","logo":{"@type":"ImageObject","inLanguage":"en-US","@id":"https:\/\/tw.cm.upt.ro\/c7\/#\/schema\/logo\/image\/","url":"https:\/\/tw.cm.upt.ro\/c7\/wp-content\/uploads\/sites\/94\/2018\/12\/cropped-unaltlogo-1-2.png","contentUrl":"https:\/\/tw.cm.upt.ro\/c7\/wp-content\/uploads\/sites\/94\/2018\/12\/cropped-unaltlogo-1-2.png","width":513,"height":260,"caption":"Hai la o poveste"},"image":{"@id":"https:\/\/tw.cm.upt.ro\/c7\/#\/schema\/logo\/image\/"}}]}},"_links":{"self":[{"href":"https:\/\/tw.cm.upt.ro\/c7\/index.php?rest_route=\/wp\/v2\/pages\/203","targetHints":{"allow":["GET"]}}],"collection":[{"href":"https:\/\/tw.cm.upt.ro\/c7\/index.php?rest_route=\/wp\/v2\/pages"}],"about":[{"href":"https:\/\/tw.cm.upt.ro\/c7\/index.php?rest_route=\/wp\/v2\/types\/page"}],"author":[{"embeddable":true,"href":"https:\/\/tw.cm.upt.ro\/c7\/index.php?rest_route=\/wp\/v2\/users\/89"}],"replies":[{"embeddable":true,"href":"https:\/\/tw.cm.upt.ro\/c7\/index.php?rest_route=%2Fwp%2Fv2%2Fcomments&post=203"}],"version-history":[{"count":1,"href":"https:\/\/tw.cm.upt.ro\/c7\/index.php?rest_route=\/wp\/v2\/pages\/203\/revisions"}],"predecessor-version":[{"id":204,"href":"https:\/\/tw.cm.upt.ro\/c7\/index.php?rest_route=\/wp\/v2\/pages\/203\/revisions\/204"}],"up":[{"embeddable":true,"href":"https:\/\/tw.cm.upt.ro\/c7\/index.php?rest_route=\/wp\/v2\/pages\/196"}],"wp:featuredmedia":[{"embeddable":true,"href":"https:\/\/tw.cm.upt.ro\/c7\/index.php?rest_route=\/wp\/v2\/media\/69"}],"wp:attachment":[{"href":"https:\/\/tw.cm.upt.ro\/c7\/index.php?rest_route=%2Fwp%2Fv2%2Fmedia&parent=203"}],"curies":[{"name":"wp","href":"https:\/\/api.w.org\/{rel}","templated":true}]}}