{"id":81,"date":"2018-12-14T17:41:11","date_gmt":"2018-12-14T17:41:11","guid":{"rendered":"http:\/\/tw.cm.upt.ro\/c7\/?page_id=81"},"modified":"2018-12-15T08:00:12","modified_gmt":"2018-12-15T08:00:12","slug":"despre-cine-si-ce-scrie","status":"publish","type":"page","link":"https:\/\/tw.cm.upt.ro\/c7\/?page_id=81","title":{"rendered":"Despre cine \u015fi ce scrie"},"content":{"rendered":"<div id=\"fb-root\"><\/div>\n<h6 style=\"text-align: center\">Miha sunt pentru unii. M\u0103d\u0103, pentru al\u0163ii. Pe tine, te las s\u0103 alegi&#8230;<\/h6>\n<p style=\"text-align: center\">Ce a\u0219 putea s\u0103 \u00eemp\u0103rt\u0103\u0219esc cu tine, despre mine?..<br \/>\nSunt, probabil, ca \u0219i tine. Am avut momente bune, mai pu\u021bin bune \u0219i de-a dreptul groaznice. Am f\u0103cut gre\u0219eli din care am \u00eenv\u0103\u021bat. \u00cens\u0103, am \u0219i repetat gre\u0219eli, promi\u021b\u00e2ndu-mi c\u0103 voi \u00eenv\u0103\u021ba \u00eentr-o \u00eenchipuit\u0103 \u201cdat\u0103 viitoare\u201d\u2026La suprafa\u021b\u0103..sunt o EA, de 20 \u0219i pu\u021bin de ani, av\u00e2nd \u201cvia\u021ba \u00eenainte\u201d cum ar spune-o mul\u021bi.<\/p>\n<p style=\"text-align: center\">Scriu cu pl\u0103cere \u0219i din dorin\u021ba de a \u00eemp\u0103rt\u0103\u0219i. Ce cite\u015fti tu, aici, a\u00a0pornit de la un proiect pentru facult\u0103. O s\u0103-\u0163i vorbesc a\u015fa cum o fac fa\u0163\u0103 de prieteni: deschis, sincer \u0219i din suflet. Sper s\u0103-\u021bi plac\u0103 ce \u021bi-am scris \u0219i s\u0103 te reg\u0103se\u015fti. Am scris despre ce am mai \u00eenv\u0103\u021bat din experien\u021bele tr\u0103ite, nu foarte multe ce-i drept. Nu a prea fost timp..<\/p>\n<p style=\"text-align: center\">A\u0219a c\u0103,\u00a0<strong><em>te invit la o poveste<\/em><\/strong>!\u00a0&#x1f642;<\/p>\n","protected":false},"excerpt":{"rendered":"<p>Miha sunt pentru unii. M\u0103d\u0103, pentru al\u0163ii. Pe tine, te las s\u0103 alegi&#8230; Ce a\u0219 putea s\u0103 \u00eemp\u0103rt\u0103\u0219esc cu tine, despre mine?.. Sunt, probabil, ca \u0219i tine. Am avut momente bune, mai pu\u021bin bune \u0219i de-a dreptul groaznice. Am f\u0103cut gre\u0219eli din care am \u00eenv\u0103\u021bat. \u00cens\u0103, am \u0219i repetat gre\u0219eli, promi\u021b\u00e2ndu-mi c\u0103 voi \u00eenv\u0103\u021ba \u00eentr-o&hellip; <\/p>\n","protected":false},"author":89,"featured_media":170,"parent":0,"menu_order":0,"comment_status":"closed","ping_status":"closed","template":"","meta":{"wprm-recipe-roundup-name":"","wprm-recipe-roundup-description":"","ngg_post_thumbnail":0,"footnotes":""},"class_list":["post-81","page","type-page","status-publish","has-post-thumbnail","hentry"],"yoast_head":"<!-- This site is optimized with the Yoast SEO plugin v27.1.1 - https:\/\/yoast.com\/product\/yoast-seo-wordpress\/ -->\n<title>Despre cine \u015fi ce scrie - Hai la o poveste<\/title>\n<meta name=\"robots\" content=\"index, follow, max-snippet:-1, max-image-preview:large, max-video-preview:-1\" \/>\n<link rel=\"canonical\" href=\"https:\/\/tw.cm.upt.ro\/c7\/?page_id=81\" \/>\n<meta property=\"og:locale\" content=\"en_US\" \/>\n<meta property=\"og:type\" content=\"article\" \/>\n<meta property=\"og:title\" content=\"Despre cine \u015fi ce scrie - Hai la o poveste\" \/>\n<meta property=\"og:description\" content=\"Miha sunt pentru unii. M\u0103d\u0103, pentru al\u0163ii. Pe tine, te las s\u0103 alegi&#8230; Ce a\u0219 putea s\u0103 \u00eemp\u0103rt\u0103\u0219esc cu tine, despre mine?.. Sunt, probabil, ca \u0219i tine. Am avut momente bune, mai pu\u021bin bune \u0219i de-a dreptul groaznice. Am f\u0103cut gre\u0219eli din care am \u00eenv\u0103\u021bat. \u00cens\u0103, am \u0219i repetat gre\u0219eli, promi\u021b\u00e2ndu-mi c\u0103 voi \u00eenv\u0103\u021ba \u00eentr-o&hellip;\" \/>\n<meta property=\"og:url\" content=\"https:\/\/tw.cm.upt.ro\/c7\/?page_id=81\" \/>\n<meta property=\"og:site_name\" content=\"Hai la o poveste\" \/>\n<meta property=\"article:modified_time\" content=\"2018-12-15T08:00:12+00:00\" \/>\n<meta property=\"og:image\" content=\"https:\/\/tw.cm.upt.ro\/c7\/wp-content\/uploads\/sites\/94\/2018\/12\/17297970_300x300.png\" \/>\n\t<meta property=\"og:image:width\" content=\"300\" \/>\n\t<meta property=\"og:image:height\" content=\"300\" \/>\n\t<meta property=\"og:image:type\" content=\"image\/png\" \/>\n<meta name=\"twitter:card\" content=\"summary_large_image\" \/>\n<meta name=\"twitter:label1\" content=\"Est. reading time\" \/>\n\t<meta name=\"twitter:data1\" content=\"1 minute\" \/>\n<script type=\"application\/ld+json\" class=\"yoast-schema-graph\">{\"@context\":\"https:\/\/schema.org\",\"@graph\":[{\"@type\":\"WebPage\",\"@id\":\"https:\/\/tw.cm.upt.ro\/c7\/?page_id=81\",\"url\":\"https:\/\/tw.cm.upt.ro\/c7\/?page_id=81\",\"name\":\"Despre cine \u015fi ce scrie - Hai la o poveste\",\"isPartOf\":{\"@id\":\"https:\/\/tw.cm.upt.ro\/c7\/#website\"},\"primaryImageOfPage\":{\"@id\":\"https:\/\/tw.cm.upt.ro\/c7\/?page_id=81#primaryimage\"},\"image\":{\"@id\":\"https:\/\/tw.cm.upt.ro\/c7\/?page_id=81#primaryimage\"},\"thumbnailUrl\":\"https:\/\/tw.cm.upt.ro\/c7\/wp-content\/uploads\/sites\/94\/2018\/12\/17297970_300x300.png\",\"datePublished\":\"2018-12-14T17:41:11+00:00\",\"dateModified\":\"2018-12-15T08:00:12+00:00\",\"breadcrumb\":{\"@id\":\"https:\/\/tw.cm.upt.ro\/c7\/?page_id=81#breadcrumb\"},\"inLanguage\":\"en-US\",\"potentialAction\":[{\"@type\":\"ReadAction\",\"target\":[\"https:\/\/tw.cm.upt.ro\/c7\/?page_id=81\"]}]},{\"@type\":\"ImageObject\",\"inLanguage\":\"en-US\",\"@id\":\"https:\/\/tw.cm.upt.ro\/c7\/?page_id=81#primaryimage\",\"url\":\"https:\/\/tw.cm.upt.ro\/c7\/wp-content\/uploads\/sites\/94\/2018\/12\/17297970_300x300.png\",\"contentUrl\":\"https:\/\/tw.cm.upt.ro\/c7\/wp-content\/uploads\/sites\/94\/2018\/12\/17297970_300x300.png\",\"width\":300,\"height\":300},{\"@type\":\"BreadcrumbList\",\"@id\":\"https:\/\/tw.cm.upt.ro\/c7\/?page_id=81#breadcrumb\",\"itemListElement\":[{\"@type\":\"ListItem\",\"position\":1,\"name\":\"Home\",\"item\":\"https:\/\/tw.cm.upt.ro\/c7\"},{\"@type\":\"ListItem\",\"position\":2,\"name\":\"Despre cine \u015fi ce scrie\"}]},{\"@type\":\"WebSite\",\"@id\":\"https:\/\/tw.cm.upt.ro\/c7\/#website\",\"url\":\"https:\/\/tw.cm.upt.ro\/c7\/\",\"name\":\"Hai la o poveste\",\"description\":\"Povestirile ne aduc \u00eempreun\u0103\",\"publisher\":{\"@id\":\"https:\/\/tw.cm.upt.ro\/c7\/#organization\"},\"potentialAction\":[{\"@type\":\"SearchAction\",\"target\":{\"@type\":\"EntryPoint\",\"urlTemplate\":\"https:\/\/tw.cm.upt.ro\/c7\/?s={search_term_string}\"},\"query-input\":{\"@type\":\"PropertyValueSpecification\",\"valueRequired\":true,\"valueName\":\"search_term_string\"}}],\"inLanguage\":\"en-US\"},{\"@type\":\"Organization\",\"@id\":\"https:\/\/tw.cm.upt.ro\/c7\/#organization\",\"name\":\"Hai la o poveste\",\"url\":\"https:\/\/tw.cm.upt.ro\/c7\/\",\"logo\":{\"@type\":\"ImageObject\",\"inLanguage\":\"en-US\",\"@id\":\"https:\/\/tw.cm.upt.ro\/c7\/#\/schema\/logo\/image\/\",\"url\":\"https:\/\/tw.cm.upt.ro\/c7\/wp-content\/uploads\/sites\/94\/2018\/12\/cropped-unaltlogo-1-2.png\",\"contentUrl\":\"https:\/\/tw.cm.upt.ro\/c7\/wp-content\/uploads\/sites\/94\/2018\/12\/cropped-unaltlogo-1-2.png\",\"width\":513,\"height\":260,\"caption\":\"Hai la o poveste\"},\"image\":{\"@id\":\"https:\/\/tw.cm.upt.ro\/c7\/#\/schema\/logo\/image\/\"}}]}<\/script>\n<!-- \/ Yoast SEO plugin. -->","yoast_head_json":{"title":"Despre cine \u015fi ce scrie - Hai la o poveste","robots":{"index":"index","follow":"follow","max-snippet":"max-snippet:-1","max-image-preview":"max-image-preview:large","max-video-preview":"max-video-preview:-1"},"canonical":"https:\/\/tw.cm.upt.ro\/c7\/?page_id=81","og_locale":"en_US","og_type":"article","og_title":"Despre cine \u015fi ce scrie - Hai la o poveste","og_description":"Miha sunt pentru unii. M\u0103d\u0103, pentru al\u0163ii. Pe tine, te las s\u0103 alegi&#8230; Ce a\u0219 putea s\u0103 \u00eemp\u0103rt\u0103\u0219esc cu tine, despre mine?.. Sunt, probabil, ca \u0219i tine. Am avut momente bune, mai pu\u021bin bune \u0219i de-a dreptul groaznice. Am f\u0103cut gre\u0219eli din care am \u00eenv\u0103\u021bat. \u00cens\u0103, am \u0219i repetat gre\u0219eli, promi\u021b\u00e2ndu-mi c\u0103 voi \u00eenv\u0103\u021ba \u00eentr-o&hellip;","og_url":"https:\/\/tw.cm.upt.ro\/c7\/?page_id=81","og_site_name":"Hai la o poveste","article_modified_time":"2018-12-15T08:00:12+00:00","og_image":[{"width":300,"height":300,"url":"https:\/\/tw.cm.upt.ro\/c7\/wp-content\/uploads\/sites\/94\/2018\/12\/17297970_300x300.png","type":"image\/png"}],"twitter_card":"summary_large_image","twitter_misc":{"Est. reading time":"1 minute"},"schema":{"@context":"https:\/\/schema.org","@graph":[{"@type":"WebPage","@id":"https:\/\/tw.cm.upt.ro\/c7\/?page_id=81","url":"https:\/\/tw.cm.upt.ro\/c7\/?page_id=81","name":"Despre cine \u015fi ce scrie - Hai la o poveste","isPartOf":{"@id":"https:\/\/tw.cm.upt.ro\/c7\/#website"},"primaryImageOfPage":{"@id":"https:\/\/tw.cm.upt.ro\/c7\/?page_id=81#primaryimage"},"image":{"@id":"https:\/\/tw.cm.upt.ro\/c7\/?page_id=81#primaryimage"},"thumbnailUrl":"https:\/\/tw.cm.upt.ro\/c7\/wp-content\/uploads\/sites\/94\/2018\/12\/17297970_300x300.png","datePublished":"2018-12-14T17:41:11+00:00","dateModified":"2018-12-15T08:00:12+00:00","breadcrumb":{"@id":"https:\/\/tw.cm.upt.ro\/c7\/?page_id=81#breadcrumb"},"inLanguage":"en-US","potentialAction":[{"@type":"ReadAction","target":["https:\/\/tw.cm.upt.ro\/c7\/?page_id=81"]}]},{"@type":"ImageObject","inLanguage":"en-US","@id":"https:\/\/tw.cm.upt.ro\/c7\/?page_id=81#primaryimage","url":"https:\/\/tw.cm.upt.ro\/c7\/wp-content\/uploads\/sites\/94\/2018\/12\/17297970_300x300.png","contentUrl":"https:\/\/tw.cm.upt.ro\/c7\/wp-content\/uploads\/sites\/94\/2018\/12\/17297970_300x300.png","width":300,"height":300},{"@type":"BreadcrumbList","@id":"https:\/\/tw.cm.upt.ro\/c7\/?page_id=81#breadcrumb","itemListElement":[{"@type":"ListItem","position":1,"name":"Home","item":"https:\/\/tw.cm.upt.ro\/c7"},{"@type":"ListItem","position":2,"name":"Despre cine \u015fi ce scrie"}]},{"@type":"WebSite","@id":"https:\/\/tw.cm.upt.ro\/c7\/#website","url":"https:\/\/tw.cm.upt.ro\/c7\/","name":"Hai la o poveste","description":"Povestirile ne aduc \u00eempreun\u0103","publisher":{"@id":"https:\/\/tw.cm.upt.ro\/c7\/#organization"},"potentialAction":[{"@type":"SearchAction","target":{"@type":"EntryPoint","urlTemplate":"https:\/\/tw.cm.upt.ro\/c7\/?s={search_term_string}"},"query-input":{"@type":"PropertyValueSpecification","valueRequired":true,"valueName":"search_term_string"}}],"inLanguage":"en-US"},{"@type":"Organization","@id":"https:\/\/tw.cm.upt.ro\/c7\/#organization","name":"Hai la o poveste","url":"https:\/\/tw.cm.upt.ro\/c7\/","logo":{"@type":"ImageObject","inLanguage":"en-US","@id":"https:\/\/tw.cm.upt.ro\/c7\/#\/schema\/logo\/image\/","url":"https:\/\/tw.cm.upt.ro\/c7\/wp-content\/uploads\/sites\/94\/2018\/12\/cropped-unaltlogo-1-2.png","contentUrl":"https:\/\/tw.cm.upt.ro\/c7\/wp-content\/uploads\/sites\/94\/2018\/12\/cropped-unaltlogo-1-2.png","width":513,"height":260,"caption":"Hai la o poveste"},"image":{"@id":"https:\/\/tw.cm.upt.ro\/c7\/#\/schema\/logo\/image\/"}}]}},"_links":{"self":[{"href":"https:\/\/tw.cm.upt.ro\/c7\/index.php?rest_route=\/wp\/v2\/pages\/81","targetHints":{"allow":["GET"]}}],"collection":[{"href":"https:\/\/tw.cm.upt.ro\/c7\/index.php?rest_route=\/wp\/v2\/pages"}],"about":[{"href":"https:\/\/tw.cm.upt.ro\/c7\/index.php?rest_route=\/wp\/v2\/types\/page"}],"author":[{"embeddable":true,"href":"https:\/\/tw.cm.upt.ro\/c7\/index.php?rest_route=\/wp\/v2\/users\/89"}],"replies":[{"embeddable":true,"href":"https:\/\/tw.cm.upt.ro\/c7\/index.php?rest_route=%2Fwp%2Fv2%2Fcomments&post=81"}],"version-history":[{"count":6,"href":"https:\/\/tw.cm.upt.ro\/c7\/index.php?rest_route=\/wp\/v2\/pages\/81\/revisions"}],"predecessor-version":[{"id":173,"href":"https:\/\/tw.cm.upt.ro\/c7\/index.php?rest_route=\/wp\/v2\/pages\/81\/revisions\/173"}],"wp:featuredmedia":[{"embeddable":true,"href":"https:\/\/tw.cm.upt.ro\/c7\/index.php?rest_route=\/wp\/v2\/media\/170"}],"wp:attachment":[{"href":"https:\/\/tw.cm.upt.ro\/c7\/index.php?rest_route=%2Fwp%2Fv2%2Fmedia&parent=81"}],"curies":[{"name":"wp","href":"https:\/\/api.w.org\/{rel}","templated":true}]}}