{"id":489,"date":"2018-12-16T08:54:33","date_gmt":"2018-12-16T08:54:33","guid":{"rendered":"http:\/\/tw.cm.upt.ro\/c8\/?page_id=489"},"modified":"2018-12-20T21:58:30","modified_gmt":"2018-12-20T21:58:30","slug":"un-recapitulativ","status":"publish","type":"page","link":"https:\/\/tw.cm.upt.ro\/c8\/un-recapitulativ\/","title":{"rendered":"Un recapitulativ"},"content":{"rendered":"<div id=\"fb-root\"><\/div>\n<p>rezumatul dece am trecut.:<\/p>\n<p>&nbsp;<\/p>\n<figure id=\"attachment_492\" aria-describedby=\"caption-attachment-492\" style=\"width: 169px\" class=\"wp-caption alignnone\"><img fetchpriority=\"high\" decoding=\"async\" class=\"wp-image-492 size-medium\" src=\"http:\/\/tw.cm.upt.ro\/c8\/wp-content\/uploads\/sites\/132\/2018\/12\/11065714_703745999747760_5752026742037327639_n_1-169x300.jpg\" alt=\"\" width=\"169\" height=\"300\" srcset=\"https:\/\/tw.cm.upt.ro\/c8\/wp-content\/uploads\/sites\/132\/2018\/12\/11065714_703745999747760_5752026742037327639_n_1-169x300.jpg 169w, https:\/\/tw.cm.upt.ro\/c8\/wp-content\/uploads\/sites\/132\/2018\/12\/11065714_703745999747760_5752026742037327639_n_1.jpg 405w\" sizes=\"(max-width: 169px) 100vw, 169px\" \/><figcaption id=\"caption-attachment-492\" class=\"wp-caption-text\">Color Day parcul central\u00a0 <a href=\"http:\/\/www.cluj2015.eu\/?fbclid=IwAR1WMFLKaRLFmtgh6ExlAYa3QL_2R3QCys8lMpbG6rMT0ryQziQQxjVDDSM#.WmciNG6qCg8.facebook\" target=\"_blank\" rel=\"noopener\">Youth@Cluj-Napoca 2015<\/a><\/figcaption><\/figure>\n<p>&nbsp;<\/p>\n<h2>volantariat!!<\/h2>\n<p>O alt\u0103 experien\u021b\u0103 cu volentariat pe care am aut placerea \u0219i care a i\u0219it cu un succes, vorb\u0103 despre o organiza\u021bie pentru promovarea multiculturalism \u0219i integrarea migran\u021bilor in societatea rom\u00e2neasc\u0103\u00a0 \u0219i deschiderea acest program e sub sprijinul Europarlamentar <a href=\"https:\/\/www.facebook.com\/MEPDanielBuda\/posts\/287934491330855\" target=\"_blank\" rel=\"noopener\">DL. DANIEL BUDA\u00a0<\/a><\/p>\n<p><a href=\"https:\/\/www.facebook.com\/groups\/203003586497437\/?ref=group_header\">Cluj Intercultural Awareness Organization (CIAO)<\/a><\/p>\n<p><img decoding=\"async\" class=\"alignnone size-medium wp-image-436\" src=\"http:\/\/tw.cm.upt.ro\/c8\/wp-content\/uploads\/sites\/132\/2018\/12\/11234860_1102418809785162_2887243475650668656_n-300x225.jpg\" alt=\"lans\u0103rea platformei Cluj Capitl\u0103 multicultural\u0103\" width=\"300\" height=\"225\" srcset=\"https:\/\/tw.cm.upt.ro\/c8\/wp-content\/uploads\/sites\/132\/2018\/12\/11234860_1102418809785162_2887243475650668656_n-300x225.jpg 300w, https:\/\/tw.cm.upt.ro\/c8\/wp-content\/uploads\/sites\/132\/2018\/12\/11234860_1102418809785162_2887243475650668656_n-768x576.jpg 768w, https:\/\/tw.cm.upt.ro\/c8\/wp-content\/uploads\/sites\/132\/2018\/12\/11234860_1102418809785162_2887243475650668656_n.jpg 960w\" sizes=\"(max-width: 300px) 100vw, 300px\" \/><\/p>\n<p>Unei dintre evenemente organizate decatre aceasta Organiza\u021bie este platforma<a href=\"https:\/\/www.facebook.com\/clujmulticultural\/\" target=\"_blank\" rel=\"noopener\"> Cluj Multicultural\u0103<\/a><\/p>\n<p><!-- Embedded with Magic Embeds - https:\/\/magicembeds.com --><\/p>\n<div class=\"wef-measure\" style=\"max-width: 450px;\"><\/div>\n<div class=\"fb-page\" data-href=\"https:\/\/www.facebook.com\/clujmulticultural\/\" data-width=\"450\" data-height=\"500\" data-tabs=\"\" data-hide-cover=\"false\" data-show-facepile=\"true\" data-hide-cta=\"false\" data-small-header=\"false\" data-adapt-container-width=\"true\"><\/div>\n<h1>African Day!!<\/h1>\n<p>Totu\u0219i in activitate de volentariat am avut marea placere s\u0103 fiu prezent\u00a0 in acest evenement dedicat la contenetul de unde provin <a href=\"https:\/\/fr.wikipedia.org\/wiki\/Afrique\">Afric\u0103.<\/a><\/p>\n<p><a href=\"http:\/\/zileleclujului.ro\/2018\/despre\/\" target=\"_blank\" rel=\"noopener\">Zilele Clujului<\/a> e un\u00a0 proogame anual unde fiecare comunitate str\u0103in\u0103 are o zie pe care\u00a0 i\u0219i prezent\u0103 un program cultural, totu\u0219i pentru promovare\u00a0 multiculturalism. Afric\u0103 a fost descoperit decatre Clujeani in data de 25\/05\/2015 in <a href=\"https:\/\/cluj.com\/articole\/parcul-central-simion-barnutiu\/\" target=\"_blank\" rel=\"noopener\">parcul central<\/a><\/p>\n<p>&nbsp;<\/p>\n<p><img decoding=\"async\" class=\"alignnone size-medium wp-image-491\" src=\"http:\/\/tw.cm.upt.ro\/c8\/wp-content\/uploads\/sites\/132\/2018\/12\/11040879_686722898121174_8687551393986940625_n_1-300x199.jpg\" alt=\"\" width=\"300\" height=\"199\" srcset=\"https:\/\/tw.cm.upt.ro\/c8\/wp-content\/uploads\/sites\/132\/2018\/12\/11040879_686722898121174_8687551393986940625_n_1-300x199.jpg 300w, https:\/\/tw.cm.upt.ro\/c8\/wp-content\/uploads\/sites\/132\/2018\/12\/11040879_686722898121174_8687551393986940625_n_1-500x330.jpg 500w, https:\/\/tw.cm.upt.ro\/c8\/wp-content\/uploads\/sites\/132\/2018\/12\/11040879_686722898121174_8687551393986940625_n_1.jpg 720w\" sizes=\"(max-width: 300px) 100vw, 300px\" \/><\/p>\n<figure id=\"attachment_494\" aria-describedby=\"caption-attachment-494\" style=\"width: 300px\" class=\"wp-caption alignnone\"><img loading=\"lazy\" decoding=\"async\" class=\"wp-image-494 size-medium\" src=\"http:\/\/tw.cm.upt.ro\/c8\/wp-content\/uploads\/sites\/132\/2018\/12\/11295865_500973283390366_6296988310301896413_n_1-300x199.jpg\" alt=\"\" width=\"300\" height=\"199\" srcset=\"https:\/\/tw.cm.upt.ro\/c8\/wp-content\/uploads\/sites\/132\/2018\/12\/11295865_500973283390366_6296988310301896413_n_1-300x199.jpg 300w, https:\/\/tw.cm.upt.ro\/c8\/wp-content\/uploads\/sites\/132\/2018\/12\/11295865_500973283390366_6296988310301896413_n_1-768x510.jpg 768w, https:\/\/tw.cm.upt.ro\/c8\/wp-content\/uploads\/sites\/132\/2018\/12\/11295865_500973283390366_6296988310301896413_n_1-500x330.jpg 500w, https:\/\/tw.cm.upt.ro\/c8\/wp-content\/uploads\/sites\/132\/2018\/12\/11295865_500973283390366_6296988310301896413_n_1.jpg 960w\" sizes=\"(max-width: 300px) 100vw, 300px\" \/><figcaption id=\"caption-attachment-494\" class=\"wp-caption-text\"><a href=\"https:\/\/www.facebook.com\/pg\/romaniaburundi\/photos\/?tab=album&amp;album_id=686722878121176\" target=\"_blank\" rel=\"noopener\">Ziu\u0103 africa<\/a><\/figcaption><\/figure>\n<h5>un pic de treatru!!<\/h5>\n<figure id=\"attachment_575\" aria-describedby=\"caption-attachment-575\" style=\"width: 300px\" class=\"wp-caption alignnone\"><img loading=\"lazy\" decoding=\"async\" class=\"wp-image-575 size-medium\" src=\"http:\/\/tw.cm.upt.ro\/c8\/wp-content\/uploads\/sites\/132\/2018\/12\/13151545_962208590561685_565800241640019321_n_1-300x225.jpg\" alt=\"\" width=\"300\" height=\"225\" srcset=\"https:\/\/tw.cm.upt.ro\/c8\/wp-content\/uploads\/sites\/132\/2018\/12\/13151545_962208590561685_565800241640019321_n_1-300x225.jpg 300w, https:\/\/tw.cm.upt.ro\/c8\/wp-content\/uploads\/sites\/132\/2018\/12\/13151545_962208590561685_565800241640019321_n_1-768x576.jpg 768w, https:\/\/tw.cm.upt.ro\/c8\/wp-content\/uploads\/sites\/132\/2018\/12\/13151545_962208590561685_565800241640019321_n_1.jpg 960w\" sizes=\"(max-width: 300px) 100vw, 300px\" \/><figcaption id=\"caption-attachment-575\" class=\"wp-caption-text\">phone capture. Festival interna\u021bional francofon de imrovizare teatral\u0103 univesitar timi\u0219oara (<a href=\"https:\/\/www.facebook.com\/groups\/1073368406056597\/\" target=\"_blank\" rel=\"noopener\">FIFITUT<\/a>)<\/figcaption><\/figure>\n<p>mai departe dragi iubutor de scenei, o mic\u0103 experien\u021b\u0103 la\u00a0 lectorat francez din Timi\u0219oara e greu s\u0103 improvize hai sa incer\u0103m inc\u0103 o data!!<\/p>\n<p id=\"seo_h1_tag\" class=\"_19s-\"><a href=\"https:\/\/www.facebook.com\/groups\/1073368406056597\/\" target=\"_blank\" rel=\"noopener\">FIFITUT<\/a> un festival de imrovizare teatral\u0103 universitar care se desfa\u0219ur\u0103 in fiecare ani in Rom\u00e2ni\u0103 ; aici la\u00a0 Timi\u0219oara e\u00a0 o destrac\u021bie\u00a0 minuat\u0103 fiecare martie, pe care am trecut \u0219i m-a pl\u0103cut mult<\/p>\n<h5>Pentru voi iubitor de C\u00e2r\u021bi!!<\/h5>\n<p>institutul francez din Timi\u0219oara organizeaz\u0103 fiecare ani\u00a0 o compete\u021bie in limbajul Moli\u00e8re, unde se propune de citit un anumite c\u00e2rti\u00a0 scris la an. acesto scritor intr\u0103 in compete\u021bie prpous\u0103 la Academie francez\u0103<sup><a id=\"ref1&quot;\" href=\"http:\/\/www.academie-francaise.fr\">1<\/a><\/sup><\/p>\n<p><img loading=\"lazy\" decoding=\"async\" class=\"alignnone size-medium wp-image-495\" src=\"http:\/\/tw.cm.upt.ro\/c8\/wp-content\/uploads\/sites\/132\/2018\/12\/12573032_888179764631235_4567236263522984896_n_1-300x225.jpg\" alt=\"\" width=\"300\" height=\"225\" srcset=\"https:\/\/tw.cm.upt.ro\/c8\/wp-content\/uploads\/sites\/132\/2018\/12\/12573032_888179764631235_4567236263522984896_n_1-300x225.jpg 300w, https:\/\/tw.cm.upt.ro\/c8\/wp-content\/uploads\/sites\/132\/2018\/12\/12573032_888179764631235_4567236263522984896_n_1-768x576.jpg 768w, https:\/\/tw.cm.upt.ro\/c8\/wp-content\/uploads\/sites\/132\/2018\/12\/12573032_888179764631235_4567236263522984896_n_1.jpg 960w\" sizes=\"(max-width: 300px) 100vw, 300px\" \/><\/p>\n","protected":false},"excerpt":{"rendered":"<p>rezumatul dece am trecut.: &nbsp; &nbsp; volantariat!! O alt\u0103 experien\u021b\u0103 cu volentariat pe care am aut placerea \u0219i care a i\u0219it cu un succes, vorb\u0103 despre o organiza\u021bie pentru promovarea multiculturalism \u0219i integrarea migran\u021bilor in societatea rom\u00e2neasc\u0103\u00a0 \u0219i deschiderea acest program e sub sprijinul Europarlamentar DL. DANIEL BUDA\u00a0 Cluj Intercultural Awareness Organization (CIAO) Unei dintre evenemente organizate decatre aceasta Organiza\u021bie este platforma Cluj Multicultural\u0103 African Day!! Totu\u0219i in activitate de volentariat am avut marea placere s\u0103 fiu prezent\u00a0 in acest evenement dedicat la contenetul de unde provin Afric\u0103. Zilele Clujului e un\u00a0 proogame anual unde fiecare comunitate str\u0103in\u0103 are o zie pe care\u00a0 i\u0219i prezent\u0103 un program cultural, totu\u0219i pentru promovare\u00a0 multiculturalism. Afric\u0103 a fost descoperit decatre Clujeani in data de 25\/05\/2015 in parcul central &nbsp; un pic de treatru!! mai departe dragi iubutor de scenei, o mic\u0103 experien\u021b\u0103 la\u00a0 lectorat francez din Timi\u0219oara e greu s\u0103 improvize hai sa incer\u0103m inc\u0103 o data!! FIFITUT un festival de imrovizare teatral\u0103 universitar care se desfa\u0219ur\u0103 in fiecare ani in Rom\u00e2ni\u0103 ; aici la\u00a0 Timi\u0219oara e\u00a0 o destrac\u021bie\u00a0 minuat\u0103 fiecare martie, pe care am trecut \u0219i m-a pl\u0103cut mult Pentru voi iubitor de C\u00e2r\u021bi!! institutul francez din Timi\u0219oara organizeaz\u0103 fiecare ani\u00a0 o compete\u021bie in limbajul Moli\u00e8re, unde se propune de citit un anumite c\u00e2rti\u00a0 scris la an. acesto scritor intr\u0103 in compete\u021bie prpous\u0103 la Academie francez\u01031<\/p>\n","protected":false},"author":127,"featured_media":546,"parent":0,"menu_order":0,"comment_status":"closed","ping_status":"closed","template":"","meta":{"wprm-recipe-roundup-name":"","wprm-recipe-roundup-description":"","ngg_post_thumbnail":0,"footnotes":""},"class_list":["post-489","page","type-page","status-publish","has-post-thumbnail","hentry"],"yoast_head":"<!-- This site is optimized with the Yoast SEO plugin v27.1.1 - https:\/\/yoast.com\/product\/yoast-seo-wordpress\/ -->\n<title>Un recapitulativ - 5 ani !!<\/title>\n<meta name=\"robots\" content=\"index, follow, max-snippet:-1, max-image-preview:large, max-video-preview:-1\" \/>\n<link rel=\"canonical\" href=\"https:\/\/tw.cm.upt.ro\/c8\/un-recapitulativ\/\" \/>\n<meta property=\"og:locale\" content=\"en_US\" \/>\n<meta property=\"og:type\" content=\"article\" \/>\n<meta property=\"og:title\" content=\"Un recapitulativ - 5 ani !!\" \/>\n<meta property=\"og:description\" content=\"rezumatul dece am trecut.: &nbsp; &nbsp; volantariat!! O alt\u0103 experien\u021b\u0103 cu volentariat pe care am aut placerea \u0219i care a i\u0219it cu un succes, vorb\u0103 despre o organiza\u021bie pentru promovarea multiculturalism \u0219i integrarea migran\u021bilor in societatea rom\u00e2neasc\u0103\u00a0 \u0219i deschiderea acest program e sub sprijinul Europarlamentar DL. DANIEL BUDA\u00a0 Cluj Intercultural Awareness Organization (CIAO) Unei dintre evenemente organizate decatre aceasta Organiza\u021bie este platforma Cluj Multicultural\u0103 African Day!! Totu\u0219i in activitate de volentariat am avut marea placere s\u0103 fiu prezent\u00a0 in acest evenement dedicat la contenetul de unde provin Afric\u0103. Zilele Clujului e un\u00a0 proogame anual unde fiecare comunitate str\u0103in\u0103 are o zie pe care\u00a0 i\u0219i prezent\u0103 un program cultural, totu\u0219i pentru promovare\u00a0 multiculturalism. Afric\u0103 a fost descoperit decatre Clujeani in data de 25\/05\/2015 in parcul central &nbsp; un pic de treatru!! mai departe dragi iubutor de scenei, o mic\u0103 experien\u021b\u0103 la\u00a0 lectorat francez din Timi\u0219oara e greu s\u0103 improvize hai sa incer\u0103m inc\u0103 o data!! FIFITUT un festival de imrovizare teatral\u0103 universitar care se desfa\u0219ur\u0103 in fiecare ani in Rom\u00e2ni\u0103 ; aici la\u00a0 Timi\u0219oara e\u00a0 o destrac\u021bie\u00a0 minuat\u0103 fiecare martie, pe care am trecut \u0219i m-a pl\u0103cut mult Pentru voi iubitor de C\u00e2r\u021bi!! institutul francez din Timi\u0219oara organizeaz\u0103 fiecare ani\u00a0 o compete\u021bie in limbajul Moli\u00e8re, unde se propune de citit un anumite c\u00e2rti\u00a0 scris la an. acesto scritor intr\u0103 in compete\u021bie prpous\u0103 la Academie francez\u01031\" \/>\n<meta property=\"og:url\" content=\"https:\/\/tw.cm.upt.ro\/c8\/un-recapitulativ\/\" \/>\n<meta property=\"og:site_name\" content=\"5 ani !!\" \/>\n<meta property=\"article:modified_time\" content=\"2018-12-20T21:58:30+00:00\" \/>\n<meta property=\"og:image\" content=\"https:\/\/tw.cm.upt.ro\/c8\/wp-content\/uploads\/sites\/132\/2018\/12\/11108976_686722991454498_5705761456302290808_n.jpg\" \/>\n\t<meta property=\"og:image:width\" content=\"638\" \/>\n\t<meta property=\"og:image:height\" content=\"960\" \/>\n\t<meta property=\"og:image:type\" content=\"image\/jpeg\" \/>\n<meta name=\"twitter:card\" content=\"summary_large_image\" \/>\n<meta name=\"twitter:label1\" content=\"Est. reading time\" \/>\n\t<meta name=\"twitter:data1\" content=\"1 minute\" \/>\n<script type=\"application\/ld+json\" class=\"yoast-schema-graph\">{\"@context\":\"https:\/\/schema.org\",\"@graph\":[{\"@type\":\"WebPage\",\"@id\":\"https:\/\/tw.cm.upt.ro\/c8\/un-recapitulativ\/\",\"url\":\"https:\/\/tw.cm.upt.ro\/c8\/un-recapitulativ\/\",\"name\":\"Un recapitulativ - 5 ani !!\",\"isPartOf\":{\"@id\":\"https:\/\/tw.cm.upt.ro\/c8\/#website\"},\"primaryImageOfPage\":{\"@id\":\"https:\/\/tw.cm.upt.ro\/c8\/un-recapitulativ\/#primaryimage\"},\"image\":{\"@id\":\"https:\/\/tw.cm.upt.ro\/c8\/un-recapitulativ\/#primaryimage\"},\"thumbnailUrl\":\"https:\/\/tw.cm.upt.ro\/c8\/wp-content\/uploads\/sites\/132\/2018\/12\/11108976_686722991454498_5705761456302290808_n.jpg\",\"datePublished\":\"2018-12-16T08:54:33+00:00\",\"dateModified\":\"2018-12-20T21:58:30+00:00\",\"breadcrumb\":{\"@id\":\"https:\/\/tw.cm.upt.ro\/c8\/un-recapitulativ\/#breadcrumb\"},\"inLanguage\":\"en-US\",\"potentialAction\":[{\"@type\":\"ReadAction\",\"target\":[\"https:\/\/tw.cm.upt.ro\/c8\/un-recapitulativ\/\"]}]},{\"@type\":\"ImageObject\",\"inLanguage\":\"en-US\",\"@id\":\"https:\/\/tw.cm.upt.ro\/c8\/un-recapitulativ\/#primaryimage\",\"url\":\"https:\/\/tw.cm.upt.ro\/c8\/wp-content\/uploads\/sites\/132\/2018\/12\/11108976_686722991454498_5705761456302290808_n.jpg\",\"contentUrl\":\"https:\/\/tw.cm.upt.ro\/c8\/wp-content\/uploads\/sites\/132\/2018\/12\/11108976_686722991454498_5705761456302290808_n.jpg\",\"width\":638,\"height\":960,\"caption\":\"Mitologie Afircan\u0103\"},{\"@type\":\"BreadcrumbList\",\"@id\":\"https:\/\/tw.cm.upt.ro\/c8\/un-recapitulativ\/#breadcrumb\",\"itemListElement\":[{\"@type\":\"ListItem\",\"position\":1,\"name\":\"Home\",\"item\":\"https:\/\/tw.cm.upt.ro\/c8\/\"},{\"@type\":\"ListItem\",\"position\":2,\"name\":\"Un recapitulativ\"}]},{\"@type\":\"WebSite\",\"@id\":\"https:\/\/tw.cm.upt.ro\/c8\/#website\",\"url\":\"https:\/\/tw.cm.upt.ro\/c8\/\",\"name\":\"5 ani !!\",\"description\":\"\",\"potentialAction\":[{\"@type\":\"SearchAction\",\"target\":{\"@type\":\"EntryPoint\",\"urlTemplate\":\"https:\/\/tw.cm.upt.ro\/c8\/?s={search_term_string}\"},\"query-input\":{\"@type\":\"PropertyValueSpecification\",\"valueRequired\":true,\"valueName\":\"search_term_string\"}}],\"inLanguage\":\"en-US\"}]}<\/script>\n<!-- \/ Yoast SEO plugin. -->","yoast_head_json":{"title":"Un recapitulativ - 5 ani !!","robots":{"index":"index","follow":"follow","max-snippet":"max-snippet:-1","max-image-preview":"max-image-preview:large","max-video-preview":"max-video-preview:-1"},"canonical":"https:\/\/tw.cm.upt.ro\/c8\/un-recapitulativ\/","og_locale":"en_US","og_type":"article","og_title":"Un recapitulativ - 5 ani !!","og_description":"rezumatul dece am trecut.: &nbsp; &nbsp; volantariat!! O alt\u0103 experien\u021b\u0103 cu volentariat pe care am aut placerea \u0219i care a i\u0219it cu un succes, vorb\u0103 despre o organiza\u021bie pentru promovarea multiculturalism \u0219i integrarea migran\u021bilor in societatea rom\u00e2neasc\u0103\u00a0 \u0219i deschiderea acest program e sub sprijinul Europarlamentar DL. DANIEL BUDA\u00a0 Cluj Intercultural Awareness Organization (CIAO) Unei dintre evenemente organizate decatre aceasta Organiza\u021bie este platforma Cluj Multicultural\u0103 African Day!! Totu\u0219i in activitate de volentariat am avut marea placere s\u0103 fiu prezent\u00a0 in acest evenement dedicat la contenetul de unde provin Afric\u0103. Zilele Clujului e un\u00a0 proogame anual unde fiecare comunitate str\u0103in\u0103 are o zie pe care\u00a0 i\u0219i prezent\u0103 un program cultural, totu\u0219i pentru promovare\u00a0 multiculturalism. Afric\u0103 a fost descoperit decatre Clujeani in data de 25\/05\/2015 in parcul central &nbsp; un pic de treatru!! mai departe dragi iubutor de scenei, o mic\u0103 experien\u021b\u0103 la\u00a0 lectorat francez din Timi\u0219oara e greu s\u0103 improvize hai sa incer\u0103m inc\u0103 o data!! FIFITUT un festival de imrovizare teatral\u0103 universitar care se desfa\u0219ur\u0103 in fiecare ani in Rom\u00e2ni\u0103 ; aici la\u00a0 Timi\u0219oara e\u00a0 o destrac\u021bie\u00a0 minuat\u0103 fiecare martie, pe care am trecut \u0219i m-a pl\u0103cut mult Pentru voi iubitor de C\u00e2r\u021bi!! institutul francez din Timi\u0219oara organizeaz\u0103 fiecare ani\u00a0 o compete\u021bie in limbajul Moli\u00e8re, unde se propune de citit un anumite c\u00e2rti\u00a0 scris la an. acesto scritor intr\u0103 in compete\u021bie prpous\u0103 la Academie francez\u01031","og_url":"https:\/\/tw.cm.upt.ro\/c8\/un-recapitulativ\/","og_site_name":"5 ani !!","article_modified_time":"2018-12-20T21:58:30+00:00","og_image":[{"width":638,"height":960,"url":"https:\/\/tw.cm.upt.ro\/c8\/wp-content\/uploads\/sites\/132\/2018\/12\/11108976_686722991454498_5705761456302290808_n.jpg","type":"image\/jpeg"}],"twitter_card":"summary_large_image","twitter_misc":{"Est. reading time":"1 minute"},"schema":{"@context":"https:\/\/schema.org","@graph":[{"@type":"WebPage","@id":"https:\/\/tw.cm.upt.ro\/c8\/un-recapitulativ\/","url":"https:\/\/tw.cm.upt.ro\/c8\/un-recapitulativ\/","name":"Un recapitulativ - 5 ani !!","isPartOf":{"@id":"https:\/\/tw.cm.upt.ro\/c8\/#website"},"primaryImageOfPage":{"@id":"https:\/\/tw.cm.upt.ro\/c8\/un-recapitulativ\/#primaryimage"},"image":{"@id":"https:\/\/tw.cm.upt.ro\/c8\/un-recapitulativ\/#primaryimage"},"thumbnailUrl":"https:\/\/tw.cm.upt.ro\/c8\/wp-content\/uploads\/sites\/132\/2018\/12\/11108976_686722991454498_5705761456302290808_n.jpg","datePublished":"2018-12-16T08:54:33+00:00","dateModified":"2018-12-20T21:58:30+00:00","breadcrumb":{"@id":"https:\/\/tw.cm.upt.ro\/c8\/un-recapitulativ\/#breadcrumb"},"inLanguage":"en-US","potentialAction":[{"@type":"ReadAction","target":["https:\/\/tw.cm.upt.ro\/c8\/un-recapitulativ\/"]}]},{"@type":"ImageObject","inLanguage":"en-US","@id":"https:\/\/tw.cm.upt.ro\/c8\/un-recapitulativ\/#primaryimage","url":"https:\/\/tw.cm.upt.ro\/c8\/wp-content\/uploads\/sites\/132\/2018\/12\/11108976_686722991454498_5705761456302290808_n.jpg","contentUrl":"https:\/\/tw.cm.upt.ro\/c8\/wp-content\/uploads\/sites\/132\/2018\/12\/11108976_686722991454498_5705761456302290808_n.jpg","width":638,"height":960,"caption":"Mitologie Afircan\u0103"},{"@type":"BreadcrumbList","@id":"https:\/\/tw.cm.upt.ro\/c8\/un-recapitulativ\/#breadcrumb","itemListElement":[{"@type":"ListItem","position":1,"name":"Home","item":"https:\/\/tw.cm.upt.ro\/c8\/"},{"@type":"ListItem","position":2,"name":"Un recapitulativ"}]},{"@type":"WebSite","@id":"https:\/\/tw.cm.upt.ro\/c8\/#website","url":"https:\/\/tw.cm.upt.ro\/c8\/","name":"5 ani !!","description":"","potentialAction":[{"@type":"SearchAction","target":{"@type":"EntryPoint","urlTemplate":"https:\/\/tw.cm.upt.ro\/c8\/?s={search_term_string}"},"query-input":{"@type":"PropertyValueSpecification","valueRequired":true,"valueName":"search_term_string"}}],"inLanguage":"en-US"}]}},"_links":{"self":[{"href":"https:\/\/tw.cm.upt.ro\/c8\/wp-json\/wp\/v2\/pages\/489","targetHints":{"allow":["GET"]}}],"collection":[{"href":"https:\/\/tw.cm.upt.ro\/c8\/wp-json\/wp\/v2\/pages"}],"about":[{"href":"https:\/\/tw.cm.upt.ro\/c8\/wp-json\/wp\/v2\/types\/page"}],"author":[{"embeddable":true,"href":"https:\/\/tw.cm.upt.ro\/c8\/wp-json\/wp\/v2\/users\/127"}],"replies":[{"embeddable":true,"href":"https:\/\/tw.cm.upt.ro\/c8\/wp-json\/wp\/v2\/comments?post=489"}],"version-history":[{"count":13,"href":"https:\/\/tw.cm.upt.ro\/c8\/wp-json\/wp\/v2\/pages\/489\/revisions"}],"predecessor-version":[{"id":633,"href":"https:\/\/tw.cm.upt.ro\/c8\/wp-json\/wp\/v2\/pages\/489\/revisions\/633"}],"wp:featuredmedia":[{"embeddable":true,"href":"https:\/\/tw.cm.upt.ro\/c8\/wp-json\/wp\/v2\/media\/546"}],"wp:attachment":[{"href":"https:\/\/tw.cm.upt.ro\/c8\/wp-json\/wp\/v2\/media?parent=489"}],"curies":[{"name":"wp","href":"https:\/\/api.w.org\/{rel}","templated":true}]}}