{"id":2,"date":"2023-10-05T13:18:20","date_gmt":"2023-10-05T13:18:20","guid":{"rendered":"https:\/\/tw.cm.upt.ro\/crpmd26\/?page_id=2"},"modified":"2024-02-06T11:08:39","modified_gmt":"2024-02-06T11:08:39","slug":"acasa","status":"publish","type":"page","link":"https:\/\/tw.cm.upt.ro\/crpmd26\/","title":{"rendered":"Acas\u0103"},"content":{"rendered":"<div id=\"fb-root\"><\/div>\n\t\t<div data-elementor-type=\"wp-page\" data-elementor-id=\"2\" class=\"elementor elementor-2\">\n\t\t\t\t\t\t<section class=\"elementor-section elementor-top-section elementor-element elementor-element-5d1c9e81 elementor-section-boxed elementor-section-height-default elementor-section-height-default\" data-id=\"5d1c9e81\" data-element_type=\"section\" data-e-type=\"section\">\n\t\t\t\t\t\t<div class=\"elementor-container elementor-column-gap-default\">\n\t\t\t\t\t<div class=\"elementor-column elementor-col-100 elementor-top-column elementor-element elementor-element-1b04201e\" data-id=\"1b04201e\" data-element_type=\"column\" data-e-type=\"column\">\n\t\t\t<div class=\"elementor-widget-wrap elementor-element-populated\">\n\t\t\t\t\t\t<section class=\"elementor-section elementor-inner-section elementor-element elementor-element-b5821f2 elementor-section-boxed elementor-section-height-default elementor-section-height-default\" data-id=\"b5821f2\" data-element_type=\"section\" data-e-type=\"section\">\n\t\t\t\t\t\t<div class=\"elementor-container elementor-column-gap-default\">\n\t\t\t\t\t<div class=\"elementor-column elementor-col-100 elementor-inner-column elementor-element elementor-element-4a559b2\" data-id=\"4a559b2\" data-element_type=\"column\" data-e-type=\"column\">\n\t\t\t<div class=\"elementor-widget-wrap elementor-element-populated\">\n\t\t\t\t\t\t<div class=\"elementor-element elementor-element-c15d518 elementor-widget elementor-widget-heading\" data-id=\"c15d518\" data-element_type=\"widget\" data-e-type=\"widget\" data-widget_type=\"heading.default\">\n\t\t\t\t<div class=\"elementor-widget-container\">\n\t\t\t\t\t<h2 class=\"elementor-heading-title elementor-size-default\">BrewThat<br>De la pasiona\u021bi, pentru pasiona\u021bi<\/h2>\t\t\t\t<\/div>\n\t\t\t\t<\/div>\n\t\t\t\t\t<\/div>\n\t\t<\/div>\n\t\t\t\t\t<\/div>\n\t\t<\/section>\n\t\t\t\t<div class=\"elementor-element elementor-element-d8d8244 elementor-widget elementor-widget-image\" data-id=\"d8d8244\" data-element_type=\"widget\" data-e-type=\"widget\" data-widget_type=\"image.default\">\n\t\t\t\t<div class=\"elementor-widget-container\">\n\t\t\t\t\t\t\t\t\t\t\t\t\t\t\t<img fetchpriority=\"high\" decoding=\"async\" width=\"1536\" height=\"749\" src=\"https:\/\/tw.cm.upt.ro\/crpmd26\/wp-content\/uploads\/sites\/261\/2024\/02\/Cover-Facebook-1536x749.png\" class=\"attachment-1536x1536 size-1536x1536 wp-image-20\" alt=\"\" srcset=\"https:\/\/tw.cm.upt.ro\/crpmd26\/wp-content\/uploads\/sites\/261\/2024\/02\/Cover-Facebook-1536x749.png 1536w, https:\/\/tw.cm.upt.ro\/crpmd26\/wp-content\/uploads\/sites\/261\/2024\/02\/Cover-Facebook-300x146.png 300w, https:\/\/tw.cm.upt.ro\/crpmd26\/wp-content\/uploads\/sites\/261\/2024\/02\/Cover-Facebook-1024x499.png 1024w, https:\/\/tw.cm.upt.ro\/crpmd26\/wp-content\/uploads\/sites\/261\/2024\/02\/Cover-Facebook-768x374.png 768w, https:\/\/tw.cm.upt.ro\/crpmd26\/wp-content\/uploads\/sites\/261\/2024\/02\/Cover-Facebook-150x73.png 150w, https:\/\/tw.cm.upt.ro\/crpmd26\/wp-content\/uploads\/sites\/261\/2024\/02\/Cover-Facebook-600x292.png 600w, https:\/\/tw.cm.upt.ro\/crpmd26\/wp-content\/uploads\/sites\/261\/2024\/02\/Cover-Facebook-2048x998.png 2048w\" sizes=\"(max-width: 1536px) 100vw, 1536px\" \/>\t\t\t\t\t\t\t\t\t\t\t\t\t\t\t<\/div>\n\t\t\t\t<\/div>\n\t\t\t\t<div class=\"elementor-element elementor-element-31247400 elementor-widget elementor-widget-text-editor\" data-id=\"31247400\" data-element_type=\"widget\" data-e-type=\"widget\" data-widget_type=\"text-editor.default\">\n\t\t\t\t<div class=\"elementor-widget-container\">\n\t\t\t\t\t\t\t\t\t<p><\/p>\n<p>Bun venit la BrewThat, locul unde pasiunea pentru cafea se transform\u0103 \u00eentr-o experien\u021b\u0103 de neuitat! Suntem o comunitate dedicat\u0103 s\u0103 ofere momente de pl\u0103cere \u0219i savoare, transform\u00e2nd fiecare cea\u0219c\u0103 de cafea \u00eentr-o aventur\u0103 gustativ\u0103.<\/p>\n<p>De ce BrewThat?<\/p>\n<ol>\n<li>\n<p>Cafea Premium: La BrewThat, punem pasiune \u0219i expertiz\u0103 \u00een fiecare cea\u0219c\u0103. Folosim boabe de cafea selectate cu grij\u0103, pr\u0103jite \u00een mod artizanal pentru a-\u021bi oferi o arom\u0103 \u0219i o prospe\u021bime de neegalat.<\/p>\n<\/li>\n<li>\n<p>Ambian\u021b\u0103 Prietenoas\u0103: Intr\u0103 \u00een atmosfera noastr\u0103 relaxant\u0103 \u0219i primitoare, unde te po\u021bi bucura de o cafea delicioas\u0103 al\u0103turi de prieteni sau de momente de lini\u0219te \u0219i contemplare.<\/p>\n<\/li>\n<li>\n<p>Experien\u021b\u0103 Personalizat\u0103: Ne dorim s\u0103 \u00ee\u021bi oferim o experien\u021b\u0103 personalizat\u0103, adaptat\u0103 gusturilor \u0219i preferin\u021belor tale. Echipa noastr\u0103 este aici pentru a te ajuta s\u0103 descoperi combina\u021bia perfect\u0103 pentru fiecare moment al zilei.<\/p>\n<\/li>\n<li>\n<p>Responsabilitate Social\u0103 \u0219i Ecologic\u0103: Suntem angaja\u021bi \u00een promovarea unei afaceri sustenabile, av\u00e2nd grij\u0103 de mediul \u00eenconjur\u0103tor \u0219i sus\u021bin\u00e2nd comunit\u0103\u021bile locale.<\/p>\n<\/li>\n<\/ol>\n<p>Al\u0103tur\u0103-te nou\u0103 ast\u0103zi la BrewThat \u0219i descoper\u0103 o lume a cafelei \u00eentr-un mod cu totul nou! Oferim mai mult dec\u00e2t o simpl\u0103 cafea &#8211; oferim o experien\u021b\u0103 autentic\u0103 \u0219i memorabil\u0103 la fiecare vizit\u0103. Vino s\u0103 ne descoperi \u0219i s\u0103 \u00ee\u021bi \u00eemp\u0103rt\u0103\u0219e\u0219ti pasiunea pentru cafea!<\/p>\n<p><\/p>\t\t\t\t\t\t\t\t<\/div>\n\t\t\t\t<\/div>\n\t\t\t\t\t<\/div>\n\t\t<\/div>\n\t\t\t\t\t<\/div>\n\t\t<\/section>\n\t\t\t\t<section class=\"elementor-section elementor-top-section elementor-element elementor-element-64865ab elementor-section-boxed elementor-section-height-default elementor-section-height-default\" data-id=\"64865ab\" data-element_type=\"section\" data-e-type=\"section\">\n\t\t\t\t\t\t<div class=\"elementor-container elementor-column-gap-default\">\n\t\t\t\t\t<div class=\"elementor-column elementor-col-100 elementor-top-column elementor-element elementor-element-4f0a973\" data-id=\"4f0a973\" data-element_type=\"column\" data-e-type=\"column\">\n\t\t\t<div class=\"elementor-widget-wrap elementor-element-populated\">\n\t\t\t\t\t\t<div class=\"elementor-element elementor-element-2a917d7 elementor-widget elementor-widget-heading\" data-id=\"2a917d7\" data-element_type=\"widget\" data-e-type=\"widget\" data-widget_type=\"heading.default\">\n\t\t\t\t<div class=\"elementor-widget-container\">\n\t\t\t\t\t<h2 class=\"elementor-heading-title elementor-size-default\">Happy Hour - Zilnic, \u00een loca\u021biile noastre<\/h2>\t\t\t\t<\/div>\n\t\t\t\t<\/div>\n\t\t\t\t<div class=\"elementor-element elementor-element-7a9ec84 elementor-widget elementor-widget-image\" data-id=\"7a9ec84\" data-element_type=\"widget\" data-e-type=\"widget\" data-widget_type=\"image.default\">\n\t\t\t\t<div class=\"elementor-widget-container\">\n\t\t\t\t\t\t\t\t\t\t\t\t\t\t\t<img decoding=\"async\" width=\"3774\" height=\"5342\" src=\"https:\/\/tw.cm.upt.ro\/crpmd26\/wp-content\/uploads\/sites\/261\/2024\/02\/Afis.png\" class=\"attachment-full size-full wp-image-618\" alt=\"\" srcset=\"https:\/\/tw.cm.upt.ro\/crpmd26\/wp-content\/uploads\/sites\/261\/2024\/02\/Afis.png 3774w, https:\/\/tw.cm.upt.ro\/crpmd26\/wp-content\/uploads\/sites\/261\/2024\/02\/Afis-212x300.png 212w, https:\/\/tw.cm.upt.ro\/crpmd26\/wp-content\/uploads\/sites\/261\/2024\/02\/Afis-723x1024.png 723w, https:\/\/tw.cm.upt.ro\/crpmd26\/wp-content\/uploads\/sites\/261\/2024\/02\/Afis-768x1087.png 768w, https:\/\/tw.cm.upt.ro\/crpmd26\/wp-content\/uploads\/sites\/261\/2024\/02\/Afis-150x212.png 150w, https:\/\/tw.cm.upt.ro\/crpmd26\/wp-content\/uploads\/sites\/261\/2024\/02\/Afis-600x849.png 600w, https:\/\/tw.cm.upt.ro\/crpmd26\/wp-content\/uploads\/sites\/261\/2024\/02\/Afis-1085x1536.png 1085w, https:\/\/tw.cm.upt.ro\/crpmd26\/wp-content\/uploads\/sites\/261\/2024\/02\/Afis-1447x2048.png 1447w\" sizes=\"(max-width: 3774px) 100vw, 3774px\" \/>\t\t\t\t\t\t\t\t\t\t\t\t\t\t\t<\/div>\n\t\t\t\t<\/div>\n\t\t\t\t\t<\/div>\n\t\t<\/div>\n\t\t\t\t\t<\/div>\n\t\t<\/section>\n\t\t\t\t<section class=\"elementor-section elementor-top-section elementor-element elementor-element-494aef6 elementor-section-boxed elementor-section-height-default elementor-section-height-default\" data-id=\"494aef6\" data-element_type=\"section\" data-e-type=\"section\">\n\t\t\t\t\t\t<div class=\"elementor-container elementor-column-gap-default\">\n\t\t\t\t\t<div class=\"elementor-column elementor-col-100 elementor-top-column elementor-element elementor-element-56f83a7\" data-id=\"56f83a7\" data-element_type=\"column\" data-e-type=\"column\">\n\t\t\t<div class=\"elementor-widget-wrap elementor-element-populated\">\n\t\t\t\t\t\t<div class=\"elementor-element elementor-element-f82373e elementor-widget elementor-widget-heading\" data-id=\"f82373e\" data-element_type=\"widget\" data-e-type=\"widget\" data-widget_type=\"heading.default\">\n\t\t\t\t<div class=\"elementor-widget-container\">\n\t\t\t\t\t<h2 class=\"elementor-heading-title elementor-size-default\">Ne g\u0103si\u021bi \u0219i pe social-media<\/h2>\t\t\t\t<\/div>\n\t\t\t\t<\/div>\n\t\t\t\t<section class=\"elementor-section elementor-inner-section elementor-element elementor-element-66085d9 elementor-section-boxed elementor-section-height-default elementor-section-height-default\" data-id=\"66085d9\" data-element_type=\"section\" data-e-type=\"section\">\n\t\t\t\t\t\t<div class=\"elementor-container elementor-column-gap-default\">\n\t\t\t\t\t<div class=\"elementor-column elementor-col-100 elementor-inner-column elementor-element elementor-element-9fd55c0\" data-id=\"9fd55c0\" data-element_type=\"column\" data-e-type=\"column\">\n\t\t\t<div class=\"elementor-widget-wrap elementor-element-populated\">\n\t\t\t\t\t\t<div class=\"elementor-element elementor-element-4493e8c elementor-widget elementor-widget-image\" data-id=\"4493e8c\" data-element_type=\"widget\" data-e-type=\"widget\" data-widget_type=\"image.default\">\n\t\t\t\t<div class=\"elementor-widget-container\">\n\t\t\t\t\t\t\t\t\t\t\t\t\t\t\t<img decoding=\"async\" width=\"2750\" height=\"1481\" src=\"https:\/\/tw.cm.upt.ro\/crpmd26\/wp-content\/uploads\/sites\/261\/2024\/02\/Carte-de-vizita-verso.png\" class=\"attachment-full size-full wp-image-619\" alt=\"\" srcset=\"https:\/\/tw.cm.upt.ro\/crpmd26\/wp-content\/uploads\/sites\/261\/2024\/02\/Carte-de-vizita-verso.png 2750w, https:\/\/tw.cm.upt.ro\/crpmd26\/wp-content\/uploads\/sites\/261\/2024\/02\/Carte-de-vizita-verso-300x162.png 300w, https:\/\/tw.cm.upt.ro\/crpmd26\/wp-content\/uploads\/sites\/261\/2024\/02\/Carte-de-vizita-verso-1024x551.png 1024w, https:\/\/tw.cm.upt.ro\/crpmd26\/wp-content\/uploads\/sites\/261\/2024\/02\/Carte-de-vizita-verso-768x414.png 768w, https:\/\/tw.cm.upt.ro\/crpmd26\/wp-content\/uploads\/sites\/261\/2024\/02\/Carte-de-vizita-verso-150x81.png 150w, https:\/\/tw.cm.upt.ro\/crpmd26\/wp-content\/uploads\/sites\/261\/2024\/02\/Carte-de-vizita-verso-600x323.png 600w, https:\/\/tw.cm.upt.ro\/crpmd26\/wp-content\/uploads\/sites\/261\/2024\/02\/Carte-de-vizita-verso-1536x827.png 1536w, https:\/\/tw.cm.upt.ro\/crpmd26\/wp-content\/uploads\/sites\/261\/2024\/02\/Carte-de-vizita-verso-2048x1103.png 2048w\" sizes=\"(max-width: 2750px) 100vw, 2750px\" \/>\t\t\t\t\t\t\t\t\t\t\t\t\t\t\t<\/div>\n\t\t\t\t<\/div>\n\t\t\t\t\t<\/div>\n\t\t<\/div>\n\t\t\t\t\t<\/div>\n\t\t<\/section>\n\t\t\t\t\t<\/div>\n\t\t<\/div>\n\t\t\t\t\t<\/div>\n\t\t<\/section>\n\t\t\t\t<\/div>\n\t\t","protected":false},"excerpt":{"rendered":"<p>BrewThatDe la pasiona\u021bi, pentru pasiona\u021bi Bun venit la BrewThat, locul unde pasiunea pentru cafea se transform\u0103 \u00eentr-o experien\u021b\u0103 de neuitat!<\/p>\n<p><span class=\"more-link\"><a href=\"https:\/\/tw.cm.upt.ro\/crpmd26\/\" class=\"readmore\">Continue reading<span class=\"screen-reader-text\">Acas\u0103<\/span><\/a><\/span><\/p>\n","protected":false},"author":259,"featured_media":0,"parent":0,"menu_order":0,"comment_status":"closed","ping_status":"closed","template":"elementor_header_footer","meta":{"wprm-recipe-roundup-name":"","wprm-recipe-roundup-description":"","ngg_post_thumbnail":0,"footnotes":""},"class_list":["post-2","page","type-page","status-publish","hentry"],"yoast_head":"<!-- This site is optimized with the Yoast SEO plugin v27.1.1 - https:\/\/yoast.com\/product\/yoast-seo-wordpress\/ -->\n<title>Acas\u0103 - BrewThat<\/title>\n<meta name=\"robots\" content=\"index, follow, max-snippet:-1, max-image-preview:large, max-video-preview:-1\" \/>\n<link rel=\"canonical\" href=\"https:\/\/tw.cm.upt.ro\/crpmd26\/\" \/>\n<meta property=\"og:locale\" content=\"en_US\" \/>\n<meta property=\"og:type\" content=\"article\" \/>\n<meta property=\"og:title\" content=\"Acas\u0103 - BrewThat\" \/>\n<meta property=\"og:description\" content=\"BrewThatDe la pasiona\u021bi, pentru pasiona\u021bi Bun venit la BrewThat, locul unde pasiunea pentru cafea se transform\u0103 \u00eentr-o experien\u021b\u0103 de neuitat!Continue readingAcas\u0103\" \/>\n<meta property=\"og:url\" content=\"https:\/\/tw.cm.upt.ro\/crpmd26\/\" \/>\n<meta property=\"og:site_name\" content=\"BrewThat\" \/>\n<meta property=\"article:modified_time\" content=\"2024-02-06T11:08:39+00:00\" \/>\n<meta property=\"og:image\" content=\"http:\/\/tw.cm.upt.ro\/crpmd26\/wp-content\/uploads\/sites\/261\/2024\/02\/Cover-Facebook-1536x749.png\" \/>\n<meta name=\"twitter:card\" content=\"summary_large_image\" \/>\n<meta name=\"twitter:label1\" content=\"Est. reading time\" \/>\n\t<meta name=\"twitter:data1\" content=\"2 minutes\" \/>\n<script type=\"application\/ld+json\" class=\"yoast-schema-graph\">{\"@context\":\"https:\/\/schema.org\",\"@graph\":[{\"@type\":\"WebPage\",\"@id\":\"https:\/\/tw.cm.upt.ro\/crpmd26\/\",\"url\":\"https:\/\/tw.cm.upt.ro\/crpmd26\/\",\"name\":\"Acas\u0103 - BrewThat\",\"isPartOf\":{\"@id\":\"https:\/\/tw.cm.upt.ro\/crpmd26\/#website\"},\"primaryImageOfPage\":{\"@id\":\"https:\/\/tw.cm.upt.ro\/crpmd26\/#primaryimage\"},\"image\":{\"@id\":\"https:\/\/tw.cm.upt.ro\/crpmd26\/#primaryimage\"},\"thumbnailUrl\":\"http:\/\/tw.cm.upt.ro\/crpmd26\/wp-content\/uploads\/sites\/261\/2024\/02\/Cover-Facebook-1536x749.png\",\"datePublished\":\"2023-10-05T13:18:20+00:00\",\"dateModified\":\"2024-02-06T11:08:39+00:00\",\"breadcrumb\":{\"@id\":\"https:\/\/tw.cm.upt.ro\/crpmd26\/#breadcrumb\"},\"inLanguage\":\"en-US\",\"potentialAction\":[{\"@type\":\"ReadAction\",\"target\":[\"https:\/\/tw.cm.upt.ro\/crpmd26\/\"]}]},{\"@type\":\"ImageObject\",\"inLanguage\":\"en-US\",\"@id\":\"https:\/\/tw.cm.upt.ro\/crpmd26\/#primaryimage\",\"url\":\"http:\/\/tw.cm.upt.ro\/crpmd26\/wp-content\/uploads\/sites\/261\/2024\/02\/Cover-Facebook-1536x749.png\",\"contentUrl\":\"http:\/\/tw.cm.upt.ro\/crpmd26\/wp-content\/uploads\/sites\/261\/2024\/02\/Cover-Facebook-1536x749.png\"},{\"@type\":\"BreadcrumbList\",\"@id\":\"https:\/\/tw.cm.upt.ro\/crpmd26\/#breadcrumb\",\"itemListElement\":[{\"@type\":\"ListItem\",\"position\":1,\"name\":\"Home\",\"item\":\"https:\/\/tw.cm.upt.ro\/crpmd26\/\"},{\"@type\":\"ListItem\",\"position\":2,\"name\":\"Acas\u0103\"}]},{\"@type\":\"WebSite\",\"@id\":\"https:\/\/tw.cm.upt.ro\/crpmd26\/#website\",\"url\":\"https:\/\/tw.cm.upt.ro\/crpmd26\/\",\"name\":\"BrewThat\",\"description\":\"Start the day fresh with a cup of coffee\",\"publisher\":{\"@id\":\"https:\/\/tw.cm.upt.ro\/crpmd26\/#organization\"},\"potentialAction\":[{\"@type\":\"SearchAction\",\"target\":{\"@type\":\"EntryPoint\",\"urlTemplate\":\"https:\/\/tw.cm.upt.ro\/crpmd26\/?s={search_term_string}\"},\"query-input\":{\"@type\":\"PropertyValueSpecification\",\"valueRequired\":true,\"valueName\":\"search_term_string\"}}],\"inLanguage\":\"en-US\"},{\"@type\":\"Organization\",\"@id\":\"https:\/\/tw.cm.upt.ro\/crpmd26\/#organization\",\"name\":\"BrewThat\",\"url\":\"https:\/\/tw.cm.upt.ro\/crpmd26\/\",\"logo\":{\"@type\":\"ImageObject\",\"inLanguage\":\"en-US\",\"@id\":\"https:\/\/tw.cm.upt.ro\/crpmd26\/#\/schema\/logo\/image\/\",\"url\":\"https:\/\/tw.cm.upt.ro\/crpmd26\/wp-content\/uploads\/sites\/261\/2024\/02\/cropped-logo-e1707214313780.png\",\"contentUrl\":\"https:\/\/tw.cm.upt.ro\/crpmd26\/wp-content\/uploads\/sites\/261\/2024\/02\/cropped-logo-e1707214313780.png\",\"width\":200,\"height\":187,\"caption\":\"BrewThat\"},\"image\":{\"@id\":\"https:\/\/tw.cm.upt.ro\/crpmd26\/#\/schema\/logo\/image\/\"}}]}<\/script>\n<!-- \/ Yoast SEO plugin. -->","yoast_head_json":{"title":"Acas\u0103 - BrewThat","robots":{"index":"index","follow":"follow","max-snippet":"max-snippet:-1","max-image-preview":"max-image-preview:large","max-video-preview":"max-video-preview:-1"},"canonical":"https:\/\/tw.cm.upt.ro\/crpmd26\/","og_locale":"en_US","og_type":"article","og_title":"Acas\u0103 - BrewThat","og_description":"BrewThatDe la pasiona\u021bi, pentru pasiona\u021bi Bun venit la BrewThat, locul unde pasiunea pentru cafea se transform\u0103 \u00eentr-o experien\u021b\u0103 de neuitat!Continue readingAcas\u0103","og_url":"https:\/\/tw.cm.upt.ro\/crpmd26\/","og_site_name":"BrewThat","article_modified_time":"2024-02-06T11:08:39+00:00","og_image":[{"url":"http:\/\/tw.cm.upt.ro\/crpmd26\/wp-content\/uploads\/sites\/261\/2024\/02\/Cover-Facebook-1536x749.png","type":"","width":"","height":""}],"twitter_card":"summary_large_image","twitter_misc":{"Est. reading time":"2 minutes"},"schema":{"@context":"https:\/\/schema.org","@graph":[{"@type":"WebPage","@id":"https:\/\/tw.cm.upt.ro\/crpmd26\/","url":"https:\/\/tw.cm.upt.ro\/crpmd26\/","name":"Acas\u0103 - BrewThat","isPartOf":{"@id":"https:\/\/tw.cm.upt.ro\/crpmd26\/#website"},"primaryImageOfPage":{"@id":"https:\/\/tw.cm.upt.ro\/crpmd26\/#primaryimage"},"image":{"@id":"https:\/\/tw.cm.upt.ro\/crpmd26\/#primaryimage"},"thumbnailUrl":"http:\/\/tw.cm.upt.ro\/crpmd26\/wp-content\/uploads\/sites\/261\/2024\/02\/Cover-Facebook-1536x749.png","datePublished":"2023-10-05T13:18:20+00:00","dateModified":"2024-02-06T11:08:39+00:00","breadcrumb":{"@id":"https:\/\/tw.cm.upt.ro\/crpmd26\/#breadcrumb"},"inLanguage":"en-US","potentialAction":[{"@type":"ReadAction","target":["https:\/\/tw.cm.upt.ro\/crpmd26\/"]}]},{"@type":"ImageObject","inLanguage":"en-US","@id":"https:\/\/tw.cm.upt.ro\/crpmd26\/#primaryimage","url":"http:\/\/tw.cm.upt.ro\/crpmd26\/wp-content\/uploads\/sites\/261\/2024\/02\/Cover-Facebook-1536x749.png","contentUrl":"http:\/\/tw.cm.upt.ro\/crpmd26\/wp-content\/uploads\/sites\/261\/2024\/02\/Cover-Facebook-1536x749.png"},{"@type":"BreadcrumbList","@id":"https:\/\/tw.cm.upt.ro\/crpmd26\/#breadcrumb","itemListElement":[{"@type":"ListItem","position":1,"name":"Home","item":"https:\/\/tw.cm.upt.ro\/crpmd26\/"},{"@type":"ListItem","position":2,"name":"Acas\u0103"}]},{"@type":"WebSite","@id":"https:\/\/tw.cm.upt.ro\/crpmd26\/#website","url":"https:\/\/tw.cm.upt.ro\/crpmd26\/","name":"BrewThat","description":"Start the day fresh with a cup of coffee","publisher":{"@id":"https:\/\/tw.cm.upt.ro\/crpmd26\/#organization"},"potentialAction":[{"@type":"SearchAction","target":{"@type":"EntryPoint","urlTemplate":"https:\/\/tw.cm.upt.ro\/crpmd26\/?s={search_term_string}"},"query-input":{"@type":"PropertyValueSpecification","valueRequired":true,"valueName":"search_term_string"}}],"inLanguage":"en-US"},{"@type":"Organization","@id":"https:\/\/tw.cm.upt.ro\/crpmd26\/#organization","name":"BrewThat","url":"https:\/\/tw.cm.upt.ro\/crpmd26\/","logo":{"@type":"ImageObject","inLanguage":"en-US","@id":"https:\/\/tw.cm.upt.ro\/crpmd26\/#\/schema\/logo\/image\/","url":"https:\/\/tw.cm.upt.ro\/crpmd26\/wp-content\/uploads\/sites\/261\/2024\/02\/cropped-logo-e1707214313780.png","contentUrl":"https:\/\/tw.cm.upt.ro\/crpmd26\/wp-content\/uploads\/sites\/261\/2024\/02\/cropped-logo-e1707214313780.png","width":200,"height":187,"caption":"BrewThat"},"image":{"@id":"https:\/\/tw.cm.upt.ro\/crpmd26\/#\/schema\/logo\/image\/"}}]}},"_links":{"self":[{"href":"https:\/\/tw.cm.upt.ro\/crpmd26\/wp-json\/wp\/v2\/pages\/2","targetHints":{"allow":["GET"]}}],"collection":[{"href":"https:\/\/tw.cm.upt.ro\/crpmd26\/wp-json\/wp\/v2\/pages"}],"about":[{"href":"https:\/\/tw.cm.upt.ro\/crpmd26\/wp-json\/wp\/v2\/types\/page"}],"author":[{"embeddable":true,"href":"https:\/\/tw.cm.upt.ro\/crpmd26\/wp-json\/wp\/v2\/users\/259"}],"replies":[{"embeddable":true,"href":"https:\/\/tw.cm.upt.ro\/crpmd26\/wp-json\/wp\/v2\/comments?post=2"}],"version-history":[{"count":30,"href":"https:\/\/tw.cm.upt.ro\/crpmd26\/wp-json\/wp\/v2\/pages\/2\/revisions"}],"predecessor-version":[{"id":622,"href":"https:\/\/tw.cm.upt.ro\/crpmd26\/wp-json\/wp\/v2\/pages\/2\/revisions\/622"}],"wp:attachment":[{"href":"https:\/\/tw.cm.upt.ro\/crpmd26\/wp-json\/wp\/v2\/media?parent=2"}],"curies":[{"name":"wp","href":"https:\/\/api.w.org\/{rel}","templated":true}]}}