{"id":180,"date":"2019-12-17T09:10:07","date_gmt":"2019-12-17T09:10:07","guid":{"rendered":"http:\/\/tw.cm.upt.ro\/d23\/?page_id=180"},"modified":"2019-12-17T09:10:12","modified_gmt":"2019-12-17T09:10:12","slug":"cine-sunt-eu","status":"publish","type":"page","link":"https:\/\/tw.cm.upt.ro\/d23\/cine-sunt-eu\/","title":{"rendered":"Cine sunt eu ?"},"content":{"rendered":"<div id=\"fb-root\"><\/div>\n\n<p><\/p>\n\n\n\n<p> S\u0103 tot fie de 10 de ani de c\u00e2nd descop\u0103r lumea \u0219i \u00eenc\u0103 mai am multe de v\u0103zut \u0219i de \u00eenv\u0103\u021bat. Sunt din Severin, adoptat\u0103 azi de Timisoara. \u00cemi \u00eempart timpul \u00eentre munc\u0103, facultate (momentan) si calatorii. Vreau s\u0103 \u00een\u021beleg lumea dincolo de via\u021ba de zi cu zi. <\/p>\n\n\n\n<figure class=\"wp-block-image\"><img fetchpriority=\"high\" decoding=\"async\" width=\"480\" height=\"640\" src=\"http:\/\/tw.cm.upt.ro\/d23\/wp-content\/uploads\/sites\/155\/2019\/12\/maria-1.jpg\" alt=\"\" class=\"wp-image-182\" srcset=\"https:\/\/tw.cm.upt.ro\/d23\/wp-content\/uploads\/sites\/155\/2019\/12\/maria-1.jpg 480w, https:\/\/tw.cm.upt.ro\/d23\/wp-content\/uploads\/sites\/155\/2019\/12\/maria-1-225x300.jpg 225w, https:\/\/tw.cm.upt.ro\/d23\/wp-content\/uploads\/sites\/155\/2019\/12\/maria-1-150x200.jpg 150w\" sizes=\"(max-width: 480px) 100vw, 480px\" \/><\/figure>\n\n\n\n<p> Cum s\u0103 te cuno\u0219ti mai bine altfel dec\u00e2t printr-o c\u0103l\u0103torie? A c\u0103l\u0103tori nu este despre a vedea doar locuri, ci a te descoperi pe tine, s\u0103-\u021bi umpli sufletul de amintiri faine, pe care nimeni nu \u021bi le va lua vreodat\u0103.<\/p>\n\n\n\n<p> Sunt olteanca. Nu stau locului o clip\u0103, vreau s\u0103 plec oric\u00e2nd \u0219i oriunde.  Pentru mine, c\u0103l\u0103toriile sunt o provocare. Dac\u0103 \u00een via\u021ba de zi cu zi, e\u0219ti previzibil \u0219i repetitiv: \u0219tii de azi cam ce te a\u0219teapt\u0103 m\u00e2ine, parcurgi cu ochii \u00eenchi\u0219i drumul p\u00e2n\u0103 la munc\u0103, cuno\u0219ti deja discu\u021biile diminea\u021ba la birou, atunci c\u00e2nd\u00a0pleci departe, \u00eenve\u021bi multe de la oamenii pe care-i cuno\u0219ti pe drum \u0219i de la locurile pe care le vezi. <\/p>\n\n\n\n<figure class=\"wp-block-image\"><img decoding=\"async\" width=\"480\" height=\"640\" src=\"http:\/\/tw.cm.upt.ro\/d23\/wp-content\/uploads\/sites\/155\/2019\/12\/maria-3.jpg\" alt=\"\" class=\"wp-image-181\" srcset=\"https:\/\/tw.cm.upt.ro\/d23\/wp-content\/uploads\/sites\/155\/2019\/12\/maria-3.jpg 480w, https:\/\/tw.cm.upt.ro\/d23\/wp-content\/uploads\/sites\/155\/2019\/12\/maria-3-225x300.jpg 225w, https:\/\/tw.cm.upt.ro\/d23\/wp-content\/uploads\/sites\/155\/2019\/12\/maria-3-150x200.jpg 150w\" sizes=\"(max-width: 480px) 100vw, 480px\" \/><\/figure>\n","protected":false},"excerpt":{"rendered":"<p>S\u0103 tot fie de 10 de ani de c\u00e2nd descop\u0103r lumea \u0219i \u00eenc\u0103 mai am multe de v\u0103zut \u0219i de \u00eenv\u0103\u021bat. Sunt din Severin, adoptat\u0103 azi de Timisoara. \u00cemi \u00eempart timpul \u00eentre munc\u0103, facultate (momentan) si calatorii. Vreau s\u0103 \u00een\u021beleg lumea dincolo de via\u021ba de zi cu zi. Cum s\u0103 te cuno\u0219ti mai bine altfel dec\u00e2t printr-o c\u0103l\u0103torie? A c\u0103l\u0103tori nu este despre a vedea doar locuri, ci a te descoperi pe tine, s\u0103-\u021bi umpli sufletul de amintiri faine, pe care nimeni nu \u021bi le va lua vreodat\u0103. Sunt olteanca. Nu stau locului o clip\u0103, vreau s\u0103 plec oric\u00e2nd \u0219i oriunde. Pentru mine, c\u0103l\u0103toriile sunt o provocare. Dac\u0103 \u00een via\u021ba de zi cu zi, e\u0219ti previzibil \u0219i repetitiv: \u0219tii de azi cam ce te a\u0219teapt\u0103 m\u00e2ine, parcurgi cu ochii \u00eenchi\u0219i drumul p\u00e2n\u0103 la munc\u0103, cuno\u0219ti deja discu\u021biile diminea\u021ba la birou, atunci c\u00e2nd\u00a0pleci departe, \u00eenve\u021bi multe de la oamenii pe care-i cuno\u0219ti pe drum \u0219i de la locurile pe care le vezi.<\/p>\n","protected":false},"author":150,"featured_media":0,"parent":0,"menu_order":0,"comment_status":"closed","ping_status":"closed","template":"","meta":{"wprm-recipe-roundup-name":"","wprm-recipe-roundup-description":"","ngg_post_thumbnail":0,"footnotes":""},"class_list":["post-180","page","type-page","status-publish","hentry"],"yoast_head":"<!-- This site is optimized with the Yoast SEO plugin v27.1.1 - https:\/\/yoast.com\/product\/yoast-seo-wordpress\/ -->\n<title>Cine sunt eu ? -<\/title>\n<meta name=\"robots\" content=\"index, follow, max-snippet:-1, max-image-preview:large, max-video-preview:-1\" \/>\n<link rel=\"canonical\" href=\"https:\/\/tw.cm.upt.ro\/d23\/cine-sunt-eu\/\" \/>\n<meta property=\"og:locale\" content=\"en_US\" \/>\n<meta property=\"og:type\" content=\"article\" \/>\n<meta property=\"og:title\" content=\"Cine sunt eu ? -\" \/>\n<meta property=\"og:description\" content=\"S\u0103 tot fie de 10 de ani de c\u00e2nd descop\u0103r lumea \u0219i \u00eenc\u0103 mai am multe de v\u0103zut \u0219i de \u00eenv\u0103\u021bat. Sunt din Severin, adoptat\u0103 azi de Timisoara. \u00cemi \u00eempart timpul \u00eentre munc\u0103, facultate (momentan) si calatorii. Vreau s\u0103 \u00een\u021beleg lumea dincolo de via\u021ba de zi cu zi. Cum s\u0103 te cuno\u0219ti mai bine altfel dec\u00e2t printr-o c\u0103l\u0103torie? A c\u0103l\u0103tori nu este despre a vedea doar locuri, ci a te descoperi pe tine, s\u0103-\u021bi umpli sufletul de amintiri faine, pe care nimeni nu \u021bi le va lua vreodat\u0103. Sunt olteanca. Nu stau locului o clip\u0103, vreau s\u0103 plec oric\u00e2nd \u0219i oriunde. Pentru mine, c\u0103l\u0103toriile sunt o provocare. Dac\u0103 \u00een via\u021ba de zi cu zi, e\u0219ti previzibil \u0219i repetitiv: \u0219tii de azi cam ce te a\u0219teapt\u0103 m\u00e2ine, parcurgi cu ochii \u00eenchi\u0219i drumul p\u00e2n\u0103 la munc\u0103, cuno\u0219ti deja discu\u021biile diminea\u021ba la birou, atunci c\u00e2nd\u00a0pleci departe, \u00eenve\u021bi multe de la oamenii pe care-i cuno\u0219ti pe drum \u0219i de la locurile pe care le vezi.\" \/>\n<meta property=\"og:url\" content=\"https:\/\/tw.cm.upt.ro\/d23\/cine-sunt-eu\/\" \/>\n<meta property=\"article:modified_time\" content=\"2019-12-17T09:10:12+00:00\" \/>\n<meta property=\"og:image\" content=\"http:\/\/tw.cm.upt.ro\/d23\/wp-content\/uploads\/sites\/155\/2019\/12\/maria-1.jpg\" \/>\n<meta name=\"twitter:card\" content=\"summary_large_image\" \/>\n<meta name=\"twitter:label1\" content=\"Est. reading time\" \/>\n\t<meta name=\"twitter:data1\" content=\"1 minute\" \/>\n<script type=\"application\/ld+json\" class=\"yoast-schema-graph\">{\"@context\":\"https:\/\/schema.org\",\"@graph\":[{\"@type\":\"WebPage\",\"@id\":\"https:\/\/tw.cm.upt.ro\/d23\/cine-sunt-eu\/\",\"url\":\"https:\/\/tw.cm.upt.ro\/d23\/cine-sunt-eu\/\",\"name\":\"Cine sunt eu ? -\",\"isPartOf\":{\"@id\":\"https:\/\/tw.cm.upt.ro\/d23\/#website\"},\"primaryImageOfPage\":{\"@id\":\"https:\/\/tw.cm.upt.ro\/d23\/cine-sunt-eu\/#primaryimage\"},\"image\":{\"@id\":\"https:\/\/tw.cm.upt.ro\/d23\/cine-sunt-eu\/#primaryimage\"},\"thumbnailUrl\":\"http:\/\/tw.cm.upt.ro\/d23\/wp-content\/uploads\/sites\/155\/2019\/12\/maria-1.jpg\",\"datePublished\":\"2019-12-17T09:10:07+00:00\",\"dateModified\":\"2019-12-17T09:10:12+00:00\",\"breadcrumb\":{\"@id\":\"https:\/\/tw.cm.upt.ro\/d23\/cine-sunt-eu\/#breadcrumb\"},\"inLanguage\":\"en-US\",\"potentialAction\":[{\"@type\":\"ReadAction\",\"target\":[\"https:\/\/tw.cm.upt.ro\/d23\/cine-sunt-eu\/\"]}]},{\"@type\":\"ImageObject\",\"inLanguage\":\"en-US\",\"@id\":\"https:\/\/tw.cm.upt.ro\/d23\/cine-sunt-eu\/#primaryimage\",\"url\":\"https:\/\/tw.cm.upt.ro\/d23\/wp-content\/uploads\/sites\/155\/2019\/12\/maria-1.jpg\",\"contentUrl\":\"https:\/\/tw.cm.upt.ro\/d23\/wp-content\/uploads\/sites\/155\/2019\/12\/maria-1.jpg\",\"width\":480,\"height\":640},{\"@type\":\"BreadcrumbList\",\"@id\":\"https:\/\/tw.cm.upt.ro\/d23\/cine-sunt-eu\/#breadcrumb\",\"itemListElement\":[{\"@type\":\"ListItem\",\"position\":1,\"name\":\"Home\",\"item\":\"https:\/\/tw.cm.upt.ro\/d23\/\"},{\"@type\":\"ListItem\",\"position\":2,\"name\":\"Cine sunt eu ?\"}]},{\"@type\":\"WebSite\",\"@id\":\"https:\/\/tw.cm.upt.ro\/d23\/#website\",\"url\":\"https:\/\/tw.cm.upt.ro\/d23\/\",\"name\":\"\",\"description\":\"\",\"potentialAction\":[{\"@type\":\"SearchAction\",\"target\":{\"@type\":\"EntryPoint\",\"urlTemplate\":\"https:\/\/tw.cm.upt.ro\/d23\/?s={search_term_string}\"},\"query-input\":{\"@type\":\"PropertyValueSpecification\",\"valueRequired\":true,\"valueName\":\"search_term_string\"}}],\"inLanguage\":\"en-US\"}]}<\/script>\n<!-- \/ Yoast SEO plugin. -->","yoast_head_json":{"title":"Cine sunt eu ? -","robots":{"index":"index","follow":"follow","max-snippet":"max-snippet:-1","max-image-preview":"max-image-preview:large","max-video-preview":"max-video-preview:-1"},"canonical":"https:\/\/tw.cm.upt.ro\/d23\/cine-sunt-eu\/","og_locale":"en_US","og_type":"article","og_title":"Cine sunt eu ? -","og_description":"S\u0103 tot fie de 10 de ani de c\u00e2nd descop\u0103r lumea \u0219i \u00eenc\u0103 mai am multe de v\u0103zut \u0219i de \u00eenv\u0103\u021bat. Sunt din Severin, adoptat\u0103 azi de Timisoara. \u00cemi \u00eempart timpul \u00eentre munc\u0103, facultate (momentan) si calatorii. Vreau s\u0103 \u00een\u021beleg lumea dincolo de via\u021ba de zi cu zi. Cum s\u0103 te cuno\u0219ti mai bine altfel dec\u00e2t printr-o c\u0103l\u0103torie? A c\u0103l\u0103tori nu este despre a vedea doar locuri, ci a te descoperi pe tine, s\u0103-\u021bi umpli sufletul de amintiri faine, pe care nimeni nu \u021bi le va lua vreodat\u0103. Sunt olteanca. Nu stau locului o clip\u0103, vreau s\u0103 plec oric\u00e2nd \u0219i oriunde. Pentru mine, c\u0103l\u0103toriile sunt o provocare. Dac\u0103 \u00een via\u021ba de zi cu zi, e\u0219ti previzibil \u0219i repetitiv: \u0219tii de azi cam ce te a\u0219teapt\u0103 m\u00e2ine, parcurgi cu ochii \u00eenchi\u0219i drumul p\u00e2n\u0103 la munc\u0103, cuno\u0219ti deja discu\u021biile diminea\u021ba la birou, atunci c\u00e2nd\u00a0pleci departe, \u00eenve\u021bi multe de la oamenii pe care-i cuno\u0219ti pe drum \u0219i de la locurile pe care le vezi.","og_url":"https:\/\/tw.cm.upt.ro\/d23\/cine-sunt-eu\/","article_modified_time":"2019-12-17T09:10:12+00:00","og_image":[{"url":"http:\/\/tw.cm.upt.ro\/d23\/wp-content\/uploads\/sites\/155\/2019\/12\/maria-1.jpg","type":"","width":"","height":""}],"twitter_card":"summary_large_image","twitter_misc":{"Est. reading time":"1 minute"},"schema":{"@context":"https:\/\/schema.org","@graph":[{"@type":"WebPage","@id":"https:\/\/tw.cm.upt.ro\/d23\/cine-sunt-eu\/","url":"https:\/\/tw.cm.upt.ro\/d23\/cine-sunt-eu\/","name":"Cine sunt eu ? -","isPartOf":{"@id":"https:\/\/tw.cm.upt.ro\/d23\/#website"},"primaryImageOfPage":{"@id":"https:\/\/tw.cm.upt.ro\/d23\/cine-sunt-eu\/#primaryimage"},"image":{"@id":"https:\/\/tw.cm.upt.ro\/d23\/cine-sunt-eu\/#primaryimage"},"thumbnailUrl":"http:\/\/tw.cm.upt.ro\/d23\/wp-content\/uploads\/sites\/155\/2019\/12\/maria-1.jpg","datePublished":"2019-12-17T09:10:07+00:00","dateModified":"2019-12-17T09:10:12+00:00","breadcrumb":{"@id":"https:\/\/tw.cm.upt.ro\/d23\/cine-sunt-eu\/#breadcrumb"},"inLanguage":"en-US","potentialAction":[{"@type":"ReadAction","target":["https:\/\/tw.cm.upt.ro\/d23\/cine-sunt-eu\/"]}]},{"@type":"ImageObject","inLanguage":"en-US","@id":"https:\/\/tw.cm.upt.ro\/d23\/cine-sunt-eu\/#primaryimage","url":"https:\/\/tw.cm.upt.ro\/d23\/wp-content\/uploads\/sites\/155\/2019\/12\/maria-1.jpg","contentUrl":"https:\/\/tw.cm.upt.ro\/d23\/wp-content\/uploads\/sites\/155\/2019\/12\/maria-1.jpg","width":480,"height":640},{"@type":"BreadcrumbList","@id":"https:\/\/tw.cm.upt.ro\/d23\/cine-sunt-eu\/#breadcrumb","itemListElement":[{"@type":"ListItem","position":1,"name":"Home","item":"https:\/\/tw.cm.upt.ro\/d23\/"},{"@type":"ListItem","position":2,"name":"Cine sunt eu ?"}]},{"@type":"WebSite","@id":"https:\/\/tw.cm.upt.ro\/d23\/#website","url":"https:\/\/tw.cm.upt.ro\/d23\/","name":"","description":"","potentialAction":[{"@type":"SearchAction","target":{"@type":"EntryPoint","urlTemplate":"https:\/\/tw.cm.upt.ro\/d23\/?s={search_term_string}"},"query-input":{"@type":"PropertyValueSpecification","valueRequired":true,"valueName":"search_term_string"}}],"inLanguage":"en-US"}]}},"_links":{"self":[{"href":"https:\/\/tw.cm.upt.ro\/d23\/wp-json\/wp\/v2\/pages\/180","targetHints":{"allow":["GET"]}}],"collection":[{"href":"https:\/\/tw.cm.upt.ro\/d23\/wp-json\/wp\/v2\/pages"}],"about":[{"href":"https:\/\/tw.cm.upt.ro\/d23\/wp-json\/wp\/v2\/types\/page"}],"author":[{"embeddable":true,"href":"https:\/\/tw.cm.upt.ro\/d23\/wp-json\/wp\/v2\/users\/150"}],"replies":[{"embeddable":true,"href":"https:\/\/tw.cm.upt.ro\/d23\/wp-json\/wp\/v2\/comments?post=180"}],"version-history":[{"count":1,"href":"https:\/\/tw.cm.upt.ro\/d23\/wp-json\/wp\/v2\/pages\/180\/revisions"}],"predecessor-version":[{"id":184,"href":"https:\/\/tw.cm.upt.ro\/d23\/wp-json\/wp\/v2\/pages\/180\/revisions\/184"}],"wp:attachment":[{"href":"https:\/\/tw.cm.upt.ro\/d23\/wp-json\/wp\/v2\/media?parent=180"}],"curies":[{"name":"wp","href":"https:\/\/api.w.org\/{rel}","templated":true}]}}