{"id":53,"date":"2019-11-25T19:20:27","date_gmt":"2019-11-25T19:20:27","guid":{"rendered":"http:\/\/tw.cm.upt.ro\/d23\/?page_id=53"},"modified":"2019-12-17T09:03:56","modified_gmt":"2019-12-17T09:03:56","slug":"hai-sa-vorbim","status":"publish","type":"page","link":"https:\/\/tw.cm.upt.ro\/d23\/hai-sa-vorbim\/","title":{"rendered":"Hai sa vorbim"},"content":{"rendered":"<div id=\"fb-root\"><\/div>\n\n<p> Spune-mi cu ce te pot ajut\u0103, ce sfaturi ai s\u0103 \u00eemi dai sau ce vrei s\u0103 \u0219tii despre mine. <\/p>\n\n\n\n<p>Lasa-mi mesajul tau pe adresa de e-mail : md.ungureanu@yahoo.com iar eu iti voi raspunde in cel mai scurt timp . <\/p>\n\n\n\n<p>Hai la drum \ud83d\ude42 <\/p>\n\n\n\n<figure class=\"wp-block-image\"><img fetchpriority=\"high\" decoding=\"async\" width=\"275\" height=\"183\" src=\"http:\/\/tw.cm.upt.ro\/d23\/wp-content\/uploads\/sites\/155\/2019\/12\/laptop.jpg\" alt=\"\" class=\"wp-image-178\" srcset=\"https:\/\/tw.cm.upt.ro\/d23\/wp-content\/uploads\/sites\/155\/2019\/12\/laptop.jpg 275w, https:\/\/tw.cm.upt.ro\/d23\/wp-content\/uploads\/sites\/155\/2019\/12\/laptop-150x100.jpg 150w\" sizes=\"(max-width: 275px) 100vw, 275px\" \/><\/figure>\n","protected":false},"excerpt":{"rendered":"<p>Spune-mi cu ce te pot ajut\u0103, ce sfaturi ai s\u0103 \u00eemi dai sau ce vrei s\u0103 \u0219tii despre mine. Lasa-mi mesajul tau pe adresa de e-mail : md.ungureanu@yahoo.com iar eu iti voi raspunde in cel mai scurt timp . Hai la drum \ud83d\ude42<\/p>\n","protected":false},"author":150,"featured_media":0,"parent":0,"menu_order":0,"comment_status":"closed","ping_status":"closed","template":"","meta":{"wprm-recipe-roundup-name":"","wprm-recipe-roundup-description":"","ngg_post_thumbnail":0,"footnotes":""},"class_list":["post-53","page","type-page","status-publish","hentry"],"yoast_head":"<!-- This site is optimized with the Yoast SEO plugin v27.1.1 - https:\/\/yoast.com\/product\/yoast-seo-wordpress\/ -->\n<title>Hai sa vorbim -<\/title>\n<meta name=\"robots\" content=\"index, follow, max-snippet:-1, max-image-preview:large, max-video-preview:-1\" \/>\n<link rel=\"canonical\" href=\"https:\/\/tw.cm.upt.ro\/d23\/hai-sa-vorbim\/\" \/>\n<meta property=\"og:locale\" content=\"en_US\" \/>\n<meta property=\"og:type\" content=\"article\" \/>\n<meta property=\"og:title\" content=\"Hai sa vorbim -\" \/>\n<meta property=\"og:description\" content=\"Spune-mi cu ce te pot ajut\u0103, ce sfaturi ai s\u0103 \u00eemi dai sau ce vrei s\u0103 \u0219tii despre mine. Lasa-mi mesajul tau pe adresa de e-mail : md.ungureanu@yahoo.com iar eu iti voi raspunde in cel mai scurt timp . Hai la drum \ud83d\ude42\" \/>\n<meta property=\"og:url\" content=\"https:\/\/tw.cm.upt.ro\/d23\/hai-sa-vorbim\/\" \/>\n<meta property=\"article:modified_time\" content=\"2019-12-17T09:03:56+00:00\" \/>\n<meta property=\"og:image\" content=\"http:\/\/tw.cm.upt.ro\/d23\/wp-content\/uploads\/sites\/155\/2019\/12\/laptop.jpg\" \/>\n<meta name=\"twitter:card\" content=\"summary_large_image\" \/>\n<script type=\"application\/ld+json\" class=\"yoast-schema-graph\">{\"@context\":\"https:\/\/schema.org\",\"@graph\":[{\"@type\":\"WebPage\",\"@id\":\"https:\/\/tw.cm.upt.ro\/d23\/hai-sa-vorbim\/\",\"url\":\"https:\/\/tw.cm.upt.ro\/d23\/hai-sa-vorbim\/\",\"name\":\"Hai sa vorbim -\",\"isPartOf\":{\"@id\":\"https:\/\/tw.cm.upt.ro\/d23\/#website\"},\"primaryImageOfPage\":{\"@id\":\"https:\/\/tw.cm.upt.ro\/d23\/hai-sa-vorbim\/#primaryimage\"},\"image\":{\"@id\":\"https:\/\/tw.cm.upt.ro\/d23\/hai-sa-vorbim\/#primaryimage\"},\"thumbnailUrl\":\"http:\/\/tw.cm.upt.ro\/d23\/wp-content\/uploads\/sites\/155\/2019\/12\/laptop.jpg\",\"datePublished\":\"2019-11-25T19:20:27+00:00\",\"dateModified\":\"2019-12-17T09:03:56+00:00\",\"breadcrumb\":{\"@id\":\"https:\/\/tw.cm.upt.ro\/d23\/hai-sa-vorbim\/#breadcrumb\"},\"inLanguage\":\"en-US\",\"potentialAction\":[{\"@type\":\"ReadAction\",\"target\":[\"https:\/\/tw.cm.upt.ro\/d23\/hai-sa-vorbim\/\"]}]},{\"@type\":\"ImageObject\",\"inLanguage\":\"en-US\",\"@id\":\"https:\/\/tw.cm.upt.ro\/d23\/hai-sa-vorbim\/#primaryimage\",\"url\":\"https:\/\/tw.cm.upt.ro\/d23\/wp-content\/uploads\/sites\/155\/2019\/12\/laptop.jpg\",\"contentUrl\":\"https:\/\/tw.cm.upt.ro\/d23\/wp-content\/uploads\/sites\/155\/2019\/12\/laptop.jpg\",\"width\":275,\"height\":183},{\"@type\":\"BreadcrumbList\",\"@id\":\"https:\/\/tw.cm.upt.ro\/d23\/hai-sa-vorbim\/#breadcrumb\",\"itemListElement\":[{\"@type\":\"ListItem\",\"position\":1,\"name\":\"Home\",\"item\":\"https:\/\/tw.cm.upt.ro\/d23\/\"},{\"@type\":\"ListItem\",\"position\":2,\"name\":\"Hai sa vorbim\"}]},{\"@type\":\"WebSite\",\"@id\":\"https:\/\/tw.cm.upt.ro\/d23\/#website\",\"url\":\"https:\/\/tw.cm.upt.ro\/d23\/\",\"name\":\"\",\"description\":\"\",\"potentialAction\":[{\"@type\":\"SearchAction\",\"target\":{\"@type\":\"EntryPoint\",\"urlTemplate\":\"https:\/\/tw.cm.upt.ro\/d23\/?s={search_term_string}\"},\"query-input\":{\"@type\":\"PropertyValueSpecification\",\"valueRequired\":true,\"valueName\":\"search_term_string\"}}],\"inLanguage\":\"en-US\"}]}<\/script>\n<!-- \/ Yoast SEO plugin. -->","yoast_head_json":{"title":"Hai sa vorbim -","robots":{"index":"index","follow":"follow","max-snippet":"max-snippet:-1","max-image-preview":"max-image-preview:large","max-video-preview":"max-video-preview:-1"},"canonical":"https:\/\/tw.cm.upt.ro\/d23\/hai-sa-vorbim\/","og_locale":"en_US","og_type":"article","og_title":"Hai sa vorbim -","og_description":"Spune-mi cu ce te pot ajut\u0103, ce sfaturi ai s\u0103 \u00eemi dai sau ce vrei s\u0103 \u0219tii despre mine. Lasa-mi mesajul tau pe adresa de e-mail : md.ungureanu@yahoo.com iar eu iti voi raspunde in cel mai scurt timp . Hai la drum \ud83d\ude42","og_url":"https:\/\/tw.cm.upt.ro\/d23\/hai-sa-vorbim\/","article_modified_time":"2019-12-17T09:03:56+00:00","og_image":[{"url":"http:\/\/tw.cm.upt.ro\/d23\/wp-content\/uploads\/sites\/155\/2019\/12\/laptop.jpg","type":"","width":"","height":""}],"twitter_card":"summary_large_image","schema":{"@context":"https:\/\/schema.org","@graph":[{"@type":"WebPage","@id":"https:\/\/tw.cm.upt.ro\/d23\/hai-sa-vorbim\/","url":"https:\/\/tw.cm.upt.ro\/d23\/hai-sa-vorbim\/","name":"Hai sa vorbim -","isPartOf":{"@id":"https:\/\/tw.cm.upt.ro\/d23\/#website"},"primaryImageOfPage":{"@id":"https:\/\/tw.cm.upt.ro\/d23\/hai-sa-vorbim\/#primaryimage"},"image":{"@id":"https:\/\/tw.cm.upt.ro\/d23\/hai-sa-vorbim\/#primaryimage"},"thumbnailUrl":"http:\/\/tw.cm.upt.ro\/d23\/wp-content\/uploads\/sites\/155\/2019\/12\/laptop.jpg","datePublished":"2019-11-25T19:20:27+00:00","dateModified":"2019-12-17T09:03:56+00:00","breadcrumb":{"@id":"https:\/\/tw.cm.upt.ro\/d23\/hai-sa-vorbim\/#breadcrumb"},"inLanguage":"en-US","potentialAction":[{"@type":"ReadAction","target":["https:\/\/tw.cm.upt.ro\/d23\/hai-sa-vorbim\/"]}]},{"@type":"ImageObject","inLanguage":"en-US","@id":"https:\/\/tw.cm.upt.ro\/d23\/hai-sa-vorbim\/#primaryimage","url":"https:\/\/tw.cm.upt.ro\/d23\/wp-content\/uploads\/sites\/155\/2019\/12\/laptop.jpg","contentUrl":"https:\/\/tw.cm.upt.ro\/d23\/wp-content\/uploads\/sites\/155\/2019\/12\/laptop.jpg","width":275,"height":183},{"@type":"BreadcrumbList","@id":"https:\/\/tw.cm.upt.ro\/d23\/hai-sa-vorbim\/#breadcrumb","itemListElement":[{"@type":"ListItem","position":1,"name":"Home","item":"https:\/\/tw.cm.upt.ro\/d23\/"},{"@type":"ListItem","position":2,"name":"Hai sa vorbim"}]},{"@type":"WebSite","@id":"https:\/\/tw.cm.upt.ro\/d23\/#website","url":"https:\/\/tw.cm.upt.ro\/d23\/","name":"","description":"","potentialAction":[{"@type":"SearchAction","target":{"@type":"EntryPoint","urlTemplate":"https:\/\/tw.cm.upt.ro\/d23\/?s={search_term_string}"},"query-input":{"@type":"PropertyValueSpecification","valueRequired":true,"valueName":"search_term_string"}}],"inLanguage":"en-US"}]}},"_links":{"self":[{"href":"https:\/\/tw.cm.upt.ro\/d23\/wp-json\/wp\/v2\/pages\/53","targetHints":{"allow":["GET"]}}],"collection":[{"href":"https:\/\/tw.cm.upt.ro\/d23\/wp-json\/wp\/v2\/pages"}],"about":[{"href":"https:\/\/tw.cm.upt.ro\/d23\/wp-json\/wp\/v2\/types\/page"}],"author":[{"embeddable":true,"href":"https:\/\/tw.cm.upt.ro\/d23\/wp-json\/wp\/v2\/users\/150"}],"replies":[{"embeddable":true,"href":"https:\/\/tw.cm.upt.ro\/d23\/wp-json\/wp\/v2\/comments?post=53"}],"version-history":[{"count":5,"href":"https:\/\/tw.cm.upt.ro\/d23\/wp-json\/wp\/v2\/pages\/53\/revisions"}],"predecessor-version":[{"id":179,"href":"https:\/\/tw.cm.upt.ro\/d23\/wp-json\/wp\/v2\/pages\/53\/revisions\/179"}],"wp:attachment":[{"href":"https:\/\/tw.cm.upt.ro\/d23\/wp-json\/wp\/v2\/media?parent=53"}],"curies":[{"name":"wp","href":"https:\/\/api.w.org\/{rel}","templated":true}]}}