{"id":37,"date":"2019-12-11T00:17:52","date_gmt":"2019-12-11T00:17:52","guid":{"rendered":"http:\/\/tw.cm.upt.ro\/d9\/?page_id=37"},"modified":"2019-12-11T00:17:53","modified_gmt":"2019-12-11T00:17:53","slug":"despre","status":"publish","type":"page","link":"https:\/\/tw.cm.upt.ro\/d9\/despre\/","title":{"rendered":"Despre"},"content":{"rendered":"<p>Views: 13<\/p><div id=\"fb-root\"><\/div>\n\n<p>Blog de g\u00e2nduri ivite brusc. Mix de opinii personale \u0219i subiecte abordate nu foarte serios. \u0218i mai rar c\u00e2teva curiozit\u0103\u021bi obiective.<\/p>\n","protected":false},"excerpt":{"rendered":"<p>Views: 13 Blog de g\u00e2nduri ivite brusc. Mix de opinii personale \u0219i subiecte abordate nu foarte serios. \u0218i mai rar c\u00e2teva curiozit\u0103\u021bi obiective.<\/p>\n","protected":false},"author":131,"featured_media":0,"parent":0,"menu_order":0,"comment_status":"closed","ping_status":"closed","template":"","meta":{"wprm-recipe-roundup-name":"","wprm-recipe-roundup-description":"","ngg_post_thumbnail":0,"footnotes":""},"class_list":["post-37","page","type-page","status-publish","hentry"],"yoast_head":"<!-- This site is optimized with the Yoast SEO plugin v27.1.1 - https:\/\/yoast.com\/product\/yoast-seo-wordpress\/ -->\n<title>Despre - Fr\u0103m\u00e2nt\u0103ri duminicale a\u0219ternute mar\u021bi sau miercuri<\/title>\n<meta name=\"robots\" content=\"index, follow, max-snippet:-1, max-image-preview:large, max-video-preview:-1\" \/>\n<link rel=\"canonical\" href=\"https:\/\/tw.cm.upt.ro\/d9\/despre\/\" \/>\n<meta property=\"og:locale\" content=\"en_US\" \/>\n<meta property=\"og:type\" content=\"article\" \/>\n<meta property=\"og:title\" content=\"Despre - Fr\u0103m\u00e2nt\u0103ri duminicale a\u0219ternute mar\u021bi sau miercuri\" \/>\n<meta property=\"og:description\" content=\"Views: 13 Blog de g\u00e2nduri ivite brusc. Mix de opinii personale \u0219i subiecte abordate nu foarte serios. \u0218i mai rar c\u00e2teva curiozit\u0103\u021bi obiective.\" \/>\n<meta property=\"og:url\" content=\"https:\/\/tw.cm.upt.ro\/d9\/despre\/\" \/>\n<meta property=\"og:site_name\" content=\"Fr\u0103m\u00e2nt\u0103ri duminicale a\u0219ternute mar\u021bi sau miercuri\" \/>\n<meta property=\"article:modified_time\" content=\"2019-12-11T00:17:53+00:00\" \/>\n<meta name=\"twitter:card\" content=\"summary_large_image\" \/>\n<script type=\"application\/ld+json\" class=\"yoast-schema-graph\">{\"@context\":\"https:\/\/schema.org\",\"@graph\":[{\"@type\":\"WebPage\",\"@id\":\"https:\/\/tw.cm.upt.ro\/d9\/despre\/\",\"url\":\"https:\/\/tw.cm.upt.ro\/d9\/despre\/\",\"name\":\"Despre - Fr\u0103m\u00e2nt\u0103ri duminicale a\u0219ternute mar\u021bi sau miercuri\",\"isPartOf\":{\"@id\":\"https:\/\/tw.cm.upt.ro\/d9\/#website\"},\"datePublished\":\"2019-12-11T00:17:52+00:00\",\"dateModified\":\"2019-12-11T00:17:53+00:00\",\"breadcrumb\":{\"@id\":\"https:\/\/tw.cm.upt.ro\/d9\/despre\/#breadcrumb\"},\"inLanguage\":\"en-US\",\"potentialAction\":[{\"@type\":\"ReadAction\",\"target\":[\"https:\/\/tw.cm.upt.ro\/d9\/despre\/\"]}]},{\"@type\":\"BreadcrumbList\",\"@id\":\"https:\/\/tw.cm.upt.ro\/d9\/despre\/#breadcrumb\",\"itemListElement\":[{\"@type\":\"ListItem\",\"position\":1,\"name\":\"Home\",\"item\":\"https:\/\/tw.cm.upt.ro\/d9\/\"},{\"@type\":\"ListItem\",\"position\":2,\"name\":\"Despre\"}]},{\"@type\":\"WebSite\",\"@id\":\"https:\/\/tw.cm.upt.ro\/d9\/#website\",\"url\":\"https:\/\/tw.cm.upt.ro\/d9\/\",\"name\":\"Fr\u0103m\u00e2nt\u0103ri duminicale a\u0219ternute mar\u021bi sau miercuri\",\"description\":\"\",\"publisher\":{\"@id\":\"https:\/\/tw.cm.upt.ro\/d9\/#organization\"},\"potentialAction\":[{\"@type\":\"SearchAction\",\"target\":{\"@type\":\"EntryPoint\",\"urlTemplate\":\"https:\/\/tw.cm.upt.ro\/d9\/?s={search_term_string}\"},\"query-input\":{\"@type\":\"PropertyValueSpecification\",\"valueRequired\":true,\"valueName\":\"search_term_string\"}}],\"inLanguage\":\"en-US\"},{\"@type\":\"Organization\",\"@id\":\"https:\/\/tw.cm.upt.ro\/d9\/#organization\",\"name\":\"Fr\u0103m\u00e2nt\u0103ri duminicale a\u0219ternute mar\u021bi sau miercuri\",\"url\":\"https:\/\/tw.cm.upt.ro\/d9\/\",\"logo\":{\"@type\":\"ImageObject\",\"inLanguage\":\"en-US\",\"@id\":\"https:\/\/tw.cm.upt.ro\/d9\/#\/schema\/logo\/image\/\",\"url\":\"https:\/\/tw.cm.upt.ro\/d9\/wp-content\/uploads\/sites\/136\/2019\/12\/modern-art-2158402-e1576022780245.jpg\",\"contentUrl\":\"https:\/\/tw.cm.upt.ro\/d9\/wp-content\/uploads\/sites\/136\/2019\/12\/modern-art-2158402-e1576022780245.jpg\",\"width\":250,\"height\":250,\"caption\":\"Fr\u0103m\u00e2nt\u0103ri duminicale a\u0219ternute mar\u021bi sau miercuri\"},\"image\":{\"@id\":\"https:\/\/tw.cm.upt.ro\/d9\/#\/schema\/logo\/image\/\"}}]}<\/script>\n<!-- \/ Yoast SEO plugin. -->","yoast_head_json":{"title":"Despre - Fr\u0103m\u00e2nt\u0103ri duminicale a\u0219ternute mar\u021bi sau miercuri","robots":{"index":"index","follow":"follow","max-snippet":"max-snippet:-1","max-image-preview":"max-image-preview:large","max-video-preview":"max-video-preview:-1"},"canonical":"https:\/\/tw.cm.upt.ro\/d9\/despre\/","og_locale":"en_US","og_type":"article","og_title":"Despre - Fr\u0103m\u00e2nt\u0103ri duminicale a\u0219ternute mar\u021bi sau miercuri","og_description":"Views: 13 Blog de g\u00e2nduri ivite brusc. Mix de opinii personale \u0219i subiecte abordate nu foarte serios. \u0218i mai rar c\u00e2teva curiozit\u0103\u021bi obiective.","og_url":"https:\/\/tw.cm.upt.ro\/d9\/despre\/","og_site_name":"Fr\u0103m\u00e2nt\u0103ri duminicale a\u0219ternute mar\u021bi sau miercuri","article_modified_time":"2019-12-11T00:17:53+00:00","twitter_card":"summary_large_image","schema":{"@context":"https:\/\/schema.org","@graph":[{"@type":"WebPage","@id":"https:\/\/tw.cm.upt.ro\/d9\/despre\/","url":"https:\/\/tw.cm.upt.ro\/d9\/despre\/","name":"Despre - Fr\u0103m\u00e2nt\u0103ri duminicale a\u0219ternute mar\u021bi sau miercuri","isPartOf":{"@id":"https:\/\/tw.cm.upt.ro\/d9\/#website"},"datePublished":"2019-12-11T00:17:52+00:00","dateModified":"2019-12-11T00:17:53+00:00","breadcrumb":{"@id":"https:\/\/tw.cm.upt.ro\/d9\/despre\/#breadcrumb"},"inLanguage":"en-US","potentialAction":[{"@type":"ReadAction","target":["https:\/\/tw.cm.upt.ro\/d9\/despre\/"]}]},{"@type":"BreadcrumbList","@id":"https:\/\/tw.cm.upt.ro\/d9\/despre\/#breadcrumb","itemListElement":[{"@type":"ListItem","position":1,"name":"Home","item":"https:\/\/tw.cm.upt.ro\/d9\/"},{"@type":"ListItem","position":2,"name":"Despre"}]},{"@type":"WebSite","@id":"https:\/\/tw.cm.upt.ro\/d9\/#website","url":"https:\/\/tw.cm.upt.ro\/d9\/","name":"Fr\u0103m\u00e2nt\u0103ri duminicale a\u0219ternute mar\u021bi sau miercuri","description":"","publisher":{"@id":"https:\/\/tw.cm.upt.ro\/d9\/#organization"},"potentialAction":[{"@type":"SearchAction","target":{"@type":"EntryPoint","urlTemplate":"https:\/\/tw.cm.upt.ro\/d9\/?s={search_term_string}"},"query-input":{"@type":"PropertyValueSpecification","valueRequired":true,"valueName":"search_term_string"}}],"inLanguage":"en-US"},{"@type":"Organization","@id":"https:\/\/tw.cm.upt.ro\/d9\/#organization","name":"Fr\u0103m\u00e2nt\u0103ri duminicale a\u0219ternute mar\u021bi sau miercuri","url":"https:\/\/tw.cm.upt.ro\/d9\/","logo":{"@type":"ImageObject","inLanguage":"en-US","@id":"https:\/\/tw.cm.upt.ro\/d9\/#\/schema\/logo\/image\/","url":"https:\/\/tw.cm.upt.ro\/d9\/wp-content\/uploads\/sites\/136\/2019\/12\/modern-art-2158402-e1576022780245.jpg","contentUrl":"https:\/\/tw.cm.upt.ro\/d9\/wp-content\/uploads\/sites\/136\/2019\/12\/modern-art-2158402-e1576022780245.jpg","width":250,"height":250,"caption":"Fr\u0103m\u00e2nt\u0103ri duminicale a\u0219ternute mar\u021bi sau miercuri"},"image":{"@id":"https:\/\/tw.cm.upt.ro\/d9\/#\/schema\/logo\/image\/"}}]}},"_links":{"self":[{"href":"https:\/\/tw.cm.upt.ro\/d9\/wp-json\/wp\/v2\/pages\/37","targetHints":{"allow":["GET"]}}],"collection":[{"href":"https:\/\/tw.cm.upt.ro\/d9\/wp-json\/wp\/v2\/pages"}],"about":[{"href":"https:\/\/tw.cm.upt.ro\/d9\/wp-json\/wp\/v2\/types\/page"}],"author":[{"embeddable":true,"href":"https:\/\/tw.cm.upt.ro\/d9\/wp-json\/wp\/v2\/users\/131"}],"replies":[{"embeddable":true,"href":"https:\/\/tw.cm.upt.ro\/d9\/wp-json\/wp\/v2\/comments?post=37"}],"version-history":[{"count":1,"href":"https:\/\/tw.cm.upt.ro\/d9\/wp-json\/wp\/v2\/pages\/37\/revisions"}],"predecessor-version":[{"id":38,"href":"https:\/\/tw.cm.upt.ro\/d9\/wp-json\/wp\/v2\/pages\/37\/revisions\/38"}],"wp:attachment":[{"href":"https:\/\/tw.cm.upt.ro\/d9\/wp-json\/wp\/v2\/media?parent=37"}],"curies":[{"name":"wp","href":"https:\/\/api.w.org\/{rel}","templated":true}]}}