{"id":150,"date":"2021-12-24T15:28:05","date_gmt":"2021-12-24T15:28:05","guid":{"rendered":"http:\/\/tw.cm.upt.ro\/e13\/?page_id=150"},"modified":"2022-01-22T15:23:18","modified_gmt":"2022-01-22T15:23:18","slug":"despre-mine","status":"publish","type":"page","link":"https:\/\/tw.cm.upt.ro\/e13\/despre-mine\/","title":{"rendered":"Despre mine"},"content":{"rendered":"<div id=\"fb-root\"><\/div>\n\n<hr class=\"wp-block-separator has-text-color has-background has-white-background-color has-white-color\" \/>\n\n\n<h1 class=\"has-text-align-center alignwide wp-block-post-title\">Despre mine<\/h1>\n\n\n<hr class=\"wp-block-separator has-text-color has-background has-white-background-color has-white-color\" \/>\n\n\n\n<hr class=\"wp-block-separator has-text-color has-background has-white-background-color has-white-color\" \/>\n\n\n\n<div class=\"wp-block-media-text alignwide has-media-on-the-right is-stacked-on-mobile is-vertically-aligned-top\" style=\"grid-template-columns:auto 33%\"><figure class=\"wp-block-media-text__media\"><img fetchpriority=\"high\" decoding=\"async\" width=\"582\" height=\"774\" src=\"http:\/\/tw.cm.upt.ro\/e13\/wp-content\/uploads\/sites\/196\/2021\/12\/269760730_446459630364371_6612272252255245843_n.jpg\" alt=\"\" class=\"wp-image-179 size-full\" srcset=\"https:\/\/tw.cm.upt.ro\/e13\/wp-content\/uploads\/sites\/196\/2021\/12\/269760730_446459630364371_6612272252255245843_n.jpg 582w, https:\/\/tw.cm.upt.ro\/e13\/wp-content\/uploads\/sites\/196\/2021\/12\/269760730_446459630364371_6612272252255245843_n-226x300.jpg 226w, https:\/\/tw.cm.upt.ro\/e13\/wp-content\/uploads\/sites\/196\/2021\/12\/269760730_446459630364371_6612272252255245843_n-150x199.jpg 150w\" sizes=\"(max-width: 582px) 100vw, 582px\" \/><\/figure><div class=\"wp-block-media-text__content\">\n<p class=\"has-medium-font-size\">Bine a\u021bi venit pe blogul meu, dragi cititori! M\u0103 numesc Goicov Orlanda, am 23 de ani \u0219i \u00een prezent sunt student\u0103 la Facultatea de \u0218tiin\u021be ale Comunic\u0103rii din cadrul Universit\u0103\u021bii Politehnica din Timi\u0219oara. Sunt o fire ambi\u021bioas\u0103, vesel\u0103, sociabil\u0103, care este dispus\u0103 mereu s\u0103 \u00eencerce lucruri noi \u0219i s\u0103 lupte \u00een fiecare zi pentru a deveni cea mai bun\u0103 versiune a sa.<\/p>\n\n\n\n<p class=\"has-medium-font-size\">Am creat acest blog din dorin\u021ba de a \u00eemp\u0103rt\u0103\u0219i cu voi pasiunea mea, \u0219i anume g\u0103titul. Am descoperit aceast\u0103 pasiune acum mul\u021bi ani, c\u00e2nd eram mai micu\u021b\u0103, \u00eens\u0103 de aproximativ 2 ani mi-am dat seama c\u0103 cel mai mult m\u0103 fascineaz\u0103 deserturile. Nu \u00eemi place doar s\u0103 le m\u0103n\u00e2nc, ci \u00eemi place s\u0103 le dau via\u021b\u0103 \u0219i mai ales s\u0103 observ cum pot aduce z\u00e2mbetul pe buze oamenilor apropia\u021bi doar prin intermediul unui desert.<\/p>\n\n\n\n<p class=\"has-medium-font-size\">Pe acest blog voi posta deserturile mele preferate \u0219i sper c\u0103 v\u0103 voi inspira c\u00e2t mai mult. Voi posta deserturi pentru toate gusturile, astfel ve\u021bi putea g\u0103si pe blog deserturi rapide \u0219i u\u0219oare, pr\u0103jituri, gust\u0103ri \u0219i multe altele. Nu ezita\u021bi s\u0103 m\u0103 contacta\u021bi \u0219i s\u0103 \u00eemi spune\u021bi p\u0103rerea voastr\u0103 despre deserturile pe care le ve\u021bi \u00eencerca. <\/p>\n\n\n\n<p class=\"has-medium-font-size\">V\u0103 doresc spor la g\u0103tit \u0219i poft\u0103 bun\u0103!<\/p>\n<\/div><\/div>\n\n\n\n<hr class=\"wp-block-separator has-text-color has-background has-white-background-color has-white-color\" \/>\n\n\n\n<ul class=\"wp-block-social-links aligncenter is-layout-flex wp-block-social-links-is-layout-flex\"><li class=\"wp-social-link wp-social-link-instagram  wp-block-social-link\"><a href=\"https:\/\/www.instagram.com\/orlanda.goicov\/\" class=\"wp-block-social-link-anchor\"><svg width=\"24\" height=\"24\" viewBox=\"0 0 24 24\" version=\"1.1\" xmlns=\"http:\/\/www.w3.org\/2000\/svg\" aria-hidden=\"true\" focusable=\"false\"><path d=\"M12,4.622c2.403,0,2.688,0.009,3.637,0.052c0.877,0.04,1.354,0.187,1.671,0.31c0.42,0.163,0.72,0.358,1.035,0.673 c0.315,0.315,0.51,0.615,0.673,1.035c0.123,0.317,0.27,0.794,0.31,1.671c0.043,0.949,0.052,1.234,0.052,3.637 s-0.009,2.688-0.052,3.637c-0.04,0.877-0.187,1.354-0.31,1.671c-0.163,0.42-0.358,0.72-0.673,1.035 c-0.315,0.315-0.615,0.51-1.035,0.673c-0.317,0.123-0.794,0.27-1.671,0.31c-0.949,0.043-1.233,0.052-3.637,0.052 s-2.688-0.009-3.637-0.052c-0.877-0.04-1.354-0.187-1.671-0.31c-0.42-0.163-0.72-0.358-1.035-0.673 c-0.315-0.315-0.51-0.615-0.673-1.035c-0.123-0.317-0.27-0.794-0.31-1.671C4.631,14.688,4.622,14.403,4.622,12 s0.009-2.688,0.052-3.637c0.04-0.877,0.187-1.354,0.31-1.671c0.163-0.42,0.358-0.72,0.673-1.035 c0.315-0.315,0.615-0.51,1.035-0.673c0.317-0.123,0.794-0.27,1.671-0.31C9.312,4.631,9.597,4.622,12,4.622 M12,3 C9.556,3,9.249,3.01,8.289,3.054C7.331,3.098,6.677,3.25,6.105,3.472C5.513,3.702,5.011,4.01,4.511,4.511 c-0.5,0.5-0.808,1.002-1.038,1.594C3.25,6.677,3.098,7.331,3.054,8.289C3.01,9.249,3,9.556,3,12c0,2.444,0.01,2.751,0.054,3.711 c0.044,0.958,0.196,1.612,0.418,2.185c0.23,0.592,0.538,1.094,1.038,1.594c0.5,0.5,1.002,0.808,1.594,1.038 c0.572,0.222,1.227,0.375,2.185,0.418C9.249,20.99,9.556,21,12,21s2.751-0.01,3.711-0.054c0.958-0.044,1.612-0.196,2.185-0.418 c0.592-0.23,1.094-0.538,1.594-1.038c0.5-0.5,0.808-1.002,1.038-1.594c0.222-0.572,0.375-1.227,0.418-2.185 C20.99,14.751,21,14.444,21,12s-0.01-2.751-0.054-3.711c-0.044-0.958-0.196-1.612-0.418-2.185c-0.23-0.592-0.538-1.094-1.038-1.594 c-0.5-0.5-1.002-0.808-1.594-1.038c-0.572-0.222-1.227-0.375-2.185-0.418C14.751,3.01,14.444,3,12,3L12,3z M12,7.378 c-2.552,0-4.622,2.069-4.622,4.622S9.448,16.622,12,16.622s4.622-2.069,4.622-4.622S14.552,7.378,12,7.378z M12,15 c-1.657,0-3-1.343-3-3s1.343-3,3-3s3,1.343,3,3S13.657,15,12,15z M16.804,6.116c-0.596,0-1.08,0.484-1.08,1.08 s0.484,1.08,1.08,1.08c0.596,0,1.08-0.484,1.08-1.08S17.401,6.116,16.804,6.116z\"><\/path><\/svg><span class=\"wp-block-social-link-label screen-reader-text\">Instagram<\/span><\/a><\/li>\n\n<li class=\"wp-social-link wp-social-link-facebook  wp-block-social-link\"><a href=\"https:\/\/www.facebook.com\/orlanda.goicov\/\" class=\"wp-block-social-link-anchor\"><svg width=\"24\" height=\"24\" viewBox=\"0 0 24 24\" version=\"1.1\" xmlns=\"http:\/\/www.w3.org\/2000\/svg\" aria-hidden=\"true\" focusable=\"false\"><path d=\"M12 2C6.5 2 2 6.5 2 12c0 5 3.7 9.1 8.4 9.9v-7H7.9V12h2.5V9.8c0-2.5 1.5-3.9 3.8-3.9 1.1 0 2.2.2 2.2.2v2.5h-1.3c-1.2 0-1.6.8-1.6 1.6V12h2.8l-.4 2.9h-2.3v7C18.3 21.1 22 17 22 12c0-5.5-4.5-10-10-10z\"><\/path><\/svg><span class=\"wp-block-social-link-label screen-reader-text\">Facebook<\/span><\/a><\/li>\n\n<li class=\"wp-social-link wp-social-link-linkedin  wp-block-social-link\"><a href=\"https:\/\/www.linkedin.com\/in\/orlanda-goicov-0a342a213\/\" class=\"wp-block-social-link-anchor\"><svg width=\"24\" height=\"24\" viewBox=\"0 0 24 24\" version=\"1.1\" xmlns=\"http:\/\/www.w3.org\/2000\/svg\" aria-hidden=\"true\" focusable=\"false\"><path d=\"M19.7,3H4.3C3.582,3,3,3.582,3,4.3v15.4C3,20.418,3.582,21,4.3,21h15.4c0.718,0,1.3-0.582,1.3-1.3V4.3 C21,3.582,20.418,3,19.7,3z M8.339,18.338H5.667v-8.59h2.672V18.338z M7.004,8.574c-0.857,0-1.549-0.694-1.549-1.548 c0-0.855,0.691-1.548,1.549-1.548c0.854,0,1.547,0.694,1.547,1.548C8.551,7.881,7.858,8.574,7.004,8.574z M18.339,18.338h-2.669 v-4.177c0-0.996-0.017-2.278-1.387-2.278c-1.389,0-1.601,1.086-1.601,2.206v4.249h-2.667v-8.59h2.559v1.174h0.037 c0.356-0.675,1.227-1.387,2.526-1.387c2.703,0,3.203,1.779,3.203,4.092V18.338z\"><\/path><\/svg><span class=\"wp-block-social-link-label screen-reader-text\">LinkedIn<\/span><\/a><\/li><\/ul>\n\n\n\n<hr class=\"wp-block-separator has-text-color has-background has-white-background-color has-white-color\" \/>\n\n\n\n<hr class=\"wp-block-separator has-text-color has-background has-white-background-color has-white-color\" \/>\n\n\n\n<hr class=\"wp-block-separator has-text-color has-background has-white-background-color has-white-color\" \/>\n\n\n\n\n\n<hr class=\"wp-block-separator has-text-color has-background has-white-background-color has-white-color\" \/>\n","protected":false},"excerpt":{"rendered":"<p>Bine a\u021bi venit pe blogul meu, dragi cititori! M\u0103 numesc Goicov Orlanda, am 23 de ani \u0219i \u00een prezent sunt student\u0103 la Facultatea de \u0218tiin\u021be ale Comunic\u0103rii din cadrul Universit\u0103\u021bii Politehnica din Timi\u0219oara. Sunt o fire ambi\u021bioas\u0103, vesel\u0103, sociabil\u0103, care este dispus\u0103 mereu s\u0103 \u00eencerce lucruri noi \u0219i s\u0103 lupte \u00een fiecare zi pentru a&hellip; <\/p>\n","protected":false},"author":194,"featured_media":0,"parent":0,"menu_order":0,"comment_status":"closed","ping_status":"closed","template":"","meta":{"wprm-recipe-roundup-name":"","wprm-recipe-roundup-description":"","ngg_post_thumbnail":0,"footnotes":""},"class_list":["post-150","page","type-page","status-publish","hentry"],"yoast_head":"<!-- This site is optimized with the Yoast SEO plugin v27.1.1 - https:\/\/yoast.com\/product\/yoast-seo-wordpress\/ -->\n<title>Despre mine - Gustul fericirii<\/title>\n<meta name=\"robots\" content=\"index, follow, max-snippet:-1, max-image-preview:large, max-video-preview:-1\" \/>\n<link rel=\"canonical\" href=\"https:\/\/tw.cm.upt.ro\/e13\/despre-mine\/\" \/>\n<meta property=\"og:locale\" content=\"en_US\" \/>\n<meta property=\"og:type\" content=\"article\" \/>\n<meta property=\"og:title\" content=\"Despre mine - Gustul fericirii\" \/>\n<meta property=\"og:description\" content=\"Bine a\u021bi venit pe blogul meu, dragi cititori! M\u0103 numesc Goicov Orlanda, am 23 de ani \u0219i \u00een prezent sunt student\u0103 la Facultatea de \u0218tiin\u021be ale Comunic\u0103rii din cadrul Universit\u0103\u021bii Politehnica din Timi\u0219oara. Sunt o fire ambi\u021bioas\u0103, vesel\u0103, sociabil\u0103, care este dispus\u0103 mereu s\u0103 \u00eencerce lucruri noi \u0219i s\u0103 lupte \u00een fiecare zi pentru a&hellip;\" \/>\n<meta property=\"og:url\" content=\"https:\/\/tw.cm.upt.ro\/e13\/despre-mine\/\" \/>\n<meta property=\"og:site_name\" content=\"Gustul fericirii\" \/>\n<meta property=\"article:modified_time\" content=\"2022-01-22T15:23:18+00:00\" \/>\n<meta property=\"og:image\" content=\"http:\/\/tw.cm.upt.ro\/e13\/wp-content\/uploads\/sites\/196\/2021\/12\/269760730_446459630364371_6612272252255245843_n.jpg\" \/>\n<meta name=\"twitter:card\" content=\"summary_large_image\" \/>\n<meta name=\"twitter:label1\" content=\"Est. reading time\" \/>\n\t<meta name=\"twitter:data1\" content=\"2 minutes\" \/>\n<script type=\"application\/ld+json\" class=\"yoast-schema-graph\">{\"@context\":\"https:\/\/schema.org\",\"@graph\":[{\"@type\":\"WebPage\",\"@id\":\"https:\/\/tw.cm.upt.ro\/e13\/despre-mine\/\",\"url\":\"https:\/\/tw.cm.upt.ro\/e13\/despre-mine\/\",\"name\":\"Despre mine - Gustul fericirii\",\"isPartOf\":{\"@id\":\"https:\/\/tw.cm.upt.ro\/e13\/#website\"},\"primaryImageOfPage\":{\"@id\":\"https:\/\/tw.cm.upt.ro\/e13\/despre-mine\/#primaryimage\"},\"image\":{\"@id\":\"https:\/\/tw.cm.upt.ro\/e13\/despre-mine\/#primaryimage\"},\"thumbnailUrl\":\"http:\/\/tw.cm.upt.ro\/e13\/wp-content\/uploads\/sites\/196\/2021\/12\/269760730_446459630364371_6612272252255245843_n.jpg\",\"datePublished\":\"2021-12-24T15:28:05+00:00\",\"dateModified\":\"2022-01-22T15:23:18+00:00\",\"breadcrumb\":{\"@id\":\"https:\/\/tw.cm.upt.ro\/e13\/despre-mine\/#breadcrumb\"},\"inLanguage\":\"en-US\",\"potentialAction\":[{\"@type\":\"ReadAction\",\"target\":[\"https:\/\/tw.cm.upt.ro\/e13\/despre-mine\/\"]}]},{\"@type\":\"ImageObject\",\"inLanguage\":\"en-US\",\"@id\":\"https:\/\/tw.cm.upt.ro\/e13\/despre-mine\/#primaryimage\",\"url\":\"https:\/\/tw.cm.upt.ro\/e13\/wp-content\/uploads\/sites\/196\/2021\/12\/269760730_446459630364371_6612272252255245843_n.jpg\",\"contentUrl\":\"https:\/\/tw.cm.upt.ro\/e13\/wp-content\/uploads\/sites\/196\/2021\/12\/269760730_446459630364371_6612272252255245843_n.jpg\",\"width\":582,\"height\":774,\"caption\":\"Me\"},{\"@type\":\"BreadcrumbList\",\"@id\":\"https:\/\/tw.cm.upt.ro\/e13\/despre-mine\/#breadcrumb\",\"itemListElement\":[{\"@type\":\"ListItem\",\"position\":1,\"name\":\"Home\",\"item\":\"https:\/\/tw.cm.upt.ro\/e13\/\"},{\"@type\":\"ListItem\",\"position\":2,\"name\":\"Despre mine\"}]},{\"@type\":\"WebSite\",\"@id\":\"https:\/\/tw.cm.upt.ro\/e13\/#website\",\"url\":\"https:\/\/tw.cm.upt.ro\/e13\/\",\"name\":\"Gustul fericirii\",\"description\":\"Deserturile Orlandei\",\"publisher\":{\"@id\":\"https:\/\/tw.cm.upt.ro\/e13\/#organization\"},\"potentialAction\":[{\"@type\":\"SearchAction\",\"target\":{\"@type\":\"EntryPoint\",\"urlTemplate\":\"https:\/\/tw.cm.upt.ro\/e13\/?s={search_term_string}\"},\"query-input\":{\"@type\":\"PropertyValueSpecification\",\"valueRequired\":true,\"valueName\":\"search_term_string\"}}],\"inLanguage\":\"en-US\"},{\"@type\":\"Organization\",\"@id\":\"https:\/\/tw.cm.upt.ro\/e13\/#organization\",\"name\":\"Gustul fericirii\",\"url\":\"https:\/\/tw.cm.upt.ro\/e13\/\",\"logo\":{\"@type\":\"ImageObject\",\"inLanguage\":\"en-US\",\"@id\":\"https:\/\/tw.cm.upt.ro\/e13\/#\/schema\/logo\/image\/\",\"url\":\"https:\/\/tw.cm.upt.ro\/e13\/wp-content\/uploads\/sites\/196\/2022\/01\/cropped-Screenshot-2022-01-20-at-19.23.27-1.png\",\"contentUrl\":\"https:\/\/tw.cm.upt.ro\/e13\/wp-content\/uploads\/sites\/196\/2022\/01\/cropped-Screenshot-2022-01-20-at-19.23.27-1.png\",\"width\":1154,\"height\":1154,\"caption\":\"Gustul fericirii\"},\"image\":{\"@id\":\"https:\/\/tw.cm.upt.ro\/e13\/#\/schema\/logo\/image\/\"}}]}<\/script>\n<!-- \/ Yoast SEO plugin. -->","yoast_head_json":{"title":"Despre mine - Gustul fericirii","robots":{"index":"index","follow":"follow","max-snippet":"max-snippet:-1","max-image-preview":"max-image-preview:large","max-video-preview":"max-video-preview:-1"},"canonical":"https:\/\/tw.cm.upt.ro\/e13\/despre-mine\/","og_locale":"en_US","og_type":"article","og_title":"Despre mine - Gustul fericirii","og_description":"Bine a\u021bi venit pe blogul meu, dragi cititori! M\u0103 numesc Goicov Orlanda, am 23 de ani \u0219i \u00een prezent sunt student\u0103 la Facultatea de \u0218tiin\u021be ale Comunic\u0103rii din cadrul Universit\u0103\u021bii Politehnica din Timi\u0219oara. Sunt o fire ambi\u021bioas\u0103, vesel\u0103, sociabil\u0103, care este dispus\u0103 mereu s\u0103 \u00eencerce lucruri noi \u0219i s\u0103 lupte \u00een fiecare zi pentru a&hellip;","og_url":"https:\/\/tw.cm.upt.ro\/e13\/despre-mine\/","og_site_name":"Gustul fericirii","article_modified_time":"2022-01-22T15:23:18+00:00","og_image":[{"url":"http:\/\/tw.cm.upt.ro\/e13\/wp-content\/uploads\/sites\/196\/2021\/12\/269760730_446459630364371_6612272252255245843_n.jpg","type":"","width":"","height":""}],"twitter_card":"summary_large_image","twitter_misc":{"Est. reading time":"2 minutes"},"schema":{"@context":"https:\/\/schema.org","@graph":[{"@type":"WebPage","@id":"https:\/\/tw.cm.upt.ro\/e13\/despre-mine\/","url":"https:\/\/tw.cm.upt.ro\/e13\/despre-mine\/","name":"Despre mine - Gustul fericirii","isPartOf":{"@id":"https:\/\/tw.cm.upt.ro\/e13\/#website"},"primaryImageOfPage":{"@id":"https:\/\/tw.cm.upt.ro\/e13\/despre-mine\/#primaryimage"},"image":{"@id":"https:\/\/tw.cm.upt.ro\/e13\/despre-mine\/#primaryimage"},"thumbnailUrl":"http:\/\/tw.cm.upt.ro\/e13\/wp-content\/uploads\/sites\/196\/2021\/12\/269760730_446459630364371_6612272252255245843_n.jpg","datePublished":"2021-12-24T15:28:05+00:00","dateModified":"2022-01-22T15:23:18+00:00","breadcrumb":{"@id":"https:\/\/tw.cm.upt.ro\/e13\/despre-mine\/#breadcrumb"},"inLanguage":"en-US","potentialAction":[{"@type":"ReadAction","target":["https:\/\/tw.cm.upt.ro\/e13\/despre-mine\/"]}]},{"@type":"ImageObject","inLanguage":"en-US","@id":"https:\/\/tw.cm.upt.ro\/e13\/despre-mine\/#primaryimage","url":"https:\/\/tw.cm.upt.ro\/e13\/wp-content\/uploads\/sites\/196\/2021\/12\/269760730_446459630364371_6612272252255245843_n.jpg","contentUrl":"https:\/\/tw.cm.upt.ro\/e13\/wp-content\/uploads\/sites\/196\/2021\/12\/269760730_446459630364371_6612272252255245843_n.jpg","width":582,"height":774,"caption":"Me"},{"@type":"BreadcrumbList","@id":"https:\/\/tw.cm.upt.ro\/e13\/despre-mine\/#breadcrumb","itemListElement":[{"@type":"ListItem","position":1,"name":"Home","item":"https:\/\/tw.cm.upt.ro\/e13\/"},{"@type":"ListItem","position":2,"name":"Despre mine"}]},{"@type":"WebSite","@id":"https:\/\/tw.cm.upt.ro\/e13\/#website","url":"https:\/\/tw.cm.upt.ro\/e13\/","name":"Gustul fericirii","description":"Deserturile Orlandei","publisher":{"@id":"https:\/\/tw.cm.upt.ro\/e13\/#organization"},"potentialAction":[{"@type":"SearchAction","target":{"@type":"EntryPoint","urlTemplate":"https:\/\/tw.cm.upt.ro\/e13\/?s={search_term_string}"},"query-input":{"@type":"PropertyValueSpecification","valueRequired":true,"valueName":"search_term_string"}}],"inLanguage":"en-US"},{"@type":"Organization","@id":"https:\/\/tw.cm.upt.ro\/e13\/#organization","name":"Gustul fericirii","url":"https:\/\/tw.cm.upt.ro\/e13\/","logo":{"@type":"ImageObject","inLanguage":"en-US","@id":"https:\/\/tw.cm.upt.ro\/e13\/#\/schema\/logo\/image\/","url":"https:\/\/tw.cm.upt.ro\/e13\/wp-content\/uploads\/sites\/196\/2022\/01\/cropped-Screenshot-2022-01-20-at-19.23.27-1.png","contentUrl":"https:\/\/tw.cm.upt.ro\/e13\/wp-content\/uploads\/sites\/196\/2022\/01\/cropped-Screenshot-2022-01-20-at-19.23.27-1.png","width":1154,"height":1154,"caption":"Gustul fericirii"},"image":{"@id":"https:\/\/tw.cm.upt.ro\/e13\/#\/schema\/logo\/image\/"}}]}},"_links":{"self":[{"href":"https:\/\/tw.cm.upt.ro\/e13\/wp-json\/wp\/v2\/pages\/150","targetHints":{"allow":["GET"]}}],"collection":[{"href":"https:\/\/tw.cm.upt.ro\/e13\/wp-json\/wp\/v2\/pages"}],"about":[{"href":"https:\/\/tw.cm.upt.ro\/e13\/wp-json\/wp\/v2\/types\/page"}],"author":[{"embeddable":true,"href":"https:\/\/tw.cm.upt.ro\/e13\/wp-json\/wp\/v2\/users\/194"}],"replies":[{"embeddable":true,"href":"https:\/\/tw.cm.upt.ro\/e13\/wp-json\/wp\/v2\/comments?post=150"}],"version-history":[{"count":6,"href":"https:\/\/tw.cm.upt.ro\/e13\/wp-json\/wp\/v2\/pages\/150\/revisions"}],"predecessor-version":[{"id":265,"href":"https:\/\/tw.cm.upt.ro\/e13\/wp-json\/wp\/v2\/pages\/150\/revisions\/265"}],"wp:attachment":[{"href":"https:\/\/tw.cm.upt.ro\/e13\/wp-json\/wp\/v2\/media?parent=150"}],"curies":[{"name":"wp","href":"https:\/\/api.w.org\/{rel}","templated":true}]}}