{"id":108,"date":"2021-01-07T15:12:55","date_gmt":"2021-01-07T13:12:55","guid":{"rendered":"http:\/\/tw.cm.upt.ro\/tw19\/?page_id=108"},"modified":"2021-01-10T14:25:51","modified_gmt":"2021-01-10T12:25:51","slug":"idei-de-preparate","status":"publish","type":"page","link":"https:\/\/tw.cm.upt.ro\/tw19\/idei-de-preparate\/","title":{"rendered":"Idei de preparate"},"content":{"rendered":"<div id=\"fb-root\"><\/div>\n\t\t<div data-elementor-type=\"wp-page\" data-elementor-id=\"108\" class=\"elementor elementor-108\">\n\t\t\t\t\t\t<section class=\"elementor-section elementor-top-section elementor-element elementor-element-756a4565 elementor-section-boxed elementor-section-height-default elementor-section-height-default\" data-id=\"756a4565\" data-element_type=\"section\" data-e-type=\"section\">\n\t\t\t\t\t\t<div class=\"elementor-container elementor-column-gap-default\">\n\t\t\t\t\t<div class=\"elementor-column elementor-col-100 elementor-top-column elementor-element elementor-element-4ddece26\" data-id=\"4ddece26\" data-element_type=\"column\" data-e-type=\"column\">\n\t\t\t<div class=\"elementor-widget-wrap elementor-element-populated\">\n\t\t\t\t\t\t<div class=\"elementor-element elementor-element-498ae865 elementor-widget elementor-widget-text-editor\" data-id=\"498ae865\" data-element_type=\"widget\" data-e-type=\"widget\" data-widget_type=\"text-editor.default\">\n\t\t\t\t<div class=\"elementor-widget-container\">\n\t\t\t\t\t\t\t\t\t<p><\/p>\n<p>\u00cen aceast\u0103 sec\u021biune a blogului meu ve\u021bi g\u0103si c\u00e2teva re\u021bete pe care eu le \u00eendr\u0103gesc \u0219i doresc s\u0103 le \u00eemp\u0103rt\u0103\u0219esc \u0219i cu voi.<\/p>\n<p>Dup\u0103 cum ve\u021bi putea observa, eu personal recomand \u0219i sunt adepta gust\u0103rilor dulci.\u00a0<\/p>\n<p>Enjoy!<\/p>\n<p><\/p>\n<p><\/p>\t\t\t\t\t\t\t\t<\/div>\n\t\t\t\t<\/div>\n\t\t\t\t\t<\/div>\n\t\t<\/div>\n\t\t\t\t\t<\/div>\n\t\t<\/section>\n\t\t\t\t<section class=\"elementor-section elementor-top-section elementor-element elementor-element-307db6d elementor-section-boxed elementor-section-height-default elementor-section-height-default\" data-id=\"307db6d\" data-element_type=\"section\" data-e-type=\"section\">\n\t\t\t\t\t\t<div class=\"elementor-container elementor-column-gap-default\">\n\t\t\t\t\t<div class=\"elementor-column elementor-col-100 elementor-top-column elementor-element elementor-element-9c2f84f\" data-id=\"9c2f84f\" data-element_type=\"column\" data-e-type=\"column\">\n\t\t\t<div class=\"elementor-widget-wrap elementor-element-populated\">\n\t\t\t\t\t\t<div class=\"elementor-element elementor-element-1a2f016 elementor-widget elementor-widget-image\" data-id=\"1a2f016\" data-element_type=\"widget\" data-e-type=\"widget\" data-widget_type=\"image.default\">\n\t\t\t\t<div class=\"elementor-widget-container\">\n\t\t\t\t\t\t\t\t\t\t\t\t\t\t\t<img fetchpriority=\"high\" decoding=\"async\" width=\"683\" height=\"1024\" src=\"https:\/\/tw.cm.upt.ro\/tw19\/wp-content\/uploads\/sites\/177\/2021\/01\/preparate-idei-683x1024.jpg\" class=\"attachment-large size-large wp-image-215\" alt=\"\" srcset=\"https:\/\/tw.cm.upt.ro\/tw19\/wp-content\/uploads\/sites\/177\/2021\/01\/preparate-idei-683x1024.jpg 683w, https:\/\/tw.cm.upt.ro\/tw19\/wp-content\/uploads\/sites\/177\/2021\/01\/preparate-idei-200x300.jpg 200w, https:\/\/tw.cm.upt.ro\/tw19\/wp-content\/uploads\/sites\/177\/2021\/01\/preparate-idei-768x1152.jpg 768w, https:\/\/tw.cm.upt.ro\/tw19\/wp-content\/uploads\/sites\/177\/2021\/01\/preparate-idei-150x225.jpg 150w, https:\/\/tw.cm.upt.ro\/tw19\/wp-content\/uploads\/sites\/177\/2021\/01\/preparate-idei-600x900.jpg 600w, https:\/\/tw.cm.upt.ro\/tw19\/wp-content\/uploads\/sites\/177\/2021\/01\/preparate-idei-427x640.jpg 427w, https:\/\/tw.cm.upt.ro\/tw19\/wp-content\/uploads\/sites\/177\/2021\/01\/preparate-idei.jpg 1856w\" sizes=\"(max-width: 683px) 100vw, 683px\" \/>\t\t\t\t\t\t\t\t\t\t\t\t\t\t\t<\/div>\n\t\t\t\t<\/div>\n\t\t\t\t\t<\/div>\n\t\t<\/div>\n\t\t\t\t\t<\/div>\n\t\t<\/section>\n\t\t\t\t<\/div>\n\t\t","protected":false},"excerpt":{"rendered":"<p>\u00cen aceast\u0103 sec\u021biune a blogului meu ve\u021bi g\u0103si c\u00e2teva re\u021bete pe care eu le \u00eendr\u0103gesc \u0219i doresc s\u0103 le \u00eemp\u0103rt\u0103\u0219esc \u0219i cu voi. Dup\u0103 cum ve\u021bi putea observa, eu personal recomand \u0219i sunt adepta gust\u0103rilor dulci.\u00a0 Enjoy!<\/p>\n","protected":false},"author":174,"featured_media":0,"parent":0,"menu_order":0,"comment_status":"closed","ping_status":"closed","template":"","meta":{"wprm-recipe-roundup-name":"","wprm-recipe-roundup-description":"","ngg_post_thumbnail":0,"footnotes":""},"class_list":["post-108","page","type-page","status-publish","hentry"],"yoast_head":"<!-- This site is optimized with the Yoast SEO plugin v27.1.1 - https:\/\/yoast.com\/product\/yoast-seo-wordpress\/ -->\n<title>Idei de preparate - NUTRI\u021aIE \u0218I DIETETIC\u0102<\/title>\n<meta name=\"robots\" content=\"index, follow, max-snippet:-1, max-image-preview:large, max-video-preview:-1\" \/>\n<link rel=\"canonical\" href=\"https:\/\/tw.cm.upt.ro\/tw19\/idei-de-preparate\/\" \/>\n<meta property=\"og:locale\" content=\"en_US\" \/>\n<meta property=\"og:type\" content=\"article\" \/>\n<meta property=\"og:title\" content=\"Idei de preparate - NUTRI\u021aIE \u0218I DIETETIC\u0102\" \/>\n<meta property=\"og:description\" content=\"\u00cen aceast\u0103 sec\u021biune a blogului meu ve\u021bi g\u0103si c\u00e2teva re\u021bete pe care eu le \u00eendr\u0103gesc \u0219i doresc s\u0103 le \u00eemp\u0103rt\u0103\u0219esc \u0219i cu voi. Dup\u0103 cum ve\u021bi putea observa, eu personal recomand \u0219i sunt adepta gust\u0103rilor dulci.\u00a0 Enjoy!\" \/>\n<meta property=\"og:url\" content=\"https:\/\/tw.cm.upt.ro\/tw19\/idei-de-preparate\/\" \/>\n<meta property=\"og:site_name\" content=\"NUTRI\u021aIE \u0218I DIETETIC\u0102\" \/>\n<meta property=\"article:modified_time\" content=\"2021-01-10T12:25:51+00:00\" \/>\n<meta property=\"og:image\" content=\"http:\/\/tw.cm.upt.ro\/tw19\/wp-content\/uploads\/sites\/177\/2021\/01\/preparate-idei-683x1024.jpg\" \/>\n<meta name=\"twitter:card\" content=\"summary_large_image\" \/>\n<script type=\"application\/ld+json\" class=\"yoast-schema-graph\">{\"@context\":\"https:\/\/schema.org\",\"@graph\":[{\"@type\":\"WebPage\",\"@id\":\"https:\/\/tw.cm.upt.ro\/tw19\/idei-de-preparate\/\",\"url\":\"https:\/\/tw.cm.upt.ro\/tw19\/idei-de-preparate\/\",\"name\":\"Idei de preparate - NUTRI\u021aIE \u0218I DIETETIC\u0102\",\"isPartOf\":{\"@id\":\"https:\/\/tw.cm.upt.ro\/tw19\/#website\"},\"primaryImageOfPage\":{\"@id\":\"https:\/\/tw.cm.upt.ro\/tw19\/idei-de-preparate\/#primaryimage\"},\"image\":{\"@id\":\"https:\/\/tw.cm.upt.ro\/tw19\/idei-de-preparate\/#primaryimage\"},\"thumbnailUrl\":\"http:\/\/tw.cm.upt.ro\/tw19\/wp-content\/uploads\/sites\/177\/2021\/01\/preparate-idei-683x1024.jpg\",\"datePublished\":\"2021-01-07T13:12:55+00:00\",\"dateModified\":\"2021-01-10T12:25:51+00:00\",\"breadcrumb\":{\"@id\":\"https:\/\/tw.cm.upt.ro\/tw19\/idei-de-preparate\/#breadcrumb\"},\"inLanguage\":\"en-US\",\"potentialAction\":[{\"@type\":\"ReadAction\",\"target\":[\"https:\/\/tw.cm.upt.ro\/tw19\/idei-de-preparate\/\"]}]},{\"@type\":\"ImageObject\",\"inLanguage\":\"en-US\",\"@id\":\"https:\/\/tw.cm.upt.ro\/tw19\/idei-de-preparate\/#primaryimage\",\"url\":\"https:\/\/tw.cm.upt.ro\/tw19\/wp-content\/uploads\/sites\/177\/2021\/01\/preparate-idei.jpg\",\"contentUrl\":\"https:\/\/tw.cm.upt.ro\/tw19\/wp-content\/uploads\/sites\/177\/2021\/01\/preparate-idei.jpg\",\"width\":1856,\"height\":2784},{\"@type\":\"BreadcrumbList\",\"@id\":\"https:\/\/tw.cm.upt.ro\/tw19\/idei-de-preparate\/#breadcrumb\",\"itemListElement\":[{\"@type\":\"ListItem\",\"position\":1,\"name\":\"Home\",\"item\":\"https:\/\/tw.cm.upt.ro\/tw19\/\"},{\"@type\":\"ListItem\",\"position\":2,\"name\":\"Idei de preparate\"}]},{\"@type\":\"WebSite\",\"@id\":\"https:\/\/tw.cm.upt.ro\/tw19\/#website\",\"url\":\"https:\/\/tw.cm.upt.ro\/tw19\/\",\"name\":\"NUTRI\u021aIE \u0218I DIETETIC\u0102\",\"description\":\"Preotesoiu Patricia\",\"potentialAction\":[{\"@type\":\"SearchAction\",\"target\":{\"@type\":\"EntryPoint\",\"urlTemplate\":\"https:\/\/tw.cm.upt.ro\/tw19\/?s={search_term_string}\"},\"query-input\":{\"@type\":\"PropertyValueSpecification\",\"valueRequired\":true,\"valueName\":\"search_term_string\"}}],\"inLanguage\":\"en-US\"}]}<\/script>\n<!-- \/ Yoast SEO plugin. -->","yoast_head_json":{"title":"Idei de preparate - NUTRI\u021aIE \u0218I DIETETIC\u0102","robots":{"index":"index","follow":"follow","max-snippet":"max-snippet:-1","max-image-preview":"max-image-preview:large","max-video-preview":"max-video-preview:-1"},"canonical":"https:\/\/tw.cm.upt.ro\/tw19\/idei-de-preparate\/","og_locale":"en_US","og_type":"article","og_title":"Idei de preparate - NUTRI\u021aIE \u0218I DIETETIC\u0102","og_description":"\u00cen aceast\u0103 sec\u021biune a blogului meu ve\u021bi g\u0103si c\u00e2teva re\u021bete pe care eu le \u00eendr\u0103gesc \u0219i doresc s\u0103 le \u00eemp\u0103rt\u0103\u0219esc \u0219i cu voi. Dup\u0103 cum ve\u021bi putea observa, eu personal recomand \u0219i sunt adepta gust\u0103rilor dulci.\u00a0 Enjoy!","og_url":"https:\/\/tw.cm.upt.ro\/tw19\/idei-de-preparate\/","og_site_name":"NUTRI\u021aIE \u0218I DIETETIC\u0102","article_modified_time":"2021-01-10T12:25:51+00:00","og_image":[{"url":"http:\/\/tw.cm.upt.ro\/tw19\/wp-content\/uploads\/sites\/177\/2021\/01\/preparate-idei-683x1024.jpg","type":"","width":"","height":""}],"twitter_card":"summary_large_image","schema":{"@context":"https:\/\/schema.org","@graph":[{"@type":"WebPage","@id":"https:\/\/tw.cm.upt.ro\/tw19\/idei-de-preparate\/","url":"https:\/\/tw.cm.upt.ro\/tw19\/idei-de-preparate\/","name":"Idei de preparate - NUTRI\u021aIE \u0218I DIETETIC\u0102","isPartOf":{"@id":"https:\/\/tw.cm.upt.ro\/tw19\/#website"},"primaryImageOfPage":{"@id":"https:\/\/tw.cm.upt.ro\/tw19\/idei-de-preparate\/#primaryimage"},"image":{"@id":"https:\/\/tw.cm.upt.ro\/tw19\/idei-de-preparate\/#primaryimage"},"thumbnailUrl":"http:\/\/tw.cm.upt.ro\/tw19\/wp-content\/uploads\/sites\/177\/2021\/01\/preparate-idei-683x1024.jpg","datePublished":"2021-01-07T13:12:55+00:00","dateModified":"2021-01-10T12:25:51+00:00","breadcrumb":{"@id":"https:\/\/tw.cm.upt.ro\/tw19\/idei-de-preparate\/#breadcrumb"},"inLanguage":"en-US","potentialAction":[{"@type":"ReadAction","target":["https:\/\/tw.cm.upt.ro\/tw19\/idei-de-preparate\/"]}]},{"@type":"ImageObject","inLanguage":"en-US","@id":"https:\/\/tw.cm.upt.ro\/tw19\/idei-de-preparate\/#primaryimage","url":"https:\/\/tw.cm.upt.ro\/tw19\/wp-content\/uploads\/sites\/177\/2021\/01\/preparate-idei.jpg","contentUrl":"https:\/\/tw.cm.upt.ro\/tw19\/wp-content\/uploads\/sites\/177\/2021\/01\/preparate-idei.jpg","width":1856,"height":2784},{"@type":"BreadcrumbList","@id":"https:\/\/tw.cm.upt.ro\/tw19\/idei-de-preparate\/#breadcrumb","itemListElement":[{"@type":"ListItem","position":1,"name":"Home","item":"https:\/\/tw.cm.upt.ro\/tw19\/"},{"@type":"ListItem","position":2,"name":"Idei de preparate"}]},{"@type":"WebSite","@id":"https:\/\/tw.cm.upt.ro\/tw19\/#website","url":"https:\/\/tw.cm.upt.ro\/tw19\/","name":"NUTRI\u021aIE \u0218I DIETETIC\u0102","description":"Preotesoiu Patricia","potentialAction":[{"@type":"SearchAction","target":{"@type":"EntryPoint","urlTemplate":"https:\/\/tw.cm.upt.ro\/tw19\/?s={search_term_string}"},"query-input":{"@type":"PropertyValueSpecification","valueRequired":true,"valueName":"search_term_string"}}],"inLanguage":"en-US"}]}},"jetpack_sharing_enabled":true,"_links":{"self":[{"href":"https:\/\/tw.cm.upt.ro\/tw19\/wp-json\/wp\/v2\/pages\/108","targetHints":{"allow":["GET"]}}],"collection":[{"href":"https:\/\/tw.cm.upt.ro\/tw19\/wp-json\/wp\/v2\/pages"}],"about":[{"href":"https:\/\/tw.cm.upt.ro\/tw19\/wp-json\/wp\/v2\/types\/page"}],"author":[{"embeddable":true,"href":"https:\/\/tw.cm.upt.ro\/tw19\/wp-json\/wp\/v2\/users\/174"}],"replies":[{"embeddable":true,"href":"https:\/\/tw.cm.upt.ro\/tw19\/wp-json\/wp\/v2\/comments?post=108"}],"version-history":[{"count":11,"href":"https:\/\/tw.cm.upt.ro\/tw19\/wp-json\/wp\/v2\/pages\/108\/revisions"}],"predecessor-version":[{"id":242,"href":"https:\/\/tw.cm.upt.ro\/tw19\/wp-json\/wp\/v2\/pages\/108\/revisions\/242"}],"wp:attachment":[{"href":"https:\/\/tw.cm.upt.ro\/tw19\/wp-json\/wp\/v2\/media?parent=108"}],"curies":[{"name":"wp","href":"https:\/\/api.w.org\/{rel}","templated":true}]}}