{"id":114,"date":"2021-01-07T15:18:50","date_gmt":"2021-01-07T13:18:50","guid":{"rendered":"http:\/\/tw.cm.upt.ro\/tw19\/?page_id=114"},"modified":"2021-01-10T14:10:10","modified_gmt":"2021-01-10T12:10:10","slug":"recomandari-nutritionale","status":"publish","type":"page","link":"https:\/\/tw.cm.upt.ro\/tw19\/recomandari-nutritionale\/","title":{"rendered":"Recomand\u0103ri nutri\u021bionale"},"content":{"rendered":"<div id=\"fb-root\"><\/div>\n\n<p>Aici ve\u021bi g\u0103si c\u00e2teva recomand\u0103ri de care pute\u021bi \u021bine cont pentru a avea un stil de via\u021b\u0103 s\u0103n\u0103tos. Mult\u0103 lume m\u0103 \u00eentreab\u0103 de ce nu este bine s\u0103 m\u0103n\u00e2nci seara sau de ce se simt \u201dca un balon\u201d dup\u0103 ce consum\u0103 anumite alimente. R\u0103spunsurile le pute\u021bi reg\u0103si chiar aici.<\/p>\n","protected":false},"excerpt":{"rendered":"<p>Aici ve\u021bi g\u0103si c\u00e2teva recomand\u0103ri de care pute\u021bi \u021bine cont pentru a avea un stil de via\u021b\u0103 s\u0103n\u0103tos. Mult\u0103 lume m\u0103 \u00eentreab\u0103 de ce nu este bine s\u0103 m\u0103n\u00e2nci seara sau de ce se simt \u201dca un balon\u201d dup\u0103 ce consum\u0103 anumite alimente. R\u0103spunsurile&#8230;<\/p>\n","protected":false},"author":174,"featured_media":0,"parent":0,"menu_order":0,"comment_status":"closed","ping_status":"closed","template":"","meta":{"wprm-recipe-roundup-name":"","wprm-recipe-roundup-description":"","ngg_post_thumbnail":0,"footnotes":""},"class_list":["post-114","page","type-page","status-publish","hentry"],"yoast_head":"<!-- This site is optimized with the Yoast SEO plugin v27.1.1 - https:\/\/yoast.com\/product\/yoast-seo-wordpress\/ -->\n<title>Recomand\u0103ri nutri\u021bionale - NUTRI\u021aIE \u0218I DIETETIC\u0102<\/title>\n<meta name=\"robots\" content=\"index, follow, max-snippet:-1, max-image-preview:large, max-video-preview:-1\" \/>\n<link rel=\"canonical\" href=\"https:\/\/tw.cm.upt.ro\/tw19\/recomandari-nutritionale\/\" \/>\n<meta property=\"og:locale\" content=\"en_US\" \/>\n<meta property=\"og:type\" content=\"article\" \/>\n<meta property=\"og:title\" content=\"Recomand\u0103ri nutri\u021bionale - NUTRI\u021aIE \u0218I DIETETIC\u0102\" \/>\n<meta property=\"og:description\" content=\"Aici ve\u021bi g\u0103si c\u00e2teva recomand\u0103ri de care pute\u021bi \u021bine cont pentru a avea un stil de via\u021b\u0103 s\u0103n\u0103tos. Mult\u0103 lume m\u0103 \u00eentreab\u0103 de ce nu este bine s\u0103 m\u0103n\u00e2nci seara sau de ce se simt \u201dca un balon\u201d dup\u0103 ce consum\u0103 anumite alimente. R\u0103spunsurile...\" \/>\n<meta property=\"og:url\" content=\"https:\/\/tw.cm.upt.ro\/tw19\/recomandari-nutritionale\/\" \/>\n<meta property=\"og:site_name\" content=\"NUTRI\u021aIE \u0218I DIETETIC\u0102\" \/>\n<meta property=\"article:modified_time\" content=\"2021-01-10T12:10:10+00:00\" \/>\n<meta name=\"twitter:card\" content=\"summary_large_image\" \/>\n<script type=\"application\/ld+json\" class=\"yoast-schema-graph\">{\"@context\":\"https:\/\/schema.org\",\"@graph\":[{\"@type\":\"WebPage\",\"@id\":\"https:\/\/tw.cm.upt.ro\/tw19\/recomandari-nutritionale\/\",\"url\":\"https:\/\/tw.cm.upt.ro\/tw19\/recomandari-nutritionale\/\",\"name\":\"Recomand\u0103ri nutri\u021bionale - NUTRI\u021aIE \u0218I DIETETIC\u0102\",\"isPartOf\":{\"@id\":\"https:\/\/tw.cm.upt.ro\/tw19\/#website\"},\"datePublished\":\"2021-01-07T13:18:50+00:00\",\"dateModified\":\"2021-01-10T12:10:10+00:00\",\"breadcrumb\":{\"@id\":\"https:\/\/tw.cm.upt.ro\/tw19\/recomandari-nutritionale\/#breadcrumb\"},\"inLanguage\":\"en-US\",\"potentialAction\":[{\"@type\":\"ReadAction\",\"target\":[\"https:\/\/tw.cm.upt.ro\/tw19\/recomandari-nutritionale\/\"]}]},{\"@type\":\"BreadcrumbList\",\"@id\":\"https:\/\/tw.cm.upt.ro\/tw19\/recomandari-nutritionale\/#breadcrumb\",\"itemListElement\":[{\"@type\":\"ListItem\",\"position\":1,\"name\":\"Home\",\"item\":\"https:\/\/tw.cm.upt.ro\/tw19\/\"},{\"@type\":\"ListItem\",\"position\":2,\"name\":\"Recomand\u0103ri nutri\u021bionale\"}]},{\"@type\":\"WebSite\",\"@id\":\"https:\/\/tw.cm.upt.ro\/tw19\/#website\",\"url\":\"https:\/\/tw.cm.upt.ro\/tw19\/\",\"name\":\"NUTRI\u021aIE \u0218I DIETETIC\u0102\",\"description\":\"Preotesoiu Patricia\",\"potentialAction\":[{\"@type\":\"SearchAction\",\"target\":{\"@type\":\"EntryPoint\",\"urlTemplate\":\"https:\/\/tw.cm.upt.ro\/tw19\/?s={search_term_string}\"},\"query-input\":{\"@type\":\"PropertyValueSpecification\",\"valueRequired\":true,\"valueName\":\"search_term_string\"}}],\"inLanguage\":\"en-US\"}]}<\/script>\n<!-- \/ Yoast SEO plugin. -->","yoast_head_json":{"title":"Recomand\u0103ri nutri\u021bionale - NUTRI\u021aIE \u0218I DIETETIC\u0102","robots":{"index":"index","follow":"follow","max-snippet":"max-snippet:-1","max-image-preview":"max-image-preview:large","max-video-preview":"max-video-preview:-1"},"canonical":"https:\/\/tw.cm.upt.ro\/tw19\/recomandari-nutritionale\/","og_locale":"en_US","og_type":"article","og_title":"Recomand\u0103ri nutri\u021bionale - NUTRI\u021aIE \u0218I DIETETIC\u0102","og_description":"Aici ve\u021bi g\u0103si c\u00e2teva recomand\u0103ri de care pute\u021bi \u021bine cont pentru a avea un stil de via\u021b\u0103 s\u0103n\u0103tos. Mult\u0103 lume m\u0103 \u00eentreab\u0103 de ce nu este bine s\u0103 m\u0103n\u00e2nci seara sau de ce se simt \u201dca un balon\u201d dup\u0103 ce consum\u0103 anumite alimente. R\u0103spunsurile...","og_url":"https:\/\/tw.cm.upt.ro\/tw19\/recomandari-nutritionale\/","og_site_name":"NUTRI\u021aIE \u0218I DIETETIC\u0102","article_modified_time":"2021-01-10T12:10:10+00:00","twitter_card":"summary_large_image","schema":{"@context":"https:\/\/schema.org","@graph":[{"@type":"WebPage","@id":"https:\/\/tw.cm.upt.ro\/tw19\/recomandari-nutritionale\/","url":"https:\/\/tw.cm.upt.ro\/tw19\/recomandari-nutritionale\/","name":"Recomand\u0103ri nutri\u021bionale - NUTRI\u021aIE \u0218I DIETETIC\u0102","isPartOf":{"@id":"https:\/\/tw.cm.upt.ro\/tw19\/#website"},"datePublished":"2021-01-07T13:18:50+00:00","dateModified":"2021-01-10T12:10:10+00:00","breadcrumb":{"@id":"https:\/\/tw.cm.upt.ro\/tw19\/recomandari-nutritionale\/#breadcrumb"},"inLanguage":"en-US","potentialAction":[{"@type":"ReadAction","target":["https:\/\/tw.cm.upt.ro\/tw19\/recomandari-nutritionale\/"]}]},{"@type":"BreadcrumbList","@id":"https:\/\/tw.cm.upt.ro\/tw19\/recomandari-nutritionale\/#breadcrumb","itemListElement":[{"@type":"ListItem","position":1,"name":"Home","item":"https:\/\/tw.cm.upt.ro\/tw19\/"},{"@type":"ListItem","position":2,"name":"Recomand\u0103ri nutri\u021bionale"}]},{"@type":"WebSite","@id":"https:\/\/tw.cm.upt.ro\/tw19\/#website","url":"https:\/\/tw.cm.upt.ro\/tw19\/","name":"NUTRI\u021aIE \u0218I DIETETIC\u0102","description":"Preotesoiu Patricia","potentialAction":[{"@type":"SearchAction","target":{"@type":"EntryPoint","urlTemplate":"https:\/\/tw.cm.upt.ro\/tw19\/?s={search_term_string}"},"query-input":{"@type":"PropertyValueSpecification","valueRequired":true,"valueName":"search_term_string"}}],"inLanguage":"en-US"}]}},"jetpack_sharing_enabled":true,"_links":{"self":[{"href":"https:\/\/tw.cm.upt.ro\/tw19\/wp-json\/wp\/v2\/pages\/114","targetHints":{"allow":["GET"]}}],"collection":[{"href":"https:\/\/tw.cm.upt.ro\/tw19\/wp-json\/wp\/v2\/pages"}],"about":[{"href":"https:\/\/tw.cm.upt.ro\/tw19\/wp-json\/wp\/v2\/types\/page"}],"author":[{"embeddable":true,"href":"https:\/\/tw.cm.upt.ro\/tw19\/wp-json\/wp\/v2\/users\/174"}],"replies":[{"embeddable":true,"href":"https:\/\/tw.cm.upt.ro\/tw19\/wp-json\/wp\/v2\/comments?post=114"}],"version-history":[{"count":2,"href":"https:\/\/tw.cm.upt.ro\/tw19\/wp-json\/wp\/v2\/pages\/114\/revisions"}],"predecessor-version":[{"id":232,"href":"https:\/\/tw.cm.upt.ro\/tw19\/wp-json\/wp\/v2\/pages\/114\/revisions\/232"}],"wp:attachment":[{"href":"https:\/\/tw.cm.upt.ro\/tw19\/wp-json\/wp\/v2\/media?parent=114"}],"curies":[{"name":"wp","href":"https:\/\/api.w.org\/{rel}","templated":true}]}}