{"id":123,"date":"2021-01-07T15:30:15","date_gmt":"2021-01-07T13:30:15","guid":{"rendered":"http:\/\/tw.cm.upt.ro\/tw19\/?page_id=123"},"modified":"2021-01-10T14:22:44","modified_gmt":"2021-01-10T12:22:44","slug":"tulburari-de-comportament-alimentar","status":"publish","type":"page","link":"https:\/\/tw.cm.upt.ro\/tw19\/tulburari-de-comportament-alimentar\/","title":{"rendered":"Tulbur\u0103ri de comportament alimentar"},"content":{"rendered":"<div id=\"fb-root\"><\/div>\n\n<p>Foarte multe persoane nu \u00een\u021beleg de ce metabolismul lor este dereglat, de ce nu au o digestie bun\u0103 sau de ce nu pot sl\u0103bi, nu se pot \u00eengr\u0103\u0219a sau nu se pot men\u021bine la o greutate ideal\u0103. <\/p>\n\n\n\n<p>Aceste tulbur\u0103ri pot proveni din mai multe cauze, \u0219i anume un stil de via\u021b\u0103 nes\u0103n\u0103tos, nerespectarea orelor de mas\u0103, m\u00e2ncatul \u00een timpul nop\u021bii, dereglarea sistemului neuronal \u0219i multe altele care cu ajutorul unui medic specialist se pot remedia. <\/p>\n\n\n\n<p>Aceste tulbur\u0103ri au evoluat enorm, mai ales \u00een ultima perioad\u0103, deoarece se pune tot mai mult pre\u021b pe aspectul fizic. <\/p>\n","protected":false},"excerpt":{"rendered":"<p>Foarte multe persoane nu \u00een\u021beleg de ce metabolismul lor este dereglat, de ce nu au o digestie bun\u0103 sau de ce nu pot sl\u0103bi, nu se pot \u00eengr\u0103\u0219a sau nu se pot men\u021bine la o greutate ideal\u0103. Aceste tulbur\u0103ri pot proveni din mai multe&#8230;<\/p>\n","protected":false},"author":174,"featured_media":0,"parent":0,"menu_order":0,"comment_status":"closed","ping_status":"closed","template":"","meta":{"wprm-recipe-roundup-name":"","wprm-recipe-roundup-description":"","ngg_post_thumbnail":0,"footnotes":""},"class_list":["post-123","page","type-page","status-publish","hentry"],"yoast_head":"<!-- This site is optimized with the Yoast SEO plugin v27.1.1 - https:\/\/yoast.com\/product\/yoast-seo-wordpress\/ -->\n<title>Tulbur\u0103ri de comportament alimentar - NUTRI\u021aIE \u0218I DIETETIC\u0102<\/title>\n<meta name=\"robots\" content=\"index, follow, max-snippet:-1, max-image-preview:large, max-video-preview:-1\" \/>\n<link rel=\"canonical\" href=\"https:\/\/tw.cm.upt.ro\/tw19\/tulburari-de-comportament-alimentar\/\" \/>\n<meta property=\"og:locale\" content=\"en_US\" \/>\n<meta property=\"og:type\" content=\"article\" \/>\n<meta property=\"og:title\" content=\"Tulbur\u0103ri de comportament alimentar - NUTRI\u021aIE \u0218I DIETETIC\u0102\" \/>\n<meta property=\"og:description\" content=\"Foarte multe persoane nu \u00een\u021beleg de ce metabolismul lor este dereglat, de ce nu au o digestie bun\u0103 sau de ce nu pot sl\u0103bi, nu se pot \u00eengr\u0103\u0219a sau nu se pot men\u021bine la o greutate ideal\u0103. Aceste tulbur\u0103ri pot proveni din mai multe...\" \/>\n<meta property=\"og:url\" content=\"https:\/\/tw.cm.upt.ro\/tw19\/tulburari-de-comportament-alimentar\/\" \/>\n<meta property=\"og:site_name\" content=\"NUTRI\u021aIE \u0218I DIETETIC\u0102\" \/>\n<meta property=\"article:modified_time\" content=\"2021-01-10T12:22:44+00:00\" \/>\n<meta name=\"twitter:card\" content=\"summary_large_image\" \/>\n<meta name=\"twitter:label1\" content=\"Est. reading time\" \/>\n\t<meta name=\"twitter:data1\" content=\"1 minute\" \/>\n<script type=\"application\/ld+json\" class=\"yoast-schema-graph\">{\"@context\":\"https:\/\/schema.org\",\"@graph\":[{\"@type\":\"WebPage\",\"@id\":\"https:\/\/tw.cm.upt.ro\/tw19\/tulburari-de-comportament-alimentar\/\",\"url\":\"https:\/\/tw.cm.upt.ro\/tw19\/tulburari-de-comportament-alimentar\/\",\"name\":\"Tulbur\u0103ri de comportament alimentar - NUTRI\u021aIE \u0218I DIETETIC\u0102\",\"isPartOf\":{\"@id\":\"https:\/\/tw.cm.upt.ro\/tw19\/#website\"},\"datePublished\":\"2021-01-07T13:30:15+00:00\",\"dateModified\":\"2021-01-10T12:22:44+00:00\",\"breadcrumb\":{\"@id\":\"https:\/\/tw.cm.upt.ro\/tw19\/tulburari-de-comportament-alimentar\/#breadcrumb\"},\"inLanguage\":\"en-US\",\"potentialAction\":[{\"@type\":\"ReadAction\",\"target\":[\"https:\/\/tw.cm.upt.ro\/tw19\/tulburari-de-comportament-alimentar\/\"]}]},{\"@type\":\"BreadcrumbList\",\"@id\":\"https:\/\/tw.cm.upt.ro\/tw19\/tulburari-de-comportament-alimentar\/#breadcrumb\",\"itemListElement\":[{\"@type\":\"ListItem\",\"position\":1,\"name\":\"Home\",\"item\":\"https:\/\/tw.cm.upt.ro\/tw19\/\"},{\"@type\":\"ListItem\",\"position\":2,\"name\":\"Tulbur\u0103ri de comportament alimentar\"}]},{\"@type\":\"WebSite\",\"@id\":\"https:\/\/tw.cm.upt.ro\/tw19\/#website\",\"url\":\"https:\/\/tw.cm.upt.ro\/tw19\/\",\"name\":\"NUTRI\u021aIE \u0218I DIETETIC\u0102\",\"description\":\"Preotesoiu Patricia\",\"potentialAction\":[{\"@type\":\"SearchAction\",\"target\":{\"@type\":\"EntryPoint\",\"urlTemplate\":\"https:\/\/tw.cm.upt.ro\/tw19\/?s={search_term_string}\"},\"query-input\":{\"@type\":\"PropertyValueSpecification\",\"valueRequired\":true,\"valueName\":\"search_term_string\"}}],\"inLanguage\":\"en-US\"}]}<\/script>\n<!-- \/ Yoast SEO plugin. -->","yoast_head_json":{"title":"Tulbur\u0103ri de comportament alimentar - NUTRI\u021aIE \u0218I DIETETIC\u0102","robots":{"index":"index","follow":"follow","max-snippet":"max-snippet:-1","max-image-preview":"max-image-preview:large","max-video-preview":"max-video-preview:-1"},"canonical":"https:\/\/tw.cm.upt.ro\/tw19\/tulburari-de-comportament-alimentar\/","og_locale":"en_US","og_type":"article","og_title":"Tulbur\u0103ri de comportament alimentar - NUTRI\u021aIE \u0218I DIETETIC\u0102","og_description":"Foarte multe persoane nu \u00een\u021beleg de ce metabolismul lor este dereglat, de ce nu au o digestie bun\u0103 sau de ce nu pot sl\u0103bi, nu se pot \u00eengr\u0103\u0219a sau nu se pot men\u021bine la o greutate ideal\u0103. Aceste tulbur\u0103ri pot proveni din mai multe...","og_url":"https:\/\/tw.cm.upt.ro\/tw19\/tulburari-de-comportament-alimentar\/","og_site_name":"NUTRI\u021aIE \u0218I DIETETIC\u0102","article_modified_time":"2021-01-10T12:22:44+00:00","twitter_card":"summary_large_image","twitter_misc":{"Est. reading time":"1 minute"},"schema":{"@context":"https:\/\/schema.org","@graph":[{"@type":"WebPage","@id":"https:\/\/tw.cm.upt.ro\/tw19\/tulburari-de-comportament-alimentar\/","url":"https:\/\/tw.cm.upt.ro\/tw19\/tulburari-de-comportament-alimentar\/","name":"Tulbur\u0103ri de comportament alimentar - NUTRI\u021aIE \u0218I DIETETIC\u0102","isPartOf":{"@id":"https:\/\/tw.cm.upt.ro\/tw19\/#website"},"datePublished":"2021-01-07T13:30:15+00:00","dateModified":"2021-01-10T12:22:44+00:00","breadcrumb":{"@id":"https:\/\/tw.cm.upt.ro\/tw19\/tulburari-de-comportament-alimentar\/#breadcrumb"},"inLanguage":"en-US","potentialAction":[{"@type":"ReadAction","target":["https:\/\/tw.cm.upt.ro\/tw19\/tulburari-de-comportament-alimentar\/"]}]},{"@type":"BreadcrumbList","@id":"https:\/\/tw.cm.upt.ro\/tw19\/tulburari-de-comportament-alimentar\/#breadcrumb","itemListElement":[{"@type":"ListItem","position":1,"name":"Home","item":"https:\/\/tw.cm.upt.ro\/tw19\/"},{"@type":"ListItem","position":2,"name":"Tulbur\u0103ri de comportament alimentar"}]},{"@type":"WebSite","@id":"https:\/\/tw.cm.upt.ro\/tw19\/#website","url":"https:\/\/tw.cm.upt.ro\/tw19\/","name":"NUTRI\u021aIE \u0218I DIETETIC\u0102","description":"Preotesoiu Patricia","potentialAction":[{"@type":"SearchAction","target":{"@type":"EntryPoint","urlTemplate":"https:\/\/tw.cm.upt.ro\/tw19\/?s={search_term_string}"},"query-input":{"@type":"PropertyValueSpecification","valueRequired":true,"valueName":"search_term_string"}}],"inLanguage":"en-US"}]}},"jetpack_sharing_enabled":true,"_links":{"self":[{"href":"https:\/\/tw.cm.upt.ro\/tw19\/wp-json\/wp\/v2\/pages\/123","targetHints":{"allow":["GET"]}}],"collection":[{"href":"https:\/\/tw.cm.upt.ro\/tw19\/wp-json\/wp\/v2\/pages"}],"about":[{"href":"https:\/\/tw.cm.upt.ro\/tw19\/wp-json\/wp\/v2\/types\/page"}],"author":[{"embeddable":true,"href":"https:\/\/tw.cm.upt.ro\/tw19\/wp-json\/wp\/v2\/users\/174"}],"replies":[{"embeddable":true,"href":"https:\/\/tw.cm.upt.ro\/tw19\/wp-json\/wp\/v2\/comments?post=123"}],"version-history":[{"count":2,"href":"https:\/\/tw.cm.upt.ro\/tw19\/wp-json\/wp\/v2\/pages\/123\/revisions"}],"predecessor-version":[{"id":236,"href":"https:\/\/tw.cm.upt.ro\/tw19\/wp-json\/wp\/v2\/pages\/123\/revisions\/236"}],"wp:attachment":[{"href":"https:\/\/tw.cm.upt.ro\/tw19\/wp-json\/wp\/v2\/media?parent=123"}],"curies":[{"name":"wp","href":"https:\/\/api.w.org\/{rel}","templated":true}]}}