{"id":198,"date":"2021-01-07T17:50:00","date_gmt":"2021-01-07T15:50:00","guid":{"rendered":"http:\/\/tw.cm.upt.ro\/tw19\/?page_id=198"},"modified":"2021-01-10T14:04:33","modified_gmt":"2021-01-10T12:04:33","slug":"despre-mine","status":"publish","type":"page","link":"https:\/\/tw.cm.upt.ro\/tw19\/","title":{"rendered":"Despre mine"},"content":{"rendered":"<div id=\"fb-root\"><\/div>\n\n<p><\/p>\n\n\n\n<figure class=\"wp-block-image\"><img fetchpriority=\"high\" decoding=\"async\" width=\"768\" height=\"1024\" src=\"http:\/\/tw.cm.upt.ro\/tw19\/wp-content\/uploads\/sites\/177\/2021\/01\/NH-768x1024.jpg\" alt=\"\" class=\"wp-image-204\" srcset=\"https:\/\/tw.cm.upt.ro\/tw19\/wp-content\/uploads\/sites\/177\/2021\/01\/NH-768x1024.jpg 768w, https:\/\/tw.cm.upt.ro\/tw19\/wp-content\/uploads\/sites\/177\/2021\/01\/NH-225x300.jpg 225w, https:\/\/tw.cm.upt.ro\/tw19\/wp-content\/uploads\/sites\/177\/2021\/01\/NH-150x200.jpg 150w, https:\/\/tw.cm.upt.ro\/tw19\/wp-content\/uploads\/sites\/177\/2021\/01\/NH-600x800.jpg 600w, https:\/\/tw.cm.upt.ro\/tw19\/wp-content\/uploads\/sites\/177\/2021\/01\/NH-480x640.jpg 480w, https:\/\/tw.cm.upt.ro\/tw19\/wp-content\/uploads\/sites\/177\/2021\/01\/NH.jpg 1242w\" sizes=\"(max-width: 768px) 100vw, 768px\" \/><\/figure>\n\n\n\n<p>C\u00e2teva cuvinte despre mine: Numele meu este Patricia Preotesoiu, am 22 de ani, am terminat facultatea de Nutri\u021bie \u0219i Dietetic\u0103 din cadrul Universit\u0103\u021bii de Medicin\u0103 \u0219i Farmacie Victor Babe\u0219 din Timi\u0219oara \u0219i sunt nutri\u021bionist dietetician licen\u021biat. De aproximativ 3 ani ajut oamenii s\u0103 m\u0103n\u00e2nce mai s\u0103n\u0103tos, s\u0103 duc\u0103 un stil de via\u021b\u0103 optim \u0219i le aduc un z\u00e2mbet pe buze \u00een momentul atingerii obiectivelor lor. <\/p>\n\n\n\n<p><\/p>\n","protected":false},"excerpt":{"rendered":"<p>C\u00e2teva cuvinte despre mine: Numele meu este Patricia Preotesoiu, am 22 de ani, am terminat facultatea de Nutri\u021bie \u0219i Dietetic\u0103 din cadrul Universit\u0103\u021bii de Medicin\u0103 \u0219i Farmacie Victor Babe\u0219 din Timi\u0219oara \u0219i sunt nutri\u021bionist dietetician licen\u021biat. De aproximativ 3 ani ajut oamenii s\u0103 m\u0103n\u00e2nce&#8230;<\/p>\n","protected":false},"author":174,"featured_media":0,"parent":0,"menu_order":0,"comment_status":"closed","ping_status":"closed","template":"","meta":{"wprm-recipe-roundup-name":"","wprm-recipe-roundup-description":"","ngg_post_thumbnail":0,"footnotes":""},"class_list":["post-198","page","type-page","status-publish","hentry"],"yoast_head":"<!-- This site is optimized with the Yoast SEO plugin v27.1.1 - https:\/\/yoast.com\/product\/yoast-seo-wordpress\/ -->\n<title>Despre mine - NUTRI\u021aIE \u0218I DIETETIC\u0102<\/title>\n<meta name=\"robots\" content=\"index, follow, max-snippet:-1, max-image-preview:large, max-video-preview:-1\" \/>\n<link rel=\"canonical\" href=\"https:\/\/tw.cm.upt.ro\/tw19\/\" \/>\n<meta property=\"og:locale\" content=\"en_US\" \/>\n<meta property=\"og:type\" content=\"article\" \/>\n<meta property=\"og:title\" content=\"Despre mine - NUTRI\u021aIE \u0218I DIETETIC\u0102\" \/>\n<meta property=\"og:description\" content=\"C\u00e2teva cuvinte despre mine: Numele meu este Patricia Preotesoiu, am 22 de ani, am terminat facultatea de Nutri\u021bie \u0219i Dietetic\u0103 din cadrul Universit\u0103\u021bii de Medicin\u0103 \u0219i Farmacie Victor Babe\u0219 din Timi\u0219oara \u0219i sunt nutri\u021bionist dietetician licen\u021biat. De aproximativ 3 ani ajut oamenii s\u0103 m\u0103n\u00e2nce...\" \/>\n<meta property=\"og:url\" content=\"https:\/\/tw.cm.upt.ro\/tw19\/\" \/>\n<meta property=\"og:site_name\" content=\"NUTRI\u021aIE \u0218I DIETETIC\u0102\" \/>\n<meta property=\"article:modified_time\" content=\"2021-01-10T12:04:33+00:00\" \/>\n<meta property=\"og:image\" content=\"http:\/\/tw.cm.upt.ro\/tw19\/wp-content\/uploads\/sites\/177\/2021\/01\/NH-768x1024.jpg\" \/>\n<meta name=\"twitter:card\" content=\"summary_large_image\" \/>\n<script type=\"application\/ld+json\" class=\"yoast-schema-graph\">{\"@context\":\"https:\/\/schema.org\",\"@graph\":[{\"@type\":\"WebPage\",\"@id\":\"https:\/\/tw.cm.upt.ro\/tw19\/\",\"url\":\"https:\/\/tw.cm.upt.ro\/tw19\/\",\"name\":\"Despre mine - NUTRI\u021aIE \u0218I DIETETIC\u0102\",\"isPartOf\":{\"@id\":\"https:\/\/tw.cm.upt.ro\/tw19\/#website\"},\"primaryImageOfPage\":{\"@id\":\"https:\/\/tw.cm.upt.ro\/tw19\/#primaryimage\"},\"image\":{\"@id\":\"https:\/\/tw.cm.upt.ro\/tw19\/#primaryimage\"},\"thumbnailUrl\":\"http:\/\/tw.cm.upt.ro\/tw19\/wp-content\/uploads\/sites\/177\/2021\/01\/NH-768x1024.jpg\",\"datePublished\":\"2021-01-07T15:50:00+00:00\",\"dateModified\":\"2021-01-10T12:04:33+00:00\",\"breadcrumb\":{\"@id\":\"https:\/\/tw.cm.upt.ro\/tw19\/#breadcrumb\"},\"inLanguage\":\"en-US\",\"potentialAction\":[{\"@type\":\"ReadAction\",\"target\":[\"https:\/\/tw.cm.upt.ro\/tw19\/\"]}]},{\"@type\":\"ImageObject\",\"inLanguage\":\"en-US\",\"@id\":\"https:\/\/tw.cm.upt.ro\/tw19\/#primaryimage\",\"url\":\"https:\/\/tw.cm.upt.ro\/tw19\/wp-content\/uploads\/sites\/177\/2021\/01\/NH.jpg\",\"contentUrl\":\"https:\/\/tw.cm.upt.ro\/tw19\/wp-content\/uploads\/sites\/177\/2021\/01\/NH.jpg\",\"width\":1242,\"height\":1656},{\"@type\":\"BreadcrumbList\",\"@id\":\"https:\/\/tw.cm.upt.ro\/tw19\/#breadcrumb\",\"itemListElement\":[{\"@type\":\"ListItem\",\"position\":1,\"name\":\"Home\",\"item\":\"https:\/\/tw.cm.upt.ro\/tw19\/\"},{\"@type\":\"ListItem\",\"position\":2,\"name\":\"Despre mine\"}]},{\"@type\":\"WebSite\",\"@id\":\"https:\/\/tw.cm.upt.ro\/tw19\/#website\",\"url\":\"https:\/\/tw.cm.upt.ro\/tw19\/\",\"name\":\"NUTRI\u021aIE \u0218I DIETETIC\u0102\",\"description\":\"Preotesoiu Patricia\",\"potentialAction\":[{\"@type\":\"SearchAction\",\"target\":{\"@type\":\"EntryPoint\",\"urlTemplate\":\"https:\/\/tw.cm.upt.ro\/tw19\/?s={search_term_string}\"},\"query-input\":{\"@type\":\"PropertyValueSpecification\",\"valueRequired\":true,\"valueName\":\"search_term_string\"}}],\"inLanguage\":\"en-US\"}]}<\/script>\n<!-- \/ Yoast SEO plugin. -->","yoast_head_json":{"title":"Despre mine - NUTRI\u021aIE \u0218I DIETETIC\u0102","robots":{"index":"index","follow":"follow","max-snippet":"max-snippet:-1","max-image-preview":"max-image-preview:large","max-video-preview":"max-video-preview:-1"},"canonical":"https:\/\/tw.cm.upt.ro\/tw19\/","og_locale":"en_US","og_type":"article","og_title":"Despre mine - NUTRI\u021aIE \u0218I DIETETIC\u0102","og_description":"C\u00e2teva cuvinte despre mine: Numele meu este Patricia Preotesoiu, am 22 de ani, am terminat facultatea de Nutri\u021bie \u0219i Dietetic\u0103 din cadrul Universit\u0103\u021bii de Medicin\u0103 \u0219i Farmacie Victor Babe\u0219 din Timi\u0219oara \u0219i sunt nutri\u021bionist dietetician licen\u021biat. De aproximativ 3 ani ajut oamenii s\u0103 m\u0103n\u00e2nce...","og_url":"https:\/\/tw.cm.upt.ro\/tw19\/","og_site_name":"NUTRI\u021aIE \u0218I DIETETIC\u0102","article_modified_time":"2021-01-10T12:04:33+00:00","og_image":[{"url":"http:\/\/tw.cm.upt.ro\/tw19\/wp-content\/uploads\/sites\/177\/2021\/01\/NH-768x1024.jpg","type":"","width":"","height":""}],"twitter_card":"summary_large_image","schema":{"@context":"https:\/\/schema.org","@graph":[{"@type":"WebPage","@id":"https:\/\/tw.cm.upt.ro\/tw19\/","url":"https:\/\/tw.cm.upt.ro\/tw19\/","name":"Despre mine - NUTRI\u021aIE \u0218I DIETETIC\u0102","isPartOf":{"@id":"https:\/\/tw.cm.upt.ro\/tw19\/#website"},"primaryImageOfPage":{"@id":"https:\/\/tw.cm.upt.ro\/tw19\/#primaryimage"},"image":{"@id":"https:\/\/tw.cm.upt.ro\/tw19\/#primaryimage"},"thumbnailUrl":"http:\/\/tw.cm.upt.ro\/tw19\/wp-content\/uploads\/sites\/177\/2021\/01\/NH-768x1024.jpg","datePublished":"2021-01-07T15:50:00+00:00","dateModified":"2021-01-10T12:04:33+00:00","breadcrumb":{"@id":"https:\/\/tw.cm.upt.ro\/tw19\/#breadcrumb"},"inLanguage":"en-US","potentialAction":[{"@type":"ReadAction","target":["https:\/\/tw.cm.upt.ro\/tw19\/"]}]},{"@type":"ImageObject","inLanguage":"en-US","@id":"https:\/\/tw.cm.upt.ro\/tw19\/#primaryimage","url":"https:\/\/tw.cm.upt.ro\/tw19\/wp-content\/uploads\/sites\/177\/2021\/01\/NH.jpg","contentUrl":"https:\/\/tw.cm.upt.ro\/tw19\/wp-content\/uploads\/sites\/177\/2021\/01\/NH.jpg","width":1242,"height":1656},{"@type":"BreadcrumbList","@id":"https:\/\/tw.cm.upt.ro\/tw19\/#breadcrumb","itemListElement":[{"@type":"ListItem","position":1,"name":"Home","item":"https:\/\/tw.cm.upt.ro\/tw19\/"},{"@type":"ListItem","position":2,"name":"Despre mine"}]},{"@type":"WebSite","@id":"https:\/\/tw.cm.upt.ro\/tw19\/#website","url":"https:\/\/tw.cm.upt.ro\/tw19\/","name":"NUTRI\u021aIE \u0218I DIETETIC\u0102","description":"Preotesoiu Patricia","potentialAction":[{"@type":"SearchAction","target":{"@type":"EntryPoint","urlTemplate":"https:\/\/tw.cm.upt.ro\/tw19\/?s={search_term_string}"},"query-input":{"@type":"PropertyValueSpecification","valueRequired":true,"valueName":"search_term_string"}}],"inLanguage":"en-US"}]}},"jetpack_sharing_enabled":true,"_links":{"self":[{"href":"https:\/\/tw.cm.upt.ro\/tw19\/wp-json\/wp\/v2\/pages\/198","targetHints":{"allow":["GET"]}}],"collection":[{"href":"https:\/\/tw.cm.upt.ro\/tw19\/wp-json\/wp\/v2\/pages"}],"about":[{"href":"https:\/\/tw.cm.upt.ro\/tw19\/wp-json\/wp\/v2\/types\/page"}],"author":[{"embeddable":true,"href":"https:\/\/tw.cm.upt.ro\/tw19\/wp-json\/wp\/v2\/users\/174"}],"replies":[{"embeddable":true,"href":"https:\/\/tw.cm.upt.ro\/tw19\/wp-json\/wp\/v2\/comments?post=198"}],"version-history":[{"count":5,"href":"https:\/\/tw.cm.upt.ro\/tw19\/wp-json\/wp\/v2\/pages\/198\/revisions"}],"predecessor-version":[{"id":231,"href":"https:\/\/tw.cm.upt.ro\/tw19\/wp-json\/wp\/v2\/pages\/198\/revisions\/231"}],"wp:attachment":[{"href":"https:\/\/tw.cm.upt.ro\/tw19\/wp-json\/wp\/v2\/media?parent=198"}],"curies":[{"name":"wp","href":"https:\/\/api.w.org\/{rel}","templated":true}]}}