{"id":338,"date":"2021-01-12T20:34:31","date_gmt":"2021-01-12T18:34:31","guid":{"rendered":"http:\/\/tw.cm.upt.ro\/tw19\/?page_id=338"},"modified":"2021-01-12T20:34:34","modified_gmt":"2021-01-12T18:34:34","slug":"preparate-dulci","status":"publish","type":"page","link":"https:\/\/tw.cm.upt.ro\/tw19\/preparate-dulci\/","title":{"rendered":"Preparate dulci"},"content":{"rendered":"<div id=\"fb-root\"><\/div>\n\n<p>Aici ve\u021bi g\u0103si unele dintre cele mai u\u0219or de f\u0103cut re\u021bete dulci.<\/p>\n\n\n\n<p>Mult\u0103 lume simte adesea \u201dpofta de dulce\u201d a\u0219a c\u0103 m-am g\u00e2ndit la c\u00e2teva idei pe care merit\u0103 s\u0103 le \u00eencerca\u021bi.<\/p>\n\n\n\n<p>Sunt sigur\u0103 c\u0103 v\u0103 ve\u021bi \u00eendr\u0103gosti de ele!<\/p>\n","protected":false},"excerpt":{"rendered":"<p>Aici ve\u021bi g\u0103si unele dintre cele mai u\u0219or de f\u0103cut re\u021bete dulci. Mult\u0103 lume simte adesea \u201dpofta de dulce\u201d a\u0219a c\u0103 m-am g\u00e2ndit la c\u00e2teva idei pe care merit\u0103 s\u0103 le \u00eencerca\u021bi. Sunt sigur\u0103 c\u0103 v\u0103 ve\u021bi \u00eendr\u0103gosti de ele!<\/p>\n","protected":false},"author":174,"featured_media":0,"parent":0,"menu_order":0,"comment_status":"closed","ping_status":"closed","template":"","meta":{"wprm-recipe-roundup-name":"","wprm-recipe-roundup-description":"","ngg_post_thumbnail":0,"footnotes":""},"class_list":["post-338","page","type-page","status-publish","hentry"],"yoast_head":"<!-- This site is optimized with the Yoast SEO plugin v27.1.1 - https:\/\/yoast.com\/product\/yoast-seo-wordpress\/ -->\n<title>Preparate dulci - NUTRI\u021aIE \u0218I DIETETIC\u0102<\/title>\n<meta name=\"robots\" content=\"index, follow, max-snippet:-1, max-image-preview:large, max-video-preview:-1\" \/>\n<link rel=\"canonical\" href=\"https:\/\/tw.cm.upt.ro\/tw19\/preparate-dulci\/\" \/>\n<meta property=\"og:locale\" content=\"en_US\" \/>\n<meta property=\"og:type\" content=\"article\" \/>\n<meta property=\"og:title\" content=\"Preparate dulci - NUTRI\u021aIE \u0218I DIETETIC\u0102\" \/>\n<meta property=\"og:description\" content=\"Aici ve\u021bi g\u0103si unele dintre cele mai u\u0219or de f\u0103cut re\u021bete dulci. Mult\u0103 lume simte adesea \u201dpofta de dulce\u201d a\u0219a c\u0103 m-am g\u00e2ndit la c\u00e2teva idei pe care merit\u0103 s\u0103 le \u00eencerca\u021bi. Sunt sigur\u0103 c\u0103 v\u0103 ve\u021bi \u00eendr\u0103gosti de ele!\" \/>\n<meta property=\"og:url\" content=\"https:\/\/tw.cm.upt.ro\/tw19\/preparate-dulci\/\" \/>\n<meta property=\"og:site_name\" content=\"NUTRI\u021aIE \u0218I DIETETIC\u0102\" \/>\n<meta property=\"article:modified_time\" content=\"2021-01-12T18:34:34+00:00\" \/>\n<meta name=\"twitter:card\" content=\"summary_large_image\" \/>\n<script type=\"application\/ld+json\" class=\"yoast-schema-graph\">{\"@context\":\"https:\/\/schema.org\",\"@graph\":[{\"@type\":\"WebPage\",\"@id\":\"https:\/\/tw.cm.upt.ro\/tw19\/preparate-dulci\/\",\"url\":\"https:\/\/tw.cm.upt.ro\/tw19\/preparate-dulci\/\",\"name\":\"Preparate dulci - NUTRI\u021aIE \u0218I DIETETIC\u0102\",\"isPartOf\":{\"@id\":\"https:\/\/tw.cm.upt.ro\/tw19\/#website\"},\"datePublished\":\"2021-01-12T18:34:31+00:00\",\"dateModified\":\"2021-01-12T18:34:34+00:00\",\"breadcrumb\":{\"@id\":\"https:\/\/tw.cm.upt.ro\/tw19\/preparate-dulci\/#breadcrumb\"},\"inLanguage\":\"en-US\",\"potentialAction\":[{\"@type\":\"ReadAction\",\"target\":[\"https:\/\/tw.cm.upt.ro\/tw19\/preparate-dulci\/\"]}]},{\"@type\":\"BreadcrumbList\",\"@id\":\"https:\/\/tw.cm.upt.ro\/tw19\/preparate-dulci\/#breadcrumb\",\"itemListElement\":[{\"@type\":\"ListItem\",\"position\":1,\"name\":\"Home\",\"item\":\"https:\/\/tw.cm.upt.ro\/tw19\/\"},{\"@type\":\"ListItem\",\"position\":2,\"name\":\"Preparate dulci\"}]},{\"@type\":\"WebSite\",\"@id\":\"https:\/\/tw.cm.upt.ro\/tw19\/#website\",\"url\":\"https:\/\/tw.cm.upt.ro\/tw19\/\",\"name\":\"NUTRI\u021aIE \u0218I DIETETIC\u0102\",\"description\":\"Preotesoiu Patricia\",\"potentialAction\":[{\"@type\":\"SearchAction\",\"target\":{\"@type\":\"EntryPoint\",\"urlTemplate\":\"https:\/\/tw.cm.upt.ro\/tw19\/?s={search_term_string}\"},\"query-input\":{\"@type\":\"PropertyValueSpecification\",\"valueRequired\":true,\"valueName\":\"search_term_string\"}}],\"inLanguage\":\"en-US\"}]}<\/script>\n<!-- \/ Yoast SEO plugin. -->","yoast_head_json":{"title":"Preparate dulci - NUTRI\u021aIE \u0218I DIETETIC\u0102","robots":{"index":"index","follow":"follow","max-snippet":"max-snippet:-1","max-image-preview":"max-image-preview:large","max-video-preview":"max-video-preview:-1"},"canonical":"https:\/\/tw.cm.upt.ro\/tw19\/preparate-dulci\/","og_locale":"en_US","og_type":"article","og_title":"Preparate dulci - NUTRI\u021aIE \u0218I DIETETIC\u0102","og_description":"Aici ve\u021bi g\u0103si unele dintre cele mai u\u0219or de f\u0103cut re\u021bete dulci. Mult\u0103 lume simte adesea \u201dpofta de dulce\u201d a\u0219a c\u0103 m-am g\u00e2ndit la c\u00e2teva idei pe care merit\u0103 s\u0103 le \u00eencerca\u021bi. Sunt sigur\u0103 c\u0103 v\u0103 ve\u021bi \u00eendr\u0103gosti de ele!","og_url":"https:\/\/tw.cm.upt.ro\/tw19\/preparate-dulci\/","og_site_name":"NUTRI\u021aIE \u0218I DIETETIC\u0102","article_modified_time":"2021-01-12T18:34:34+00:00","twitter_card":"summary_large_image","schema":{"@context":"https:\/\/schema.org","@graph":[{"@type":"WebPage","@id":"https:\/\/tw.cm.upt.ro\/tw19\/preparate-dulci\/","url":"https:\/\/tw.cm.upt.ro\/tw19\/preparate-dulci\/","name":"Preparate dulci - NUTRI\u021aIE \u0218I DIETETIC\u0102","isPartOf":{"@id":"https:\/\/tw.cm.upt.ro\/tw19\/#website"},"datePublished":"2021-01-12T18:34:31+00:00","dateModified":"2021-01-12T18:34:34+00:00","breadcrumb":{"@id":"https:\/\/tw.cm.upt.ro\/tw19\/preparate-dulci\/#breadcrumb"},"inLanguage":"en-US","potentialAction":[{"@type":"ReadAction","target":["https:\/\/tw.cm.upt.ro\/tw19\/preparate-dulci\/"]}]},{"@type":"BreadcrumbList","@id":"https:\/\/tw.cm.upt.ro\/tw19\/preparate-dulci\/#breadcrumb","itemListElement":[{"@type":"ListItem","position":1,"name":"Home","item":"https:\/\/tw.cm.upt.ro\/tw19\/"},{"@type":"ListItem","position":2,"name":"Preparate dulci"}]},{"@type":"WebSite","@id":"https:\/\/tw.cm.upt.ro\/tw19\/#website","url":"https:\/\/tw.cm.upt.ro\/tw19\/","name":"NUTRI\u021aIE \u0218I DIETETIC\u0102","description":"Preotesoiu Patricia","potentialAction":[{"@type":"SearchAction","target":{"@type":"EntryPoint","urlTemplate":"https:\/\/tw.cm.upt.ro\/tw19\/?s={search_term_string}"},"query-input":{"@type":"PropertyValueSpecification","valueRequired":true,"valueName":"search_term_string"}}],"inLanguage":"en-US"}]}},"jetpack_sharing_enabled":true,"_links":{"self":[{"href":"https:\/\/tw.cm.upt.ro\/tw19\/wp-json\/wp\/v2\/pages\/338","targetHints":{"allow":["GET"]}}],"collection":[{"href":"https:\/\/tw.cm.upt.ro\/tw19\/wp-json\/wp\/v2\/pages"}],"about":[{"href":"https:\/\/tw.cm.upt.ro\/tw19\/wp-json\/wp\/v2\/types\/page"}],"author":[{"embeddable":true,"href":"https:\/\/tw.cm.upt.ro\/tw19\/wp-json\/wp\/v2\/users\/174"}],"replies":[{"embeddable":true,"href":"https:\/\/tw.cm.upt.ro\/tw19\/wp-json\/wp\/v2\/comments?post=338"}],"version-history":[{"count":1,"href":"https:\/\/tw.cm.upt.ro\/tw19\/wp-json\/wp\/v2\/pages\/338\/revisions"}],"predecessor-version":[{"id":339,"href":"https:\/\/tw.cm.upt.ro\/tw19\/wp-json\/wp\/v2\/pages\/338\/revisions\/339"}],"wp:attachment":[{"href":"https:\/\/tw.cm.upt.ro\/tw19\/wp-json\/wp\/v2\/media?parent=338"}],"curies":[{"name":"wp","href":"https:\/\/api.w.org\/{rel}","templated":true}]}}